{"id":231,"date":"2025-05-23T12:27:16","date_gmt":"2025-05-23T15:27:16","guid":{"rendered":"https:\/\/rotasturisticas.jundiai.sp.gov.br\/sabores\/?page_id=231"},"modified":"2025-05-30T09:10:20","modified_gmt":"2025-05-30T12:10:20","slug":"parque-do-engordadouro-angelo-costa","status":"publish","type":"page","link":"https:\/\/rotasturisticas.jundiai.sp.gov.br\/sabores\/o-que-visitar\/parque-do-engordadouro-angelo-costa\/","title":{"rendered":"Parque do Engordadouro \u00c2ngelo Costa"},"content":{"rendered":"\n<p>Com uma&nbsp;\u00e1rea de lazer de quase 173.000 m\u00b2, o&nbsp;Parque do Engordadouro \u201c\u00c2ngelo Costa\u201d&nbsp;foi constru\u00eddo como contrapartida de empreendimentos imobili\u00e1rios privados, por meio do Estudo de Impacto de Vizinhan\u00e7a (EIV).<\/p>\n\n\n\n<p>A \u00e1rea do lazer do Engordadouro est\u00e1 adaptada, inclusive, com bebedouros \u201cpets\u201d, para receber os bichinhos por meio do projeto-piloto \u201cVamos Juntos ao Parque\u201d. Lagos, praias, mirantes, quiosques de sap\u00ea, academia ao ar livre, parque infantil, paraciclos, quadras poliesportiva e de areia, al\u00e9m de piso t\u00e1til para a acessibilidade de deficientes visuais&nbsp;formam o complexo \u201c\u00c2ngelo Costa\u201d.<\/p>\n\n\n\n<p>S\u00e3o&nbsp;ao menos 3,8 mil metros de trilhas em concreto, que inclui&nbsp;pistas de caminhada e ciclovias, al\u00e9m de outros&nbsp;2 mil metros de trilhas em pedrisco.<\/p>\n\n\n\n<figure class=\"wp-block-gallery has-nested-images columns-default is-cropped wp-block-gallery-1 is-layout-flex wp-block-gallery-is-layout-flex\">\n<figure class=\"wp-block-image size-large\"><img loading=\"lazy\" decoding=\"async\" width=\"659\" height=\"435\" data-id=\"233\" src=\"https:\/\/rotasturisticas.jundiai.sp.gov.br\/sabores\/wp-content\/uploads\/sites\/12\/2025\/05\/engordadouro1.png\" alt=\"\" class=\"wp-image-233\" \/><\/figure>\n\n\n\n<figure class=\"wp-block-image size-large\"><img loading=\"lazy\" decoding=\"async\" width=\"658\" height=\"439\" data-id=\"232\" src=\"https:\/\/rotasturisticas.jundiai.sp.gov.br\/sabores\/wp-content\/uploads\/sites\/12\/2025\/05\/engordadouro2.png\" alt=\"\" class=\"wp-image-232\" \/><\/figure>\n\n\n\n<figure class=\"wp-block-image size-full\"><img loading=\"lazy\" decoding=\"async\" width=\"720\" height=\"478\" data-id=\"234\" src=\"https:\/\/rotasturisticas.jundiai.sp.gov.br\/sabores\/wp-content\/uploads\/sites\/12\/2025\/05\/parque_engordadouro_P10g-720x478-1.jpg\" alt=\"\" class=\"wp-image-234\" \/><\/figure>\n<\/figure>\n","protected":false},"excerpt":{"rendered":"<p>Com uma&nbsp;\u00e1rea de lazer de quase 173.000 m\u00b2, o&nbsp;Parque do Engordadouro \u201c\u00c2ngelo Costa\u201d&nbsp;foi constru\u00eddo como contrapartida de empreendimentos imobili\u00e1rios privados, por meio do Estudo de Impacto de Vizinhan\u00e7a (EIV). A \u00e1rea do lazer do Engordadouro est\u00e1 adaptada, inclusive, com bebedouros \u201cpets\u201d, para receber os bichinhos por meio do projeto-piloto \u201cVamos Juntos ao Parque\u201d. Lagos, praias, [&hellip;]<\/p>\n","protected":false},"author":23,"featured_media":0,"parent":10,"menu_order":0,"comment_status":"closed","ping_status":"closed","template":"page-local.php","meta":{"footnotes":""},"class_list":["post-231","page","type-page","status-publish","hentry"],"_links":{"self":[{"href":"https:\/\/rotasturisticas.jundiai.sp.gov.br\/sabores\/wp-json\/wp\/v2\/pages\/231","targetHints":{"allow":["GET"]}}],"collection":[{"href":"https:\/\/rotasturisticas.jundiai.sp.gov.br\/sabores\/wp-json\/wp\/v2\/pages"}],"about":[{"href":"https:\/\/rotasturisticas.jundiai.sp.gov.br\/sabores\/wp-json\/wp\/v2\/types\/page"}],"author":[{"embeddable":true,"href":"https:\/\/rotasturisticas.jundiai.sp.gov.br\/sabores\/wp-json\/wp\/v2\/users\/23"}],"replies":[{"embeddable":true,"href":"https:\/\/rotasturisticas.jundiai.sp.gov.br\/sabores\/wp-json\/wp\/v2\/comments?post=231"}],"version-history":[{"count":2,"href":"https:\/\/rotasturisticas.jundiai.sp.gov.br\/sabores\/wp-json\/wp\/v2\/pages\/231\/revisions"}],"predecessor-version":[{"id":424,"href":"https:\/\/rotasturisticas.jundiai.sp.gov.br\/sabores\/wp-json\/wp\/v2\/pages\/231\/revisions\/424"}],"up":[{"embeddable":true,"href":"https:\/\/rotasturisticas.jundiai.sp.gov.br\/sabores\/wp-json\/wp\/v2\/pages\/10"}],"wp:attachment":[{"href":"https:\/\/rotasturisticas.jundiai.sp.gov.br\/sabores\/wp-json\/wp\/v2\/media?parent=231"}],"curies":[{"name":"wp","href":"https:\/\/api.w.org\/{rel}","templated":true}]}}