{"id":229,"date":"2025-05-23T12:20:39","date_gmt":"2025-05-23T15:20:39","guid":{"rendered":"https:\/\/rotasturisticas.jundiai.sp.gov.br\/sabores\/?page_id=229"},"modified":"2025-05-28T10:40:44","modified_gmt":"2025-05-28T13:40:44","slug":"parque-do-trabalhador-corrupira","status":"publish","type":"page","link":"https:\/\/rotasturisticas.jundiai.sp.gov.br\/sabores\/o-que-visitar\/parque-do-trabalhador-corrupira\/","title":{"rendered":"Parque do Trabalhador \u2013 Corrupira"},"content":{"rendered":"\n<p>Inaugurado em&nbsp;<strong>7 de outubro de 1979,&nbsp;<\/strong>reformado&nbsp;em&nbsp;<strong>2000&nbsp;<\/strong>e revitalizado em<strong>&nbsp;2025<\/strong>, o parque ocupa uma \u00e1rea total de&nbsp;<strong>225 mil m\u00b2<\/strong>, sendo&nbsp;<strong>140 mil m\u00b2 de mata nativa preservada<\/strong>&nbsp;\u2013 classificada como reserva biol\u00f3gica.<\/p>\n\n\n\n<p>O Parque do Corrupira possui \u00e1rea para eventos e apresenta\u00e7\u00f5es, playground infantil, amplo espa\u00e7o para piqueniques, academia ao ar livre, espa\u00e7o pet, melipon\u00e1rio e avi\u00e1rio. <\/p>\n\n\n\n<p>O parque oferece:<br>\u2013 27 quiosques equipados com churrasqueiras e pias<br>\u2013 3 quiosques de apoio\u00a0(um quiosque com pia e sem churrasqueira ao lado da quadra de areia e dois quiosques de apoio (um para a pra\u00e7a pet e outro para o melipon\u00e1rio que devem ter uso compartilhado, n\u00e3o exclusivo)<br>\u2013 Grelhas dispon\u00edveis na administra\u00e7\u00e3o\u00a0(mediante apresenta\u00e7\u00e3o de documento com foto)<br>\u2013 Permiss\u00e3o para levar churrasqueira pr\u00f3pria.<\/p>\n\n\n\n<p><br><\/p>\n\n\n\n<p><strong>Funcionamento do trenzinho:<\/strong><br>S\u00e1bados, domingos e feriados, das&nbsp;<strong>9h30 \u00e0s 11h<\/strong>&nbsp;e das&nbsp;<strong>13h30 \u00e0s 16h30<\/strong><\/p>\n\n\n\n<p><strong>Regras do parque:<\/strong><br>\u274c N\u00e3o \u00e9 permitido circular de bicicleta, patins ou patinete<br>\u274c Proibido soltar pipas<\/p>\n\n\n\n<figure class=\"wp-block-gallery has-nested-images columns-default is-cropped wp-block-gallery-1 is-layout-flex wp-block-gallery-is-layout-flex\">\n<figure class=\"wp-block-image size-full\"><img loading=\"lazy\" decoding=\"async\" width=\"1280\" height=\"854\" data-id=\"294\" src=\"https:\/\/rotasturisticas.jundiai.sp.gov.br\/sabores\/wp-content\/uploads\/sites\/12\/2025\/05\/reta_final_parque_corrupira_v-68.jpg\" alt=\"\" class=\"wp-image-294\" srcset=\"https:\/\/rotasturisticas.jundiai.sp.gov.br\/sabores\/wp-content\/uploads\/sites\/12\/2025\/05\/reta_final_parque_corrupira_v-68.jpg 1280w, https:\/\/rotasturisticas.jundiai.sp.gov.br\/sabores\/wp-content\/uploads\/sites\/12\/2025\/05\/reta_final_parque_corrupira_v-68-768x512.jpg 768w\" sizes=\"auto, (max-width: 1280px) 100vw, 1280px\" \/><\/figure>\n\n\n\n<figure class=\"wp-block-image size-full\"><img loading=\"lazy\" decoding=\"async\" width=\"1280\" height=\"854\" data-id=\"295\" src=\"https:\/\/rotasturisticas.jundiai.sp.gov.br\/sabores\/wp-content\/uploads\/sites\/12\/2025\/05\/reta_final_parque_corrupira_v-44-1.jpg\" alt=\"\" class=\"wp-image-295\" srcset=\"https:\/\/rotasturisticas.jundiai.sp.gov.br\/sabores\/wp-content\/uploads\/sites\/12\/2025\/05\/reta_final_parque_corrupira_v-44-1.jpg 1280w, https:\/\/rotasturisticas.jundiai.sp.gov.br\/sabores\/wp-content\/uploads\/sites\/12\/2025\/05\/reta_final_parque_corrupira_v-44-1-768x512.jpg 768w\" sizes=\"auto, (max-width: 1280px) 100vw, 1280px\" \/><\/figure>\n\n\n\n<figure class=\"wp-block-image size-full\"><img loading=\"lazy\" decoding=\"async\" width=\"1280\" height=\"854\" data-id=\"296\" src=\"https:\/\/rotasturisticas.jundiai.sp.gov.br\/sabores\/wp-content\/uploads\/sites\/12\/2025\/05\/reta_final_parque_corrupira_v-72.jpg\" alt=\"\" class=\"wp-image-296\" srcset=\"https:\/\/rotasturisticas.jundiai.sp.gov.br\/sabores\/wp-content\/uploads\/sites\/12\/2025\/05\/reta_final_parque_corrupira_v-72.jpg 1280w, https:\/\/rotasturisticas.jundiai.sp.gov.br\/sabores\/wp-content\/uploads\/sites\/12\/2025\/05\/reta_final_parque_corrupira_v-72-768x512.jpg 768w\" sizes=\"auto, (max-width: 1280px) 100vw, 1280px\" \/><\/figure>\n\n\n\n<figure class=\"wp-block-image size-full\"><img loading=\"lazy\" decoding=\"async\" width=\"1280\" height=\"854\" data-id=\"298\" src=\"https:\/\/rotasturisticas.jundiai.sp.gov.br\/sabores\/wp-content\/uploads\/sites\/12\/2025\/05\/reta_final_parque_corrupira_v-49-1280x854-1.jpg\" alt=\"\" class=\"wp-image-298\" srcset=\"https:\/\/rotasturisticas.jundiai.sp.gov.br\/sabores\/wp-content\/uploads\/sites\/12\/2025\/05\/reta_final_parque_corrupira_v-49-1280x854-1.jpg 1280w, https:\/\/rotasturisticas.jundiai.sp.gov.br\/sabores\/wp-content\/uploads\/sites\/12\/2025\/05\/reta_final_parque_corrupira_v-49-1280x854-1-768x512.jpg 768w\" sizes=\"auto, (max-width: 1280px) 100vw, 1280px\" \/><\/figure>\n\n\n\n<figure class=\"wp-block-image size-full\"><img loading=\"lazy\" decoding=\"async\" width=\"1280\" height=\"854\" data-id=\"299\" src=\"https:\/\/rotasturisticas.jundiai.sp.gov.br\/sabores\/wp-content\/uploads\/sites\/12\/2025\/05\/reta_final_parque_corrupira_v-55-1280x854-1.jpg\" alt=\"\" class=\"wp-image-299\" srcset=\"https:\/\/rotasturisticas.jundiai.sp.gov.br\/sabores\/wp-content\/uploads\/sites\/12\/2025\/05\/reta_final_parque_corrupira_v-55-1280x854-1.jpg 1280w, https:\/\/rotasturisticas.jundiai.sp.gov.br\/sabores\/wp-content\/uploads\/sites\/12\/2025\/05\/reta_final_parque_corrupira_v-55-1280x854-1-768x512.jpg 768w\" sizes=\"auto, (max-width: 1280px) 100vw, 1280px\" \/><\/figure>\n\n\n\n<figure class=\"wp-block-image size-full\"><img loading=\"lazy\" decoding=\"async\" width=\"1280\" height=\"854\" data-id=\"300\" src=\"https:\/\/rotasturisticas.jundiai.sp.gov.br\/sabores\/wp-content\/uploads\/sites\/12\/2025\/05\/reta_final_parque_corrupira_v-73-1-1280x854-1.jpg\" alt=\"\" class=\"wp-image-300\" srcset=\"https:\/\/rotasturisticas.jundiai.sp.gov.br\/sabores\/wp-content\/uploads\/sites\/12\/2025\/05\/reta_final_parque_corrupira_v-73-1-1280x854-1.jpg 1280w, https:\/\/rotasturisticas.jundiai.sp.gov.br\/sabores\/wp-content\/uploads\/sites\/12\/2025\/05\/reta_final_parque_corrupira_v-73-1-1280x854-1-768x512.jpg 768w\" sizes=\"auto, (max-width: 1280px) 100vw, 1280px\" \/><\/figure>\n<\/figure>\n","protected":false},"excerpt":{"rendered":"<p>Inaugurado em&nbsp;7 de outubro de 1979,&nbsp;reformado&nbsp;em&nbsp;2000&nbsp;e revitalizado em&nbsp;2025, o parque ocupa uma \u00e1rea total de&nbsp;225 mil m\u00b2, sendo&nbsp;140 mil m\u00b2 de mata nativa preservada&nbsp;\u2013 classificada como reserva biol\u00f3gica. O Parque do Corrupira possui \u00e1rea para eventos e apresenta\u00e7\u00f5es, playground infantil, amplo espa\u00e7o para piqueniques, academia ao ar livre, espa\u00e7o pet, melipon\u00e1rio e avi\u00e1rio. O parque [&hellip;]<\/p>\n","protected":false},"author":23,"featured_media":298,"parent":10,"menu_order":0,"comment_status":"closed","ping_status":"closed","template":"page-local.php","meta":{"footnotes":""},"class_list":["post-229","page","type-page","status-publish","has-post-thumbnail","hentry"],"_links":{"self":[{"href":"https:\/\/rotasturisticas.jundiai.sp.gov.br\/sabores\/wp-json\/wp\/v2\/pages\/229","targetHints":{"allow":["GET"]}}],"collection":[{"href":"https:\/\/rotasturisticas.jundiai.sp.gov.br\/sabores\/wp-json\/wp\/v2\/pages"}],"about":[{"href":"https:\/\/rotasturisticas.jundiai.sp.gov.br\/sabores\/wp-json\/wp\/v2\/types\/page"}],"author":[{"embeddable":true,"href":"https:\/\/rotasturisticas.jundiai.sp.gov.br\/sabores\/wp-json\/wp\/v2\/users\/23"}],"replies":[{"embeddable":true,"href":"https:\/\/rotasturisticas.jundiai.sp.gov.br\/sabores\/wp-json\/wp\/v2\/comments?post=229"}],"version-history":[{"count":4,"href":"https:\/\/rotasturisticas.jundiai.sp.gov.br\/sabores\/wp-json\/wp\/v2\/pages\/229\/revisions"}],"predecessor-version":[{"id":303,"href":"https:\/\/rotasturisticas.jundiai.sp.gov.br\/sabores\/wp-json\/wp\/v2\/pages\/229\/revisions\/303"}],"up":[{"embeddable":true,"href":"https:\/\/rotasturisticas.jundiai.sp.gov.br\/sabores\/wp-json\/wp\/v2\/pages\/10"}],"wp:featuredmedia":[{"embeddable":true,"href":"https:\/\/rotasturisticas.jundiai.sp.gov.br\/sabores\/wp-json\/wp\/v2\/media\/298"}],"wp:attachment":[{"href":"https:\/\/rotasturisticas.jundiai.sp.gov.br\/sabores\/wp-json\/wp\/v2\/media?parent=229"}],"curies":[{"name":"wp","href":"https:\/\/api.w.org\/{rel}","templated":true}]}}