{"id":222,"date":"2025-05-23T10:15:51","date_gmt":"2025-05-23T13:15:51","guid":{"rendered":"https:\/\/rotasturisticas.jundiai.sp.gov.br\/sabores\/?page_id=222"},"modified":"2025-05-28T10:56:47","modified_gmt":"2025-05-28T13:56:47","slug":"parque-da-cidade","status":"publish","type":"page","link":"https:\/\/rotasturisticas.jundiai.sp.gov.br\/sabores\/o-que-visitar\/parque-da-cidade\/","title":{"rendered":"Parque da Cidade"},"content":{"rendered":"\n<p>Inaugurado em 2.004, o moderno Parque da Cidade fica \u00e0s margens da represa que abastece Jundia\u00ed, e \u00e9 um dos mais visitados pela popula\u00e7\u00e3o jundiaiense.<\/p>\n\n\n\n<p>Com 500.000 m\u00b2, oferece \u00e1reas para piquenique, caminhadas ecol\u00f3gicas, leitura e divers\u00e3o. Conta com duas pistas de&nbsp;<em>cooper<\/em>&nbsp;de 2,1 quil\u00f4metros cada, aparelhos de gin\u00e1stica, bebedouros, sistema de som e duchas.<\/p>\n\n\n\n<p>O local conta, tamb\u00e9m, com jardim japon\u00eas, anfiteatro ao ar livre e \u00e1reas para apresenta\u00e7\u00f5es art\u00edsticas. H\u00e1 ainda parque de divers\u00f5es, mesas de jogos (xadrez, damas e domin\u00f3), quadras poliesportivas, futebol de areia, trilhas e um pier para pequenas embarca\u00e7\u00f5es.<\/p>\n\n\n\n<p>N\u00e3o \u00e9 permitida a entrada de animais dom\u00e9sticos, o estacionamento e a entrada s\u00e3o gratuitos e o espa\u00e7o \u00e9 adaptado para portadores de necessidades especiais.<\/p>\n\n\n\n<figure class=\"wp-block-gallery has-nested-images columns-default is-cropped wp-block-gallery-1 is-layout-flex wp-block-gallery-is-layout-flex\">\n<figure class=\"wp-block-image size-large\"><img loading=\"lazy\" decoding=\"async\" width=\"631\" height=\"950\" data-id=\"223\" src=\"https:\/\/rotasturisticas.jundiai.sp.gov.br\/sabores\/wp-content\/uploads\/sites\/12\/2025\/05\/pq_cidade_jundiai0-631x950.jpg\" alt=\"\" class=\"wp-image-223\" srcset=\"https:\/\/rotasturisticas.jundiai.sp.gov.br\/sabores\/wp-content\/uploads\/sites\/12\/2025\/05\/pq_cidade_jundiai0-631x950.jpg 631w, https:\/\/rotasturisticas.jundiai.sp.gov.br\/sabores\/wp-content\/uploads\/sites\/12\/2025\/05\/pq_cidade_jundiai0-768x1156.jpg 768w, https:\/\/rotasturisticas.jundiai.sp.gov.br\/sabores\/wp-content\/uploads\/sites\/12\/2025\/05\/pq_cidade_jundiai0-1020x1536.jpg 1020w, https:\/\/rotasturisticas.jundiai.sp.gov.br\/sabores\/wp-content\/uploads\/sites\/12\/2025\/05\/pq_cidade_jundiai0.jpg 1280w\" sizes=\"auto, (max-width: 631px) 100vw, 631px\" \/><\/figure>\n\n\n\n<figure class=\"wp-block-image size-large\"><img loading=\"lazy\" decoding=\"async\" width=\"1280\" height=\"850\" data-id=\"224\" src=\"https:\/\/rotasturisticas.jundiai.sp.gov.br\/sabores\/wp-content\/uploads\/sites\/12\/2025\/05\/pq_cidade_jundiai2.jpg\" alt=\"\" class=\"wp-image-224\" srcset=\"https:\/\/rotasturisticas.jundiai.sp.gov.br\/sabores\/wp-content\/uploads\/sites\/12\/2025\/05\/pq_cidade_jundiai2.jpg 1280w, https:\/\/rotasturisticas.jundiai.sp.gov.br\/sabores\/wp-content\/uploads\/sites\/12\/2025\/05\/pq_cidade_jundiai2-768x510.jpg 768w\" sizes=\"auto, (max-width: 1280px) 100vw, 1280px\" \/><\/figure>\n\n\n\n<figure class=\"wp-block-image size-large\"><img loading=\"lazy\" decoding=\"async\" width=\"1280\" height=\"850\" data-id=\"225\" src=\"https:\/\/rotasturisticas.jundiai.sp.gov.br\/sabores\/wp-content\/uploads\/sites\/12\/2025\/05\/pq_cidade_jundiai3.jpg\" alt=\"\" class=\"wp-image-225\" srcset=\"https:\/\/rotasturisticas.jundiai.sp.gov.br\/sabores\/wp-content\/uploads\/sites\/12\/2025\/05\/pq_cidade_jundiai3.jpg 1280w, https:\/\/rotasturisticas.jundiai.sp.gov.br\/sabores\/wp-content\/uploads\/sites\/12\/2025\/05\/pq_cidade_jundiai3-768x510.jpg 768w\" sizes=\"auto, (max-width: 1280px) 100vw, 1280px\" \/><\/figure>\n\n\n\n<figure class=\"wp-block-image size-large\"><img loading=\"lazy\" decoding=\"async\" width=\"1280\" height=\"850\" data-id=\"226\" src=\"https:\/\/rotasturisticas.jundiai.sp.gov.br\/sabores\/wp-content\/uploads\/sites\/12\/2025\/05\/pq_cidade_jundiai3-1.jpg\" alt=\"\" class=\"wp-image-226\" srcset=\"https:\/\/rotasturisticas.jundiai.sp.gov.br\/sabores\/wp-content\/uploads\/sites\/12\/2025\/05\/pq_cidade_jundiai3-1.jpg 1280w, https:\/\/rotasturisticas.jundiai.sp.gov.br\/sabores\/wp-content\/uploads\/sites\/12\/2025\/05\/pq_cidade_jundiai3-1-768x510.jpg 768w\" sizes=\"auto, (max-width: 1280px) 100vw, 1280px\" \/><\/figure>\n\n\n\n<figure class=\"wp-block-image size-large\"><img loading=\"lazy\" decoding=\"async\" width=\"1280\" height=\"851\" data-id=\"227\" src=\"https:\/\/rotasturisticas.jundiai.sp.gov.br\/sabores\/wp-content\/uploads\/sites\/12\/2025\/05\/pq_cidade_jundiai5.jpg\" alt=\"\" class=\"wp-image-227\" srcset=\"https:\/\/rotasturisticas.jundiai.sp.gov.br\/sabores\/wp-content\/uploads\/sites\/12\/2025\/05\/pq_cidade_jundiai5.jpg 1280w, https:\/\/rotasturisticas.jundiai.sp.gov.br\/sabores\/wp-content\/uploads\/sites\/12\/2025\/05\/pq_cidade_jundiai5-768x511.jpg 768w\" sizes=\"auto, (max-width: 1280px) 100vw, 1280px\" \/><\/figure>\n<\/figure>\n","protected":false},"excerpt":{"rendered":"<p>Inaugurado em 2.004, o moderno Parque da Cidade fica \u00e0s margens da represa que abastece Jundia\u00ed, e \u00e9 um dos mais visitados pela popula\u00e7\u00e3o jundiaiense. Com 500.000 m\u00b2, oferece \u00e1reas para piquenique, caminhadas ecol\u00f3gicas, leitura e divers\u00e3o. Conta com duas pistas de&nbsp;cooper&nbsp;de 2,1 quil\u00f4metros cada, aparelhos de gin\u00e1stica, bebedouros, sistema de som e duchas. O [&hellip;]<\/p>\n","protected":false},"author":23,"featured_media":0,"parent":10,"menu_order":0,"comment_status":"closed","ping_status":"closed","template":"page-local.php","meta":{"footnotes":""},"class_list":["post-222","page","type-page","status-publish","hentry"],"_links":{"self":[{"href":"https:\/\/rotasturisticas.jundiai.sp.gov.br\/sabores\/wp-json\/wp\/v2\/pages\/222","targetHints":{"allow":["GET"]}}],"collection":[{"href":"https:\/\/rotasturisticas.jundiai.sp.gov.br\/sabores\/wp-json\/wp\/v2\/pages"}],"about":[{"href":"https:\/\/rotasturisticas.jundiai.sp.gov.br\/sabores\/wp-json\/wp\/v2\/types\/page"}],"author":[{"embeddable":true,"href":"https:\/\/rotasturisticas.jundiai.sp.gov.br\/sabores\/wp-json\/wp\/v2\/users\/23"}],"replies":[{"embeddable":true,"href":"https:\/\/rotasturisticas.jundiai.sp.gov.br\/sabores\/wp-json\/wp\/v2\/comments?post=222"}],"version-history":[{"count":1,"href":"https:\/\/rotasturisticas.jundiai.sp.gov.br\/sabores\/wp-json\/wp\/v2\/pages\/222\/revisions"}],"predecessor-version":[{"id":228,"href":"https:\/\/rotasturisticas.jundiai.sp.gov.br\/sabores\/wp-json\/wp\/v2\/pages\/222\/revisions\/228"}],"up":[{"embeddable":true,"href":"https:\/\/rotasturisticas.jundiai.sp.gov.br\/sabores\/wp-json\/wp\/v2\/pages\/10"}],"wp:attachment":[{"href":"https:\/\/rotasturisticas.jundiai.sp.gov.br\/sabores\/wp-json\/wp\/v2\/media?parent=222"}],"curies":[{"name":"wp","href":"https:\/\/api.w.org\/{rel}","templated":true}]}}