{"id":213,"date":"2025-05-23T10:03:11","date_gmt":"2025-05-23T13:03:11","guid":{"rendered":"https:\/\/rotasturisticas.jundiai.sp.gov.br\/sabores\/?page_id=213"},"modified":"2025-05-28T10:50:05","modified_gmt":"2025-05-28T13:50:05","slug":"mundo-das-criancas","status":"publish","type":"page","link":"https:\/\/rotasturisticas.jundiai.sp.gov.br\/sabores\/o-que-visitar\/mundo-das-criancas\/","title":{"rendered":"Mundo das Crian\u00e7as"},"content":{"rendered":"\n<p>Com uma \u00e1rea de aproximadamente 670mil metros quadrados, o mundo das crian\u00e7as \u00e9 um parque p\u00fablico gratuito a c\u00e9u aberto, que conta com esta\u00e7\u00f5es de brinquedos, paredes de escalada, quadras esportivas, pista de skate, \u00e1reas verdes para lazer, cultura&nbsp;e aprendizagem, fontes interativas e trilhas. \u00c9 administrado pela DAE Jundia\u00ed e tem como objetivo de garantir um espa\u00e7o destinado \u00e0 preserva\u00e7\u00e3o ambiental, ao aprendizado e \u00e0 divers\u00e3o focado nas crian\u00e7as.<\/p>\n\n\n\n<p><strong>Atra\u00e7\u00f5es:&nbsp;<\/strong>Parkour, Quadras de t\u00eanis, Quadra de t\u00eanis de praia, Quadras de basquete, Quadras de areia, Quadra de grama sint\u00e9tica, Mirante, Parques infantis, Parede de escalada, Esp\u00e9cies de \u00e1rvore, Fontes de \u00e1gua, Casa da \u00e1rvore, Foguete, C\u00e1psula do tempo, Ciclovia, e Pista de Skate (em reforma).<\/p>\n\n\n\n<p><strong>O que levar:&nbsp;<\/strong>Garrafinha de \u00e1gua (bebedouros inativos em raz\u00e3o da pandemia), Bon\u00e9 e protetor solar, Troca de roupa e toalhas. Proibida a entrada de animais.<\/p>\n\n\n\n<p><strong>Comida:<\/strong>&nbsp;O mundo das crian\u00e7as conta com uma lanchonete ativa que vende salgados assados, salgadinhos, \u00e1gua, refrigerante, sucos, \u00e1gua de coco e sorvetes. \u00c9 permitido levar lanche de casa.<\/p>\n\n\n\n<p><strong>AGENDAS PARA FINAIS DE SEMANA E FERIADOS (INCLUINDO EMENDAS DE FERIADOS<\/strong>)<\/p>\n\n\n\n<figure class=\"wp-block-embed\"><div class=\"wp-block-embed__wrapper\">\nhttps:\/\/mundodascriancasjundiai.com.br\/agendamento\n<\/div><\/figure>\n\n\n\n<figure class=\"wp-block-gallery has-nested-images columns-default is-cropped wp-block-gallery-1 is-layout-flex wp-block-gallery-is-layout-flex\">\n<figure class=\"wp-block-image size-large\"><img loading=\"lazy\" decoding=\"async\" width=\"1268\" height=\"950\" data-id=\"214\" src=\"https:\/\/rotasturisticas.jundiai.sp.gov.br\/sabores\/wp-content\/uploads\/sites\/12\/2025\/05\/130941691_222329289302287_1522287007819873242_n-1-1268x950.jpg\" alt=\"\" class=\"wp-image-214\" srcset=\"https:\/\/rotasturisticas.jundiai.sp.gov.br\/sabores\/wp-content\/uploads\/sites\/12\/2025\/05\/130941691_222329289302287_1522287007819873242_n-1-1268x950.jpg 1268w, https:\/\/rotasturisticas.jundiai.sp.gov.br\/sabores\/wp-content\/uploads\/sites\/12\/2025\/05\/130941691_222329289302287_1522287007819873242_n-1-300x225.jpg 300w, https:\/\/rotasturisticas.jundiai.sp.gov.br\/sabores\/wp-content\/uploads\/sites\/12\/2025\/05\/130941691_222329289302287_1522287007819873242_n-1-768x575.jpg 768w, https:\/\/rotasturisticas.jundiai.sp.gov.br\/sabores\/wp-content\/uploads\/sites\/12\/2025\/05\/130941691_222329289302287_1522287007819873242_n-1.jpg 1280w\" sizes=\"auto, (max-width: 1268px) 100vw, 1268px\" \/><\/figure>\n\n\n\n<figure class=\"wp-block-image size-large\"><img loading=\"lazy\" decoding=\"async\" width=\"1280\" height=\"853\" data-id=\"215\" src=\"https:\/\/rotasturisticas.jundiai.sp.gov.br\/sabores\/wp-content\/uploads\/sites\/12\/2025\/05\/148977259_314110016790880_6121554861439241423_n-1.jpg\" alt=\"\" class=\"wp-image-215\" srcset=\"https:\/\/rotasturisticas.jundiai.sp.gov.br\/sabores\/wp-content\/uploads\/sites\/12\/2025\/05\/148977259_314110016790880_6121554861439241423_n-1.jpg 1280w, https:\/\/rotasturisticas.jundiai.sp.gov.br\/sabores\/wp-content\/uploads\/sites\/12\/2025\/05\/148977259_314110016790880_6121554861439241423_n-1-768x512.jpg 768w\" sizes=\"auto, (max-width: 1280px) 100vw, 1280px\" \/><\/figure>\n\n\n\n<figure class=\"wp-block-image size-large\"><img loading=\"lazy\" decoding=\"async\" width=\"1268\" height=\"950\" data-id=\"218\" src=\"https:\/\/rotasturisticas.jundiai.sp.gov.br\/sabores\/wp-content\/uploads\/sites\/12\/2025\/05\/50719259208_3b6c58bc05_o-1268x950.jpg\" alt=\"\" class=\"wp-image-218\" srcset=\"https:\/\/rotasturisticas.jundiai.sp.gov.br\/sabores\/wp-content\/uploads\/sites\/12\/2025\/05\/50719259208_3b6c58bc05_o-1268x950.jpg 1268w, https:\/\/rotasturisticas.jundiai.sp.gov.br\/sabores\/wp-content\/uploads\/sites\/12\/2025\/05\/50719259208_3b6c58bc05_o-300x225.jpg 300w, https:\/\/rotasturisticas.jundiai.sp.gov.br\/sabores\/wp-content\/uploads\/sites\/12\/2025\/05\/50719259208_3b6c58bc05_o-768x575.jpg 768w, https:\/\/rotasturisticas.jundiai.sp.gov.br\/sabores\/wp-content\/uploads\/sites\/12\/2025\/05\/50719259208_3b6c58bc05_o.jpg 1280w\" sizes=\"auto, (max-width: 1268px) 100vw, 1268px\" \/><figcaption class=\"wp-element-caption\">created by dji camera<\/figcaption><\/figure>\n\n\n\n<figure class=\"wp-block-image size-large\"><img loading=\"lazy\" decoding=\"async\" width=\"680\" height=\"509\" data-id=\"216\" src=\"https:\/\/rotasturisticas.jundiai.sp.gov.br\/sabores\/wp-content\/uploads\/sites\/12\/2025\/05\/50719995666_5c7d10ed50_o-680x509-1.jpg\" alt=\"\" class=\"wp-image-216\" srcset=\"https:\/\/rotasturisticas.jundiai.sp.gov.br\/sabores\/wp-content\/uploads\/sites\/12\/2025\/05\/50719995666_5c7d10ed50_o-680x509-1.jpg 680w, https:\/\/rotasturisticas.jundiai.sp.gov.br\/sabores\/wp-content\/uploads\/sites\/12\/2025\/05\/50719995666_5c7d10ed50_o-680x509-1-300x225.jpg 300w\" sizes=\"auto, (max-width: 680px) 100vw, 680px\" \/><figcaption class=\"wp-element-caption\">created by dji camera<\/figcaption><\/figure>\n\n\n\n<figure class=\"wp-block-image size-large\"><img loading=\"lazy\" decoding=\"async\" width=\"1268\" height=\"950\" data-id=\"217\" src=\"https:\/\/rotasturisticas.jundiai.sp.gov.br\/sabores\/wp-content\/uploads\/sites\/12\/2025\/05\/50719996996_92a40faa6f_o-1268x950.jpg\" alt=\"\" class=\"wp-image-217\" srcset=\"https:\/\/rotasturisticas.jundiai.sp.gov.br\/sabores\/wp-content\/uploads\/sites\/12\/2025\/05\/50719996996_92a40faa6f_o-1268x950.jpg 1268w, https:\/\/rotasturisticas.jundiai.sp.gov.br\/sabores\/wp-content\/uploads\/sites\/12\/2025\/05\/50719996996_92a40faa6f_o-300x225.jpg 300w, https:\/\/rotasturisticas.jundiai.sp.gov.br\/sabores\/wp-content\/uploads\/sites\/12\/2025\/05\/50719996996_92a40faa6f_o-768x575.jpg 768w, https:\/\/rotasturisticas.jundiai.sp.gov.br\/sabores\/wp-content\/uploads\/sites\/12\/2025\/05\/50719996996_92a40faa6f_o.jpg 1280w\" sizes=\"auto, (max-width: 1268px) 100vw, 1268px\" \/><figcaption class=\"wp-element-caption\">created by dji camera<\/figcaption><\/figure>\n\n\n\n<figure class=\"wp-block-image size-large\"><img loading=\"lazy\" decoding=\"async\" width=\"1280\" height=\"853\" data-id=\"220\" src=\"https:\/\/rotasturisticas.jundiai.sp.gov.br\/sabores\/wp-content\/uploads\/sites\/12\/2025\/05\/50720177061_a708f28668_o.jpg\" alt=\"\" class=\"wp-image-220\" srcset=\"https:\/\/rotasturisticas.jundiai.sp.gov.br\/sabores\/wp-content\/uploads\/sites\/12\/2025\/05\/50720177061_a708f28668_o.jpg 1280w, https:\/\/rotasturisticas.jundiai.sp.gov.br\/sabores\/wp-content\/uploads\/sites\/12\/2025\/05\/50720177061_a708f28668_o-768x512.jpg 768w\" sizes=\"auto, (max-width: 1280px) 100vw, 1280px\" \/><\/figure>\n\n\n\n<figure class=\"wp-block-image size-large\"><img loading=\"lazy\" decoding=\"async\" width=\"1280\" height=\"853\" data-id=\"219\" src=\"https:\/\/rotasturisticas.jundiai.sp.gov.br\/sabores\/wp-content\/uploads\/sites\/12\/2025\/05\/50720260737_12b39b304d_o.jpg\" alt=\"\" class=\"wp-image-219\" srcset=\"https:\/\/rotasturisticas.jundiai.sp.gov.br\/sabores\/wp-content\/uploads\/sites\/12\/2025\/05\/50720260737_12b39b304d_o.jpg 1280w, https:\/\/rotasturisticas.jundiai.sp.gov.br\/sabores\/wp-content\/uploads\/sites\/12\/2025\/05\/50720260737_12b39b304d_o-768x512.jpg 768w\" sizes=\"auto, (max-width: 1280px) 100vw, 1280px\" \/><\/figure>\n<\/figure>\n","protected":false},"excerpt":{"rendered":"<p>Com uma \u00e1rea de aproximadamente 670mil metros quadrados, o mundo das crian\u00e7as \u00e9 um parque p\u00fablico gratuito a c\u00e9u aberto, que conta com esta\u00e7\u00f5es de brinquedos, paredes de escalada, quadras esportivas, pista de skate, \u00e1reas verdes para lazer, cultura&nbsp;e aprendizagem, fontes interativas e trilhas. \u00c9 administrado pela DAE Jundia\u00ed e tem como objetivo de garantir [&hellip;]<\/p>\n","protected":false},"author":23,"featured_media":0,"parent":10,"menu_order":0,"comment_status":"closed","ping_status":"closed","template":"page-local.php","meta":{"footnotes":""},"class_list":["post-213","page","type-page","status-publish","hentry"],"_links":{"self":[{"href":"https:\/\/rotasturisticas.jundiai.sp.gov.br\/sabores\/wp-json\/wp\/v2\/pages\/213","targetHints":{"allow":["GET"]}}],"collection":[{"href":"https:\/\/rotasturisticas.jundiai.sp.gov.br\/sabores\/wp-json\/wp\/v2\/pages"}],"about":[{"href":"https:\/\/rotasturisticas.jundiai.sp.gov.br\/sabores\/wp-json\/wp\/v2\/types\/page"}],"author":[{"embeddable":true,"href":"https:\/\/rotasturisticas.jundiai.sp.gov.br\/sabores\/wp-json\/wp\/v2\/users\/23"}],"replies":[{"embeddable":true,"href":"https:\/\/rotasturisticas.jundiai.sp.gov.br\/sabores\/wp-json\/wp\/v2\/comments?post=213"}],"version-history":[{"count":1,"href":"https:\/\/rotasturisticas.jundiai.sp.gov.br\/sabores\/wp-json\/wp\/v2\/pages\/213\/revisions"}],"predecessor-version":[{"id":221,"href":"https:\/\/rotasturisticas.jundiai.sp.gov.br\/sabores\/wp-json\/wp\/v2\/pages\/213\/revisions\/221"}],"up":[{"embeddable":true,"href":"https:\/\/rotasturisticas.jundiai.sp.gov.br\/sabores\/wp-json\/wp\/v2\/pages\/10"}],"wp:attachment":[{"href":"https:\/\/rotasturisticas.jundiai.sp.gov.br\/sabores\/wp-json\/wp\/v2\/media?parent=213"}],"curies":[{"name":"wp","href":"https:\/\/api.w.org\/{rel}","templated":true}]}}