{"id":202,"date":"2025-05-23T09:00:52","date_gmt":"2025-05-23T12:00:52","guid":{"rendered":"https:\/\/rotasturisticas.jundiai.sp.gov.br\/sabores\/?page_id=202"},"modified":"2025-05-29T13:38:16","modified_gmt":"2025-05-29T16:38:16","slug":"hipica-vitoria","status":"publish","type":"page","link":"https:\/\/rotasturisticas.jundiai.sp.gov.br\/sabores\/o-que-visitar\/hipica-vitoria\/","title":{"rendered":"H\u00edpica Vit\u00f3ria"},"content":{"rendered":"\n<p>A H\u00edpica Vit\u00f3ria iniciou suas atividades em junho de 2013, sendo resultado de um sonho h\u00e1 tempos idealizado.<\/p>\n\n\n\n<p>Os ensinamentos baseiam-se na premissa de que montar a cavalo \u00e9 uma atividade prazerosa, que pode ser praticada por pessoas de todas as idades e n\u00edveis.<\/p>\n\n\n\n<p>As aulas visam integrar cavalo e cavaleiro\/amazona, fazendo com que evoluam a cada encontro, para que trabalhem em harmonia.<\/p>\n\n\n\n<p>A equita\u00e7\u00e3o \u00e9 uma atividade, na qual crian\u00e7as e adultos entram em contato com o universo dos cavalos.<\/p>\n\n\n\n<p>S\u00e3o muitos os benef\u00edcios que o contato com o cavalo e a pr\u00e1tica da equita\u00e7\u00e3o desenvolve nos alunos, dentre eles, destacamos: equil\u00edbrio, postura, coordena\u00e7\u00e3o motora, conscientiza\u00e7\u00e3o corporal, autoconfian\u00e7a, sociabiliza\u00e7\u00e3o, concentra\u00e7\u00e3o, disciplina, respeito, incentivo ao esp\u00edrito de perseveran\u00e7a, fortalecimento muscular, desenvolvimento aer\u00f3bico, dentre outros.<\/p>\n\n\n\n<figure class=\"wp-block-gallery has-nested-images columns-default is-cropped wp-block-gallery-1 is-layout-flex wp-block-gallery-is-layout-flex\">\n<figure class=\"wp-block-image size-full\"><img loading=\"lazy\" decoding=\"async\" width=\"640\" height=\"427\" data-id=\"203\" src=\"https:\/\/rotasturisticas.jundiai.sp.gov.br\/sabores\/wp-content\/uploads\/sites\/12\/2025\/05\/Estrutura-Hipica-Vitoria-Jundiai-2.jpg\" alt=\"\" class=\"wp-image-203\" \/><\/figure>\n\n\n\n<figure class=\"wp-block-image size-full\"><img loading=\"lazy\" decoding=\"async\" width=\"640\" height=\"407\" data-id=\"204\" src=\"https:\/\/rotasturisticas.jundiai.sp.gov.br\/sabores\/wp-content\/uploads\/sites\/12\/2025\/05\/Estrutura-Hipica-Vitoria-Jundiai-5.jpg\" alt=\"\" class=\"wp-image-204\" \/><\/figure>\n\n\n\n<figure class=\"wp-block-image size-full\"><img loading=\"lazy\" decoding=\"async\" width=\"640\" height=\"427\" data-id=\"205\" src=\"https:\/\/rotasturisticas.jundiai.sp.gov.br\/sabores\/wp-content\/uploads\/sites\/12\/2025\/05\/Estrutura-Hipica-Vitoria-Jundiai-6.jpg\" alt=\"\" class=\"wp-image-205\" \/><\/figure>\n\n\n\n<figure class=\"wp-block-image size-full\"><img loading=\"lazy\" decoding=\"async\" width=\"427\" height=\"640\" data-id=\"206\" src=\"https:\/\/rotasturisticas.jundiai.sp.gov.br\/sabores\/wp-content\/uploads\/sites\/12\/2025\/05\/Estrutura-Hipica-Vitoria-Jundiai-11.jpg\" alt=\"\" class=\"wp-image-206\" \/><\/figure>\n\n\n\n<figure class=\"wp-block-image size-full\"><img loading=\"lazy\" decoding=\"async\" width=\"640\" height=\"433\" data-id=\"209\" src=\"https:\/\/rotasturisticas.jundiai.sp.gov.br\/sabores\/wp-content\/uploads\/sites\/12\/2025\/05\/Estrutura-Hipica-Vitoria-Jundiai-12.jpg\" alt=\"\" class=\"wp-image-209\" \/><\/figure>\n\n\n\n<figure class=\"wp-block-image size-full\"><img loading=\"lazy\" decoding=\"async\" width=\"640\" height=\"427\" data-id=\"208\" src=\"https:\/\/rotasturisticas.jundiai.sp.gov.br\/sabores\/wp-content\/uploads\/sites\/12\/2025\/05\/Estrutura-Hipica-Vitoria-Jundiai-13.jpg\" alt=\"\" class=\"wp-image-208\" \/><\/figure>\n\n\n\n<figure class=\"wp-block-image size-full\"><img loading=\"lazy\" decoding=\"async\" width=\"640\" height=\"427\" data-id=\"210\" src=\"https:\/\/rotasturisticas.jundiai.sp.gov.br\/sabores\/wp-content\/uploads\/sites\/12\/2025\/05\/Estrutura-Hipica-Vitoria-Jundiai-15.jpg\" alt=\"\" class=\"wp-image-210\" \/><\/figure>\n\n\n\n<figure class=\"wp-block-image size-full\"><img loading=\"lazy\" decoding=\"async\" width=\"640\" height=\"427\" data-id=\"211\" src=\"https:\/\/rotasturisticas.jundiai.sp.gov.br\/sabores\/wp-content\/uploads\/sites\/12\/2025\/05\/Estrutura-Hipica-Vitoria-Jundiai-21.jpg\" alt=\"\" class=\"wp-image-211\" \/><\/figure>\n\n\n\n<figure class=\"wp-block-image size-full\"><img loading=\"lazy\" decoding=\"async\" width=\"640\" height=\"427\" data-id=\"207\" src=\"https:\/\/rotasturisticas.jundiai.sp.gov.br\/sabores\/wp-content\/uploads\/sites\/12\/2025\/05\/Hipica-Vitoria-Jundiai-21.jpg\" alt=\"\" class=\"wp-image-207\" \/><\/figure>\n<\/figure>\n","protected":false},"excerpt":{"rendered":"<p>A H\u00edpica Vit\u00f3ria iniciou suas atividades em junho de 2013, sendo resultado de um sonho h\u00e1 tempos idealizado. Os ensinamentos baseiam-se na premissa de que montar a cavalo \u00e9 uma atividade prazerosa, que pode ser praticada por pessoas de todas as idades e n\u00edveis. As aulas visam integrar cavalo e cavaleiro\/amazona, fazendo com que evoluam [&hellip;]<\/p>\n","protected":false},"author":23,"featured_media":0,"parent":10,"menu_order":0,"comment_status":"closed","ping_status":"closed","template":"page-local.php","meta":{"footnotes":""},"class_list":["post-202","page","type-page","status-publish","hentry"],"_links":{"self":[{"href":"https:\/\/rotasturisticas.jundiai.sp.gov.br\/sabores\/wp-json\/wp\/v2\/pages\/202","targetHints":{"allow":["GET"]}}],"collection":[{"href":"https:\/\/rotasturisticas.jundiai.sp.gov.br\/sabores\/wp-json\/wp\/v2\/pages"}],"about":[{"href":"https:\/\/rotasturisticas.jundiai.sp.gov.br\/sabores\/wp-json\/wp\/v2\/types\/page"}],"author":[{"embeddable":true,"href":"https:\/\/rotasturisticas.jundiai.sp.gov.br\/sabores\/wp-json\/wp\/v2\/users\/23"}],"replies":[{"embeddable":true,"href":"https:\/\/rotasturisticas.jundiai.sp.gov.br\/sabores\/wp-json\/wp\/v2\/comments?post=202"}],"version-history":[{"count":3,"href":"https:\/\/rotasturisticas.jundiai.sp.gov.br\/sabores\/wp-json\/wp\/v2\/pages\/202\/revisions"}],"predecessor-version":[{"id":421,"href":"https:\/\/rotasturisticas.jundiai.sp.gov.br\/sabores\/wp-json\/wp\/v2\/pages\/202\/revisions\/421"}],"up":[{"embeddable":true,"href":"https:\/\/rotasturisticas.jundiai.sp.gov.br\/sabores\/wp-json\/wp\/v2\/pages\/10"}],"wp:attachment":[{"href":"https:\/\/rotasturisticas.jundiai.sp.gov.br\/sabores\/wp-json\/wp\/v2\/media?parent=202"}],"curies":[{"name":"wp","href":"https:\/\/api.w.org\/{rel}","templated":true}]}}