{"id":180,"date":"2025-05-22T14:36:08","date_gmt":"2025-05-22T17:36:08","guid":{"rendered":"https:\/\/rotasturisticas.jundiai.sp.gov.br\/sabores\/?page_id=180"},"modified":"2025-05-28T10:48:02","modified_gmt":"2025-05-28T13:48:02","slug":"farmbox","status":"publish","type":"page","link":"https:\/\/rotasturisticas.jundiai.sp.gov.br\/sabores\/o-que-visitar\/farmbox\/","title":{"rendered":"FarmBox"},"content":{"rendered":"\n<p>A Farmbox em sua ess\u00eancia carrega a sustentabilidade e inova\u00e7\u00e3o desde o cultivo de cogumelos at\u00e9 os produtos Fungi Based (alimentos \u00e0 base de cogumelos) . Temos como miss\u00e3o popularizar este nobre produto em todo Brasil. Por isso fazemos um trabalho diferenciado no turismo rural e turismo rural pedag\u00f3gico.<\/p>\n\n\n\n<figure class=\"wp-block-gallery has-nested-images columns-default is-cropped wp-block-gallery-1 is-layout-flex wp-block-gallery-is-layout-flex\">\n<figure class=\"wp-block-image size-large\"><img loading=\"lazy\" decoding=\"async\" width=\"796\" height=\"950\" data-id=\"181\" src=\"https:\/\/rotasturisticas.jundiai.sp.gov.br\/sabores\/wp-content\/uploads\/sites\/12\/2025\/05\/WhatsApp-Image-2025-03-11-at-16.17.53-Farm-Box-1-796x950.jpeg\" alt=\"\" class=\"wp-image-181\" srcset=\"https:\/\/rotasturisticas.jundiai.sp.gov.br\/sabores\/wp-content\/uploads\/sites\/12\/2025\/05\/WhatsApp-Image-2025-03-11-at-16.17.53-Farm-Box-1-796x950.jpeg 796w, https:\/\/rotasturisticas.jundiai.sp.gov.br\/sabores\/wp-content\/uploads\/sites\/12\/2025\/05\/WhatsApp-Image-2025-03-11-at-16.17.53-Farm-Box-1-768x917.jpeg 768w, https:\/\/rotasturisticas.jundiai.sp.gov.br\/sabores\/wp-content\/uploads\/sites\/12\/2025\/05\/WhatsApp-Image-2025-03-11-at-16.17.53-Farm-Box-1.jpeg 1072w\" sizes=\"auto, (max-width: 796px) 100vw, 796px\" \/><\/figure>\n\n\n\n<figure class=\"wp-block-image size-large\"><img loading=\"lazy\" decoding=\"async\" width=\"713\" height=\"950\" data-id=\"182\" src=\"https:\/\/rotasturisticas.jundiai.sp.gov.br\/sabores\/wp-content\/uploads\/sites\/12\/2025\/05\/WhatsApp-Image-2025-03-11-at-16.18.11-Farm-Box-2-713x950.jpeg\" alt=\"\" class=\"wp-image-182\" srcset=\"https:\/\/rotasturisticas.jundiai.sp.gov.br\/sabores\/wp-content\/uploads\/sites\/12\/2025\/05\/WhatsApp-Image-2025-03-11-at-16.18.11-Farm-Box-2-713x950.jpeg 713w, https:\/\/rotasturisticas.jundiai.sp.gov.br\/sabores\/wp-content\/uploads\/sites\/12\/2025\/05\/WhatsApp-Image-2025-03-11-at-16.18.11-Farm-Box-2-768x1024.jpeg 768w, https:\/\/rotasturisticas.jundiai.sp.gov.br\/sabores\/wp-content\/uploads\/sites\/12\/2025\/05\/WhatsApp-Image-2025-03-11-at-16.18.11-Farm-Box-2.jpeg 960w\" sizes=\"auto, (max-width: 713px) 100vw, 713px\" \/><\/figure>\n\n\n\n<figure class=\"wp-block-image size-large\"><img loading=\"lazy\" decoding=\"async\" width=\"713\" height=\"950\" data-id=\"183\" src=\"https:\/\/rotasturisticas.jundiai.sp.gov.br\/sabores\/wp-content\/uploads\/sites\/12\/2025\/05\/WhatsApp-Image-2025-03-11-at-16.18.44-Farm-Box-2-713x950.jpeg\" alt=\"\" class=\"wp-image-183\" srcset=\"https:\/\/rotasturisticas.jundiai.sp.gov.br\/sabores\/wp-content\/uploads\/sites\/12\/2025\/05\/WhatsApp-Image-2025-03-11-at-16.18.44-Farm-Box-2-713x950.jpeg 713w, https:\/\/rotasturisticas.jundiai.sp.gov.br\/sabores\/wp-content\/uploads\/sites\/12\/2025\/05\/WhatsApp-Image-2025-03-11-at-16.18.44-Farm-Box-2-768x1024.jpeg 768w, https:\/\/rotasturisticas.jundiai.sp.gov.br\/sabores\/wp-content\/uploads\/sites\/12\/2025\/05\/WhatsApp-Image-2025-03-11-at-16.18.44-Farm-Box-2.jpeg 960w\" sizes=\"auto, (max-width: 713px) 100vw, 713px\" \/><\/figure>\n\n\n\n<figure class=\"wp-block-image size-large\"><img loading=\"lazy\" decoding=\"async\" width=\"1267\" height=\"950\" data-id=\"184\" src=\"https:\/\/rotasturisticas.jundiai.sp.gov.br\/sabores\/wp-content\/uploads\/sites\/12\/2025\/05\/WhatsApp-Image-2025-03-11-at-16.19.49-Farm-Box-2-1267x950.jpeg\" alt=\"\" class=\"wp-image-184\" srcset=\"https:\/\/rotasturisticas.jundiai.sp.gov.br\/sabores\/wp-content\/uploads\/sites\/12\/2025\/05\/WhatsApp-Image-2025-03-11-at-16.19.49-Farm-Box-2-1267x950.jpeg 1267w, https:\/\/rotasturisticas.jundiai.sp.gov.br\/sabores\/wp-content\/uploads\/sites\/12\/2025\/05\/WhatsApp-Image-2025-03-11-at-16.19.49-Farm-Box-2-300x225.jpeg 300w, https:\/\/rotasturisticas.jundiai.sp.gov.br\/sabores\/wp-content\/uploads\/sites\/12\/2025\/05\/WhatsApp-Image-2025-03-11-at-16.19.49-Farm-Box-2-768x576.jpeg 768w, https:\/\/rotasturisticas.jundiai.sp.gov.br\/sabores\/wp-content\/uploads\/sites\/12\/2025\/05\/WhatsApp-Image-2025-03-11-at-16.19.49-Farm-Box-2.jpeg 1280w\" sizes=\"auto, (max-width: 1267px) 100vw, 1267px\" \/><\/figure>\n\n\n\n<figure class=\"wp-block-image size-large\"><img loading=\"lazy\" decoding=\"async\" width=\"534\" height=\"950\" data-id=\"185\" src=\"https:\/\/rotasturisticas.jundiai.sp.gov.br\/sabores\/wp-content\/uploads\/sites\/12\/2025\/05\/WhatsApp-Image-2024-09-11-at-15.32.32-1-Farm-Box-1-534x950.jpeg\" alt=\"\" class=\"wp-image-185\" srcset=\"https:\/\/rotasturisticas.jundiai.sp.gov.br\/sabores\/wp-content\/uploads\/sites\/12\/2025\/05\/WhatsApp-Image-2024-09-11-at-15.32.32-1-Farm-Box-1-534x950.jpeg 534w, https:\/\/rotasturisticas.jundiai.sp.gov.br\/sabores\/wp-content\/uploads\/sites\/12\/2025\/05\/WhatsApp-Image-2024-09-11-at-15.32.32-1-Farm-Box-1-768x1365.jpeg 768w, https:\/\/rotasturisticas.jundiai.sp.gov.br\/sabores\/wp-content\/uploads\/sites\/12\/2025\/05\/WhatsApp-Image-2024-09-11-at-15.32.32-1-Farm-Box-1-864x1536.jpeg 864w, https:\/\/rotasturisticas.jundiai.sp.gov.br\/sabores\/wp-content\/uploads\/sites\/12\/2025\/05\/WhatsApp-Image-2024-09-11-at-15.32.32-1-Farm-Box-1.jpeg 900w\" sizes=\"auto, (max-width: 534px) 100vw, 534px\" \/><\/figure>\n\n\n\n<figure class=\"wp-block-image size-large\"><img loading=\"lazy\" decoding=\"async\" width=\"713\" height=\"950\" data-id=\"188\" src=\"https:\/\/rotasturisticas.jundiai.sp.gov.br\/sabores\/wp-content\/uploads\/sites\/12\/2025\/05\/WhatsApp-Image-2024-09-11-at-15.33.31-Farm-Box-1-713x950.jpeg\" alt=\"\" class=\"wp-image-188\" srcset=\"https:\/\/rotasturisticas.jundiai.sp.gov.br\/sabores\/wp-content\/uploads\/sites\/12\/2025\/05\/WhatsApp-Image-2024-09-11-at-15.33.31-Farm-Box-1-713x950.jpeg 713w, https:\/\/rotasturisticas.jundiai.sp.gov.br\/sabores\/wp-content\/uploads\/sites\/12\/2025\/05\/WhatsApp-Image-2024-09-11-at-15.33.31-Farm-Box-1-768x1024.jpeg 768w, https:\/\/rotasturisticas.jundiai.sp.gov.br\/sabores\/wp-content\/uploads\/sites\/12\/2025\/05\/WhatsApp-Image-2024-09-11-at-15.33.31-Farm-Box-1-1152x1536.jpeg 1152w, https:\/\/rotasturisticas.jundiai.sp.gov.br\/sabores\/wp-content\/uploads\/sites\/12\/2025\/05\/WhatsApp-Image-2024-09-11-at-15.33.31-Farm-Box-1.jpeg 1200w\" sizes=\"auto, (max-width: 713px) 100vw, 713px\" \/><\/figure>\n\n\n\n<figure class=\"wp-block-image size-large\"><img loading=\"lazy\" decoding=\"async\" width=\"713\" height=\"950\" data-id=\"189\" src=\"https:\/\/rotasturisticas.jundiai.sp.gov.br\/sabores\/wp-content\/uploads\/sites\/12\/2025\/05\/WhatsApp-Image-2024-09-11-at-15.33.32-Farm-Box-1-713x950.jpeg\" alt=\"\" class=\"wp-image-189\" srcset=\"https:\/\/rotasturisticas.jundiai.sp.gov.br\/sabores\/wp-content\/uploads\/sites\/12\/2025\/05\/WhatsApp-Image-2024-09-11-at-15.33.32-Farm-Box-1-713x950.jpeg 713w, https:\/\/rotasturisticas.jundiai.sp.gov.br\/sabores\/wp-content\/uploads\/sites\/12\/2025\/05\/WhatsApp-Image-2024-09-11-at-15.33.32-Farm-Box-1-768x1024.jpeg 768w, https:\/\/rotasturisticas.jundiai.sp.gov.br\/sabores\/wp-content\/uploads\/sites\/12\/2025\/05\/WhatsApp-Image-2024-09-11-at-15.33.32-Farm-Box-1-1152x1536.jpeg 1152w, https:\/\/rotasturisticas.jundiai.sp.gov.br\/sabores\/wp-content\/uploads\/sites\/12\/2025\/05\/WhatsApp-Image-2024-09-11-at-15.33.32-Farm-Box-1.jpeg 1200w\" sizes=\"auto, (max-width: 713px) 100vw, 713px\" \/><\/figure>\n\n\n\n<figure class=\"wp-block-image size-large\"><img loading=\"lazy\" decoding=\"async\" width=\"760\" height=\"950\" data-id=\"186\" src=\"https:\/\/rotasturisticas.jundiai.sp.gov.br\/sabores\/wp-content\/uploads\/sites\/12\/2025\/05\/WhatsApp-Image-2024-09-11-at-15.34.44-Farm-Box-1-760x950.jpeg\" alt=\"\" class=\"wp-image-186\" srcset=\"https:\/\/rotasturisticas.jundiai.sp.gov.br\/sabores\/wp-content\/uploads\/sites\/12\/2025\/05\/WhatsApp-Image-2024-09-11-at-15.34.44-Farm-Box-1-760x950.jpeg 760w, https:\/\/rotasturisticas.jundiai.sp.gov.br\/sabores\/wp-content\/uploads\/sites\/12\/2025\/05\/WhatsApp-Image-2024-09-11-at-15.34.44-Farm-Box-1-768x960.jpeg 768w, https:\/\/rotasturisticas.jundiai.sp.gov.br\/sabores\/wp-content\/uploads\/sites\/12\/2025\/05\/WhatsApp-Image-2024-09-11-at-15.34.44-Farm-Box-1.jpeg 819w\" sizes=\"auto, (max-width: 760px) 100vw, 760px\" \/><\/figure>\n\n\n\n<figure class=\"wp-block-image size-large\"><img loading=\"lazy\" decoding=\"async\" width=\"1188\" height=\"950\" data-id=\"187\" src=\"https:\/\/rotasturisticas.jundiai.sp.gov.br\/sabores\/wp-content\/uploads\/sites\/12\/2025\/05\/WhatsApp-Image-2024-09-11-at-15.35.10-Farm-Box-1-1188x950.jpeg\" alt=\"\" class=\"wp-image-187\" srcset=\"https:\/\/rotasturisticas.jundiai.sp.gov.br\/sabores\/wp-content\/uploads\/sites\/12\/2025\/05\/WhatsApp-Image-2024-09-11-at-15.35.10-Farm-Box-1-1188x950.jpeg 1188w, https:\/\/rotasturisticas.jundiai.sp.gov.br\/sabores\/wp-content\/uploads\/sites\/12\/2025\/05\/WhatsApp-Image-2024-09-11-at-15.35.10-Farm-Box-1-768x614.jpeg 768w, https:\/\/rotasturisticas.jundiai.sp.gov.br\/sabores\/wp-content\/uploads\/sites\/12\/2025\/05\/WhatsApp-Image-2024-09-11-at-15.35.10-Farm-Box-1.jpeg 1280w\" sizes=\"auto, (max-width: 1188px) 100vw, 1188px\" \/><\/figure>\n<\/figure>\n","protected":false},"excerpt":{"rendered":"<p>A Farmbox em sua ess\u00eancia carrega a sustentabilidade e inova\u00e7\u00e3o desde o cultivo de cogumelos at\u00e9 os produtos Fungi Based (alimentos \u00e0 base de cogumelos) . Temos como miss\u00e3o popularizar este nobre produto em todo Brasil. Por isso fazemos um trabalho diferenciado no turismo rural e turismo rural pedag\u00f3gico.<\/p>\n","protected":false},"author":23,"featured_media":182,"parent":10,"menu_order":0,"comment_status":"closed","ping_status":"closed","template":"page-local.php","meta":{"footnotes":""},"class_list":["post-180","page","type-page","status-publish","has-post-thumbnail","hentry"],"_links":{"self":[{"href":"https:\/\/rotasturisticas.jundiai.sp.gov.br\/sabores\/wp-json\/wp\/v2\/pages\/180","targetHints":{"allow":["GET"]}}],"collection":[{"href":"https:\/\/rotasturisticas.jundiai.sp.gov.br\/sabores\/wp-json\/wp\/v2\/pages"}],"about":[{"href":"https:\/\/rotasturisticas.jundiai.sp.gov.br\/sabores\/wp-json\/wp\/v2\/types\/page"}],"author":[{"embeddable":true,"href":"https:\/\/rotasturisticas.jundiai.sp.gov.br\/sabores\/wp-json\/wp\/v2\/users\/23"}],"replies":[{"embeddable":true,"href":"https:\/\/rotasturisticas.jundiai.sp.gov.br\/sabores\/wp-json\/wp\/v2\/comments?post=180"}],"version-history":[{"count":1,"href":"https:\/\/rotasturisticas.jundiai.sp.gov.br\/sabores\/wp-json\/wp\/v2\/pages\/180\/revisions"}],"predecessor-version":[{"id":190,"href":"https:\/\/rotasturisticas.jundiai.sp.gov.br\/sabores\/wp-json\/wp\/v2\/pages\/180\/revisions\/190"}],"up":[{"embeddable":true,"href":"https:\/\/rotasturisticas.jundiai.sp.gov.br\/sabores\/wp-json\/wp\/v2\/pages\/10"}],"wp:featuredmedia":[{"embeddable":true,"href":"https:\/\/rotasturisticas.jundiai.sp.gov.br\/sabores\/wp-json\/wp\/v2\/media\/182"}],"wp:attachment":[{"href":"https:\/\/rotasturisticas.jundiai.sp.gov.br\/sabores\/wp-json\/wp\/v2\/media?parent=180"}],"curies":[{"name":"wp","href":"https:\/\/api.w.org\/{rel}","templated":true}]}}