{"id":18,"date":"2025-03-31T13:07:29","date_gmt":"2025-03-31T16:07:29","guid":{"rendered":"https:\/\/rotasturisticas.jundiai.sp.gov.br\/sabores\/?page_id=18"},"modified":"2025-05-28T11:50:26","modified_gmt":"2025-05-28T14:50:26","slug":"onde-ficar","status":"publish","type":"page","link":"https:\/\/rotasturisticas.jundiai.sp.gov.br\/sabores\/onde-ficar\/","title":{"rendered":"Onde Ficar"},"content":{"rendered":"\n<p>Seja para uma viagem de neg\u00f3cios, um descanso merecido ou para explorar as belezas de Jundia\u00ed e regi\u00e3o, encontrar a hospedagem perfeita \u00e9 o primeiro passo para uma experi\u00eancia inesquec\u00edvel. Em Jundia\u00ed, voc\u00ea encontrar\u00e1 uma variedade de op\u00e7\u00f5es para todos os gostos e or\u00e7amentos.<\/p>\n\n\n\n<div class=\"wp-block-buttons is-content-justification-left is-layout-flex wp-container-core-buttons-is-layout-fdcfc74e wp-block-buttons-is-layout-flex\">\n<div class=\"wp-block-button\"><a class=\"wp-block-button__link has-black-color has-text-color has-background has-link-color wp-element-button\" href=\"https:\/\/turismo.jundiai.sp.gov.br\/hospedagem\/\" style=\"background-color:#f79800\" target=\"_blank\" rel=\"noreferrer noopener\"><strong>Meios de Hospedagem<\/strong><\/a><\/div>\n<\/div>\n","protected":false},"excerpt":{"rendered":"<p>Seja para uma viagem de neg\u00f3cios, um descanso merecido ou para explorar as belezas de Jundia\u00ed e regi\u00e3o, encontrar a hospedagem perfeita \u00e9 o primeiro passo para uma experi\u00eancia inesquec\u00edvel. Em Jundia\u00ed, voc\u00ea encontrar\u00e1 uma variedade de op\u00e7\u00f5es para todos os gostos e or\u00e7amentos.<\/p>\n","protected":false},"author":16,"featured_media":313,"parent":0,"menu_order":0,"comment_status":"closed","ping_status":"closed","template":"","meta":{"footnotes":""},"class_list":["post-18","page","type-page","status-publish","has-post-thumbnail","hentry"],"_links":{"self":[{"href":"https:\/\/rotasturisticas.jundiai.sp.gov.br\/sabores\/wp-json\/wp\/v2\/pages\/18","targetHints":{"allow":["GET"]}}],"collection":[{"href":"https:\/\/rotasturisticas.jundiai.sp.gov.br\/sabores\/wp-json\/wp\/v2\/pages"}],"about":[{"href":"https:\/\/rotasturisticas.jundiai.sp.gov.br\/sabores\/wp-json\/wp\/v2\/types\/page"}],"author":[{"embeddable":true,"href":"https:\/\/rotasturisticas.jundiai.sp.gov.br\/sabores\/wp-json\/wp\/v2\/users\/16"}],"replies":[{"embeddable":true,"href":"https:\/\/rotasturisticas.jundiai.sp.gov.br\/sabores\/wp-json\/wp\/v2\/comments?post=18"}],"version-history":[{"count":6,"href":"https:\/\/rotasturisticas.jundiai.sp.gov.br\/sabores\/wp-json\/wp\/v2\/pages\/18\/revisions"}],"predecessor-version":[{"id":33,"href":"https:\/\/rotasturisticas.jundiai.sp.gov.br\/sabores\/wp-json\/wp\/v2\/pages\/18\/revisions\/33"}],"wp:featuredmedia":[{"embeddable":true,"href":"https:\/\/rotasturisticas.jundiai.sp.gov.br\/sabores\/wp-json\/wp\/v2\/media\/313"}],"wp:attachment":[{"href":"https:\/\/rotasturisticas.jundiai.sp.gov.br\/sabores\/wp-json\/wp\/v2\/media?parent=18"}],"curies":[{"name":"wp","href":"https:\/\/api.w.org\/{rel}","templated":true}]}}