{"id":178,"date":"2025-05-22T10:51:46","date_gmt":"2025-05-22T13:51:46","guid":{"rendered":"https:\/\/rotasturisticas.jundiai.sp.gov.br\/sabores\/?page_id=178"},"modified":"2025-07-08T16:06:53","modified_gmt":"2025-07-08T19:06:53","slug":"parque-de-bicicleta-montanhas","status":"publish","type":"page","link":"https:\/\/rotasturisticas.jundiai.sp.gov.br\/sabores\/o-que-visitar\/parque-de-bicicleta-montanhas\/","title":{"rendered":"Parque de Bicicleta Montanhas"},"content":{"rendered":"\n<p>Estamos localizados na rota de ciclismo do Circuito das Frutas, tamb\u00e9m em uma rota de ciclo turismo municipal.<br>Possu\u00edmos trilhas para todas as idades e n\u00edveis t\u00e9cnicos, at\u00e9 para bicicletas sem pedal.<br>\u00c9 poss\u00edvel andar com bicicletas de XC, Enduro e DH.<\/p>\n\n\n\n<figure class=\"wp-block-gallery has-nested-images columns-default is-cropped wp-block-gallery-1 is-layout-flex wp-block-gallery-is-layout-flex\">\n<figure class=\"wp-block-image size-large\"><img loading=\"lazy\" decoding=\"async\" width=\"713\" height=\"950\" data-id=\"304\" src=\"https:\/\/rotasturisticas.jundiai.sp.gov.br\/sabores\/wp-content\/uploads\/sites\/12\/2025\/05\/WhatsApp-Image-2025-05-28-at-11.02.14-713x950.jpeg\" alt=\"\" class=\"wp-image-304\" srcset=\"https:\/\/rotasturisticas.jundiai.sp.gov.br\/sabores\/wp-content\/uploads\/sites\/12\/2025\/05\/WhatsApp-Image-2025-05-28-at-11.02.14-713x950.jpeg 713w, https:\/\/rotasturisticas.jundiai.sp.gov.br\/sabores\/wp-content\/uploads\/sites\/12\/2025\/05\/WhatsApp-Image-2025-05-28-at-11.02.14-768x1024.jpeg 768w, https:\/\/rotasturisticas.jundiai.sp.gov.br\/sabores\/wp-content\/uploads\/sites\/12\/2025\/05\/WhatsApp-Image-2025-05-28-at-11.02.14-1152x1536.jpeg 1152w, https:\/\/rotasturisticas.jundiai.sp.gov.br\/sabores\/wp-content\/uploads\/sites\/12\/2025\/05\/WhatsApp-Image-2025-05-28-at-11.02.14.jpeg 1200w\" sizes=\"auto, (max-width: 713px) 100vw, 713px\" \/><\/figure>\n\n\n\n<figure class=\"wp-block-image size-large\"><img loading=\"lazy\" decoding=\"async\" width=\"950\" height=\"950\" data-id=\"487\" src=\"https:\/\/rotasturisticas.jundiai.sp.gov.br\/sabores\/wp-content\/uploads\/sites\/12\/2025\/06\/Role-aqui-no-Parque-vai-do-sol-nascer-ate-se-por-@montanhasrace-@escoladebikedofeio-parquedebicicletamontanhas-parquedebicicleta-bikepark-mtbbrasil-mtb-950x950.jpg\" alt=\"\" class=\"wp-image-487\" srcset=\"https:\/\/rotasturisticas.jundiai.sp.gov.br\/sabores\/wp-content\/uploads\/sites\/12\/2025\/06\/Role-aqui-no-Parque-vai-do-sol-nascer-ate-se-por-@montanhasrace-@escoladebikedofeio-parquedebicicletamontanhas-parquedebicicleta-bikepark-mtbbrasil-mtb-950x950.jpg 950w, https:\/\/rotasturisticas.jundiai.sp.gov.br\/sabores\/wp-content\/uploads\/sites\/12\/2025\/06\/Role-aqui-no-Parque-vai-do-sol-nascer-ate-se-por-@montanhasrace-@escoladebikedofeio-parquedebicicletamontanhas-parquedebicicleta-bikepark-mtbbrasil-mtb-100x100.jpg 100w, https:\/\/rotasturisticas.jundiai.sp.gov.br\/sabores\/wp-content\/uploads\/sites\/12\/2025\/06\/Role-aqui-no-Parque-vai-do-sol-nascer-ate-se-por-@montanhasrace-@escoladebikedofeio-parquedebicicletamontanhas-parquedebicicleta-bikepark-mtbbrasil-mtb-768x768.jpg 768w, https:\/\/rotasturisticas.jundiai.sp.gov.br\/sabores\/wp-content\/uploads\/sites\/12\/2025\/06\/Role-aqui-no-Parque-vai-do-sol-nascer-ate-se-por-@montanhasrace-@escoladebikedofeio-parquedebicicletamontanhas-parquedebicicleta-bikepark-mtbbrasil-mtb.jpg 1080w\" sizes=\"auto, (max-width: 950px) 100vw, 950px\" \/><\/figure>\n\n\n\n<figure class=\"wp-block-image size-large\"><img loading=\"lazy\" decoding=\"async\" width=\"552\" height=\"552\" data-id=\"488\" src=\"https:\/\/rotasturisticas.jundiai.sp.gov.br\/sabores\/wp-content\/uploads\/sites\/12\/2025\/06\/Final-de-tarde-no-Parque-parquedebicletamontanhas-parquedebicicleta-bikepark-mtbbrasil-mtb.jpg\" alt=\"\" class=\"wp-image-488\" srcset=\"https:\/\/rotasturisticas.jundiai.sp.gov.br\/sabores\/wp-content\/uploads\/sites\/12\/2025\/06\/Final-de-tarde-no-Parque-parquedebicletamontanhas-parquedebicicleta-bikepark-mtbbrasil-mtb.jpg 552w, https:\/\/rotasturisticas.jundiai.sp.gov.br\/sabores\/wp-content\/uploads\/sites\/12\/2025\/06\/Final-de-tarde-no-Parque-parquedebicletamontanhas-parquedebicicleta-bikepark-mtbbrasil-mtb-100x100.jpg 100w\" sizes=\"auto, (max-width: 552px) 100vw, 552px\" \/><\/figure>\n<\/figure>\n","protected":false},"excerpt":{"rendered":"<p>Estamos localizados na rota de ciclismo do Circuito das Frutas, tamb\u00e9m em uma rota de ciclo turismo municipal.Possu\u00edmos trilhas para todas as idades e n\u00edveis t\u00e9cnicos, at\u00e9 para bicicletas sem pedal.\u00c9 poss\u00edvel andar com bicicletas de XC, Enduro e DH.<\/p>\n","protected":false},"author":23,"featured_media":487,"parent":10,"menu_order":0,"comment_status":"closed","ping_status":"closed","template":"page-local.php","meta":{"footnotes":""},"class_list":["post-178","page","type-page","status-publish","has-post-thumbnail","hentry"],"_links":{"self":[{"href":"https:\/\/rotasturisticas.jundiai.sp.gov.br\/sabores\/wp-json\/wp\/v2\/pages\/178","targetHints":{"allow":["GET"]}}],"collection":[{"href":"https:\/\/rotasturisticas.jundiai.sp.gov.br\/sabores\/wp-json\/wp\/v2\/pages"}],"about":[{"href":"https:\/\/rotasturisticas.jundiai.sp.gov.br\/sabores\/wp-json\/wp\/v2\/types\/page"}],"author":[{"embeddable":true,"href":"https:\/\/rotasturisticas.jundiai.sp.gov.br\/sabores\/wp-json\/wp\/v2\/users\/23"}],"replies":[{"embeddable":true,"href":"https:\/\/rotasturisticas.jundiai.sp.gov.br\/sabores\/wp-json\/wp\/v2\/comments?post=178"}],"version-history":[{"count":3,"href":"https:\/\/rotasturisticas.jundiai.sp.gov.br\/sabores\/wp-json\/wp\/v2\/pages\/178\/revisions"}],"predecessor-version":[{"id":489,"href":"https:\/\/rotasturisticas.jundiai.sp.gov.br\/sabores\/wp-json\/wp\/v2\/pages\/178\/revisions\/489"}],"up":[{"embeddable":true,"href":"https:\/\/rotasturisticas.jundiai.sp.gov.br\/sabores\/wp-json\/wp\/v2\/pages\/10"}],"wp:featuredmedia":[{"embeddable":true,"href":"https:\/\/rotasturisticas.jundiai.sp.gov.br\/sabores\/wp-json\/wp\/v2\/media\/487"}],"wp:attachment":[{"href":"https:\/\/rotasturisticas.jundiai.sp.gov.br\/sabores\/wp-json\/wp\/v2\/media?parent=178"}],"curies":[{"name":"wp","href":"https:\/\/api.w.org\/{rel}","templated":true}]}}