{"id":167,"date":"2025-05-21T15:01:11","date_gmt":"2025-05-21T18:01:11","guid":{"rendered":"https:\/\/rotasturisticas.jundiai.sp.gov.br\/sabores\/?page_id=167"},"modified":"2025-06-03T10:55:43","modified_gmt":"2025-06-03T13:55:43","slug":"lambuza","status":"publish","type":"page","link":"https:\/\/rotasturisticas.jundiai.sp.gov.br\/sabores\/onde-comer\/lambuza\/","title":{"rendered":"Lambuza"},"content":{"rendered":"\n<p>O Lambuza \u00e9 uma empresa reconhecida pelas suas coxinhas deliciosas, especialmente a famosa coxinha de queijo, que \u00e9 considerada patrim\u00f4nio imaterial da cidade de Jundia\u00ed. O Lambuza foi premiado por dois anos como a melhor coxinha de queijo da cidade. Al\u00e9m dela, o card\u00e1pio conta com outras op\u00e7\u00f5es irresist\u00edveis, como a coxinha de costela com massa de mandioca, coxinha de marguerita e a coxinha gratinada. O Lambuza tamb\u00e9m oferece almo\u00e7o self-service de segunda a s\u00e1bado, com comidas variadas e aquele sabor caseiro que lembra comida de v\u00f3. Para completar, h\u00e1 uma sele\u00e7\u00e3o de tortas e salgados diversos, ideais para festas ou para matar a fome a\u00a0qualquer\u00a0hora.<\/p>\n\n\n\n<figure class=\"wp-block-gallery has-nested-images columns-default is-cropped wp-block-gallery-1 is-layout-flex wp-block-gallery-is-layout-flex\">\n<figure class=\"wp-block-image size-large\"><img loading=\"lazy\" decoding=\"async\" width=\"713\" height=\"950\" data-id=\"168\" src=\"https:\/\/rotasturisticas.jundiai.sp.gov.br\/sabores\/wp-content\/uploads\/sites\/12\/2025\/05\/Imagem-do-WhatsApp-de-2025-04-06-as-18.42.44_0c1f2f8e-Lambuza-Bistro-713x950.jpg\" alt=\"\" class=\"wp-image-168\" srcset=\"https:\/\/rotasturisticas.jundiai.sp.gov.br\/sabores\/wp-content\/uploads\/sites\/12\/2025\/05\/Imagem-do-WhatsApp-de-2025-04-06-as-18.42.44_0c1f2f8e-Lambuza-Bistro-713x950.jpg 713w, https:\/\/rotasturisticas.jundiai.sp.gov.br\/sabores\/wp-content\/uploads\/sites\/12\/2025\/05\/Imagem-do-WhatsApp-de-2025-04-06-as-18.42.44_0c1f2f8e-Lambuza-Bistro-768x1024.jpg 768w, https:\/\/rotasturisticas.jundiai.sp.gov.br\/sabores\/wp-content\/uploads\/sites\/12\/2025\/05\/Imagem-do-WhatsApp-de-2025-04-06-as-18.42.44_0c1f2f8e-Lambuza-Bistro-1152x1536.jpg 1152w, https:\/\/rotasturisticas.jundiai.sp.gov.br\/sabores\/wp-content\/uploads\/sites\/12\/2025\/05\/Imagem-do-WhatsApp-de-2025-04-06-as-18.42.44_0c1f2f8e-Lambuza-Bistro.jpg 1200w\" sizes=\"auto, (max-width: 713px) 100vw, 713px\" \/><\/figure>\n\n\n\n<figure class=\"wp-block-image size-large\"><img loading=\"lazy\" decoding=\"async\" width=\"746\" height=\"950\" data-id=\"169\" src=\"https:\/\/rotasturisticas.jundiai.sp.gov.br\/sabores\/wp-content\/uploads\/sites\/12\/2025\/05\/Imagem-do-WhatsApp-de-2025-04-06-as-18.42.44_91dc99ea-Lambuza-Bistro-746x950.jpg\" alt=\"\" class=\"wp-image-169\" srcset=\"https:\/\/rotasturisticas.jundiai.sp.gov.br\/sabores\/wp-content\/uploads\/sites\/12\/2025\/05\/Imagem-do-WhatsApp-de-2025-04-06-as-18.42.44_91dc99ea-Lambuza-Bistro-746x950.jpg 746w, https:\/\/rotasturisticas.jundiai.sp.gov.br\/sabores\/wp-content\/uploads\/sites\/12\/2025\/05\/Imagem-do-WhatsApp-de-2025-04-06-as-18.42.44_91dc99ea-Lambuza-Bistro-768x978.jpg 768w, https:\/\/rotasturisticas.jundiai.sp.gov.br\/sabores\/wp-content\/uploads\/sites\/12\/2025\/05\/Imagem-do-WhatsApp-de-2025-04-06-as-18.42.44_91dc99ea-Lambuza-Bistro.jpg 1163w\" sizes=\"auto, (max-width: 746px) 100vw, 746px\" \/><\/figure>\n\n\n\n<figure class=\"wp-block-image size-large\"><img loading=\"lazy\" decoding=\"async\" width=\"713\" height=\"950\" data-id=\"170\" src=\"https:\/\/rotasturisticas.jundiai.sp.gov.br\/sabores\/wp-content\/uploads\/sites\/12\/2025\/05\/Imagem-do-WhatsApp-de-2025-04-06-as-18.42.44_c414a882-Lambuza-Bistro-713x950.jpg\" alt=\"\" class=\"wp-image-170\" srcset=\"https:\/\/rotasturisticas.jundiai.sp.gov.br\/sabores\/wp-content\/uploads\/sites\/12\/2025\/05\/Imagem-do-WhatsApp-de-2025-04-06-as-18.42.44_c414a882-Lambuza-Bistro-713x950.jpg 713w, https:\/\/rotasturisticas.jundiai.sp.gov.br\/sabores\/wp-content\/uploads\/sites\/12\/2025\/05\/Imagem-do-WhatsApp-de-2025-04-06-as-18.42.44_c414a882-Lambuza-Bistro-768x1024.jpg 768w, https:\/\/rotasturisticas.jundiai.sp.gov.br\/sabores\/wp-content\/uploads\/sites\/12\/2025\/05\/Imagem-do-WhatsApp-de-2025-04-06-as-18.42.44_c414a882-Lambuza-Bistro-1152x1536.jpg 1152w, https:\/\/rotasturisticas.jundiai.sp.gov.br\/sabores\/wp-content\/uploads\/sites\/12\/2025\/05\/Imagem-do-WhatsApp-de-2025-04-06-as-18.42.44_c414a882-Lambuza-Bistro.jpg 1200w\" sizes=\"auto, (max-width: 713px) 100vw, 713px\" \/><\/figure>\n\n\n\n<figure class=\"wp-block-image size-large\"><img loading=\"lazy\" decoding=\"async\" width=\"916\" height=\"950\" data-id=\"171\" src=\"https:\/\/rotasturisticas.jundiai.sp.gov.br\/sabores\/wp-content\/uploads\/sites\/12\/2025\/05\/Imagem-do-WhatsApp-de-2025-04-06-as-18.42.45_7361e931-Lambuza-Bistro-916x950.jpg\" alt=\"\" class=\"wp-image-171\" srcset=\"https:\/\/rotasturisticas.jundiai.sp.gov.br\/sabores\/wp-content\/uploads\/sites\/12\/2025\/05\/Imagem-do-WhatsApp-de-2025-04-06-as-18.42.45_7361e931-Lambuza-Bistro-916x950.jpg 916w, https:\/\/rotasturisticas.jundiai.sp.gov.br\/sabores\/wp-content\/uploads\/sites\/12\/2025\/05\/Imagem-do-WhatsApp-de-2025-04-06-as-18.42.45_7361e931-Lambuza-Bistro-768x796.jpg 768w, https:\/\/rotasturisticas.jundiai.sp.gov.br\/sabores\/wp-content\/uploads\/sites\/12\/2025\/05\/Imagem-do-WhatsApp-de-2025-04-06-as-18.42.45_7361e931-Lambuza-Bistro.jpg 1170w\" sizes=\"auto, (max-width: 916px) 100vw, 916px\" \/><\/figure>\n\n\n\n<figure class=\"wp-block-image size-large\"><img loading=\"lazy\" decoding=\"async\" width=\"534\" height=\"950\" data-id=\"172\" src=\"https:\/\/rotasturisticas.jundiai.sp.gov.br\/sabores\/wp-content\/uploads\/sites\/12\/2025\/05\/Imagem-do-WhatsApp-de-2025-04-06-as-18.42.45_11341041-Lambuza-Bistro-534x950.jpg\" alt=\"\" class=\"wp-image-172\" srcset=\"https:\/\/rotasturisticas.jundiai.sp.gov.br\/sabores\/wp-content\/uploads\/sites\/12\/2025\/05\/Imagem-do-WhatsApp-de-2025-04-06-as-18.42.45_11341041-Lambuza-Bistro-534x950.jpg 534w, https:\/\/rotasturisticas.jundiai.sp.gov.br\/sabores\/wp-content\/uploads\/sites\/12\/2025\/05\/Imagem-do-WhatsApp-de-2025-04-06-as-18.42.45_11341041-Lambuza-Bistro-768x1365.jpg 768w, https:\/\/rotasturisticas.jundiai.sp.gov.br\/sabores\/wp-content\/uploads\/sites\/12\/2025\/05\/Imagem-do-WhatsApp-de-2025-04-06-as-18.42.45_11341041-Lambuza-Bistro-864x1536.jpg 864w, https:\/\/rotasturisticas.jundiai.sp.gov.br\/sabores\/wp-content\/uploads\/sites\/12\/2025\/05\/Imagem-do-WhatsApp-de-2025-04-06-as-18.42.45_11341041-Lambuza-Bistro.jpg 900w\" sizes=\"auto, (max-width: 534px) 100vw, 534px\" \/><\/figure>\n\n\n\n<figure class=\"wp-block-image size-large\"><img loading=\"lazy\" decoding=\"async\" width=\"751\" height=\"950\" data-id=\"173\" src=\"https:\/\/rotasturisticas.jundiai.sp.gov.br\/sabores\/wp-content\/uploads\/sites\/12\/2025\/05\/Imagem-do-WhatsApp-de-2025-04-06-as-18.42.45_fab7a31a-Lambuza-Bistro-751x950.jpg\" alt=\"\" class=\"wp-image-173\" srcset=\"https:\/\/rotasturisticas.jundiai.sp.gov.br\/sabores\/wp-content\/uploads\/sites\/12\/2025\/05\/Imagem-do-WhatsApp-de-2025-04-06-as-18.42.45_fab7a31a-Lambuza-Bistro-751x950.jpg 751w, https:\/\/rotasturisticas.jundiai.sp.gov.br\/sabores\/wp-content\/uploads\/sites\/12\/2025\/05\/Imagem-do-WhatsApp-de-2025-04-06-as-18.42.45_fab7a31a-Lambuza-Bistro-768x972.jpg 768w, https:\/\/rotasturisticas.jundiai.sp.gov.br\/sabores\/wp-content\/uploads\/sites\/12\/2025\/05\/Imagem-do-WhatsApp-de-2025-04-06-as-18.42.45_fab7a31a-Lambuza-Bistro.jpg 1170w\" sizes=\"auto, (max-width: 751px) 100vw, 751px\" \/><\/figure>\n\n\n\n<figure class=\"wp-block-image size-large\"><img loading=\"lazy\" decoding=\"async\" width=\"760\" height=\"950\" data-id=\"174\" src=\"https:\/\/rotasturisticas.jundiai.sp.gov.br\/sabores\/wp-content\/uploads\/sites\/12\/2025\/05\/Imagem-do-WhatsApp-de-2025-04-06-as-19.02.58_ca4cf357-Lambuza-Bistro-760x950.jpg\" alt=\"\" class=\"wp-image-174\" srcset=\"https:\/\/rotasturisticas.jundiai.sp.gov.br\/sabores\/wp-content\/uploads\/sites\/12\/2025\/05\/Imagem-do-WhatsApp-de-2025-04-06-as-19.02.58_ca4cf357-Lambuza-Bistro-760x950.jpg 760w, https:\/\/rotasturisticas.jundiai.sp.gov.br\/sabores\/wp-content\/uploads\/sites\/12\/2025\/05\/Imagem-do-WhatsApp-de-2025-04-06-as-19.02.58_ca4cf357-Lambuza-Bistro-768x960.jpg 768w, https:\/\/rotasturisticas.jundiai.sp.gov.br\/sabores\/wp-content\/uploads\/sites\/12\/2025\/05\/Imagem-do-WhatsApp-de-2025-04-06-as-19.02.58_ca4cf357-Lambuza-Bistro.jpg 1024w\" sizes=\"auto, (max-width: 760px) 100vw, 760px\" \/><\/figure>\n\n\n\n<figure class=\"wp-block-image size-large\"><img loading=\"lazy\" decoding=\"async\" width=\"761\" height=\"950\" data-id=\"175\" src=\"https:\/\/rotasturisticas.jundiai.sp.gov.br\/sabores\/wp-content\/uploads\/sites\/12\/2025\/05\/Imagem-do-WhatsApp-de-2025-04-06-as-19.03.20_2b95bd52-Lambuza-Bistro-761x950.jpg\" alt=\"\" class=\"wp-image-175\" srcset=\"https:\/\/rotasturisticas.jundiai.sp.gov.br\/sabores\/wp-content\/uploads\/sites\/12\/2025\/05\/Imagem-do-WhatsApp-de-2025-04-06-as-19.03.20_2b95bd52-Lambuza-Bistro-761x950.jpg 761w, https:\/\/rotasturisticas.jundiai.sp.gov.br\/sabores\/wp-content\/uploads\/sites\/12\/2025\/05\/Imagem-do-WhatsApp-de-2025-04-06-as-19.03.20_2b95bd52-Lambuza-Bistro-768x958.jpg 768w, https:\/\/rotasturisticas.jundiai.sp.gov.br\/sabores\/wp-content\/uploads\/sites\/12\/2025\/05\/Imagem-do-WhatsApp-de-2025-04-06-as-19.03.20_2b95bd52-Lambuza-Bistro.jpg 1026w\" sizes=\"auto, (max-width: 761px) 100vw, 761px\" \/><\/figure>\n\n\n\n<figure class=\"wp-block-image size-large\"><img loading=\"lazy\" decoding=\"async\" width=\"761\" height=\"950\" data-id=\"176\" src=\"https:\/\/rotasturisticas.jundiai.sp.gov.br\/sabores\/wp-content\/uploads\/sites\/12\/2025\/05\/Imagem-do-WhatsApp-de-2025-04-06-as-19.03.31_92671b7d-Lambuza-Bistro-761x950.jpg\" alt=\"\" class=\"wp-image-176\" srcset=\"https:\/\/rotasturisticas.jundiai.sp.gov.br\/sabores\/wp-content\/uploads\/sites\/12\/2025\/05\/Imagem-do-WhatsApp-de-2025-04-06-as-19.03.31_92671b7d-Lambuza-Bistro-761x950.jpg 761w, https:\/\/rotasturisticas.jundiai.sp.gov.br\/sabores\/wp-content\/uploads\/sites\/12\/2025\/05\/Imagem-do-WhatsApp-de-2025-04-06-as-19.03.31_92671b7d-Lambuza-Bistro-768x959.jpg 768w, https:\/\/rotasturisticas.jundiai.sp.gov.br\/sabores\/wp-content\/uploads\/sites\/12\/2025\/05\/Imagem-do-WhatsApp-de-2025-04-06-as-19.03.31_92671b7d-Lambuza-Bistro.jpg 1170w\" sizes=\"auto, (max-width: 761px) 100vw, 761px\" \/><\/figure>\n<\/figure>\n","protected":false},"excerpt":{"rendered":"<p>O Lambuza \u00e9 uma empresa reconhecida pelas suas coxinhas deliciosas, especialmente a famosa coxinha de queijo, que \u00e9 considerada patrim\u00f4nio imaterial da cidade de Jundia\u00ed. O Lambuza foi premiado por dois anos como a melhor coxinha de queijo da cidade. Al\u00e9m dela, o card\u00e1pio conta com outras op\u00e7\u00f5es irresist\u00edveis, como a coxinha de costela com [&hellip;]<\/p>\n","protected":false},"author":23,"featured_media":173,"parent":12,"menu_order":0,"comment_status":"closed","ping_status":"closed","template":"page-local.php","meta":{"footnotes":""},"class_list":["post-167","page","type-page","status-publish","has-post-thumbnail","hentry"],"_links":{"self":[{"href":"https:\/\/rotasturisticas.jundiai.sp.gov.br\/sabores\/wp-json\/wp\/v2\/pages\/167","targetHints":{"allow":["GET"]}}],"collection":[{"href":"https:\/\/rotasturisticas.jundiai.sp.gov.br\/sabores\/wp-json\/wp\/v2\/pages"}],"about":[{"href":"https:\/\/rotasturisticas.jundiai.sp.gov.br\/sabores\/wp-json\/wp\/v2\/types\/page"}],"author":[{"embeddable":true,"href":"https:\/\/rotasturisticas.jundiai.sp.gov.br\/sabores\/wp-json\/wp\/v2\/users\/23"}],"replies":[{"embeddable":true,"href":"https:\/\/rotasturisticas.jundiai.sp.gov.br\/sabores\/wp-json\/wp\/v2\/comments?post=167"}],"version-history":[{"count":1,"href":"https:\/\/rotasturisticas.jundiai.sp.gov.br\/sabores\/wp-json\/wp\/v2\/pages\/167\/revisions"}],"predecessor-version":[{"id":177,"href":"https:\/\/rotasturisticas.jundiai.sp.gov.br\/sabores\/wp-json\/wp\/v2\/pages\/167\/revisions\/177"}],"up":[{"embeddable":true,"href":"https:\/\/rotasturisticas.jundiai.sp.gov.br\/sabores\/wp-json\/wp\/v2\/pages\/12"}],"wp:featuredmedia":[{"embeddable":true,"href":"https:\/\/rotasturisticas.jundiai.sp.gov.br\/sabores\/wp-json\/wp\/v2\/media\/173"}],"wp:attachment":[{"href":"https:\/\/rotasturisticas.jundiai.sp.gov.br\/sabores\/wp-json\/wp\/v2\/media?parent=167"}],"curies":[{"name":"wp","href":"https:\/\/api.w.org\/{rel}","templated":true}]}}