{"id":140,"date":"2025-05-20T14:31:04","date_gmt":"2025-05-20T17:31:04","guid":{"rendered":"https:\/\/rotasturisticas.jundiai.sp.gov.br\/sabores\/?page_id=140"},"modified":"2025-06-03T11:06:52","modified_gmt":"2025-06-03T14:06:52","slug":"vinicola-saccomani","status":"publish","type":"page","link":"https:\/\/rotasturisticas.jundiai.sp.gov.br\/sabores\/onde-comer\/vinicola-saccomani\/","title":{"rendered":"Vin\u00edcola Saccomani"},"content":{"rendered":"\n<p><strong>Tipos de vinhos produzidos:<\/strong>&nbsp;Vinho natural da uva Catawba Rosa.Fermenta\u00e7\u00e3o natural, seco, suave, doce e fortificado. Ni\u00e1gara rosado e branco; seco e suave e doce; Isabel tinto seco e suave; Bord\u00f4 tinto seco e suave;<\/p>\n\n\n\n<p>Vinhos finos:<br>Chardonnay branco seco<br>Tempranillo tinto seco<br>Marselan tinto seco<br>Cabernet Sauvignon tinto seco<br>Syrah tinto seco<br>Tannat tinto seco<\/p>\n\n\n\n<p>A hist\u00f3ria da vin\u00edcola teve inicio em 1885, em Genova \u2013 It\u00e1lia, quando o Sr. Luize Saccomani e sua esposa Pellegrina Saccomani, embarcam com destino ao Porto de Santos no Brasil. Trouxeram em sua bagagem mudas da uva Catawba Rosa, e se instalaram no bairro Vila Arens em Jundia\u00ed, onde plantaram em sua resid\u00eancia as mudas at\u00e9 1970, vindo a serem plantadas pela neta Sra. Darci Saccomani em sua casa no Horto Florestal em Jundia\u00ed.<br>Hoje a propriedade administrada pela 4\u00aa Gera\u00e7\u00e3o pelo Sr. Jos\u00e9 Eduardo, que busca manter a tradicional forma de cultivo das parreiras em sistema de CARAMANCH\u00c3O (Pergolado) de cultivo e utilizando m\u00e9todos tradicionais e modernos de fabrica\u00e7\u00e3o de seus produtos.<br>O visitante pode fazer um passeio pela mata, conhecer a planta\u00e7\u00e3o de uvas, al\u00e9m dos p\u00e9s de jaboticaba e banana. A propriedade ainda possui com um lago.<\/p>\n\n\n\n<p>A vin\u00edcola oferece degusta\u00e7\u00e3o de vinhos.<\/p>\n\n\n\n<figure class=\"wp-block-image size-full\"><img loading=\"lazy\" decoding=\"async\" width=\"1280\" height=\"853\" src=\"https:\/\/rotasturisticas.jundiai.sp.gov.br\/sabores\/wp-content\/uploads\/sites\/12\/2025\/05\/Vinicola-Saccomani-1.jpeg\" alt=\"\" class=\"wp-image-142\" srcset=\"https:\/\/rotasturisticas.jundiai.sp.gov.br\/sabores\/wp-content\/uploads\/sites\/12\/2025\/05\/Vinicola-Saccomani-1.jpeg 1280w, https:\/\/rotasturisticas.jundiai.sp.gov.br\/sabores\/wp-content\/uploads\/sites\/12\/2025\/05\/Vinicola-Saccomani-1-768x512.jpeg 768w\" sizes=\"auto, (max-width: 1280px) 100vw, 1280px\" \/><\/figure>\n\n\n\n<figure class=\"wp-block-gallery has-nested-images columns-default is-cropped wp-block-gallery-1 is-layout-flex wp-block-gallery-is-layout-flex\">\n<figure class=\"wp-block-image size-large\"><img loading=\"lazy\" decoding=\"async\" width=\"768\" height=\"512\" data-id=\"144\" src=\"https:\/\/rotasturisticas.jundiai.sp.gov.br\/sabores\/wp-content\/uploads\/sites\/12\/2025\/05\/Vinicola-Saccomani-2.jpeg\" alt=\"\" class=\"wp-image-144\" \/><\/figure>\n\n\n\n<figure class=\"wp-block-image size-large\"><img loading=\"lazy\" decoding=\"async\" width=\"768\" height=\"512\" data-id=\"143\" src=\"https:\/\/rotasturisticas.jundiai.sp.gov.br\/sabores\/wp-content\/uploads\/sites\/12\/2025\/05\/Vinicola-Saccomani-8-1.jpg\" alt=\"\" class=\"wp-image-143\" \/><\/figure>\n<\/figure>\n\n\n\n<figure class=\"wp-block-gallery has-nested-images columns-default is-cropped wp-block-gallery-2 is-layout-flex wp-block-gallery-is-layout-flex\">\n<figure class=\"wp-block-image size-large\"><img loading=\"lazy\" decoding=\"async\" width=\"768\" height=\"512\" data-id=\"146\" src=\"https:\/\/rotasturisticas.jundiai.sp.gov.br\/sabores\/wp-content\/uploads\/sites\/12\/2025\/05\/Vinicola-Saccomani-4.jpeg\" alt=\"\" class=\"wp-image-146\" \/><\/figure>\n\n\n\n<figure class=\"wp-block-image size-large\"><img loading=\"lazy\" decoding=\"async\" width=\"1280\" height=\"719\" data-id=\"147\" src=\"https:\/\/rotasturisticas.jundiai.sp.gov.br\/sabores\/wp-content\/uploads\/sites\/12\/2025\/05\/Vinicola-Saccomani-5.jpg\" alt=\"\" class=\"wp-image-147\" srcset=\"https:\/\/rotasturisticas.jundiai.sp.gov.br\/sabores\/wp-content\/uploads\/sites\/12\/2025\/05\/Vinicola-Saccomani-5.jpg 1280w, https:\/\/rotasturisticas.jundiai.sp.gov.br\/sabores\/wp-content\/uploads\/sites\/12\/2025\/05\/Vinicola-Saccomani-5-768x431.jpg 768w\" sizes=\"auto, (max-width: 1280px) 100vw, 1280px\" \/><\/figure>\n\n\n\n<figure class=\"wp-block-image size-large\"><img loading=\"lazy\" decoding=\"async\" width=\"768\" height=\"512\" data-id=\"145\" src=\"https:\/\/rotasturisticas.jundiai.sp.gov.br\/sabores\/wp-content\/uploads\/sites\/12\/2025\/05\/Vinicola-Saccomani-3.jpeg\" alt=\"\" class=\"wp-image-145\" \/><\/figure>\n<\/figure>\n\n\n\n<figure class=\"wp-block-gallery has-nested-images columns-default is-cropped wp-block-gallery-3 is-layout-flex wp-block-gallery-is-layout-flex\">\n<figure class=\"wp-block-image size-large\"><img loading=\"lazy\" decoding=\"async\" width=\"768\" height=\"512\" data-id=\"149\" src=\"https:\/\/rotasturisticas.jundiai.sp.gov.br\/sabores\/wp-content\/uploads\/sites\/12\/2025\/05\/Vinicola-Saccomani-7.jpg\" alt=\"\" class=\"wp-image-149\" \/><\/figure>\n\n\n\n<figure class=\"wp-block-image size-large\"><img loading=\"lazy\" decoding=\"async\" width=\"1280\" height=\"853\" data-id=\"148\" src=\"https:\/\/rotasturisticas.jundiai.sp.gov.br\/sabores\/wp-content\/uploads\/sites\/12\/2025\/05\/Vinicola-Saccomani-6.jpg\" alt=\"\" class=\"wp-image-148\" srcset=\"https:\/\/rotasturisticas.jundiai.sp.gov.br\/sabores\/wp-content\/uploads\/sites\/12\/2025\/05\/Vinicola-Saccomani-6.jpg 1280w, https:\/\/rotasturisticas.jundiai.sp.gov.br\/sabores\/wp-content\/uploads\/sites\/12\/2025\/05\/Vinicola-Saccomani-6-768x512.jpg 768w\" sizes=\"auto, (max-width: 1280px) 100vw, 1280px\" \/><\/figure>\n<\/figure>\n","protected":false},"excerpt":{"rendered":"<p>Tipos de vinhos produzidos:&nbsp;Vinho natural da uva Catawba Rosa.Fermenta\u00e7\u00e3o natural, seco, suave, doce e fortificado. Ni\u00e1gara rosado e branco; seco e suave e doce; Isabel tinto seco e suave; Bord\u00f4 tinto seco e suave; Vinhos finos:Chardonnay branco secoTempranillo tinto secoMarselan tinto secoCabernet Sauvignon tinto secoSyrah tinto secoTannat tinto seco A hist\u00f3ria da vin\u00edcola teve inicio [&hellip;]<\/p>\n","protected":false},"author":23,"featured_media":244,"parent":12,"menu_order":0,"comment_status":"closed","ping_status":"closed","template":"page-local.php","meta":{"footnotes":""},"class_list":["post-140","page","type-page","status-publish","has-post-thumbnail","hentry"],"_links":{"self":[{"href":"https:\/\/rotasturisticas.jundiai.sp.gov.br\/sabores\/wp-json\/wp\/v2\/pages\/140","targetHints":{"allow":["GET"]}}],"collection":[{"href":"https:\/\/rotasturisticas.jundiai.sp.gov.br\/sabores\/wp-json\/wp\/v2\/pages"}],"about":[{"href":"https:\/\/rotasturisticas.jundiai.sp.gov.br\/sabores\/wp-json\/wp\/v2\/types\/page"}],"author":[{"embeddable":true,"href":"https:\/\/rotasturisticas.jundiai.sp.gov.br\/sabores\/wp-json\/wp\/v2\/users\/23"}],"replies":[{"embeddable":true,"href":"https:\/\/rotasturisticas.jundiai.sp.gov.br\/sabores\/wp-json\/wp\/v2\/comments?post=140"}],"version-history":[{"count":1,"href":"https:\/\/rotasturisticas.jundiai.sp.gov.br\/sabores\/wp-json\/wp\/v2\/pages\/140\/revisions"}],"predecessor-version":[{"id":150,"href":"https:\/\/rotasturisticas.jundiai.sp.gov.br\/sabores\/wp-json\/wp\/v2\/pages\/140\/revisions\/150"}],"up":[{"embeddable":true,"href":"https:\/\/rotasturisticas.jundiai.sp.gov.br\/sabores\/wp-json\/wp\/v2\/pages\/12"}],"wp:featuredmedia":[{"embeddable":true,"href":"https:\/\/rotasturisticas.jundiai.sp.gov.br\/sabores\/wp-json\/wp\/v2\/media\/244"}],"wp:attachment":[{"href":"https:\/\/rotasturisticas.jundiai.sp.gov.br\/sabores\/wp-json\/wp\/v2\/media?parent=140"}],"curies":[{"name":"wp","href":"https:\/\/api.w.org\/{rel}","templated":true}]}}