{"id":129,"date":"2025-05-20T13:46:31","date_gmt":"2025-05-20T16:46:31","guid":{"rendered":"https:\/\/rotasturisticas.jundiai.sp.gov.br\/sabores\/?page_id=129"},"modified":"2025-05-28T15:25:10","modified_gmt":"2025-05-28T18:25:10","slug":"rosas-do-horto-gastronomia","status":"publish","type":"page","link":"https:\/\/rotasturisticas.jundiai.sp.gov.br\/sabores\/onde-comer\/rosas-do-horto-gastronomia\/","title":{"rendered":"Rosas do Horto Gastronomia"},"content":{"rendered":"\n<p>O Rosas do Horto surgiu da necessidade de encantar os visitantes unindo a natureza com um ambiente r\u00fastico e glamuroso.<br>A ideia de estarmos a menos de 10 minutos do centro de Jundia\u00ed e a menos de 50 minutos de S\u00e3o Paulo agrada aos ouvidos, pois com tanta facilidade e agilidade para estar no meio rural.<\/p>\n\n\n\n<figure class=\"wp-block-gallery has-nested-images columns-default is-cropped wp-block-gallery-1 is-layout-flex wp-block-gallery-is-layout-flex\">\n<figure class=\"wp-block-image size-large\"><img loading=\"lazy\" decoding=\"async\" width=\"764\" height=\"950\" data-id=\"389\" src=\"https:\/\/rotasturisticas.jundiai.sp.gov.br\/sabores\/wp-content\/uploads\/sites\/12\/2025\/05\/3DD30FE7-C3EE-4EBF-A1BD-50F1B140FE72-Rosas-do-Horto-Gastronomia-1-764x950.jpeg\" alt=\"\" class=\"wp-image-389\" srcset=\"https:\/\/rotasturisticas.jundiai.sp.gov.br\/sabores\/wp-content\/uploads\/sites\/12\/2025\/05\/3DD30FE7-C3EE-4EBF-A1BD-50F1B140FE72-Rosas-do-Horto-Gastronomia-1-764x950.jpeg 764w, https:\/\/rotasturisticas.jundiai.sp.gov.br\/sabores\/wp-content\/uploads\/sites\/12\/2025\/05\/3DD30FE7-C3EE-4EBF-A1BD-50F1B140FE72-Rosas-do-Horto-Gastronomia-1-768x955.jpeg 768w, https:\/\/rotasturisticas.jundiai.sp.gov.br\/sabores\/wp-content\/uploads\/sites\/12\/2025\/05\/3DD30FE7-C3EE-4EBF-A1BD-50F1B140FE72-Rosas-do-Horto-Gastronomia-1-1236x1536.jpeg 1236w, https:\/\/rotasturisticas.jundiai.sp.gov.br\/sabores\/wp-content\/uploads\/sites\/12\/2025\/05\/3DD30FE7-C3EE-4EBF-A1BD-50F1B140FE72-Rosas-do-Horto-Gastronomia-1.jpeg 1280w\" sizes=\"auto, (max-width: 764px) 100vw, 764px\" \/><\/figure>\n\n\n\n<figure class=\"wp-block-image size-large\"><img loading=\"lazy\" decoding=\"async\" width=\"828\" height=\"466\" data-id=\"388\" src=\"https:\/\/rotasturisticas.jundiai.sp.gov.br\/sabores\/wp-content\/uploads\/sites\/12\/2025\/05\/5CE95B9A-995D-4AD2-8649-BC7A1C2301D1-Rosas-do-Horto-Gastronomia-1.jpeg\" alt=\"\" class=\"wp-image-388\" srcset=\"https:\/\/rotasturisticas.jundiai.sp.gov.br\/sabores\/wp-content\/uploads\/sites\/12\/2025\/05\/5CE95B9A-995D-4AD2-8649-BC7A1C2301D1-Rosas-do-Horto-Gastronomia-1.jpeg 828w, https:\/\/rotasturisticas.jundiai.sp.gov.br\/sabores\/wp-content\/uploads\/sites\/12\/2025\/05\/5CE95B9A-995D-4AD2-8649-BC7A1C2301D1-Rosas-do-Horto-Gastronomia-1-768x432.jpeg 768w\" sizes=\"auto, (max-width: 828px) 100vw, 828px\" \/><\/figure>\n\n\n\n<figure class=\"wp-block-image size-large\"><img loading=\"lazy\" decoding=\"async\" width=\"950\" height=\"950\" data-id=\"391\" src=\"https:\/\/rotasturisticas.jundiai.sp.gov.br\/sabores\/wp-content\/uploads\/sites\/12\/2025\/05\/6A9CA18F-9F4B-49FC-9EB9-CF638E50334E-Rosas-do-Horto-Gastronomia-1-950x950.jpeg\" alt=\"\" class=\"wp-image-391\" srcset=\"https:\/\/rotasturisticas.jundiai.sp.gov.br\/sabores\/wp-content\/uploads\/sites\/12\/2025\/05\/6A9CA18F-9F4B-49FC-9EB9-CF638E50334E-Rosas-do-Horto-Gastronomia-1-950x950.jpeg 950w, https:\/\/rotasturisticas.jundiai.sp.gov.br\/sabores\/wp-content\/uploads\/sites\/12\/2025\/05\/6A9CA18F-9F4B-49FC-9EB9-CF638E50334E-Rosas-do-Horto-Gastronomia-1-100x100.jpeg 100w, https:\/\/rotasturisticas.jundiai.sp.gov.br\/sabores\/wp-content\/uploads\/sites\/12\/2025\/05\/6A9CA18F-9F4B-49FC-9EB9-CF638E50334E-Rosas-do-Horto-Gastronomia-1-768x768.jpeg 768w, https:\/\/rotasturisticas.jundiai.sp.gov.br\/sabores\/wp-content\/uploads\/sites\/12\/2025\/05\/6A9CA18F-9F4B-49FC-9EB9-CF638E50334E-Rosas-do-Horto-Gastronomia-1.jpeg 1024w\" sizes=\"auto, (max-width: 950px) 100vw, 950px\" \/><\/figure>\n\n\n\n<figure class=\"wp-block-image size-large\"><img loading=\"lazy\" decoding=\"async\" width=\"818\" height=\"464\" data-id=\"390\" src=\"https:\/\/rotasturisticas.jundiai.sp.gov.br\/sabores\/wp-content\/uploads\/sites\/12\/2025\/05\/8F79FE1A-C2DE-4EF7-A3A0-E4F58E852D0C-Rosas-do-Horto-Gastronomia-1.jpeg\" alt=\"\" class=\"wp-image-390\" srcset=\"https:\/\/rotasturisticas.jundiai.sp.gov.br\/sabores\/wp-content\/uploads\/sites\/12\/2025\/05\/8F79FE1A-C2DE-4EF7-A3A0-E4F58E852D0C-Rosas-do-Horto-Gastronomia-1.jpeg 818w, https:\/\/rotasturisticas.jundiai.sp.gov.br\/sabores\/wp-content\/uploads\/sites\/12\/2025\/05\/8F79FE1A-C2DE-4EF7-A3A0-E4F58E852D0C-Rosas-do-Horto-Gastronomia-1-768x436.jpeg 768w\" sizes=\"auto, (max-width: 818px) 100vw, 818px\" \/><\/figure>\n\n\n\n<figure class=\"wp-block-image size-large\"><img loading=\"lazy\" decoding=\"async\" width=\"1024\" height=\"576\" data-id=\"392\" src=\"https:\/\/rotasturisticas.jundiai.sp.gov.br\/sabores\/wp-content\/uploads\/sites\/12\/2025\/05\/14B6FAB7-A2ED-4982-8704-810DE32E4262-Rosas-do-Horto-Gastronomia-1.jpeg\" alt=\"\" class=\"wp-image-392\" srcset=\"https:\/\/rotasturisticas.jundiai.sp.gov.br\/sabores\/wp-content\/uploads\/sites\/12\/2025\/05\/14B6FAB7-A2ED-4982-8704-810DE32E4262-Rosas-do-Horto-Gastronomia-1.jpeg 1024w, https:\/\/rotasturisticas.jundiai.sp.gov.br\/sabores\/wp-content\/uploads\/sites\/12\/2025\/05\/14B6FAB7-A2ED-4982-8704-810DE32E4262-Rosas-do-Horto-Gastronomia-1-768x432.jpeg 768w\" sizes=\"auto, (max-width: 1024px) 100vw, 1024px\" \/><\/figure>\n\n\n\n<figure class=\"wp-block-image size-large\"><img loading=\"lazy\" decoding=\"async\" width=\"950\" height=\"950\" data-id=\"393\" src=\"https:\/\/rotasturisticas.jundiai.sp.gov.br\/sabores\/wp-content\/uploads\/sites\/12\/2025\/05\/720BFA79-A434-4D9A-AEE8-0CCF4C274249-Rosas-do-Horto-Gastronomia-1-950x950.jpeg\" alt=\"\" class=\"wp-image-393\" srcset=\"https:\/\/rotasturisticas.jundiai.sp.gov.br\/sabores\/wp-content\/uploads\/sites\/12\/2025\/05\/720BFA79-A434-4D9A-AEE8-0CCF4C274249-Rosas-do-Horto-Gastronomia-1-950x950.jpeg 950w, https:\/\/rotasturisticas.jundiai.sp.gov.br\/sabores\/wp-content\/uploads\/sites\/12\/2025\/05\/720BFA79-A434-4D9A-AEE8-0CCF4C274249-Rosas-do-Horto-Gastronomia-1-100x100.jpeg 100w, https:\/\/rotasturisticas.jundiai.sp.gov.br\/sabores\/wp-content\/uploads\/sites\/12\/2025\/05\/720BFA79-A434-4D9A-AEE8-0CCF4C274249-Rosas-do-Horto-Gastronomia-1-768x768.jpeg 768w, https:\/\/rotasturisticas.jundiai.sp.gov.br\/sabores\/wp-content\/uploads\/sites\/12\/2025\/05\/720BFA79-A434-4D9A-AEE8-0CCF4C274249-Rosas-do-Horto-Gastronomia-1.jpeg 1280w\" sizes=\"auto, (max-width: 950px) 100vw, 950px\" \/><\/figure>\n\n\n\n<figure class=\"wp-block-image size-large\"><img loading=\"lazy\" decoding=\"async\" width=\"773\" height=\"950\" data-id=\"396\" src=\"https:\/\/rotasturisticas.jundiai.sp.gov.br\/sabores\/wp-content\/uploads\/sites\/12\/2025\/05\/CF261299-9793-48C8-980C-B8FA00AEACD3-Rosas-do-Horto-Gastronomia-1-773x950.jpeg\" alt=\"\" class=\"wp-image-396\" srcset=\"https:\/\/rotasturisticas.jundiai.sp.gov.br\/sabores\/wp-content\/uploads\/sites\/12\/2025\/05\/CF261299-9793-48C8-980C-B8FA00AEACD3-Rosas-do-Horto-Gastronomia-1-773x950.jpeg 773w, https:\/\/rotasturisticas.jundiai.sp.gov.br\/sabores\/wp-content\/uploads\/sites\/12\/2025\/05\/CF261299-9793-48C8-980C-B8FA00AEACD3-Rosas-do-Horto-Gastronomia-1-768x944.jpeg 768w, https:\/\/rotasturisticas.jundiai.sp.gov.br\/sabores\/wp-content\/uploads\/sites\/12\/2025\/05\/CF261299-9793-48C8-980C-B8FA00AEACD3-Rosas-do-Horto-Gastronomia-1-1249x1536.jpeg 1249w, https:\/\/rotasturisticas.jundiai.sp.gov.br\/sabores\/wp-content\/uploads\/sites\/12\/2025\/05\/CF261299-9793-48C8-980C-B8FA00AEACD3-Rosas-do-Horto-Gastronomia-1.jpeg 1280w\" sizes=\"auto, (max-width: 773px) 100vw, 773px\" \/><\/figure>\n\n\n\n<figure class=\"wp-block-image size-large\"><img loading=\"lazy\" decoding=\"async\" width=\"950\" height=\"950\" data-id=\"394\" src=\"https:\/\/rotasturisticas.jundiai.sp.gov.br\/sabores\/wp-content\/uploads\/sites\/12\/2025\/05\/E1235A99-FDEA-4E95-A472-56AAB7632450-Rosas-do-Horto-Gastronomia-1-950x950.jpeg\" alt=\"\" class=\"wp-image-394\" srcset=\"https:\/\/rotasturisticas.jundiai.sp.gov.br\/sabores\/wp-content\/uploads\/sites\/12\/2025\/05\/E1235A99-FDEA-4E95-A472-56AAB7632450-Rosas-do-Horto-Gastronomia-1-950x950.jpeg 950w, https:\/\/rotasturisticas.jundiai.sp.gov.br\/sabores\/wp-content\/uploads\/sites\/12\/2025\/05\/E1235A99-FDEA-4E95-A472-56AAB7632450-Rosas-do-Horto-Gastronomia-1-100x100.jpeg 100w, https:\/\/rotasturisticas.jundiai.sp.gov.br\/sabores\/wp-content\/uploads\/sites\/12\/2025\/05\/E1235A99-FDEA-4E95-A472-56AAB7632450-Rosas-do-Horto-Gastronomia-1-768x768.jpeg 768w, https:\/\/rotasturisticas.jundiai.sp.gov.br\/sabores\/wp-content\/uploads\/sites\/12\/2025\/05\/E1235A99-FDEA-4E95-A472-56AAB7632450-Rosas-do-Horto-Gastronomia-1.jpeg 1280w\" sizes=\"auto, (max-width: 950px) 100vw, 950px\" \/><\/figure>\n\n\n\n<figure class=\"wp-block-image size-large\"><img loading=\"lazy\" decoding=\"async\" width=\"950\" height=\"950\" data-id=\"395\" src=\"https:\/\/rotasturisticas.jundiai.sp.gov.br\/sabores\/wp-content\/uploads\/sites\/12\/2025\/05\/FDDE8C2C-4AA2-451F-89D4-A62674B4995F-Rosas-do-Horto-Gastronomia-1-950x950.jpeg\" alt=\"\" class=\"wp-image-395\" srcset=\"https:\/\/rotasturisticas.jundiai.sp.gov.br\/sabores\/wp-content\/uploads\/sites\/12\/2025\/05\/FDDE8C2C-4AA2-451F-89D4-A62674B4995F-Rosas-do-Horto-Gastronomia-1-950x950.jpeg 950w, https:\/\/rotasturisticas.jundiai.sp.gov.br\/sabores\/wp-content\/uploads\/sites\/12\/2025\/05\/FDDE8C2C-4AA2-451F-89D4-A62674B4995F-Rosas-do-Horto-Gastronomia-1-100x100.jpeg 100w, https:\/\/rotasturisticas.jundiai.sp.gov.br\/sabores\/wp-content\/uploads\/sites\/12\/2025\/05\/FDDE8C2C-4AA2-451F-89D4-A62674B4995F-Rosas-do-Horto-Gastronomia-1-768x768.jpeg 768w, https:\/\/rotasturisticas.jundiai.sp.gov.br\/sabores\/wp-content\/uploads\/sites\/12\/2025\/05\/FDDE8C2C-4AA2-451F-89D4-A62674B4995F-Rosas-do-Horto-Gastronomia-1.jpeg 1280w\" sizes=\"auto, (max-width: 950px) 100vw, 950px\" \/><\/figure>\n<\/figure>\n\n\n\n<figure class=\"wp-block-gallery has-nested-images columns-default is-cropped wp-block-gallery-2 is-layout-flex wp-block-gallery-is-layout-flex\"><\/figure>\n\n\n\n<figure class=\"wp-block-gallery has-nested-images columns-default is-cropped wp-block-gallery-3 is-layout-flex wp-block-gallery-is-layout-flex\"><\/figure>\n","protected":false},"excerpt":{"rendered":"<p>O Rosas do Horto surgiu da necessidade de encantar os visitantes unindo a natureza com um ambiente r\u00fastico e glamuroso.A ideia de estarmos a menos de 10 minutos do centro de Jundia\u00ed e a menos de 50 minutos de S\u00e3o Paulo agrada aos ouvidos, pois com tanta facilidade e agilidade para estar no meio rural.<\/p>\n","protected":false},"author":23,"featured_media":0,"parent":12,"menu_order":0,"comment_status":"closed","ping_status":"closed","template":"page-local.php","meta":{"footnotes":""},"class_list":["post-129","page","type-page","status-publish","hentry"],"_links":{"self":[{"href":"https:\/\/rotasturisticas.jundiai.sp.gov.br\/sabores\/wp-json\/wp\/v2\/pages\/129","targetHints":{"allow":["GET"]}}],"collection":[{"href":"https:\/\/rotasturisticas.jundiai.sp.gov.br\/sabores\/wp-json\/wp\/v2\/pages"}],"about":[{"href":"https:\/\/rotasturisticas.jundiai.sp.gov.br\/sabores\/wp-json\/wp\/v2\/types\/page"}],"author":[{"embeddable":true,"href":"https:\/\/rotasturisticas.jundiai.sp.gov.br\/sabores\/wp-json\/wp\/v2\/users\/23"}],"replies":[{"embeddable":true,"href":"https:\/\/rotasturisticas.jundiai.sp.gov.br\/sabores\/wp-json\/wp\/v2\/comments?post=129"}],"version-history":[{"count":2,"href":"https:\/\/rotasturisticas.jundiai.sp.gov.br\/sabores\/wp-json\/wp\/v2\/pages\/129\/revisions"}],"predecessor-version":[{"id":397,"href":"https:\/\/rotasturisticas.jundiai.sp.gov.br\/sabores\/wp-json\/wp\/v2\/pages\/129\/revisions\/397"}],"up":[{"embeddable":true,"href":"https:\/\/rotasturisticas.jundiai.sp.gov.br\/sabores\/wp-json\/wp\/v2\/pages\/12"}],"wp:attachment":[{"href":"https:\/\/rotasturisticas.jundiai.sp.gov.br\/sabores\/wp-json\/wp\/v2\/media?parent=129"}],"curies":[{"name":"wp","href":"https:\/\/api.w.org\/{rel}","templated":true}]}}