{"id":425,"date":"2025-10-31T10:32:03","date_gmt":"2025-10-31T13:32:03","guid":{"rendered":"https:\/\/rotasturisticas.jundiai.sp.gov.br\/afro\/?page_id=425"},"modified":"2025-10-31T10:32:04","modified_gmt":"2025-10-31T13:32:04","slug":"silcandy","status":"publish","type":"page","link":"https:\/\/rotasturisticas.jundiai.sp.gov.br\/culturanegra\/empreendedores\/silcandy\/","title":{"rendered":"SilCandy"},"content":{"rendered":"\n<p>\u00c9 com grande entusiasmo que apresento a SilCandy, minha linha de doces caseiros, resultado de uma paix\u00e3o culin\u00e1ria que atravessa gera\u00e7\u00f5es. Ap\u00f3s um per\u00edodo de readequa\u00e7\u00e3o profissional, encontrei nos doces artesanais uma fonte de renda e, sobretudo, uma realiza\u00e7\u00e3o pessoal.<\/p>\n\n\n\n<p>Na SilCandy, cada doce \u00e9 preparado com ingredientes naturais, produzidos por mim mesma, incluindo o leite condensado e o creme de leite. Esse cuidado garante um sabor aut\u00eantico e uma textura impec\u00e1vel. Al\u00e9m disso, muitas das receitas s\u00e3o legadas da minha m\u00e3e, trazendo um toque de tradi\u00e7\u00e3o e carinho em cada peda\u00e7o.<\/p>\n\n\n\n<p>Atualmente, meus doces s\u00e3o comercializados de porta em porta e tamb\u00e9m em empresas, sempre com um compromisso inabal\u00e1vel de qualidade e um atendimento acolhedor.<\/p>\n\n\n\n<figure class=\"wp-block-gallery has-nested-images columns-default is-cropped wp-block-gallery-1 is-layout-flex wp-block-gallery-is-layout-flex\">\n<figure class=\"wp-block-image size-large\"><img loading=\"lazy\" decoding=\"async\" width=\"633\" height=\"950\" data-id=\"427\" src=\"https:\/\/rotasturisticas.jundiai.sp.gov.br\/afro\/wp-content\/uploads\/sites\/11\/2025\/10\/file_00000000ab88622fabfc389c0675a675-Silmara-Alice-633x950.png\" alt=\"\" class=\"wp-image-427\" srcset=\"https:\/\/rotasturisticas.jundiai.sp.gov.br\/culturanegra\/wp-content\/uploads\/sites\/11\/2025\/10\/file_00000000ab88622fabfc389c0675a675-Silmara-Alice-633x950.png 633w, https:\/\/rotasturisticas.jundiai.sp.gov.br\/culturanegra\/wp-content\/uploads\/sites\/11\/2025\/10\/file_00000000ab88622fabfc389c0675a675-Silmara-Alice-768x1152.png 768w, https:\/\/rotasturisticas.jundiai.sp.gov.br\/culturanegra\/wp-content\/uploads\/sites\/11\/2025\/10\/file_00000000ab88622fabfc389c0675a675-Silmara-Alice.png 1024w\" sizes=\"auto, (max-width: 633px) 100vw, 633px\" \/><\/figure>\n\n\n\n<figure class=\"wp-block-image size-large\"><img loading=\"lazy\" decoding=\"async\" width=\"950\" height=\"950\" data-id=\"430\" src=\"https:\/\/rotasturisticas.jundiai.sp.gov.br\/afro\/wp-content\/uploads\/sites\/11\/2025\/10\/file_00000000ce5062438a3b88f8236d37c9-Silmara-Alice-950x950.png\" alt=\"\" class=\"wp-image-430\" srcset=\"https:\/\/rotasturisticas.jundiai.sp.gov.br\/culturanegra\/wp-content\/uploads\/sites\/11\/2025\/10\/file_00000000ce5062438a3b88f8236d37c9-Silmara-Alice-950x950.png 950w, https:\/\/rotasturisticas.jundiai.sp.gov.br\/culturanegra\/wp-content\/uploads\/sites\/11\/2025\/10\/file_00000000ce5062438a3b88f8236d37c9-Silmara-Alice-100x100.png 100w, https:\/\/rotasturisticas.jundiai.sp.gov.br\/culturanegra\/wp-content\/uploads\/sites\/11\/2025\/10\/file_00000000ce5062438a3b88f8236d37c9-Silmara-Alice-768x768.png 768w, https:\/\/rotasturisticas.jundiai.sp.gov.br\/culturanegra\/wp-content\/uploads\/sites\/11\/2025\/10\/file_00000000ce5062438a3b88f8236d37c9-Silmara-Alice.png 1024w\" sizes=\"auto, (max-width: 950px) 100vw, 950px\" \/><\/figure>\n\n\n\n<figure class=\"wp-block-image size-large\"><img loading=\"lazy\" decoding=\"async\" width=\"950\" height=\"950\" data-id=\"428\" src=\"https:\/\/rotasturisticas.jundiai.sp.gov.br\/afro\/wp-content\/uploads\/sites\/11\/2025\/10\/file_000000003b4c620a81f4d5b05117dad6-Silmara-Alice-950x950.png\" alt=\"\" class=\"wp-image-428\" srcset=\"https:\/\/rotasturisticas.jundiai.sp.gov.br\/culturanegra\/wp-content\/uploads\/sites\/11\/2025\/10\/file_000000003b4c620a81f4d5b05117dad6-Silmara-Alice-950x950.png 950w, https:\/\/rotasturisticas.jundiai.sp.gov.br\/culturanegra\/wp-content\/uploads\/sites\/11\/2025\/10\/file_000000003b4c620a81f4d5b05117dad6-Silmara-Alice-100x100.png 100w, https:\/\/rotasturisticas.jundiai.sp.gov.br\/culturanegra\/wp-content\/uploads\/sites\/11\/2025\/10\/file_000000003b4c620a81f4d5b05117dad6-Silmara-Alice-768x768.png 768w, https:\/\/rotasturisticas.jundiai.sp.gov.br\/culturanegra\/wp-content\/uploads\/sites\/11\/2025\/10\/file_000000003b4c620a81f4d5b05117dad6-Silmara-Alice.png 1024w\" sizes=\"auto, (max-width: 950px) 100vw, 950px\" \/><\/figure>\n\n\n\n<figure class=\"wp-block-image size-large\"><img loading=\"lazy\" decoding=\"async\" width=\"633\" height=\"950\" data-id=\"432\" src=\"https:\/\/rotasturisticas.jundiai.sp.gov.br\/afro\/wp-content\/uploads\/sites\/11\/2025\/10\/file_000000003edc61f9a06f7e42b82cf8f6-Silmara-Alice-633x950.png\" alt=\"\" class=\"wp-image-432\" srcset=\"https:\/\/rotasturisticas.jundiai.sp.gov.br\/culturanegra\/wp-content\/uploads\/sites\/11\/2025\/10\/file_000000003edc61f9a06f7e42b82cf8f6-Silmara-Alice-633x950.png 633w, https:\/\/rotasturisticas.jundiai.sp.gov.br\/culturanegra\/wp-content\/uploads\/sites\/11\/2025\/10\/file_000000003edc61f9a06f7e42b82cf8f6-Silmara-Alice-768x1152.png 768w, https:\/\/rotasturisticas.jundiai.sp.gov.br\/culturanegra\/wp-content\/uploads\/sites\/11\/2025\/10\/file_000000003edc61f9a06f7e42b82cf8f6-Silmara-Alice.png 1024w\" sizes=\"auto, (max-width: 633px) 100vw, 633px\" \/><\/figure>\n\n\n\n<figure class=\"wp-block-image size-large\"><img loading=\"lazy\" decoding=\"async\" width=\"633\" height=\"950\" data-id=\"431\" src=\"https:\/\/rotasturisticas.jundiai.sp.gov.br\/afro\/wp-content\/uploads\/sites\/11\/2025\/10\/file_00000000729061f994fde1fcc557fea6-Silmara-Alice-633x950.png\" alt=\"\" class=\"wp-image-431\" srcset=\"https:\/\/rotasturisticas.jundiai.sp.gov.br\/culturanegra\/wp-content\/uploads\/sites\/11\/2025\/10\/file_00000000729061f994fde1fcc557fea6-Silmara-Alice-633x950.png 633w, https:\/\/rotasturisticas.jundiai.sp.gov.br\/culturanegra\/wp-content\/uploads\/sites\/11\/2025\/10\/file_00000000729061f994fde1fcc557fea6-Silmara-Alice-768x1152.png 768w, https:\/\/rotasturisticas.jundiai.sp.gov.br\/culturanegra\/wp-content\/uploads\/sites\/11\/2025\/10\/file_00000000729061f994fde1fcc557fea6-Silmara-Alice.png 1024w\" sizes=\"auto, (max-width: 633px) 100vw, 633px\" \/><\/figure>\n\n\n\n<figure class=\"wp-block-image size-large\"><img loading=\"lazy\" decoding=\"async\" width=\"633\" height=\"950\" data-id=\"433\" src=\"https:\/\/rotasturisticas.jundiai.sp.gov.br\/afro\/wp-content\/uploads\/sites\/11\/2025\/10\/file_00000000833061f59d035aad5af30c43-Silmara-Alice-633x950.png\" alt=\"\" class=\"wp-image-433\" srcset=\"https:\/\/rotasturisticas.jundiai.sp.gov.br\/culturanegra\/wp-content\/uploads\/sites\/11\/2025\/10\/file_00000000833061f59d035aad5af30c43-Silmara-Alice-633x950.png 633w, https:\/\/rotasturisticas.jundiai.sp.gov.br\/culturanegra\/wp-content\/uploads\/sites\/11\/2025\/10\/file_00000000833061f59d035aad5af30c43-Silmara-Alice-768x1152.png 768w, https:\/\/rotasturisticas.jundiai.sp.gov.br\/culturanegra\/wp-content\/uploads\/sites\/11\/2025\/10\/file_00000000833061f59d035aad5af30c43-Silmara-Alice.png 1024w\" sizes=\"auto, (max-width: 633px) 100vw, 633px\" \/><\/figure>\n\n\n\n<figure class=\"wp-block-image size-large\"><img loading=\"lazy\" decoding=\"async\" width=\"950\" height=\"950\" data-id=\"429\" src=\"https:\/\/rotasturisticas.jundiai.sp.gov.br\/afro\/wp-content\/uploads\/sites\/11\/2025\/10\/IMG-20250923-WA0056-Silmara-Alice-950x950.jpg\" alt=\"\" class=\"wp-image-429\" srcset=\"https:\/\/rotasturisticas.jundiai.sp.gov.br\/culturanegra\/wp-content\/uploads\/sites\/11\/2025\/10\/IMG-20250923-WA0056-Silmara-Alice-950x950.jpg 950w, https:\/\/rotasturisticas.jundiai.sp.gov.br\/culturanegra\/wp-content\/uploads\/sites\/11\/2025\/10\/IMG-20250923-WA0056-Silmara-Alice-100x100.jpg 100w, https:\/\/rotasturisticas.jundiai.sp.gov.br\/culturanegra\/wp-content\/uploads\/sites\/11\/2025\/10\/IMG-20250923-WA0056-Silmara-Alice-768x768.jpg 768w, https:\/\/rotasturisticas.jundiai.sp.gov.br\/culturanegra\/wp-content\/uploads\/sites\/11\/2025\/10\/IMG-20250923-WA0056-Silmara-Alice.jpg 1024w\" sizes=\"auto, (max-width: 950px) 100vw, 950px\" \/><\/figure>\n\n\n\n<figure class=\"wp-block-image size-large\"><img loading=\"lazy\" decoding=\"async\" width=\"720\" height=\"374\" data-id=\"426\" src=\"https:\/\/rotasturisticas.jundiai.sp.gov.br\/afro\/wp-content\/uploads\/sites\/11\/2025\/10\/IMG-20251003-WA0125-Silmara-Alice.jpg\" alt=\"\" class=\"wp-image-426\" \/><\/figure>\n<\/figure>\n","protected":false},"excerpt":{"rendered":"<p>\u00c9 com grande entusiasmo que apresento a SilCandy, minha linha de doces caseiros, resultado de uma paix\u00e3o culin\u00e1ria que atravessa gera\u00e7\u00f5es. Ap\u00f3s um per\u00edodo de readequa\u00e7\u00e3o profissional, encontrei nos doces artesanais uma fonte de renda e, sobretudo, uma realiza\u00e7\u00e3o pessoal. Na SilCandy, cada doce \u00e9 preparado com ingredientes naturais, produzidos por mim mesma, incluindo o [&hellip;]<\/p>\n","protected":false},"author":23,"featured_media":0,"parent":25,"menu_order":0,"comment_status":"closed","ping_status":"closed","template":"page-local.php","meta":{"footnotes":""},"class_list":["post-425","page","type-page","status-publish","hentry"],"_links":{"self":[{"href":"https:\/\/rotasturisticas.jundiai.sp.gov.br\/culturanegra\/wp-json\/wp\/v2\/pages\/425","targetHints":{"allow":["GET"]}}],"collection":[{"href":"https:\/\/rotasturisticas.jundiai.sp.gov.br\/culturanegra\/wp-json\/wp\/v2\/pages"}],"about":[{"href":"https:\/\/rotasturisticas.jundiai.sp.gov.br\/culturanegra\/wp-json\/wp\/v2\/types\/page"}],"author":[{"embeddable":true,"href":"https:\/\/rotasturisticas.jundiai.sp.gov.br\/culturanegra\/wp-json\/wp\/v2\/users\/23"}],"replies":[{"embeddable":true,"href":"https:\/\/rotasturisticas.jundiai.sp.gov.br\/culturanegra\/wp-json\/wp\/v2\/comments?post=425"}],"version-history":[{"count":1,"href":"https:\/\/rotasturisticas.jundiai.sp.gov.br\/culturanegra\/wp-json\/wp\/v2\/pages\/425\/revisions"}],"predecessor-version":[{"id":434,"href":"https:\/\/rotasturisticas.jundiai.sp.gov.br\/culturanegra\/wp-json\/wp\/v2\/pages\/425\/revisions\/434"}],"up":[{"embeddable":true,"href":"https:\/\/rotasturisticas.jundiai.sp.gov.br\/culturanegra\/wp-json\/wp\/v2\/pages\/25"}],"wp:attachment":[{"href":"https:\/\/rotasturisticas.jundiai.sp.gov.br\/culturanegra\/wp-json\/wp\/v2\/media?parent=425"}],"curies":[{"name":"wp","href":"https:\/\/api.w.org\/{rel}","templated":true}]}}