{"id":333,"date":"2025-06-30T10:55:43","date_gmt":"2025-06-30T13:55:43","guid":{"rendered":"https:\/\/rotasturisticas.jundiai.sp.gov.br\/afro\/?page_id=333"},"modified":"2025-06-30T10:55:44","modified_gmt":"2025-06-30T13:55:44","slug":"atelier-mara-archanjo","status":"publish","type":"page","link":"https:\/\/rotasturisticas.jundiai.sp.gov.br\/culturanegra\/lojas-especiais\/atelier-mara-archanjo\/","title":{"rendered":"Atelier Mara Archanjo"},"content":{"rendered":"\n<p>A Mara Archanjo \u00e9 uma loja de roupas afrocentradas que celebra a cultura, a ancestralidade e a identidade negra por meio da moda .Com pe\u00e7as vibrantes, estampas inspiradas em tecidos africanos tradicionais e design contempor\u00e2neo. Oferecemos estilo, autenticidade e representatividade. Nosso compromisso \u00e9 valorizar a beleza e a for\u00e7a da cultura afro-brasileira, promovendo auto estima e pertencimento.<\/p>\n\n\n\n<figure class=\"wp-block-gallery has-nested-images columns-default is-cropped wp-block-gallery-1 is-layout-flex wp-block-gallery-is-layout-flex\">\n<figure class=\"wp-block-image size-large\"><img loading=\"lazy\" decoding=\"async\" width=\"950\" height=\"950\" data-id=\"334\" src=\"https:\/\/rotasturisticas.jundiai.sp.gov.br\/afro\/wp-content\/uploads\/sites\/11\/2025\/06\/20241222_105905-Maria-Lucia-Archanjo-950x950.jpg\" alt=\"\" class=\"wp-image-334\" srcset=\"https:\/\/rotasturisticas.jundiai.sp.gov.br\/culturanegra\/wp-content\/uploads\/sites\/11\/2025\/06\/20241222_105905-Maria-Lucia-Archanjo-950x950.jpg 950w, https:\/\/rotasturisticas.jundiai.sp.gov.br\/culturanegra\/wp-content\/uploads\/sites\/11\/2025\/06\/20241222_105905-Maria-Lucia-Archanjo-100x100.jpg 100w, https:\/\/rotasturisticas.jundiai.sp.gov.br\/culturanegra\/wp-content\/uploads\/sites\/11\/2025\/06\/20241222_105905-Maria-Lucia-Archanjo-768x768.jpg 768w, https:\/\/rotasturisticas.jundiai.sp.gov.br\/culturanegra\/wp-content\/uploads\/sites\/11\/2025\/06\/20241222_105905-Maria-Lucia-Archanjo.jpg 1280w\" sizes=\"auto, (max-width: 950px) 100vw, 950px\" \/><\/figure>\n\n\n\n<figure class=\"wp-block-image size-large\"><img loading=\"lazy\" decoding=\"async\" width=\"950\" height=\"950\" data-id=\"335\" src=\"https:\/\/rotasturisticas.jundiai.sp.gov.br\/afro\/wp-content\/uploads\/sites\/11\/2025\/06\/20241226_204224-Maria-Lucia-Archanjo-950x950.jpg\" alt=\"\" class=\"wp-image-335\" srcset=\"https:\/\/rotasturisticas.jundiai.sp.gov.br\/culturanegra\/wp-content\/uploads\/sites\/11\/2025\/06\/20241226_204224-Maria-Lucia-Archanjo-950x950.jpg 950w, https:\/\/rotasturisticas.jundiai.sp.gov.br\/culturanegra\/wp-content\/uploads\/sites\/11\/2025\/06\/20241226_204224-Maria-Lucia-Archanjo-100x100.jpg 100w, https:\/\/rotasturisticas.jundiai.sp.gov.br\/culturanegra\/wp-content\/uploads\/sites\/11\/2025\/06\/20241226_204224-Maria-Lucia-Archanjo-768x768.jpg 768w, https:\/\/rotasturisticas.jundiai.sp.gov.br\/culturanegra\/wp-content\/uploads\/sites\/11\/2025\/06\/20241226_204224-Maria-Lucia-Archanjo.jpg 1280w\" sizes=\"auto, (max-width: 950px) 100vw, 950px\" \/><\/figure>\n\n\n\n<figure class=\"wp-block-image size-large\"><img loading=\"lazy\" decoding=\"async\" width=\"950\" height=\"950\" data-id=\"337\" src=\"https:\/\/rotasturisticas.jundiai.sp.gov.br\/afro\/wp-content\/uploads\/sites\/11\/2025\/06\/20250117_133234-Maria-Lucia-Archanjo-950x950.jpg\" alt=\"\" class=\"wp-image-337\" srcset=\"https:\/\/rotasturisticas.jundiai.sp.gov.br\/culturanegra\/wp-content\/uploads\/sites\/11\/2025\/06\/20250117_133234-Maria-Lucia-Archanjo-950x950.jpg 950w, https:\/\/rotasturisticas.jundiai.sp.gov.br\/culturanegra\/wp-content\/uploads\/sites\/11\/2025\/06\/20250117_133234-Maria-Lucia-Archanjo-100x100.jpg 100w, https:\/\/rotasturisticas.jundiai.sp.gov.br\/culturanegra\/wp-content\/uploads\/sites\/11\/2025\/06\/20250117_133234-Maria-Lucia-Archanjo-768x768.jpg 768w, https:\/\/rotasturisticas.jundiai.sp.gov.br\/culturanegra\/wp-content\/uploads\/sites\/11\/2025\/06\/20250117_133234-Maria-Lucia-Archanjo.jpg 1280w\" sizes=\"auto, (max-width: 950px) 100vw, 950px\" \/><\/figure>\n\n\n\n<figure class=\"wp-block-image size-large\"><img loading=\"lazy\" decoding=\"async\" width=\"950\" height=\"950\" data-id=\"340\" src=\"https:\/\/rotasturisticas.jundiai.sp.gov.br\/afro\/wp-content\/uploads\/sites\/11\/2025\/06\/20250125_102731-Maria-Lucia-Archanjo-950x950.jpg\" alt=\"\" class=\"wp-image-340\" srcset=\"https:\/\/rotasturisticas.jundiai.sp.gov.br\/culturanegra\/wp-content\/uploads\/sites\/11\/2025\/06\/20250125_102731-Maria-Lucia-Archanjo-950x950.jpg 950w, https:\/\/rotasturisticas.jundiai.sp.gov.br\/culturanegra\/wp-content\/uploads\/sites\/11\/2025\/06\/20250125_102731-Maria-Lucia-Archanjo-100x100.jpg 100w, https:\/\/rotasturisticas.jundiai.sp.gov.br\/culturanegra\/wp-content\/uploads\/sites\/11\/2025\/06\/20250125_102731-Maria-Lucia-Archanjo-768x768.jpg 768w, https:\/\/rotasturisticas.jundiai.sp.gov.br\/culturanegra\/wp-content\/uploads\/sites\/11\/2025\/06\/20250125_102731-Maria-Lucia-Archanjo.jpg 1280w\" sizes=\"auto, (max-width: 950px) 100vw, 950px\" \/><\/figure>\n\n\n\n<figure class=\"wp-block-image size-large\"><img loading=\"lazy\" decoding=\"async\" width=\"950\" height=\"950\" data-id=\"339\" src=\"https:\/\/rotasturisticas.jundiai.sp.gov.br\/afro\/wp-content\/uploads\/sites\/11\/2025\/06\/20250219_084156-Maria-Lucia-Archanjo-950x950.jpg\" alt=\"\" class=\"wp-image-339\" srcset=\"https:\/\/rotasturisticas.jundiai.sp.gov.br\/culturanegra\/wp-content\/uploads\/sites\/11\/2025\/06\/20250219_084156-Maria-Lucia-Archanjo-950x950.jpg 950w, https:\/\/rotasturisticas.jundiai.sp.gov.br\/culturanegra\/wp-content\/uploads\/sites\/11\/2025\/06\/20250219_084156-Maria-Lucia-Archanjo-100x100.jpg 100w, https:\/\/rotasturisticas.jundiai.sp.gov.br\/culturanegra\/wp-content\/uploads\/sites\/11\/2025\/06\/20250219_084156-Maria-Lucia-Archanjo-768x768.jpg 768w, https:\/\/rotasturisticas.jundiai.sp.gov.br\/culturanegra\/wp-content\/uploads\/sites\/11\/2025\/06\/20250219_084156-Maria-Lucia-Archanjo.jpg 1280w\" sizes=\"auto, (max-width: 950px) 100vw, 950px\" \/><\/figure>\n\n\n\n<figure class=\"wp-block-image size-large\"><img loading=\"lazy\" decoding=\"async\" width=\"520\" height=\"950\" data-id=\"338\" src=\"https:\/\/rotasturisticas.jundiai.sp.gov.br\/afro\/wp-content\/uploads\/sites\/11\/2025\/06\/20250222_113912-Maria-Lucia-Archanjo-520x950.jpg\" alt=\"\" class=\"wp-image-338\" srcset=\"https:\/\/rotasturisticas.jundiai.sp.gov.br\/culturanegra\/wp-content\/uploads\/sites\/11\/2025\/06\/20250222_113912-Maria-Lucia-Archanjo-520x950.jpg 520w, https:\/\/rotasturisticas.jundiai.sp.gov.br\/culturanegra\/wp-content\/uploads\/sites\/11\/2025\/06\/20250222_113912-Maria-Lucia-Archanjo-768x1402.jpg 768w, https:\/\/rotasturisticas.jundiai.sp.gov.br\/culturanegra\/wp-content\/uploads\/sites\/11\/2025\/06\/20250222_113912-Maria-Lucia-Archanjo-841x1536.jpg 841w, https:\/\/rotasturisticas.jundiai.sp.gov.br\/culturanegra\/wp-content\/uploads\/sites\/11\/2025\/06\/20250222_113912-Maria-Lucia-Archanjo-1122x2048.jpg 1122w, https:\/\/rotasturisticas.jundiai.sp.gov.br\/culturanegra\/wp-content\/uploads\/sites\/11\/2025\/06\/20250222_113912-Maria-Lucia-Archanjo.jpg 1280w\" sizes=\"auto, (max-width: 520px) 100vw, 520px\" \/><\/figure>\n\n\n\n<figure class=\"wp-block-image size-large\"><img loading=\"lazy\" decoding=\"async\" width=\"950\" height=\"950\" data-id=\"336\" src=\"https:\/\/rotasturisticas.jundiai.sp.gov.br\/afro\/wp-content\/uploads\/sites\/11\/2025\/06\/20250228_130107-Maria-Lucia-Archanjo-950x950.jpg\" alt=\"\" class=\"wp-image-336\" srcset=\"https:\/\/rotasturisticas.jundiai.sp.gov.br\/culturanegra\/wp-content\/uploads\/sites\/11\/2025\/06\/20250228_130107-Maria-Lucia-Archanjo-950x950.jpg 950w, https:\/\/rotasturisticas.jundiai.sp.gov.br\/culturanegra\/wp-content\/uploads\/sites\/11\/2025\/06\/20250228_130107-Maria-Lucia-Archanjo-100x100.jpg 100w, https:\/\/rotasturisticas.jundiai.sp.gov.br\/culturanegra\/wp-content\/uploads\/sites\/11\/2025\/06\/20250228_130107-Maria-Lucia-Archanjo-768x768.jpg 768w, https:\/\/rotasturisticas.jundiai.sp.gov.br\/culturanegra\/wp-content\/uploads\/sites\/11\/2025\/06\/20250228_130107-Maria-Lucia-Archanjo.jpg 1280w\" sizes=\"auto, (max-width: 950px) 100vw, 950px\" \/><\/figure>\n<\/figure>\n","protected":false},"excerpt":{"rendered":"<p>A Mara Archanjo \u00e9 uma loja de roupas afrocentradas que celebra a cultura, a ancestralidade e a identidade negra por meio da moda .Com pe\u00e7as vibrantes, estampas inspiradas em tecidos africanos tradicionais e design contempor\u00e2neo. Oferecemos estilo, autenticidade e representatividade. Nosso compromisso \u00e9 valorizar a beleza e a for\u00e7a da cultura afro-brasileira, promovendo auto estima [&hellip;]<\/p>\n","protected":false},"author":23,"featured_media":0,"parent":23,"menu_order":0,"comment_status":"closed","ping_status":"closed","template":"page-local.php","meta":{"footnotes":""},"class_list":["post-333","page","type-page","status-publish","hentry"],"_links":{"self":[{"href":"https:\/\/rotasturisticas.jundiai.sp.gov.br\/culturanegra\/wp-json\/wp\/v2\/pages\/333","targetHints":{"allow":["GET"]}}],"collection":[{"href":"https:\/\/rotasturisticas.jundiai.sp.gov.br\/culturanegra\/wp-json\/wp\/v2\/pages"}],"about":[{"href":"https:\/\/rotasturisticas.jundiai.sp.gov.br\/culturanegra\/wp-json\/wp\/v2\/types\/page"}],"author":[{"embeddable":true,"href":"https:\/\/rotasturisticas.jundiai.sp.gov.br\/culturanegra\/wp-json\/wp\/v2\/users\/23"}],"replies":[{"embeddable":true,"href":"https:\/\/rotasturisticas.jundiai.sp.gov.br\/culturanegra\/wp-json\/wp\/v2\/comments?post=333"}],"version-history":[{"count":1,"href":"https:\/\/rotasturisticas.jundiai.sp.gov.br\/culturanegra\/wp-json\/wp\/v2\/pages\/333\/revisions"}],"predecessor-version":[{"id":341,"href":"https:\/\/rotasturisticas.jundiai.sp.gov.br\/culturanegra\/wp-json\/wp\/v2\/pages\/333\/revisions\/341"}],"up":[{"embeddable":true,"href":"https:\/\/rotasturisticas.jundiai.sp.gov.br\/culturanegra\/wp-json\/wp\/v2\/pages\/23"}],"wp:attachment":[{"href":"https:\/\/rotasturisticas.jundiai.sp.gov.br\/culturanegra\/wp-json\/wp\/v2\/media?parent=333"}],"curies":[{"name":"wp","href":"https:\/\/api.w.org\/{rel}","templated":true}]}}