{"id":307,"date":"2025-04-08T13:40:29","date_gmt":"2025-04-08T16:40:29","guid":{"rendered":"https:\/\/rotasturisticas.jundiai.sp.gov.br\/afro\/?page_id=307"},"modified":"2025-04-08T13:40:40","modified_gmt":"2025-04-08T16:40:40","slug":"coco-das-aguas-doces","status":"publish","type":"page","link":"https:\/\/rotasturisticas.jundiai.sp.gov.br\/culturanegra\/contato\/intervencoes-artisticas\/coco-das-aguas-doces\/","title":{"rendered":"Coco das \u00c1guas Doces"},"content":{"rendered":"\n<p>Coco das \u00c1guas Doces \u00e9 um grupo de coco de roda composto por mulheres que nasce em 2014 com o prop\u00f3sito de aprender cada vez mais sobre as brincadeiras da cultura popular brasileira e ter o Coco de Roda como meio para saudar e reverenciar os ancestrais e os grandes mestres e mestras. Com m\u00fasicas autorais e de dom\u00ednio p\u00fablico, revisitam importantes influ\u00eancias do Coco de Roda aliada \u00e0 for\u00e7a ancestral que as levaram a se unir neste projeto, o Coco das \u00c1guas Doces j\u00e1 realizou diversas apresenta\u00e7\u00f5es e oficinas no estado de S\u00e3o Paulo\u2026 Simbora brincar, ser feliz e sambar coco com o Coco das \u00c1guas Doces!<\/p>\n\n\n\n<figure class=\"wp-block-gallery has-nested-images columns-default is-cropped wp-block-gallery-1 is-layout-flex wp-block-gallery-is-layout-flex\">\n<figure class=\"wp-block-image size-large\"><img loading=\"lazy\" decoding=\"async\" width=\"1279\" height=\"939\" data-id=\"308\" src=\"https:\/\/rotasturisticas.jundiai.sp.gov.br\/afro\/wp-content\/uploads\/sites\/11\/2025\/04\/Coco-das-Aguas-Doces.jpeg\" alt=\"\" class=\"wp-image-308\" srcset=\"https:\/\/rotasturisticas.jundiai.sp.gov.br\/culturanegra\/wp-content\/uploads\/sites\/11\/2025\/04\/Coco-das-Aguas-Doces.jpeg 1279w, https:\/\/rotasturisticas.jundiai.sp.gov.br\/culturanegra\/wp-content\/uploads\/sites\/11\/2025\/04\/Coco-das-Aguas-Doces-768x564.jpeg 768w\" sizes=\"auto, (max-width: 1279px) 100vw, 1279px\" \/><\/figure>\n<\/figure>\n\n\n\n<p><\/p>\n","protected":false},"excerpt":{"rendered":"<p>Coco das \u00c1guas Doces \u00e9 um grupo de coco de roda composto por mulheres que nasce em 2014 com o prop\u00f3sito de aprender cada vez mais sobre as brincadeiras da cultura popular brasileira e ter o Coco de Roda como meio para saudar e reverenciar os ancestrais e os grandes mestres e mestras. Com m\u00fasicas [&hellip;]<\/p>\n","protected":false},"author":16,"featured_media":0,"parent":34,"menu_order":0,"comment_status":"closed","ping_status":"closed","template":"page-local.php","meta":{"footnotes":""},"class_list":["post-307","page","type-page","status-publish","hentry"],"_links":{"self":[{"href":"https:\/\/rotasturisticas.jundiai.sp.gov.br\/culturanegra\/wp-json\/wp\/v2\/pages\/307","targetHints":{"allow":["GET"]}}],"collection":[{"href":"https:\/\/rotasturisticas.jundiai.sp.gov.br\/culturanegra\/wp-json\/wp\/v2\/pages"}],"about":[{"href":"https:\/\/rotasturisticas.jundiai.sp.gov.br\/culturanegra\/wp-json\/wp\/v2\/types\/page"}],"author":[{"embeddable":true,"href":"https:\/\/rotasturisticas.jundiai.sp.gov.br\/culturanegra\/wp-json\/wp\/v2\/users\/16"}],"replies":[{"embeddable":true,"href":"https:\/\/rotasturisticas.jundiai.sp.gov.br\/culturanegra\/wp-json\/wp\/v2\/comments?post=307"}],"version-history":[{"count":1,"href":"https:\/\/rotasturisticas.jundiai.sp.gov.br\/culturanegra\/wp-json\/wp\/v2\/pages\/307\/revisions"}],"predecessor-version":[{"id":309,"href":"https:\/\/rotasturisticas.jundiai.sp.gov.br\/culturanegra\/wp-json\/wp\/v2\/pages\/307\/revisions\/309"}],"up":[{"embeddable":true,"href":"https:\/\/rotasturisticas.jundiai.sp.gov.br\/culturanegra\/wp-json\/wp\/v2\/pages\/34"}],"wp:attachment":[{"href":"https:\/\/rotasturisticas.jundiai.sp.gov.br\/culturanegra\/wp-json\/wp\/v2\/media?parent=307"}],"curies":[{"name":"wp","href":"https:\/\/api.w.org\/{rel}","templated":true}]}}