{"id":204,"date":"2025-03-27T08:19:55","date_gmt":"2025-03-27T11:19:55","guid":{"rendered":"https:\/\/rotasturisticas.jundiai.sp.gov.br\/afro\/?page_id=204"},"modified":"2025-03-27T09:11:32","modified_gmt":"2025-03-27T12:11:32","slug":"blandicie","status":"publish","type":"page","link":"https:\/\/rotasturisticas.jundiai.sp.gov.br\/culturanegra\/empreendedores\/blandicie\/","title":{"rendered":"Blandicie"},"content":{"rendered":"\n<p>N\u00f3s somos uma browneria e trabalhamos com sabores criativos de brownies!<br>Dentro no nosso card\u00e1pio, destacam-se os brownies de Bacon, queijo com goiabada, Queijadinha e o nosso sabor mais vendido Red Velvet com Cream cheese.<br>N\u00f3s misturamos os sabores para que a sua experi\u00eancia seja Inesquec\u00edvel!<\/p>\n\n\n\n<figure class=\"wp-block-gallery has-nested-images columns-default is-cropped wp-block-gallery-1 is-layout-flex wp-block-gallery-is-layout-flex\">\n<figure class=\"wp-block-image size-large\"><img loading=\"lazy\" decoding=\"async\" width=\"534\" height=\"950\" data-id=\"205\" src=\"https:\/\/rotasturisticas.jundiai.sp.gov.br\/afro\/wp-content\/uploads\/sites\/11\/2025\/03\/20241009_132059-Camila-Matos-534x950.jpg\" alt=\"\" class=\"wp-image-205\" srcset=\"https:\/\/rotasturisticas.jundiai.sp.gov.br\/culturanegra\/wp-content\/uploads\/sites\/11\/2025\/03\/20241009_132059-Camila-Matos-534x950.jpg 534w, https:\/\/rotasturisticas.jundiai.sp.gov.br\/culturanegra\/wp-content\/uploads\/sites\/11\/2025\/03\/20241009_132059-Camila-Matos-768x1365.jpg 768w, https:\/\/rotasturisticas.jundiai.sp.gov.br\/culturanegra\/wp-content\/uploads\/sites\/11\/2025\/03\/20241009_132059-Camila-Matos-864x1536.jpg 864w, https:\/\/rotasturisticas.jundiai.sp.gov.br\/culturanegra\/wp-content\/uploads\/sites\/11\/2025\/03\/20241009_132059-Camila-Matos.jpg 900w\" sizes=\"auto, (max-width: 534px) 100vw, 534px\" \/><\/figure>\n\n\n\n<figure class=\"wp-block-image size-large\"><img loading=\"lazy\" decoding=\"async\" width=\"950\" height=\"950\" data-id=\"206\" src=\"https:\/\/rotasturisticas.jundiai.sp.gov.br\/afro\/wp-content\/uploads\/sites\/11\/2025\/03\/IMG-20241023-WA0008-Camila-Matos-950x950.jpg\" alt=\"\" class=\"wp-image-206\" srcset=\"https:\/\/rotasturisticas.jundiai.sp.gov.br\/culturanegra\/wp-content\/uploads\/sites\/11\/2025\/03\/IMG-20241023-WA0008-Camila-Matos-950x950.jpg 950w, https:\/\/rotasturisticas.jundiai.sp.gov.br\/culturanegra\/wp-content\/uploads\/sites\/11\/2025\/03\/IMG-20241023-WA0008-Camila-Matos-100x100.jpg 100w, https:\/\/rotasturisticas.jundiai.sp.gov.br\/culturanegra\/wp-content\/uploads\/sites\/11\/2025\/03\/IMG-20241023-WA0008-Camila-Matos-768x768.jpg 768w, https:\/\/rotasturisticas.jundiai.sp.gov.br\/culturanegra\/wp-content\/uploads\/sites\/11\/2025\/03\/IMG-20241023-WA0008-Camila-Matos.jpg 1280w\" sizes=\"auto, (max-width: 950px) 100vw, 950px\" \/><\/figure>\n\n\n\n<figure class=\"wp-block-image size-large\"><img loading=\"lazy\" decoding=\"async\" width=\"950\" height=\"950\" data-id=\"207\" src=\"https:\/\/rotasturisticas.jundiai.sp.gov.br\/afro\/wp-content\/uploads\/sites\/11\/2025\/03\/IMG-20241023-WA0007-Camila-Matos-950x950.jpg\" alt=\"\" class=\"wp-image-207\" srcset=\"https:\/\/rotasturisticas.jundiai.sp.gov.br\/culturanegra\/wp-content\/uploads\/sites\/11\/2025\/03\/IMG-20241023-WA0007-Camila-Matos-950x950.jpg 950w, https:\/\/rotasturisticas.jundiai.sp.gov.br\/culturanegra\/wp-content\/uploads\/sites\/11\/2025\/03\/IMG-20241023-WA0007-Camila-Matos-100x100.jpg 100w, https:\/\/rotasturisticas.jundiai.sp.gov.br\/culturanegra\/wp-content\/uploads\/sites\/11\/2025\/03\/IMG-20241023-WA0007-Camila-Matos-768x768.jpg 768w, https:\/\/rotasturisticas.jundiai.sp.gov.br\/culturanegra\/wp-content\/uploads\/sites\/11\/2025\/03\/IMG-20241023-WA0007-Camila-Matos.jpg 1280w\" sizes=\"auto, (max-width: 950px) 100vw, 950px\" \/><\/figure>\n\n\n\n<figure class=\"wp-block-image size-large\"><img loading=\"lazy\" decoding=\"async\" width=\"950\" height=\"950\" data-id=\"208\" src=\"https:\/\/rotasturisticas.jundiai.sp.gov.br\/afro\/wp-content\/uploads\/sites\/11\/2025\/03\/IMG-20240731-WA0004-Camila-Matos-950x950.jpg\" alt=\"\" class=\"wp-image-208\" srcset=\"https:\/\/rotasturisticas.jundiai.sp.gov.br\/culturanegra\/wp-content\/uploads\/sites\/11\/2025\/03\/IMG-20240731-WA0004-Camila-Matos-950x950.jpg 950w, https:\/\/rotasturisticas.jundiai.sp.gov.br\/culturanegra\/wp-content\/uploads\/sites\/11\/2025\/03\/IMG-20240731-WA0004-Camila-Matos-100x100.jpg 100w, https:\/\/rotasturisticas.jundiai.sp.gov.br\/culturanegra\/wp-content\/uploads\/sites\/11\/2025\/03\/IMG-20240731-WA0004-Camila-Matos-768x768.jpg 768w, https:\/\/rotasturisticas.jundiai.sp.gov.br\/culturanegra\/wp-content\/uploads\/sites\/11\/2025\/03\/IMG-20240731-WA0004-Camila-Matos.jpg 1280w\" sizes=\"auto, (max-width: 950px) 100vw, 950px\" \/><\/figure>\n\n\n\n<figure class=\"wp-block-image size-large\"><img loading=\"lazy\" decoding=\"async\" width=\"950\" height=\"950\" data-id=\"210\" src=\"https:\/\/rotasturisticas.jundiai.sp.gov.br\/afro\/wp-content\/uploads\/sites\/11\/2025\/03\/IMG-20240731-WA0003-Camila-Matos-950x950.jpg\" alt=\"\" class=\"wp-image-210\" srcset=\"https:\/\/rotasturisticas.jundiai.sp.gov.br\/culturanegra\/wp-content\/uploads\/sites\/11\/2025\/03\/IMG-20240731-WA0003-Camila-Matos-950x950.jpg 950w, https:\/\/rotasturisticas.jundiai.sp.gov.br\/culturanegra\/wp-content\/uploads\/sites\/11\/2025\/03\/IMG-20240731-WA0003-Camila-Matos-100x100.jpg 100w, https:\/\/rotasturisticas.jundiai.sp.gov.br\/culturanegra\/wp-content\/uploads\/sites\/11\/2025\/03\/IMG-20240731-WA0003-Camila-Matos-768x768.jpg 768w, https:\/\/rotasturisticas.jundiai.sp.gov.br\/culturanegra\/wp-content\/uploads\/sites\/11\/2025\/03\/IMG-20240731-WA0003-Camila-Matos.jpg 1280w\" sizes=\"auto, (max-width: 950px) 100vw, 950px\" \/><\/figure>\n\n\n\n<figure class=\"wp-block-image size-large\"><img loading=\"lazy\" decoding=\"async\" width=\"950\" height=\"950\" data-id=\"209\" src=\"https:\/\/rotasturisticas.jundiai.sp.gov.br\/afro\/wp-content\/uploads\/sites\/11\/2025\/03\/IMG-20250113-WA0001-Camila-Matos-950x950.jpg\" alt=\"\" class=\"wp-image-209\" srcset=\"https:\/\/rotasturisticas.jundiai.sp.gov.br\/culturanegra\/wp-content\/uploads\/sites\/11\/2025\/03\/IMG-20250113-WA0001-Camila-Matos-950x950.jpg 950w, https:\/\/rotasturisticas.jundiai.sp.gov.br\/culturanegra\/wp-content\/uploads\/sites\/11\/2025\/03\/IMG-20250113-WA0001-Camila-Matos-100x100.jpg 100w, https:\/\/rotasturisticas.jundiai.sp.gov.br\/culturanegra\/wp-content\/uploads\/sites\/11\/2025\/03\/IMG-20250113-WA0001-Camila-Matos-768x768.jpg 768w, https:\/\/rotasturisticas.jundiai.sp.gov.br\/culturanegra\/wp-content\/uploads\/sites\/11\/2025\/03\/IMG-20250113-WA0001-Camila-Matos.jpg 1280w\" sizes=\"auto, (max-width: 950px) 100vw, 950px\" \/><\/figure>\n\n\n\n<figure class=\"wp-block-image size-large\"><img loading=\"lazy\" decoding=\"async\" width=\"950\" height=\"950\" data-id=\"211\" src=\"https:\/\/rotasturisticas.jundiai.sp.gov.br\/afro\/wp-content\/uploads\/sites\/11\/2025\/03\/IMG-20250113-WA0002-Camila-Matos-950x950.jpg\" alt=\"\" class=\"wp-image-211\" srcset=\"https:\/\/rotasturisticas.jundiai.sp.gov.br\/culturanegra\/wp-content\/uploads\/sites\/11\/2025\/03\/IMG-20250113-WA0002-Camila-Matos-950x950.jpg 950w, https:\/\/rotasturisticas.jundiai.sp.gov.br\/culturanegra\/wp-content\/uploads\/sites\/11\/2025\/03\/IMG-20250113-WA0002-Camila-Matos-100x100.jpg 100w, https:\/\/rotasturisticas.jundiai.sp.gov.br\/culturanegra\/wp-content\/uploads\/sites\/11\/2025\/03\/IMG-20250113-WA0002-Camila-Matos-768x768.jpg 768w, https:\/\/rotasturisticas.jundiai.sp.gov.br\/culturanegra\/wp-content\/uploads\/sites\/11\/2025\/03\/IMG-20250113-WA0002-Camila-Matos.jpg 1280w\" sizes=\"auto, (max-width: 950px) 100vw, 950px\" \/><\/figure>\n\n\n\n<figure class=\"wp-block-image size-large\"><img loading=\"lazy\" decoding=\"async\" width=\"950\" height=\"950\" data-id=\"214\" src=\"https:\/\/rotasturisticas.jundiai.sp.gov.br\/afro\/wp-content\/uploads\/sites\/11\/2025\/03\/20250108_124757-Camila-Matos-950x950.jpg\" alt=\"\" class=\"wp-image-214\" srcset=\"https:\/\/rotasturisticas.jundiai.sp.gov.br\/culturanegra\/wp-content\/uploads\/sites\/11\/2025\/03\/20250108_124757-Camila-Matos-950x950.jpg 950w, https:\/\/rotasturisticas.jundiai.sp.gov.br\/culturanegra\/wp-content\/uploads\/sites\/11\/2025\/03\/20250108_124757-Camila-Matos-100x100.jpg 100w, https:\/\/rotasturisticas.jundiai.sp.gov.br\/culturanegra\/wp-content\/uploads\/sites\/11\/2025\/03\/20250108_124757-Camila-Matos-768x768.jpg 768w, https:\/\/rotasturisticas.jundiai.sp.gov.br\/culturanegra\/wp-content\/uploads\/sites\/11\/2025\/03\/20250108_124757-Camila-Matos.jpg 1280w\" sizes=\"auto, (max-width: 950px) 100vw, 950px\" \/><\/figure>\n\n\n\n<figure class=\"wp-block-image size-large\"><img loading=\"lazy\" decoding=\"async\" width=\"950\" height=\"950\" data-id=\"212\" src=\"https:\/\/rotasturisticas.jundiai.sp.gov.br\/afro\/wp-content\/uploads\/sites\/11\/2025\/03\/IMG_20240906_115305_799-Camila-Matos-1-950x950.jpg\" alt=\"\" class=\"wp-image-212\" srcset=\"https:\/\/rotasturisticas.jundiai.sp.gov.br\/culturanegra\/wp-content\/uploads\/sites\/11\/2025\/03\/IMG_20240906_115305_799-Camila-Matos-1-950x950.jpg 950w, https:\/\/rotasturisticas.jundiai.sp.gov.br\/culturanegra\/wp-content\/uploads\/sites\/11\/2025\/03\/IMG_20240906_115305_799-Camila-Matos-1-100x100.jpg 100w, https:\/\/rotasturisticas.jundiai.sp.gov.br\/culturanegra\/wp-content\/uploads\/sites\/11\/2025\/03\/IMG_20240906_115305_799-Camila-Matos-1-768x768.jpg 768w, https:\/\/rotasturisticas.jundiai.sp.gov.br\/culturanegra\/wp-content\/uploads\/sites\/11\/2025\/03\/IMG_20240906_115305_799-Camila-Matos-1.jpg 1280w\" sizes=\"auto, (max-width: 950px) 100vw, 950px\" \/><\/figure>\n<\/figure>\n","protected":false},"excerpt":{"rendered":"<p>N\u00f3s somos uma browneria e trabalhamos com sabores criativos de brownies!Dentro no nosso card\u00e1pio, destacam-se os brownies de Bacon, queijo com goiabada, Queijadinha e o nosso sabor mais vendido Red Velvet com Cream cheese.N\u00f3s misturamos os sabores para que a sua experi\u00eancia seja Inesquec\u00edvel!<\/p>\n","protected":false},"author":16,"featured_media":0,"parent":25,"menu_order":0,"comment_status":"closed","ping_status":"closed","template":"page-local.php","meta":{"footnotes":""},"class_list":["post-204","page","type-page","status-publish","hentry"],"_links":{"self":[{"href":"https:\/\/rotasturisticas.jundiai.sp.gov.br\/culturanegra\/wp-json\/wp\/v2\/pages\/204","targetHints":{"allow":["GET"]}}],"collection":[{"href":"https:\/\/rotasturisticas.jundiai.sp.gov.br\/culturanegra\/wp-json\/wp\/v2\/pages"}],"about":[{"href":"https:\/\/rotasturisticas.jundiai.sp.gov.br\/culturanegra\/wp-json\/wp\/v2\/types\/page"}],"author":[{"embeddable":true,"href":"https:\/\/rotasturisticas.jundiai.sp.gov.br\/culturanegra\/wp-json\/wp\/v2\/users\/16"}],"replies":[{"embeddable":true,"href":"https:\/\/rotasturisticas.jundiai.sp.gov.br\/culturanegra\/wp-json\/wp\/v2\/comments?post=204"}],"version-history":[{"count":1,"href":"https:\/\/rotasturisticas.jundiai.sp.gov.br\/culturanegra\/wp-json\/wp\/v2\/pages\/204\/revisions"}],"predecessor-version":[{"id":215,"href":"https:\/\/rotasturisticas.jundiai.sp.gov.br\/culturanegra\/wp-json\/wp\/v2\/pages\/204\/revisions\/215"}],"up":[{"embeddable":true,"href":"https:\/\/rotasturisticas.jundiai.sp.gov.br\/culturanegra\/wp-json\/wp\/v2\/pages\/25"}],"wp:attachment":[{"href":"https:\/\/rotasturisticas.jundiai.sp.gov.br\/culturanegra\/wp-json\/wp\/v2\/media?parent=204"}],"curies":[{"name":"wp","href":"https:\/\/api.w.org\/{rel}","templated":true}]}}