{"id":71,"date":"2016-11-08T10:42:23","date_gmt":"2016-11-08T12:42:23","guid":{"rendered":"http:\/\/rotasturisticas.jundiai.sp.gov.br\/culturaitaliana\/?page_id=71"},"modified":"2024-09-03T11:59:48","modified_gmt":"2024-09-03T14:59:48","slug":"adega-santa-cecilia","status":"publish","type":"page","link":"https:\/\/rotasturisticas.jundiai.sp.gov.br\/culturaitaliana\/lojas-especiais\/adega-santa-cecilia\/","title":{"rendered":"Adega Santa Cec\u00edlia"},"content":{"rendered":"\n<p>Venha conhecer e apreciar os produtos artesanais, al\u00e9m dos vinhos, licores, doces caseiros, molhos e produtos derivados do caf\u00e9.<\/p>\n\n\n\n<p>Um pedacinho do interior totalmente dispon\u00edvel para um passeio entre as mais diversas esp\u00e9cies de \u00e1rvores, plantas e produ\u00e7\u00e3o de uvas.<\/p>\n\n\n\n<p>Al\u00e9m de conhecer o processo de fabrica\u00e7\u00e3o do vinho, o visitante poder\u00e1 tamb\u00e9m conhecer o parreiral, canil e a Capela de Santa Cec\u00edlia.<\/p>\n\n\n\n<p>O S\u00edtio Santa Cec\u00edlia produz, desde 1974, vinhos elaborados com uvas cultivadas em suas terras.<\/p>\n\n\n\n<p>Ambiente preservado e mantendo os tra\u00e7os r\u00fasticos do passado. Oferece produtos para degusta\u00e7\u00e3o e comercializa\u00e7\u00e3o, fabricados no s\u00edtio, entre outros de produtores locais.<\/p>\n\n\n\n<p>A loja fica instalada dentro de um tonel real em madeira, transformando ainda mais agrad\u00e1vel a sua experi\u00eancia.<\/p>\n\n\n\n<p>&nbsp;<\/p>\n\n\n\n<figure class=\"wp-block-gallery has-nested-images columns-default is-cropped wp-block-gallery-1 is-layout-flex wp-block-gallery-is-layout-flex\">\n<figure class=\"wp-block-image size-large\"><a href=\"https:\/\/rotasturisticas.jundiai.sp.gov.br\/culturaitaliana\/wp-content\/uploads\/sites\/5\/2024\/09\/Adega-Santa-Cecilia-1-6.jpg\"><img loading=\"lazy\" decoding=\"async\" width=\"1280\" height=\"851\" data-id=\"417\" src=\"https:\/\/rotasturisticas.jundiai.sp.gov.br\/culturaitaliana\/wp-content\/uploads\/sites\/5\/2024\/09\/Adega-Santa-Cecilia-1-6.jpg\" alt=\"\" class=\"wp-image-417\" srcset=\"https:\/\/rotasturisticas.jundiai.sp.gov.br\/culturaitaliana\/wp-content\/uploads\/sites\/5\/2024\/09\/Adega-Santa-Cecilia-1-6.jpg 1280w, https:\/\/rotasturisticas.jundiai.sp.gov.br\/culturaitaliana\/wp-content\/uploads\/sites\/5\/2024\/09\/Adega-Santa-Cecilia-1-6-768x511.jpg 768w\" sizes=\"auto, (max-width: 1280px) 100vw, 1280px\" \/><\/a><\/figure>\n\n\n\n<figure class=\"wp-block-image size-large\"><a href=\"https:\/\/rotasturisticas.jundiai.sp.gov.br\/culturaitaliana\/wp-content\/uploads\/sites\/5\/2024\/09\/Adega-Santa-Cecilia-1-5.jpg\"><img loading=\"lazy\" decoding=\"async\" width=\"1280\" height=\"853\" data-id=\"416\" src=\"https:\/\/rotasturisticas.jundiai.sp.gov.br\/culturaitaliana\/wp-content\/uploads\/sites\/5\/2024\/09\/Adega-Santa-Cecilia-1-5.jpg\" alt=\"\" class=\"wp-image-416\" srcset=\"https:\/\/rotasturisticas.jundiai.sp.gov.br\/culturaitaliana\/wp-content\/uploads\/sites\/5\/2024\/09\/Adega-Santa-Cecilia-1-5.jpg 1280w, https:\/\/rotasturisticas.jundiai.sp.gov.br\/culturaitaliana\/wp-content\/uploads\/sites\/5\/2024\/09\/Adega-Santa-Cecilia-1-5-768x512.jpg 768w\" sizes=\"auto, (max-width: 1280px) 100vw, 1280px\" \/><\/a><\/figure>\n\n\n\n<figure class=\"wp-block-image size-large\"><a href=\"https:\/\/rotasturisticas.jundiai.sp.gov.br\/culturaitaliana\/wp-content\/uploads\/sites\/5\/2024\/09\/Adega-Santa-Cecilia-39-3.jpg\"><img loading=\"lazy\" decoding=\"async\" width=\"1280\" height=\"818\" data-id=\"418\" src=\"https:\/\/rotasturisticas.jundiai.sp.gov.br\/culturaitaliana\/wp-content\/uploads\/sites\/5\/2024\/09\/Adega-Santa-Cecilia-39-3.jpg\" alt=\"\" class=\"wp-image-418\" srcset=\"https:\/\/rotasturisticas.jundiai.sp.gov.br\/culturaitaliana\/wp-content\/uploads\/sites\/5\/2024\/09\/Adega-Santa-Cecilia-39-3.jpg 1280w, https:\/\/rotasturisticas.jundiai.sp.gov.br\/culturaitaliana\/wp-content\/uploads\/sites\/5\/2024\/09\/Adega-Santa-Cecilia-39-3-768x491.jpg 768w\" sizes=\"auto, (max-width: 1280px) 100vw, 1280px\" \/><\/a><\/figure>\n\n\n\n<figure class=\"wp-block-image size-large\"><a href=\"https:\/\/rotasturisticas.jundiai.sp.gov.br\/culturaitaliana\/wp-content\/uploads\/sites\/5\/2024\/09\/Adega-Santa-Cecilia-43-1.jpg\"><img loading=\"lazy\" decoding=\"async\" width=\"265\" height=\"265\" data-id=\"419\" src=\"https:\/\/rotasturisticas.jundiai.sp.gov.br\/culturaitaliana\/wp-content\/uploads\/sites\/5\/2024\/09\/Adega-Santa-Cecilia-43-1.jpg\" alt=\"\" class=\"wp-image-419\" srcset=\"https:\/\/rotasturisticas.jundiai.sp.gov.br\/culturaitaliana\/wp-content\/uploads\/sites\/5\/2024\/09\/Adega-Santa-Cecilia-43-1.jpg 265w, https:\/\/rotasturisticas.jundiai.sp.gov.br\/culturaitaliana\/wp-content\/uploads\/sites\/5\/2024\/09\/Adega-Santa-Cecilia-43-1-100x100.jpg 100w\" sizes=\"auto, (max-width: 265px) 100vw, 265px\" \/><\/a><\/figure>\n\n\n\n<figure class=\"wp-block-image size-large\"><a href=\"https:\/\/rotasturisticas.jundiai.sp.gov.br\/culturaitaliana\/wp-content\/uploads\/sites\/5\/2024\/09\/Adega-Santa-Cecilia-44-1.jpg\"><img loading=\"lazy\" decoding=\"async\" width=\"265\" height=\"265\" data-id=\"420\" src=\"https:\/\/rotasturisticas.jundiai.sp.gov.br\/culturaitaliana\/wp-content\/uploads\/sites\/5\/2024\/09\/Adega-Santa-Cecilia-44-1.jpg\" alt=\"\" class=\"wp-image-420\" srcset=\"https:\/\/rotasturisticas.jundiai.sp.gov.br\/culturaitaliana\/wp-content\/uploads\/sites\/5\/2024\/09\/Adega-Santa-Cecilia-44-1.jpg 265w, https:\/\/rotasturisticas.jundiai.sp.gov.br\/culturaitaliana\/wp-content\/uploads\/sites\/5\/2024\/09\/Adega-Santa-Cecilia-44-1-100x100.jpg 100w\" sizes=\"auto, (max-width: 265px) 100vw, 265px\" \/><\/a><\/figure>\n<\/figure>\n\n\n\n<p><\/p>\n\n\n\n<p><\/p>\n\n\n\n<p><\/p>\n","protected":false},"excerpt":{"rendered":"<p>Venha conhecer e apreciar os produtos artesanais, al\u00e9m dos vinhos, licores, doces caseiros, molhos e produtos derivados do caf\u00e9. Um pedacinho do interior totalmente dispon\u00edvel para um passeio entre as mais diversas esp\u00e9cies de \u00e1rvores, plantas e produ\u00e7\u00e3o de uvas. Al\u00e9m de conhecer o processo de fabrica\u00e7\u00e3o do vinho, o visitante poder\u00e1 tamb\u00e9m conhecer o [&hellip;]<\/p>\n","protected":false},"author":4,"featured_media":0,"parent":63,"menu_order":0,"comment_status":"closed","ping_status":"closed","template":"page-local.php","meta":{"footnotes":""},"class_list":["post-71","page","type-page","status-publish","hentry"],"_links":{"self":[{"href":"https:\/\/rotasturisticas.jundiai.sp.gov.br\/culturaitaliana\/wp-json\/wp\/v2\/pages\/71","targetHints":{"allow":["GET"]}}],"collection":[{"href":"https:\/\/rotasturisticas.jundiai.sp.gov.br\/culturaitaliana\/wp-json\/wp\/v2\/pages"}],"about":[{"href":"https:\/\/rotasturisticas.jundiai.sp.gov.br\/culturaitaliana\/wp-json\/wp\/v2\/types\/page"}],"author":[{"embeddable":true,"href":"https:\/\/rotasturisticas.jundiai.sp.gov.br\/culturaitaliana\/wp-json\/wp\/v2\/users\/4"}],"replies":[{"embeddable":true,"href":"https:\/\/rotasturisticas.jundiai.sp.gov.br\/culturaitaliana\/wp-json\/wp\/v2\/comments?post=71"}],"version-history":[{"count":6,"href":"https:\/\/rotasturisticas.jundiai.sp.gov.br\/culturaitaliana\/wp-json\/wp\/v2\/pages\/71\/revisions"}],"predecessor-version":[{"id":433,"href":"https:\/\/rotasturisticas.jundiai.sp.gov.br\/culturaitaliana\/wp-json\/wp\/v2\/pages\/71\/revisions\/433"}],"up":[{"embeddable":true,"href":"https:\/\/rotasturisticas.jundiai.sp.gov.br\/culturaitaliana\/wp-json\/wp\/v2\/pages\/63"}],"wp:attachment":[{"href":"https:\/\/rotasturisticas.jundiai.sp.gov.br\/culturaitaliana\/wp-json\/wp\/v2\/media?parent=71"}],"curies":[{"name":"wp","href":"https:\/\/api.w.org\/{rel}","templated":true}]}}