{"id":483,"date":"2024-09-19T14:38:45","date_gmt":"2024-09-19T17:38:45","guid":{"rendered":"https:\/\/rotasturisticas.jundiai.sp.gov.br\/culturaitaliana\/?page_id=483"},"modified":"2024-09-19T14:43:54","modified_gmt":"2024-09-19T17:43:54","slug":"michelin-frutas-e-cereais","status":"publish","type":"page","link":"https:\/\/rotasturisticas.jundiai.sp.gov.br\/culturaitaliana\/o-que-visitar\/michelin-frutas-e-cereais\/","title":{"rendered":"Michelin Frutas e Cereais"},"content":{"rendered":"\n<p>A hist\u00f3ria da fam\u00edlia Michelin teve in\u00edcio com a chegada no Brasil, vindos da It\u00e1lia, por volta de 1900. Escolheram o interior de S\u00e3o Paulo como morada, at\u00e9 que no ano de 1930, a fam\u00edlia se mudou para a cidade de Jundia\u00ed &#8211; SP, onde comprou uma fazenda no Bairro Bom Jardim. O intuito da fam\u00edlia, naquela \u00e9poca, era o de plantar uva para produ\u00e7\u00e3o de vinho, mas com a muta\u00e7\u00e3o da Uva Ni\u00e1gara Rosada ocorrida no ano de 1933, come\u00e7aram o cultivo dessa variedade para venda e fazemos isso at\u00e9 hoje.<br>Ap\u00f3s quase 100 anos de hist\u00f3ria, hoje abrimos as nossas portas para o turismo rural, com a inten\u00e7\u00e3o de contar toda essa tradi\u00e7\u00e3o e tamb\u00e9m mostrar aos visitantes a nossa produ\u00e7\u00e3o.<br>Os turistas vivenciam uma experi\u00eancia inesquec\u00edvel com o sistema colhe e pague, onde o pr\u00f3prio visitante pode desfrutar de colher a sua pr\u00f3pria fruta direto do p\u00e9.<br>As frutas que os visitantes podem colher s\u00e3o: Uva Ni\u00e1gara, P\u00eassego, Morango, Goiaba, Lichia, Pitaia e futuramente outras frutas.<br>Contamos tamb\u00e9m com um passeio de trenzinho por toda a prioridade e um delicioso caf\u00e9 caipira.<br>Venha nos conhecer e viver essa experi\u00eancia.<\/p>\n\n\n\n<figure class=\"wp-block-gallery has-nested-images columns-default is-cropped wp-block-gallery-1 is-layout-flex wp-block-gallery-is-layout-flex\">\n<figure class=\"wp-block-image size-large\"><img decoding=\"async\" data-id=\"27166\" src=\"https:\/\/turismo.jundiai.sp.gov.br\/wp-content\/uploads\/2024\/09\/5b2cd3a1-d31e-4510-ae74-e2e55c57ec6f-Andre-Michelin-712x950.jpeg\" alt=\"\" class=\"wp-image-27166\" \/><\/figure>\n\n\n\n<figure class=\"wp-block-image size-large\"><img decoding=\"async\" data-id=\"27162\" src=\"https:\/\/turismo.jundiai.sp.gov.br\/wp-content\/uploads\/2024\/09\/4193d2a7-7d18-4fca-8741-fab3045147eb-Andre-Michelin-715x950.jpeg\" alt=\"\" class=\"wp-image-27162\" \/><\/figure>\n\n\n\n<figure class=\"wp-block-image size-large\"><img decoding=\"async\" data-id=\"27161\" src=\"https:\/\/turismo.jundiai.sp.gov.br\/wp-content\/uploads\/2024\/09\/5631a019-d7f7-4edc-88be-3317f6f21a46-Andre-Michelin-951x950.jpeg\" alt=\"\" class=\"wp-image-27161\" \/><\/figure>\n\n\n\n<figure class=\"wp-block-image size-large\"><img decoding=\"async\" data-id=\"27169\" src=\"https:\/\/turismo.jundiai.sp.gov.br\/wp-content\/uploads\/2024\/09\/62658da3-7bbe-4764-9c5d-19f928ede81d-Andre-Michelin-715x950.jpeg\" alt=\"\" class=\"wp-image-27169\" \/><\/figure>\n\n\n\n<figure class=\"wp-block-image size-large\"><img decoding=\"async\" data-id=\"27168\" src=\"https:\/\/turismo.jundiai.sp.gov.br\/wp-content\/uploads\/2024\/09\/81362dc1-3e38-4b8b-83ac-f1036198954b-Andre-Michelin-715x950.jpeg\" alt=\"\" class=\"wp-image-27168\" \/><\/figure>\n\n\n\n<figure class=\"wp-block-image size-large\"><img decoding=\"async\" data-id=\"27163\" src=\"https:\/\/turismo.jundiai.sp.gov.br\/wp-content\/uploads\/2024\/09\/bf4a1119-463d-44f7-9499-ed7847267644-Andre-Michelin.jpeg\" alt=\"\" class=\"wp-image-27163\" \/><\/figure>\n\n\n\n<figure class=\"wp-block-image size-large\"><img decoding=\"async\" data-id=\"27167\" src=\"https:\/\/turismo.jundiai.sp.gov.br\/wp-content\/uploads\/2024\/09\/c7ef193a-c7b9-45df-96d1-fbe98c273ba7-Andre-Michelin-1267x950.jpeg\" alt=\"\" class=\"wp-image-27167\" \/><\/figure>\n\n\n\n<figure class=\"wp-block-image size-large\"><img decoding=\"async\" data-id=\"27165\" src=\"https:\/\/turismo.jundiai.sp.gov.br\/wp-content\/uploads\/2024\/09\/d43a59f1-cb77-4cdc-b35f-5df99687969a-Andre-Michelin-428x950.jpeg\" alt=\"\" class=\"wp-image-27165\" \/><\/figure>\n\n\n\n<figure class=\"wp-block-image size-large\"><img decoding=\"async\" data-id=\"27164\" src=\"https:\/\/turismo.jundiai.sp.gov.br\/wp-content\/uploads\/2024\/09\/d518c213-a397-4c01-a382-94453b0211b5-Andre-Michelin-950x950.jpeg\" alt=\"\" class=\"wp-image-27164\" \/><\/figure>\n<\/figure>\n","protected":false},"excerpt":{"rendered":"<p>A hist\u00f3ria da fam\u00edlia Michelin teve in\u00edcio com a chegada no Brasil, vindos da It\u00e1lia, por volta de 1900. Escolheram o interior de S\u00e3o Paulo como morada, at\u00e9 que no ano de 1930, a fam\u00edlia se mudou para a cidade de Jundia\u00ed &#8211; SP, onde comprou uma fazenda no Bairro Bom Jardim. O intuito da [&hellip;]<\/p>\n","protected":false},"author":16,"featured_media":490,"parent":19,"menu_order":0,"comment_status":"closed","ping_status":"closed","template":"page-local.php","meta":{"footnotes":""},"class_list":["post-483","page","type-page","status-publish","has-post-thumbnail","hentry"],"_links":{"self":[{"href":"https:\/\/rotasturisticas.jundiai.sp.gov.br\/culturaitaliana\/wp-json\/wp\/v2\/pages\/483","targetHints":{"allow":["GET"]}}],"collection":[{"href":"https:\/\/rotasturisticas.jundiai.sp.gov.br\/culturaitaliana\/wp-json\/wp\/v2\/pages"}],"about":[{"href":"https:\/\/rotasturisticas.jundiai.sp.gov.br\/culturaitaliana\/wp-json\/wp\/v2\/types\/page"}],"author":[{"embeddable":true,"href":"https:\/\/rotasturisticas.jundiai.sp.gov.br\/culturaitaliana\/wp-json\/wp\/v2\/users\/16"}],"replies":[{"embeddable":true,"href":"https:\/\/rotasturisticas.jundiai.sp.gov.br\/culturaitaliana\/wp-json\/wp\/v2\/comments?post=483"}],"version-history":[{"count":4,"href":"https:\/\/rotasturisticas.jundiai.sp.gov.br\/culturaitaliana\/wp-json\/wp\/v2\/pages\/483\/revisions"}],"predecessor-version":[{"id":496,"href":"https:\/\/rotasturisticas.jundiai.sp.gov.br\/culturaitaliana\/wp-json\/wp\/v2\/pages\/483\/revisions\/496"}],"up":[{"embeddable":true,"href":"https:\/\/rotasturisticas.jundiai.sp.gov.br\/culturaitaliana\/wp-json\/wp\/v2\/pages\/19"}],"wp:featuredmedia":[{"embeddable":true,"href":"https:\/\/rotasturisticas.jundiai.sp.gov.br\/culturaitaliana\/wp-json\/wp\/v2\/media\/490"}],"wp:attachment":[{"href":"https:\/\/rotasturisticas.jundiai.sp.gov.br\/culturaitaliana\/wp-json\/wp\/v2\/media?parent=483"}],"curies":[{"name":"wp","href":"https:\/\/api.w.org\/{rel}","templated":true}]}}