{"id":474,"date":"2024-09-16T11:48:28","date_gmt":"2024-09-16T14:48:28","guid":{"rendered":"https:\/\/rotasturisticas.jundiai.sp.gov.br\/culturaitaliana\/?page_id=474"},"modified":"2024-09-26T10:17:24","modified_gmt":"2024-09-26T13:17:24","slug":"agrocervejaria-steckbier","status":"publish","type":"page","link":"https:\/\/rotasturisticas.jundiai.sp.gov.br\/culturaitaliana\/onde-comer\/agrocervejaria-steckbier\/","title":{"rendered":"Agrocervejaria Steckbier"},"content":{"rendered":"\n<p>Situada em um ambiente rural, em meio \u00e0s planta\u00e7\u00f5es de caqui, principal cultura da fam\u00edlia Steck, os produtores, apaixonados por cervejas, iniciaram a produ\u00e7\u00e3o de cerveja artesanal como hobby e aos poucos a ideia foi evoluindo e tornando-se o que hoje \u00e9 a Agrocervejaria Steckbier, um ambiente que une cerveja artesanal e pratos da culin\u00e1ria alem\u00e3 e italiana, buscados nas origens da fam\u00edlia, na regi\u00e3o de Trento na It\u00e1lia, al\u00e9m de deliciosas por\u00e7\u00f5es e sobremesas.<\/p>\n\n\n\n<figure class=\"wp-block-gallery has-nested-images columns-default is-cropped wp-block-gallery-1 is-layout-flex wp-block-gallery-is-layout-flex\">\n<figure class=\"wp-block-image size-large\"><a href=\"https:\/\/rotasturisticas.jundiai.sp.gov.br\/culturaitaliana\/wp-content\/uploads\/sites\/5\/2024\/09\/20240907_152923-Mayara-Pompermayer.jpg\"><img loading=\"lazy\" decoding=\"async\" width=\"712\" height=\"950\" data-id=\"480\" src=\"https:\/\/rotasturisticas.jundiai.sp.gov.br\/culturaitaliana\/wp-content\/uploads\/sites\/5\/2024\/09\/20240907_152923-Mayara-Pompermayer-712x950.jpg\" alt=\"\" class=\"wp-image-480\" srcset=\"https:\/\/rotasturisticas.jundiai.sp.gov.br\/culturaitaliana\/wp-content\/uploads\/sites\/5\/2024\/09\/20240907_152923-Mayara-Pompermayer-712x950.jpg 712w, https:\/\/rotasturisticas.jundiai.sp.gov.br\/culturaitaliana\/wp-content\/uploads\/sites\/5\/2024\/09\/20240907_152923-Mayara-Pompermayer-768x1024.jpg 768w, https:\/\/rotasturisticas.jundiai.sp.gov.br\/culturaitaliana\/wp-content\/uploads\/sites\/5\/2024\/09\/20240907_152923-Mayara-Pompermayer-1152x1536.jpg 1152w, https:\/\/rotasturisticas.jundiai.sp.gov.br\/culturaitaliana\/wp-content\/uploads\/sites\/5\/2024\/09\/20240907_152923-Mayara-Pompermayer.jpg 1280w\" sizes=\"auto, (max-width: 712px) 100vw, 712px\" \/><\/a><\/figure>\n\n\n\n<figure class=\"wp-block-image size-large\"><a href=\"https:\/\/rotasturisticas.jundiai.sp.gov.br\/culturaitaliana\/wp-content\/uploads\/sites\/5\/2024\/09\/WhatsApp-Image-2024-09-11-at-09.53.48-Mayara-Pompermayer.jpeg\"><img loading=\"lazy\" decoding=\"async\" width=\"713\" height=\"950\" data-id=\"476\" src=\"https:\/\/rotasturisticas.jundiai.sp.gov.br\/culturaitaliana\/wp-content\/uploads\/sites\/5\/2024\/09\/WhatsApp-Image-2024-09-11-at-09.53.48-Mayara-Pompermayer-713x950.jpeg\" alt=\"\" class=\"wp-image-476\" srcset=\"https:\/\/rotasturisticas.jundiai.sp.gov.br\/culturaitaliana\/wp-content\/uploads\/sites\/5\/2024\/09\/WhatsApp-Image-2024-09-11-at-09.53.48-Mayara-Pompermayer-713x950.jpeg 713w, https:\/\/rotasturisticas.jundiai.sp.gov.br\/culturaitaliana\/wp-content\/uploads\/sites\/5\/2024\/09\/WhatsApp-Image-2024-09-11-at-09.53.48-Mayara-Pompermayer-768x1024.jpeg 768w, https:\/\/rotasturisticas.jundiai.sp.gov.br\/culturaitaliana\/wp-content\/uploads\/sites\/5\/2024\/09\/WhatsApp-Image-2024-09-11-at-09.53.48-Mayara-Pompermayer-1152x1536.jpeg 1152w, https:\/\/rotasturisticas.jundiai.sp.gov.br\/culturaitaliana\/wp-content\/uploads\/sites\/5\/2024\/09\/WhatsApp-Image-2024-09-11-at-09.53.48-Mayara-Pompermayer.jpeg 1200w\" sizes=\"auto, (max-width: 713px) 100vw, 713px\" \/><\/a><\/figure>\n\n\n\n<figure class=\"wp-block-image size-large\"><a href=\"https:\/\/rotasturisticas.jundiai.sp.gov.br\/culturaitaliana\/wp-content\/uploads\/sites\/5\/2024\/09\/WhatsApp-Image-2024-09-11-at-10.38.44-Mayara-Pompermayer.jpeg\"><img loading=\"lazy\" decoding=\"async\" width=\"634\" height=\"950\" data-id=\"478\" src=\"https:\/\/rotasturisticas.jundiai.sp.gov.br\/culturaitaliana\/wp-content\/uploads\/sites\/5\/2024\/09\/WhatsApp-Image-2024-09-11-at-10.38.44-Mayara-Pompermayer-634x950.jpeg\" alt=\"\" class=\"wp-image-478\" srcset=\"https:\/\/rotasturisticas.jundiai.sp.gov.br\/culturaitaliana\/wp-content\/uploads\/sites\/5\/2024\/09\/WhatsApp-Image-2024-09-11-at-10.38.44-Mayara-Pompermayer-634x950.jpeg 634w, https:\/\/rotasturisticas.jundiai.sp.gov.br\/culturaitaliana\/wp-content\/uploads\/sites\/5\/2024\/09\/WhatsApp-Image-2024-09-11-at-10.38.44-Mayara-Pompermayer-768x1152.jpeg 768w, https:\/\/rotasturisticas.jundiai.sp.gov.br\/culturaitaliana\/wp-content\/uploads\/sites\/5\/2024\/09\/WhatsApp-Image-2024-09-11-at-10.38.44-Mayara-Pompermayer-1024x1536.jpeg 1024w, https:\/\/rotasturisticas.jundiai.sp.gov.br\/culturaitaliana\/wp-content\/uploads\/sites\/5\/2024\/09\/WhatsApp-Image-2024-09-11-at-10.38.44-Mayara-Pompermayer.jpeg 1067w\" sizes=\"auto, (max-width: 634px) 100vw, 634px\" \/><\/a><\/figure>\n\n\n\n<figure class=\"wp-block-image size-large\"><a href=\"https:\/\/rotasturisticas.jundiai.sp.gov.br\/culturaitaliana\/wp-content\/uploads\/sites\/5\/2024\/09\/WhatsApp-Image-2024-09-11-at-10.38.44-1-Mayara-Pompermayer.jpeg\"><img loading=\"lazy\" decoding=\"async\" width=\"634\" height=\"950\" data-id=\"477\" src=\"https:\/\/rotasturisticas.jundiai.sp.gov.br\/culturaitaliana\/wp-content\/uploads\/sites\/5\/2024\/09\/WhatsApp-Image-2024-09-11-at-10.38.44-1-Mayara-Pompermayer-634x950.jpeg\" alt=\"\" class=\"wp-image-477\" srcset=\"https:\/\/rotasturisticas.jundiai.sp.gov.br\/culturaitaliana\/wp-content\/uploads\/sites\/5\/2024\/09\/WhatsApp-Image-2024-09-11-at-10.38.44-1-Mayara-Pompermayer-634x950.jpeg 634w, https:\/\/rotasturisticas.jundiai.sp.gov.br\/culturaitaliana\/wp-content\/uploads\/sites\/5\/2024\/09\/WhatsApp-Image-2024-09-11-at-10.38.44-1-Mayara-Pompermayer-768x1152.jpeg 768w, https:\/\/rotasturisticas.jundiai.sp.gov.br\/culturaitaliana\/wp-content\/uploads\/sites\/5\/2024\/09\/WhatsApp-Image-2024-09-11-at-10.38.44-1-Mayara-Pompermayer.jpeg 1019w\" sizes=\"auto, (max-width: 634px) 100vw, 634px\" \/><\/a><\/figure>\n\n\n\n<figure class=\"wp-block-image size-large\"><a href=\"https:\/\/rotasturisticas.jundiai.sp.gov.br\/culturaitaliana\/wp-content\/uploads\/sites\/5\/2024\/09\/20240524_102355-Mayara-Pompermayer.jpg\"><img loading=\"lazy\" decoding=\"async\" width=\"712\" height=\"950\" data-id=\"479\" src=\"https:\/\/rotasturisticas.jundiai.sp.gov.br\/culturaitaliana\/wp-content\/uploads\/sites\/5\/2024\/09\/20240524_102355-Mayara-Pompermayer-712x950.jpg\" alt=\"\" class=\"wp-image-479\" srcset=\"https:\/\/rotasturisticas.jundiai.sp.gov.br\/culturaitaliana\/wp-content\/uploads\/sites\/5\/2024\/09\/20240524_102355-Mayara-Pompermayer-712x950.jpg 712w, https:\/\/rotasturisticas.jundiai.sp.gov.br\/culturaitaliana\/wp-content\/uploads\/sites\/5\/2024\/09\/20240524_102355-Mayara-Pompermayer-768x1024.jpg 768w, https:\/\/rotasturisticas.jundiai.sp.gov.br\/culturaitaliana\/wp-content\/uploads\/sites\/5\/2024\/09\/20240524_102355-Mayara-Pompermayer-1152x1536.jpg 1152w, https:\/\/rotasturisticas.jundiai.sp.gov.br\/culturaitaliana\/wp-content\/uploads\/sites\/5\/2024\/09\/20240524_102355-Mayara-Pompermayer.jpg 1280w\" sizes=\"auto, (max-width: 712px) 100vw, 712px\" \/><\/a><\/figure>\n<\/figure>\n","protected":false},"excerpt":{"rendered":"<p>Situada em um ambiente rural, em meio \u00e0s planta\u00e7\u00f5es de caqui, principal cultura da fam\u00edlia Steck, os produtores, apaixonados por cervejas, iniciaram a produ\u00e7\u00e3o de cerveja artesanal como hobby e aos poucos a ideia foi evoluindo e tornando-se o que hoje \u00e9 a Agrocervejaria Steckbier, um ambiente que une cerveja artesanal e pratos da culin\u00e1ria [&hellip;]<\/p>\n","protected":false},"author":16,"featured_media":0,"parent":17,"menu_order":0,"comment_status":"closed","ping_status":"closed","template":"page-local.php","meta":{"footnotes":""},"class_list":["post-474","page","type-page","status-publish","hentry"],"_links":{"self":[{"href":"https:\/\/rotasturisticas.jundiai.sp.gov.br\/culturaitaliana\/wp-json\/wp\/v2\/pages\/474","targetHints":{"allow":["GET"]}}],"collection":[{"href":"https:\/\/rotasturisticas.jundiai.sp.gov.br\/culturaitaliana\/wp-json\/wp\/v2\/pages"}],"about":[{"href":"https:\/\/rotasturisticas.jundiai.sp.gov.br\/culturaitaliana\/wp-json\/wp\/v2\/types\/page"}],"author":[{"embeddable":true,"href":"https:\/\/rotasturisticas.jundiai.sp.gov.br\/culturaitaliana\/wp-json\/wp\/v2\/users\/16"}],"replies":[{"embeddable":true,"href":"https:\/\/rotasturisticas.jundiai.sp.gov.br\/culturaitaliana\/wp-json\/wp\/v2\/comments?post=474"}],"version-history":[{"count":3,"href":"https:\/\/rotasturisticas.jundiai.sp.gov.br\/culturaitaliana\/wp-json\/wp\/v2\/pages\/474\/revisions"}],"predecessor-version":[{"id":482,"href":"https:\/\/rotasturisticas.jundiai.sp.gov.br\/culturaitaliana\/wp-json\/wp\/v2\/pages\/474\/revisions\/482"}],"up":[{"embeddable":true,"href":"https:\/\/rotasturisticas.jundiai.sp.gov.br\/culturaitaliana\/wp-json\/wp\/v2\/pages\/17"}],"wp:attachment":[{"href":"https:\/\/rotasturisticas.jundiai.sp.gov.br\/culturaitaliana\/wp-json\/wp\/v2\/media?parent=474"}],"curies":[{"name":"wp","href":"https:\/\/api.w.org\/{rel}","templated":true}]}}