{"id":45,"date":"2016-11-03T16:56:05","date_gmt":"2016-11-03T18:56:05","guid":{"rendered":"http:\/\/rotasturisticas.jundiai.sp.gov.br\/culturaitaliana\/?page_id=45"},"modified":"2025-04-09T10:23:02","modified_gmt":"2025-04-09T13:23:02","slug":"igreja","status":"publish","type":"page","link":"https:\/\/rotasturisticas.jundiai.sp.gov.br\/culturaitaliana\/o-que-visitar\/igreja\/","title":{"rendered":"Igreja Nossa Senhora das Vit\u00f3rias"},"content":{"rendered":"\n<p>A Igreja Nossa Senhora das Vit\u00f3rias, situada no bairro do Traviu, em Jundia\u00ed, \u00e9 um tesouro hist\u00f3rico e religioso que atrai visitantes em busca de beleza arquitet\u00f4nica e paz espiritual. <\/p>\n\n\n\n<p>Al\u00e9m da import\u00e2ncia hist\u00f3rica e religiosa, a igreja oferece um ambiente tranquilo e acolhedor, ideal para momentos de reflex\u00e3o e contempla\u00e7\u00e3o. A vista do bairro, com suas paisagens rurais.<\/p>\n\n\n\n<p><\/p>\n\n\n<div class=\"mod\">\n<div class=\"_eFb\"><\/div>\n<\/div>\n<div class=\"mod\">\n<div class=\"_eFb\">\n<div class=\"_mr kno-fb-ctx\"><\/div>\n<\/div>\n<\/div>\n<div class=\"_mr kno-fb-ctx\">\n<p><a href=\"http:\/\/rotasturisticas.jundiai.sp.gov.br\/culturaitaliana\/wp-content\/uploads\/sites\/5\/2016\/11\/Screenshot_1.jpg\"><img loading=\"lazy\" decoding=\"async\" class=\"wp-image-48 size-full aligncenter\" src=\"http:\/\/rotasturisticas.jundiai.sp.gov.br\/culturaitaliana\/wp-content\/uploads\/sites\/5\/2016\/11\/Screenshot_1.jpg\" alt=\"Fachada - Igreja Nossa Senhora das Vit\u00f3rias\" width=\"402\" height=\"413\" srcset=\"https:\/\/rotasturisticas.jundiai.sp.gov.br\/culturaitaliana\/wp-content\/uploads\/sites\/5\/2016\/11\/Screenshot_1.jpg 402w, https:\/\/rotasturisticas.jundiai.sp.gov.br\/culturaitaliana\/wp-content\/uploads\/sites\/5\/2016\/11\/Screenshot_1-300x308.jpg 300w\" sizes=\"auto, (max-width: 402px) 100vw, 402px\" \/><\/a><\/p>\n<\/div>","protected":false},"excerpt":{"rendered":"<p>A Igreja Nossa Senhora das Vit\u00f3rias, situada no bairro do Traviu, em Jundia\u00ed, \u00e9 um tesouro hist\u00f3rico e religioso que atrai visitantes em busca de beleza arquitet\u00f4nica e paz espiritual. Al\u00e9m da import\u00e2ncia hist\u00f3rica e religiosa, a igreja oferece um ambiente tranquilo e acolhedor, ideal para momentos de reflex\u00e3o e contempla\u00e7\u00e3o. A vista do bairro, [&hellip;]<\/p>\n","protected":false},"author":4,"featured_media":0,"parent":19,"menu_order":0,"comment_status":"closed","ping_status":"closed","template":"page-local.php","meta":{"footnotes":""},"class_list":["post-45","page","type-page","status-publish","hentry"],"_links":{"self":[{"href":"https:\/\/rotasturisticas.jundiai.sp.gov.br\/culturaitaliana\/wp-json\/wp\/v2\/pages\/45","targetHints":{"allow":["GET"]}}],"collection":[{"href":"https:\/\/rotasturisticas.jundiai.sp.gov.br\/culturaitaliana\/wp-json\/wp\/v2\/pages"}],"about":[{"href":"https:\/\/rotasturisticas.jundiai.sp.gov.br\/culturaitaliana\/wp-json\/wp\/v2\/types\/page"}],"author":[{"embeddable":true,"href":"https:\/\/rotasturisticas.jundiai.sp.gov.br\/culturaitaliana\/wp-json\/wp\/v2\/users\/4"}],"replies":[{"embeddable":true,"href":"https:\/\/rotasturisticas.jundiai.sp.gov.br\/culturaitaliana\/wp-json\/wp\/v2\/comments?post=45"}],"version-history":[{"count":9,"href":"https:\/\/rotasturisticas.jundiai.sp.gov.br\/culturaitaliana\/wp-json\/wp\/v2\/pages\/45\/revisions"}],"predecessor-version":[{"id":516,"href":"https:\/\/rotasturisticas.jundiai.sp.gov.br\/culturaitaliana\/wp-json\/wp\/v2\/pages\/45\/revisions\/516"}],"up":[{"embeddable":true,"href":"https:\/\/rotasturisticas.jundiai.sp.gov.br\/culturaitaliana\/wp-json\/wp\/v2\/pages\/19"}],"wp:attachment":[{"href":"https:\/\/rotasturisticas.jundiai.sp.gov.br\/culturaitaliana\/wp-json\/wp\/v2\/media?parent=45"}],"curies":[{"name":"wp","href":"https:\/\/api.w.org\/{rel}","templated":true}]}}