{"id":386,"date":"2024-09-03T11:14:48","date_gmt":"2024-09-03T14:14:48","guid":{"rendered":"https:\/\/rotasturisticas.jundiai.sp.gov.br\/culturaitaliana\/?page_id=386"},"modified":"2024-09-03T11:16:22","modified_gmt":"2024-09-03T14:16:22","slug":"museu-da-familia-italiana","status":"publish","type":"page","link":"https:\/\/rotasturisticas.jundiai.sp.gov.br\/culturaitaliana\/o-que-visitar\/museu-da-familia-italiana\/","title":{"rendered":"Museu da Fam\u00edlia Italiana"},"content":{"rendered":"\n<p>Museu particular, abriga rel\u00edquias que contam a hist\u00f3ria da fam\u00edlia de imigrantes italianos, estabelecidos na regi\u00e3o de Jundia\u00ed no s\u00e9culo XIX; agricultores, produtores de uva e vinho na regi\u00e3o. O ambiente tenta replicar a resid\u00eancia de colonos italianos da \u00e9poca, com mobili\u00e1rio, utens\u00edlios dom\u00e9sticos e ferramentas de trabalho. Constam tamb\u00e9m documentos da imigra\u00e7\u00e3o italiana e fotos da fam\u00edlia.<\/p>\n\n\n\n<figure class=\"wp-block-gallery has-nested-images columns-default is-cropped wp-block-gallery-1 is-layout-flex wp-block-gallery-is-layout-flex\">\n<figure class=\"wp-block-image size-large\"><a href=\"https:\/\/rotasturisticas.jundiai.sp.gov.br\/culturaitaliana\/wp-content\/uploads\/sites\/5\/2024\/09\/MR5-Ivete-Macan.jpeg\"><img loading=\"lazy\" decoding=\"async\" width=\"534\" height=\"950\" data-id=\"387\" src=\"https:\/\/rotasturisticas.jundiai.sp.gov.br\/culturaitaliana\/wp-content\/uploads\/sites\/5\/2024\/09\/MR5-Ivete-Macan-534x950.jpeg\" alt=\"\" class=\"wp-image-387\" srcset=\"https:\/\/rotasturisticas.jundiai.sp.gov.br\/culturaitaliana\/wp-content\/uploads\/sites\/5\/2024\/09\/MR5-Ivete-Macan-534x950.jpeg 534w, https:\/\/rotasturisticas.jundiai.sp.gov.br\/culturaitaliana\/wp-content\/uploads\/sites\/5\/2024\/09\/MR5-Ivete-Macan-768x1365.jpeg 768w, https:\/\/rotasturisticas.jundiai.sp.gov.br\/culturaitaliana\/wp-content\/uploads\/sites\/5\/2024\/09\/MR5-Ivete-Macan-864x1536.jpeg 864w, https:\/\/rotasturisticas.jundiai.sp.gov.br\/culturaitaliana\/wp-content\/uploads\/sites\/5\/2024\/09\/MR5-Ivete-Macan.jpeg 900w\" sizes=\"auto, (max-width: 534px) 100vw, 534px\" \/><\/a><\/figure>\n\n\n\n<figure class=\"wp-block-image size-large\"><a href=\"https:\/\/rotasturisticas.jundiai.sp.gov.br\/culturaitaliana\/wp-content\/uploads\/sites\/5\/2024\/09\/MR6-Ivete-Macan.jpeg\"><img loading=\"lazy\" decoding=\"async\" width=\"534\" height=\"950\" data-id=\"388\" src=\"https:\/\/rotasturisticas.jundiai.sp.gov.br\/culturaitaliana\/wp-content\/uploads\/sites\/5\/2024\/09\/MR6-Ivete-Macan-534x950.jpeg\" alt=\"\" class=\"wp-image-388\" srcset=\"https:\/\/rotasturisticas.jundiai.sp.gov.br\/culturaitaliana\/wp-content\/uploads\/sites\/5\/2024\/09\/MR6-Ivete-Macan-534x950.jpeg 534w, https:\/\/rotasturisticas.jundiai.sp.gov.br\/culturaitaliana\/wp-content\/uploads\/sites\/5\/2024\/09\/MR6-Ivete-Macan-768x1365.jpeg 768w, https:\/\/rotasturisticas.jundiai.sp.gov.br\/culturaitaliana\/wp-content\/uploads\/sites\/5\/2024\/09\/MR6-Ivete-Macan-864x1536.jpeg 864w, https:\/\/rotasturisticas.jundiai.sp.gov.br\/culturaitaliana\/wp-content\/uploads\/sites\/5\/2024\/09\/MR6-Ivete-Macan.jpeg 900w\" sizes=\"auto, (max-width: 534px) 100vw, 534px\" \/><\/a><\/figure>\n\n\n\n<figure class=\"wp-block-image size-large\"><a href=\"https:\/\/rotasturisticas.jundiai.sp.gov.br\/culturaitaliana\/wp-content\/uploads\/sites\/5\/2024\/09\/MR7-Ivete-Macan.jpeg\"><img loading=\"lazy\" decoding=\"async\" width=\"534\" height=\"950\" data-id=\"389\" src=\"https:\/\/rotasturisticas.jundiai.sp.gov.br\/culturaitaliana\/wp-content\/uploads\/sites\/5\/2024\/09\/MR7-Ivete-Macan-534x950.jpeg\" alt=\"\" class=\"wp-image-389\" srcset=\"https:\/\/rotasturisticas.jundiai.sp.gov.br\/culturaitaliana\/wp-content\/uploads\/sites\/5\/2024\/09\/MR7-Ivete-Macan-534x950.jpeg 534w, https:\/\/rotasturisticas.jundiai.sp.gov.br\/culturaitaliana\/wp-content\/uploads\/sites\/5\/2024\/09\/MR7-Ivete-Macan-768x1365.jpeg 768w, https:\/\/rotasturisticas.jundiai.sp.gov.br\/culturaitaliana\/wp-content\/uploads\/sites\/5\/2024\/09\/MR7-Ivete-Macan-864x1536.jpeg 864w, https:\/\/rotasturisticas.jundiai.sp.gov.br\/culturaitaliana\/wp-content\/uploads\/sites\/5\/2024\/09\/MR7-Ivete-Macan.jpeg 900w\" sizes=\"auto, (max-width: 534px) 100vw, 534px\" \/><\/a><\/figure>\n\n\n\n<figure class=\"wp-block-image size-large\"><a href=\"https:\/\/rotasturisticas.jundiai.sp.gov.br\/culturaitaliana\/wp-content\/uploads\/sites\/5\/2024\/09\/MR8-Ivete-Macan.jpeg\"><img loading=\"lazy\" decoding=\"async\" width=\"1280\" height=\"889\" data-id=\"390\" src=\"https:\/\/rotasturisticas.jundiai.sp.gov.br\/culturaitaliana\/wp-content\/uploads\/sites\/5\/2024\/09\/MR8-Ivete-Macan.jpeg\" alt=\"\" class=\"wp-image-390\" srcset=\"https:\/\/rotasturisticas.jundiai.sp.gov.br\/culturaitaliana\/wp-content\/uploads\/sites\/5\/2024\/09\/MR8-Ivete-Macan.jpeg 1280w, https:\/\/rotasturisticas.jundiai.sp.gov.br\/culturaitaliana\/wp-content\/uploads\/sites\/5\/2024\/09\/MR8-Ivete-Macan-768x533.jpeg 768w\" sizes=\"auto, (max-width: 1280px) 100vw, 1280px\" \/><\/a><\/figure>\n\n\n\n<figure class=\"wp-block-image size-large\"><a href=\"https:\/\/rotasturisticas.jundiai.sp.gov.br\/culturaitaliana\/wp-content\/uploads\/sites\/5\/2024\/09\/MR1-Ivete-Macan.jpeg\"><img loading=\"lazy\" decoding=\"async\" width=\"676\" height=\"950\" data-id=\"391\" src=\"https:\/\/rotasturisticas.jundiai.sp.gov.br\/culturaitaliana\/wp-content\/uploads\/sites\/5\/2024\/09\/MR1-Ivete-Macan-676x950.jpeg\" alt=\"\" class=\"wp-image-391\" srcset=\"https:\/\/rotasturisticas.jundiai.sp.gov.br\/culturaitaliana\/wp-content\/uploads\/sites\/5\/2024\/09\/MR1-Ivete-Macan-676x950.jpeg 676w, https:\/\/rotasturisticas.jundiai.sp.gov.br\/culturaitaliana\/wp-content\/uploads\/sites\/5\/2024\/09\/MR1-Ivete-Macan-768x1079.jpeg 768w, https:\/\/rotasturisticas.jundiai.sp.gov.br\/culturaitaliana\/wp-content\/uploads\/sites\/5\/2024\/09\/MR1-Ivete-Macan.jpeg 1080w\" sizes=\"auto, (max-width: 676px) 100vw, 676px\" \/><\/a><\/figure>\n\n\n\n<figure class=\"wp-block-image size-large\"><a href=\"https:\/\/rotasturisticas.jundiai.sp.gov.br\/culturaitaliana\/wp-content\/uploads\/sites\/5\/2024\/09\/MR2-Ivete-Macan.jpeg\"><img loading=\"lazy\" decoding=\"async\" width=\"713\" height=\"950\" data-id=\"392\" src=\"https:\/\/rotasturisticas.jundiai.sp.gov.br\/culturaitaliana\/wp-content\/uploads\/sites\/5\/2024\/09\/MR2-Ivete-Macan-713x950.jpeg\" alt=\"\" class=\"wp-image-392\" srcset=\"https:\/\/rotasturisticas.jundiai.sp.gov.br\/culturaitaliana\/wp-content\/uploads\/sites\/5\/2024\/09\/MR2-Ivete-Macan-713x950.jpeg 713w, https:\/\/rotasturisticas.jundiai.sp.gov.br\/culturaitaliana\/wp-content\/uploads\/sites\/5\/2024\/09\/MR2-Ivete-Macan-768x1024.jpeg 768w, https:\/\/rotasturisticas.jundiai.sp.gov.br\/culturaitaliana\/wp-content\/uploads\/sites\/5\/2024\/09\/MR2-Ivete-Macan-1152x1536.jpeg 1152w, https:\/\/rotasturisticas.jundiai.sp.gov.br\/culturaitaliana\/wp-content\/uploads\/sites\/5\/2024\/09\/MR2-Ivete-Macan.jpeg 1200w\" sizes=\"auto, (max-width: 713px) 100vw, 713px\" \/><\/a><\/figure>\n\n\n\n<figure class=\"wp-block-image size-large\"><a href=\"https:\/\/rotasturisticas.jundiai.sp.gov.br\/culturaitaliana\/wp-content\/uploads\/sites\/5\/2024\/09\/MR3-Ivete-Macan.jpeg\"><img loading=\"lazy\" decoding=\"async\" width=\"1280\" height=\"434\" data-id=\"394\" src=\"https:\/\/rotasturisticas.jundiai.sp.gov.br\/culturaitaliana\/wp-content\/uploads\/sites\/5\/2024\/09\/MR3-Ivete-Macan.jpeg\" alt=\"\" class=\"wp-image-394\" srcset=\"https:\/\/rotasturisticas.jundiai.sp.gov.br\/culturaitaliana\/wp-content\/uploads\/sites\/5\/2024\/09\/MR3-Ivete-Macan.jpeg 1280w, https:\/\/rotasturisticas.jundiai.sp.gov.br\/culturaitaliana\/wp-content\/uploads\/sites\/5\/2024\/09\/MR3-Ivete-Macan-768x260.jpeg 768w\" sizes=\"auto, (max-width: 1280px) 100vw, 1280px\" \/><\/a><\/figure>\n\n\n\n<figure class=\"wp-block-image size-large\"><a href=\"https:\/\/rotasturisticas.jundiai.sp.gov.br\/culturaitaliana\/wp-content\/uploads\/sites\/5\/2024\/09\/MR4-Ivete-Macan.jpeg\"><img loading=\"lazy\" decoding=\"async\" width=\"515\" height=\"950\" data-id=\"393\" src=\"https:\/\/rotasturisticas.jundiai.sp.gov.br\/culturaitaliana\/wp-content\/uploads\/sites\/5\/2024\/09\/MR4-Ivete-Macan-515x950.jpeg\" alt=\"\" class=\"wp-image-393\" srcset=\"https:\/\/rotasturisticas.jundiai.sp.gov.br\/culturaitaliana\/wp-content\/uploads\/sites\/5\/2024\/09\/MR4-Ivete-Macan-515x950.jpeg 515w, https:\/\/rotasturisticas.jundiai.sp.gov.br\/culturaitaliana\/wp-content\/uploads\/sites\/5\/2024\/09\/MR4-Ivete-Macan-768x1417.jpeg 768w, https:\/\/rotasturisticas.jundiai.sp.gov.br\/culturaitaliana\/wp-content\/uploads\/sites\/5\/2024\/09\/MR4-Ivete-Macan-832x1536.jpeg 832w, https:\/\/rotasturisticas.jundiai.sp.gov.br\/culturaitaliana\/wp-content\/uploads\/sites\/5\/2024\/09\/MR4-Ivete-Macan.jpeg 867w\" sizes=\"auto, (max-width: 515px) 100vw, 515px\" \/><\/a><\/figure>\n<\/figure>\n","protected":false},"excerpt":{"rendered":"<p>Museu particular, abriga rel\u00edquias que contam a hist\u00f3ria da fam\u00edlia de imigrantes italianos, estabelecidos na regi\u00e3o de Jundia\u00ed no s\u00e9culo XIX; agricultores, produtores de uva e vinho na regi\u00e3o. O ambiente tenta replicar a resid\u00eancia de colonos italianos da \u00e9poca, com mobili\u00e1rio, utens\u00edlios dom\u00e9sticos e ferramentas de trabalho. Constam tamb\u00e9m documentos da imigra\u00e7\u00e3o italiana e [&hellip;]<\/p>\n","protected":false},"author":16,"featured_media":0,"parent":19,"menu_order":0,"comment_status":"closed","ping_status":"closed","template":"page-local.php","meta":{"footnotes":""},"class_list":["post-386","page","type-page","status-publish","hentry"],"_links":{"self":[{"href":"https:\/\/rotasturisticas.jundiai.sp.gov.br\/culturaitaliana\/wp-json\/wp\/v2\/pages\/386","targetHints":{"allow":["GET"]}}],"collection":[{"href":"https:\/\/rotasturisticas.jundiai.sp.gov.br\/culturaitaliana\/wp-json\/wp\/v2\/pages"}],"about":[{"href":"https:\/\/rotasturisticas.jundiai.sp.gov.br\/culturaitaliana\/wp-json\/wp\/v2\/types\/page"}],"author":[{"embeddable":true,"href":"https:\/\/rotasturisticas.jundiai.sp.gov.br\/culturaitaliana\/wp-json\/wp\/v2\/users\/16"}],"replies":[{"embeddable":true,"href":"https:\/\/rotasturisticas.jundiai.sp.gov.br\/culturaitaliana\/wp-json\/wp\/v2\/comments?post=386"}],"version-history":[{"count":1,"href":"https:\/\/rotasturisticas.jundiai.sp.gov.br\/culturaitaliana\/wp-json\/wp\/v2\/pages\/386\/revisions"}],"predecessor-version":[{"id":395,"href":"https:\/\/rotasturisticas.jundiai.sp.gov.br\/culturaitaliana\/wp-json\/wp\/v2\/pages\/386\/revisions\/395"}],"up":[{"embeddable":true,"href":"https:\/\/rotasturisticas.jundiai.sp.gov.br\/culturaitaliana\/wp-json\/wp\/v2\/pages\/19"}],"wp:attachment":[{"href":"https:\/\/rotasturisticas.jundiai.sp.gov.br\/culturaitaliana\/wp-json\/wp\/v2\/media?parent=386"}],"curies":[{"name":"wp","href":"https:\/\/api.w.org\/{rel}","templated":true}]}}