{"id":306,"date":"2021-09-21T17:55:02","date_gmt":"2021-09-21T20:55:02","guid":{"rendered":"https:\/\/rotasturisticas.jundiai.sp.gov.br\/culturaitaliana\/?page_id=306"},"modified":"2024-09-03T12:14:46","modified_gmt":"2024-09-03T15:14:46","slug":"rancho-traviu","status":"publish","type":"page","link":"https:\/\/rotasturisticas.jundiai.sp.gov.br\/culturaitaliana\/onde-comer\/rancho-traviu\/","title":{"rendered":"Rancho Travi\u00fa"},"content":{"rendered":"\n<p>Bar e Restaurante familiar, com m\u00fasica ao vivo e almo\u00e7o no fog\u00e3o a lenha.<\/p>\n\n\n\n<figure class=\"wp-block-gallery has-nested-images columns-default is-cropped wp-block-gallery-1 is-layout-flex wp-block-gallery-is-layout-flex\">\n<figure class=\"wp-block-image size-large\"><a href=\"https:\/\/rotasturisticas.jundiai.sp.gov.br\/culturaitaliana\/wp-content\/uploads\/sites\/5\/2021\/09\/rancho3.jpg\"><img loading=\"lazy\" decoding=\"async\" width=\"700\" height=\"700\" data-id=\"307\" src=\"https:\/\/rotasturisticas.jundiai.sp.gov.br\/culturaitaliana\/wp-content\/uploads\/sites\/5\/2021\/09\/rancho3.jpg\" alt=\"\" class=\"wp-image-307\" srcset=\"https:\/\/rotasturisticas.jundiai.sp.gov.br\/culturaitaliana\/wp-content\/uploads\/sites\/5\/2021\/09\/rancho3.jpg 700w, https:\/\/rotasturisticas.jundiai.sp.gov.br\/culturaitaliana\/wp-content\/uploads\/sites\/5\/2021\/09\/rancho3-300x300.jpg 300w, https:\/\/rotasturisticas.jundiai.sp.gov.br\/culturaitaliana\/wp-content\/uploads\/sites\/5\/2021\/09\/rancho3-150x150.jpg 150w\" sizes=\"auto, (max-width: 700px) 100vw, 700px\" \/><\/a><\/figure>\n\n\n\n<figure class=\"wp-block-image size-large\"><img loading=\"lazy\" decoding=\"async\" width=\"713\" height=\"950\" data-id=\"460\" src=\"https:\/\/rotasturisticas.jundiai.sp.gov.br\/culturaitaliana\/wp-content\/uploads\/sites\/5\/2024\/09\/Rancho-Traviu-6-713x950.jpg\" alt=\"\" class=\"wp-image-460\" srcset=\"https:\/\/rotasturisticas.jundiai.sp.gov.br\/culturaitaliana\/wp-content\/uploads\/sites\/5\/2024\/09\/Rancho-Traviu-6-713x950.jpg 713w, https:\/\/rotasturisticas.jundiai.sp.gov.br\/culturaitaliana\/wp-content\/uploads\/sites\/5\/2024\/09\/Rancho-Traviu-6.jpg 720w\" sizes=\"auto, (max-width: 713px) 100vw, 713px\" \/><\/figure>\n\n\n\n<figure class=\"wp-block-image size-large\"><img loading=\"lazy\" decoding=\"async\" width=\"960\" height=\"720\" data-id=\"461\" src=\"https:\/\/rotasturisticas.jundiai.sp.gov.br\/culturaitaliana\/wp-content\/uploads\/sites\/5\/2024\/09\/Rancho-Traviu-7.jpg\" alt=\"\" class=\"wp-image-461\" srcset=\"https:\/\/rotasturisticas.jundiai.sp.gov.br\/culturaitaliana\/wp-content\/uploads\/sites\/5\/2024\/09\/Rancho-Traviu-7.jpg 960w, https:\/\/rotasturisticas.jundiai.sp.gov.br\/culturaitaliana\/wp-content\/uploads\/sites\/5\/2024\/09\/Rancho-Traviu-7-300x225.jpg 300w, https:\/\/rotasturisticas.jundiai.sp.gov.br\/culturaitaliana\/wp-content\/uploads\/sites\/5\/2024\/09\/Rancho-Traviu-7-768x576.jpg 768w\" sizes=\"auto, (max-width: 960px) 100vw, 960px\" \/><\/figure>\n\n\n\n<figure class=\"wp-block-image size-large\"><img loading=\"lazy\" decoding=\"async\" width=\"960\" height=\"719\" data-id=\"464\" src=\"https:\/\/rotasturisticas.jundiai.sp.gov.br\/culturaitaliana\/wp-content\/uploads\/sites\/5\/2024\/09\/Rancho-Traviu-8.jpg\" alt=\"\" class=\"wp-image-464\" srcset=\"https:\/\/rotasturisticas.jundiai.sp.gov.br\/culturaitaliana\/wp-content\/uploads\/sites\/5\/2024\/09\/Rancho-Traviu-8.jpg 960w, https:\/\/rotasturisticas.jundiai.sp.gov.br\/culturaitaliana\/wp-content\/uploads\/sites\/5\/2024\/09\/Rancho-Traviu-8-300x225.jpg 300w, https:\/\/rotasturisticas.jundiai.sp.gov.br\/culturaitaliana\/wp-content\/uploads\/sites\/5\/2024\/09\/Rancho-Traviu-8-768x575.jpg 768w\" sizes=\"auto, (max-width: 960px) 100vw, 960px\" \/><\/figure>\n\n\n\n<figure class=\"wp-block-image size-large\"><img loading=\"lazy\" decoding=\"async\" width=\"514\" height=\"444\" data-id=\"459\" src=\"https:\/\/rotasturisticas.jundiai.sp.gov.br\/culturaitaliana\/wp-content\/uploads\/sites\/5\/2024\/09\/Captura-de-tela-2024-09-03-121323.png\" alt=\"\" class=\"wp-image-459\" \/><\/figure>\n\n\n\n<figure class=\"wp-block-image size-large\"><img loading=\"lazy\" decoding=\"async\" width=\"713\" height=\"950\" data-id=\"465\" src=\"https:\/\/rotasturisticas.jundiai.sp.gov.br\/culturaitaliana\/wp-content\/uploads\/sites\/5\/2024\/09\/Rancho-Traviu-1-713x950.jpg\" alt=\"\" class=\"wp-image-465\" srcset=\"https:\/\/rotasturisticas.jundiai.sp.gov.br\/culturaitaliana\/wp-content\/uploads\/sites\/5\/2024\/09\/Rancho-Traviu-1-713x950.jpg 713w, https:\/\/rotasturisticas.jundiai.sp.gov.br\/culturaitaliana\/wp-content\/uploads\/sites\/5\/2024\/09\/Rancho-Traviu-1.jpg 720w\" sizes=\"auto, (max-width: 713px) 100vw, 713px\" \/><\/figure>\n\n\n\n<figure class=\"wp-block-image size-large\"><img loading=\"lazy\" decoding=\"async\" width=\"720\" height=\"489\" data-id=\"462\" src=\"https:\/\/rotasturisticas.jundiai.sp.gov.br\/culturaitaliana\/wp-content\/uploads\/sites\/5\/2024\/09\/Rancho-Traviu-2.jpg\" alt=\"\" class=\"wp-image-462\" \/><\/figure>\n\n\n\n<figure class=\"wp-block-image size-large\"><img loading=\"lazy\" decoding=\"async\" width=\"720\" height=\"540\" data-id=\"467\" src=\"https:\/\/rotasturisticas.jundiai.sp.gov.br\/culturaitaliana\/wp-content\/uploads\/sites\/5\/2024\/09\/Rancho-Traviu-4.jpg\" alt=\"\" class=\"wp-image-467\" srcset=\"https:\/\/rotasturisticas.jundiai.sp.gov.br\/culturaitaliana\/wp-content\/uploads\/sites\/5\/2024\/09\/Rancho-Traviu-4.jpg 720w, https:\/\/rotasturisticas.jundiai.sp.gov.br\/culturaitaliana\/wp-content\/uploads\/sites\/5\/2024\/09\/Rancho-Traviu-4-300x225.jpg 300w\" sizes=\"auto, (max-width: 720px) 100vw, 720px\" \/><\/figure>\n\n\n\n<figure class=\"wp-block-image size-large\"><img loading=\"lazy\" decoding=\"async\" width=\"960\" height=\"720\" data-id=\"466\" src=\"https:\/\/rotasturisticas.jundiai.sp.gov.br\/culturaitaliana\/wp-content\/uploads\/sites\/5\/2024\/09\/Rancho-Traviu-5.jpg\" alt=\"\" class=\"wp-image-466\" srcset=\"https:\/\/rotasturisticas.jundiai.sp.gov.br\/culturaitaliana\/wp-content\/uploads\/sites\/5\/2024\/09\/Rancho-Traviu-5.jpg 960w, https:\/\/rotasturisticas.jundiai.sp.gov.br\/culturaitaliana\/wp-content\/uploads\/sites\/5\/2024\/09\/Rancho-Traviu-5-300x225.jpg 300w, https:\/\/rotasturisticas.jundiai.sp.gov.br\/culturaitaliana\/wp-content\/uploads\/sites\/5\/2024\/09\/Rancho-Traviu-5-768x576.jpg 768w\" sizes=\"auto, (max-width: 960px) 100vw, 960px\" \/><\/figure>\n<\/figure>\n","protected":false},"excerpt":{"rendered":"<p>Bar e Restaurante familiar, com m\u00fasica ao vivo e almo\u00e7o no fog\u00e3o a lenha.<\/p>\n","protected":false},"author":16,"featured_media":0,"parent":17,"menu_order":0,"comment_status":"closed","ping_status":"closed","template":"page-local.php","meta":{"footnotes":""},"class_list":["post-306","page","type-page","status-publish","hentry"],"_links":{"self":[{"href":"https:\/\/rotasturisticas.jundiai.sp.gov.br\/culturaitaliana\/wp-json\/wp\/v2\/pages\/306","targetHints":{"allow":["GET"]}}],"collection":[{"href":"https:\/\/rotasturisticas.jundiai.sp.gov.br\/culturaitaliana\/wp-json\/wp\/v2\/pages"}],"about":[{"href":"https:\/\/rotasturisticas.jundiai.sp.gov.br\/culturaitaliana\/wp-json\/wp\/v2\/types\/page"}],"author":[{"embeddable":true,"href":"https:\/\/rotasturisticas.jundiai.sp.gov.br\/culturaitaliana\/wp-json\/wp\/v2\/users\/16"}],"replies":[{"embeddable":true,"href":"https:\/\/rotasturisticas.jundiai.sp.gov.br\/culturaitaliana\/wp-json\/wp\/v2\/comments?post=306"}],"version-history":[{"count":5,"href":"https:\/\/rotasturisticas.jundiai.sp.gov.br\/culturaitaliana\/wp-json\/wp\/v2\/pages\/306\/revisions"}],"predecessor-version":[{"id":468,"href":"https:\/\/rotasturisticas.jundiai.sp.gov.br\/culturaitaliana\/wp-json\/wp\/v2\/pages\/306\/revisions\/468"}],"up":[{"embeddable":true,"href":"https:\/\/rotasturisticas.jundiai.sp.gov.br\/culturaitaliana\/wp-json\/wp\/v2\/pages\/17"}],"wp:attachment":[{"href":"https:\/\/rotasturisticas.jundiai.sp.gov.br\/culturaitaliana\/wp-json\/wp\/v2\/media?parent=306"}],"curies":[{"name":"wp","href":"https:\/\/api.w.org\/{rel}","templated":true}]}}