{"id":163,"date":"2018-03-06T14:43:04","date_gmt":"2018-03-06T17:43:04","guid":{"rendered":"http:\/\/rotasturisticas.jundiai.sp.gov.br\/culturaitaliana\/?page_id=163"},"modified":"2026-02-26T12:39:41","modified_gmt":"2026-02-26T15:39:41","slug":"adega-villaggio-brunelli","status":"publish","type":"page","link":"https:\/\/rotasturisticas.jundiai.sp.gov.br\/culturaitaliana\/o-que-visitar\/adega-villaggio-brunelli\/","title":{"rendered":"Adega Villaggio Brunelli"},"content":{"rendered":"\n<p>A Fam\u00edlia Brunelli sempre teve seu foco na produ\u00e7\u00e3o de frutas como: Uva, morango, acerola e Ponc\u00e3. Sendo uma das fam\u00edlias que mais produziam uvas na regi\u00e3o. A produ\u00e7\u00e3o de vinho come\u00e7ou para o consumo da pr\u00f3pria fam\u00edlia antes mesmo de ter o s\u00edtio, mais com o passar do tempo as pessoas de fora da fam\u00edlia come\u00e7aram a querer comprar o vinho onde aumentamos a produ\u00e7\u00e3o e a demanda.<\/p>\n\n\n\n<figure class=\"wp-block-gallery has-nested-images columns-default is-cropped wp-block-gallery-1 is-layout-flex wp-block-gallery-is-layout-flex\">\n<figure class=\"wp-block-image size-large\"><img loading=\"lazy\" decoding=\"async\" width=\"540\" height=\"960\" data-id=\"286\" src=\"https:\/\/rotasturisticas.jundiai.sp.gov.br\/culturaitaliana\/wp-content\/uploads\/sites\/5\/2021\/07\/11.jpg\" alt=\"\" class=\"wp-image-286\" srcset=\"https:\/\/rotasturisticas.jundiai.sp.gov.br\/culturaitaliana\/wp-content\/uploads\/sites\/5\/2021\/07\/11.jpg 540w, https:\/\/rotasturisticas.jundiai.sp.gov.br\/culturaitaliana\/wp-content\/uploads\/sites\/5\/2021\/07\/11-281x500.jpg 281w\" sizes=\"auto, (max-width: 540px) 100vw, 540px\" \/><\/figure>\n\n\n\n<figure class=\"wp-block-image size-large\"><img loading=\"lazy\" decoding=\"async\" width=\"603\" height=\"529\" data-id=\"287\" src=\"https:\/\/rotasturisticas.jundiai.sp.gov.br\/culturaitaliana\/wp-content\/uploads\/sites\/5\/2021\/07\/1.jpg\" alt=\"\" class=\"wp-image-287\" srcset=\"https:\/\/rotasturisticas.jundiai.sp.gov.br\/culturaitaliana\/wp-content\/uploads\/sites\/5\/2021\/07\/1.jpg 603w, https:\/\/rotasturisticas.jundiai.sp.gov.br\/culturaitaliana\/wp-content\/uploads\/sites\/5\/2021\/07\/1-300x263.jpg 300w\" sizes=\"auto, (max-width: 603px) 100vw, 603px\" \/><\/figure>\n\n\n\n<figure class=\"wp-block-image size-large\"><img loading=\"lazy\" decoding=\"async\" width=\"603\" height=\"538\" data-id=\"288\" src=\"https:\/\/rotasturisticas.jundiai.sp.gov.br\/culturaitaliana\/wp-content\/uploads\/sites\/5\/2021\/07\/2.jpg\" alt=\"\" class=\"wp-image-288\" srcset=\"https:\/\/rotasturisticas.jundiai.sp.gov.br\/culturaitaliana\/wp-content\/uploads\/sites\/5\/2021\/07\/2.jpg 603w, https:\/\/rotasturisticas.jundiai.sp.gov.br\/culturaitaliana\/wp-content\/uploads\/sites\/5\/2021\/07\/2-300x268.jpg 300w\" sizes=\"auto, (max-width: 603px) 100vw, 603px\" \/><\/figure>\n\n\n\n<figure class=\"wp-block-image size-large\"><img loading=\"lazy\" decoding=\"async\" width=\"300\" height=\"300\" data-id=\"289\" src=\"https:\/\/rotasturisticas.jundiai.sp.gov.br\/culturaitaliana\/wp-content\/uploads\/sites\/5\/2021\/07\/2-300x300-1.jpg\" alt=\"\" class=\"wp-image-289\" srcset=\"https:\/\/rotasturisticas.jundiai.sp.gov.br\/culturaitaliana\/wp-content\/uploads\/sites\/5\/2021\/07\/2-300x300-1.jpg 300w, https:\/\/rotasturisticas.jundiai.sp.gov.br\/culturaitaliana\/wp-content\/uploads\/sites\/5\/2021\/07\/2-300x300-1-150x150.jpg 150w\" sizes=\"auto, (max-width: 300px) 100vw, 300px\" \/><\/figure>\n\n\n\n<figure class=\"wp-block-image size-large\"><img loading=\"lazy\" decoding=\"async\" width=\"597\" height=\"591\" data-id=\"290\" src=\"https:\/\/rotasturisticas.jundiai.sp.gov.br\/culturaitaliana\/wp-content\/uploads\/sites\/5\/2021\/07\/3.jpg\" alt=\"\" class=\"wp-image-290\" srcset=\"https:\/\/rotasturisticas.jundiai.sp.gov.br\/culturaitaliana\/wp-content\/uploads\/sites\/5\/2021\/07\/3.jpg 597w, https:\/\/rotasturisticas.jundiai.sp.gov.br\/culturaitaliana\/wp-content\/uploads\/sites\/5\/2021\/07\/3-300x297.jpg 300w\" sizes=\"auto, (max-width: 597px) 100vw, 597px\" \/><\/figure>\n\n\n\n<figure class=\"wp-block-image size-large\"><img loading=\"lazy\" decoding=\"async\" width=\"300\" height=\"200\" data-id=\"291\" src=\"https:\/\/rotasturisticas.jundiai.sp.gov.br\/culturaitaliana\/wp-content\/uploads\/sites\/5\/2021\/07\/3-300x200-1.jpg\" alt=\"\" class=\"wp-image-291\" \/><\/figure>\n\n\n\n<figure class=\"wp-block-image size-large\"><img loading=\"lazy\" decoding=\"async\" width=\"599\" height=\"585\" data-id=\"292\" src=\"https:\/\/rotasturisticas.jundiai.sp.gov.br\/culturaitaliana\/wp-content\/uploads\/sites\/5\/2021\/07\/4.jpg\" alt=\"\" class=\"wp-image-292\" srcset=\"https:\/\/rotasturisticas.jundiai.sp.gov.br\/culturaitaliana\/wp-content\/uploads\/sites\/5\/2021\/07\/4.jpg 599w, https:\/\/rotasturisticas.jundiai.sp.gov.br\/culturaitaliana\/wp-content\/uploads\/sites\/5\/2021\/07\/4-300x293.jpg 300w\" sizes=\"auto, (max-width: 599px) 100vw, 599px\" \/><\/figure>\n\n\n\n<figure class=\"wp-block-image size-large\"><img loading=\"lazy\" decoding=\"async\" width=\"598\" height=\"588\" data-id=\"293\" src=\"https:\/\/rotasturisticas.jundiai.sp.gov.br\/culturaitaliana\/wp-content\/uploads\/sites\/5\/2021\/07\/5.jpg\" alt=\"\" class=\"wp-image-293\" srcset=\"https:\/\/rotasturisticas.jundiai.sp.gov.br\/culturaitaliana\/wp-content\/uploads\/sites\/5\/2021\/07\/5.jpg 598w, https:\/\/rotasturisticas.jundiai.sp.gov.br\/culturaitaliana\/wp-content\/uploads\/sites\/5\/2021\/07\/5-300x295.jpg 300w\" sizes=\"auto, (max-width: 598px) 100vw, 598px\" \/><\/figure>\n\n\n\n<figure class=\"wp-block-image size-large\"><img loading=\"lazy\" decoding=\"async\" width=\"920\" height=\"518\" data-id=\"294\" src=\"https:\/\/rotasturisticas.jundiai.sp.gov.br\/culturaitaliana\/wp-content\/uploads\/sites\/5\/2021\/07\/10-920x518.jpg\" alt=\"\" class=\"wp-image-294\" srcset=\"https:\/\/rotasturisticas.jundiai.sp.gov.br\/culturaitaliana\/wp-content\/uploads\/sites\/5\/2021\/07\/10-920x518.jpg 920w, https:\/\/rotasturisticas.jundiai.sp.gov.br\/culturaitaliana\/wp-content\/uploads\/sites\/5\/2021\/07\/10-300x169.jpg 300w, https:\/\/rotasturisticas.jundiai.sp.gov.br\/culturaitaliana\/wp-content\/uploads\/sites\/5\/2021\/07\/10-768x432.jpg 768w, https:\/\/rotasturisticas.jundiai.sp.gov.br\/culturaitaliana\/wp-content\/uploads\/sites\/5\/2021\/07\/10.jpg 960w\" sizes=\"auto, (max-width: 920px) 100vw, 920px\" \/><\/figure>\n<\/figure>\n","protected":false},"excerpt":{"rendered":"<p>A Fam\u00edlia Brunelli sempre teve seu foco na produ\u00e7\u00e3o de frutas como: Uva, morango, acerola e Ponc\u00e3. Sendo uma das fam\u00edlias que mais produziam uvas na regi\u00e3o. A produ\u00e7\u00e3o de vinho come\u00e7ou para o consumo da pr\u00f3pria fam\u00edlia antes mesmo de ter o s\u00edtio, mais com o passar do tempo as pessoas de fora da [&hellip;]<\/p>\n","protected":false},"author":11,"featured_media":0,"parent":19,"menu_order":0,"comment_status":"closed","ping_status":"closed","template":"page-local.php","meta":{"footnotes":""},"class_list":["post-163","page","type-page","status-publish","hentry"],"_links":{"self":[{"href":"https:\/\/rotasturisticas.jundiai.sp.gov.br\/culturaitaliana\/wp-json\/wp\/v2\/pages\/163","targetHints":{"allow":["GET"]}}],"collection":[{"href":"https:\/\/rotasturisticas.jundiai.sp.gov.br\/culturaitaliana\/wp-json\/wp\/v2\/pages"}],"about":[{"href":"https:\/\/rotasturisticas.jundiai.sp.gov.br\/culturaitaliana\/wp-json\/wp\/v2\/types\/page"}],"author":[{"embeddable":true,"href":"https:\/\/rotasturisticas.jundiai.sp.gov.br\/culturaitaliana\/wp-json\/wp\/v2\/users\/11"}],"replies":[{"embeddable":true,"href":"https:\/\/rotasturisticas.jundiai.sp.gov.br\/culturaitaliana\/wp-json\/wp\/v2\/comments?post=163"}],"version-history":[{"count":6,"href":"https:\/\/rotasturisticas.jundiai.sp.gov.br\/culturaitaliana\/wp-json\/wp\/v2\/pages\/163\/revisions"}],"predecessor-version":[{"id":398,"href":"https:\/\/rotasturisticas.jundiai.sp.gov.br\/culturaitaliana\/wp-json\/wp\/v2\/pages\/163\/revisions\/398"}],"up":[{"embeddable":true,"href":"https:\/\/rotasturisticas.jundiai.sp.gov.br\/culturaitaliana\/wp-json\/wp\/v2\/pages\/19"}],"wp:attachment":[{"href":"https:\/\/rotasturisticas.jundiai.sp.gov.br\/culturaitaliana\/wp-json\/wp\/v2\/media?parent=163"}],"curies":[{"name":"wp","href":"https:\/\/api.w.org\/{rel}","templated":true}]}}