{"id":99,"date":"2022-11-29T15:01:42","date_gmt":"2022-11-29T18:01:42","guid":{"rendered":"https:\/\/rotasturisticas.jundiai.sp.gov.br\/cervejaartesanal\/?page_id=99"},"modified":"2024-02-15T16:12:10","modified_gmt":"2024-02-15T19:12:10","slug":"brew-pubs","status":"publish","type":"page","link":"https:\/\/rotasturisticas.jundiai.sp.gov.br\/cervejaartesanal\/o-que-visitar\/brew-pubs\/","title":{"rendered":"Brewpubs"},"content":{"rendered":"\n<p>O&nbsp;Brewpub se caracteriza por ser uma pequena cervejaria que produz sua pr\u00f3pria cerveja artesanal, de forma tradicional, para consumo no local. <\/p>\n\n\n\n<p>Os Brewpubs oferecem cervejas frescas e exclusivas, de diferente estilos, para todos os gostos e paladares. Para completar a experi\u00eancia do visitante, as cervejas podem ser harmonizadas com pratos e por\u00e7\u00f5es preparados nos locais.<\/p>\n\n\n\n<p>Conhe\u00e7a nossos Brewpubs:<\/p>\n","protected":false},"excerpt":{"rendered":"<p>O&nbsp;Brewpub se caracteriza por ser uma pequena cervejaria que produz sua pr\u00f3pria cerveja artesanal, de forma tradicional, para consumo no local. Os Brewpubs oferecem cervejas frescas e exclusivas, de diferente estilos, para todos os gostos e paladares. Para completar a experi\u00eancia do visitante, as cervejas podem ser harmonizadas com pratos e por\u00e7\u00f5es preparados nos locais. [&hellip;]<\/p>\n","protected":false},"author":16,"featured_media":253,"parent":12,"menu_order":0,"comment_status":"closed","ping_status":"closed","template":"","meta":{"footnotes":""},"class_list":["post-99","page","type-page","status-publish","has-post-thumbnail","hentry"],"_links":{"self":[{"href":"https:\/\/rotasturisticas.jundiai.sp.gov.br\/cervejaartesanal\/wp-json\/wp\/v2\/pages\/99","targetHints":{"allow":["GET"]}}],"collection":[{"href":"https:\/\/rotasturisticas.jundiai.sp.gov.br\/cervejaartesanal\/wp-json\/wp\/v2\/pages"}],"about":[{"href":"https:\/\/rotasturisticas.jundiai.sp.gov.br\/cervejaartesanal\/wp-json\/wp\/v2\/types\/page"}],"author":[{"embeddable":true,"href":"https:\/\/rotasturisticas.jundiai.sp.gov.br\/cervejaartesanal\/wp-json\/wp\/v2\/users\/16"}],"replies":[{"embeddable":true,"href":"https:\/\/rotasturisticas.jundiai.sp.gov.br\/cervejaartesanal\/wp-json\/wp\/v2\/comments?post=99"}],"version-history":[{"count":4,"href":"https:\/\/rotasturisticas.jundiai.sp.gov.br\/cervejaartesanal\/wp-json\/wp\/v2\/pages\/99\/revisions"}],"predecessor-version":[{"id":363,"href":"https:\/\/rotasturisticas.jundiai.sp.gov.br\/cervejaartesanal\/wp-json\/wp\/v2\/pages\/99\/revisions\/363"}],"up":[{"embeddable":true,"href":"https:\/\/rotasturisticas.jundiai.sp.gov.br\/cervejaartesanal\/wp-json\/wp\/v2\/pages\/12"}],"wp:featuredmedia":[{"embeddable":true,"href":"https:\/\/rotasturisticas.jundiai.sp.gov.br\/cervejaartesanal\/wp-json\/wp\/v2\/media\/253"}],"wp:attachment":[{"href":"https:\/\/rotasturisticas.jundiai.sp.gov.br\/cervejaartesanal\/wp-json\/wp\/v2\/media?parent=99"}],"curies":[{"name":"wp","href":"https:\/\/api.w.org\/{rel}","templated":true}]}}