{"id":82,"date":"2022-11-29T14:55:25","date_gmt":"2022-11-29T17:55:25","guid":{"rendered":"https:\/\/rotasturisticas.jundiai.sp.gov.br\/cervejaartesanal\/?page_id=82"},"modified":"2023-07-24T16:03:02","modified_gmt":"2023-07-24T19:03:02","slug":"galvao-vinicola-e-cervejaria","status":"publish","type":"page","link":"https:\/\/rotasturisticas.jundiai.sp.gov.br\/cervejaartesanal\/o-que-visitar\/bares\/galvao-vinicola-e-cervejaria\/","title":{"rendered":"Galv\u00e3o Vin\u00edcola e Cervejaria"},"content":{"rendered":"\n<p>Durante a Coloniza\u00e7\u00e3o Italiana no bairro do Caxambu, o Sr. Alcindo ( fundador) comprou o s\u00edtio e utilizou toda a \u00e1rea para a planta\u00e7\u00e3o de uva, principal fonte de renda da fam\u00edlia. A produ\u00e7\u00e3o de vinhos surgiu como uma forma de aproveitar toda a uva que n\u00e3o era vendida, sendo criada a Adega Galv\u00e3o. Atualmente, al\u00e9m do vinho, produzem cervejas artesanais e possuem restaurante com comida caipira e mesas ao ar livre.<\/p>\n\n\n\n<p>Oferece almo\u00e7o, eventos com m\u00fasica ao vivo, Wine Bar e a visita aberta para as parreiras de uva.<br>Oferece tamb\u00e9m Caf\u00e9 Colonial sob consulta e agendamento.<\/p>\n\n\n\n<p><strong>Marcas de Cervejas Artesanais:<\/strong> Cavok, Hebling, Dama, L\u00e1 machina, Ahtrio e Startup<\/p>\n\n\n\n<p><strong>Atendimento:&nbsp;<\/strong>Recebe Grupos de Turismo com agendamento<\/p>\n\n\n\n<figure class=\"wp-block-gallery has-nested-images columns-default is-cropped wp-block-gallery-1 is-layout-flex wp-block-gallery-is-layout-flex\">\n<figure class=\"wp-block-image size-large\"><img decoding=\"async\" data-id=\"25970\" src=\"https:\/\/turismo.jundiai.sp.gov.br\/wp-content\/uploads\/2023\/07\/144505284_1356015258080613_4684467064674276481_n-ADEGA-GALVAO-955x950.jpg\" alt=\"\" class=\"wp-image-25970\" \/><\/figure>\n\n\n\n<figure class=\"wp-block-image size-large\"><img decoding=\"async\" data-id=\"25973\" src=\"https:\/\/turismo.jundiai.sp.gov.br\/wp-content\/uploads\/2023\/07\/329130678_763616865120987_3913170849801888803_n-ADEGA-GALVAO-1267x950.jpg\" alt=\"\" class=\"wp-image-25973\" \/><\/figure>\n\n\n\n<figure class=\"wp-block-image size-large\"><img decoding=\"async\" data-id=\"25972\" src=\"https:\/\/turismo.jundiai.sp.gov.br\/wp-content\/uploads\/2023\/07\/342971191_1388861331950310_1741191920694956503_n-ADEGA-GALVAO-1267x950.jpg\" alt=\"\" class=\"wp-image-25972\" \/><\/figure>\n\n\n\n<figure class=\"wp-block-image size-large\"><img decoding=\"async\" data-id=\"25971\" src=\"https:\/\/turismo.jundiai.sp.gov.br\/wp-content\/uploads\/2023\/07\/Capturar-ADEGA-GALVAO.jpg\" alt=\"\" class=\"wp-image-25971\" \/><\/figure>\n\n\n\n<figure class=\"wp-block-image size-large\"><img decoding=\"async\" data-id=\"25967\" src=\"https:\/\/turismo.jundiai.sp.gov.br\/wp-content\/uploads\/2023\/07\/1-ADEGA-GALVAO.jpg\" alt=\"\" class=\"wp-image-25967\" \/><\/figure>\n\n\n\n<figure class=\"wp-block-image size-large\"><img decoding=\"async\" data-id=\"25966\" src=\"https:\/\/turismo.jundiai.sp.gov.br\/wp-content\/uploads\/2023\/07\/2-ADEGA-GALVAO.jpg\" alt=\"\" class=\"wp-image-25966\" \/><\/figure>\n\n\n\n<figure class=\"wp-block-image size-large\"><img decoding=\"async\" data-id=\"25968\" src=\"https:\/\/turismo.jundiai.sp.gov.br\/wp-content\/uploads\/2023\/07\/3-ADEGA-GALVAO.jpg\" alt=\"\" class=\"wp-image-25968\" \/><\/figure>\n\n\n\n<figure class=\"wp-block-image size-large\"><img decoding=\"async\" data-id=\"25969\" src=\"https:\/\/turismo.jundiai.sp.gov.br\/wp-content\/uploads\/2023\/07\/5-ADEGA-GALVAO.jpg\" alt=\"\" class=\"wp-image-25969\" \/><\/figure>\n\n\n\n<figure class=\"wp-block-image size-large\"><img decoding=\"async\" data-id=\"25974\" src=\"https:\/\/turismo.jundiai.sp.gov.br\/wp-content\/uploads\/2023\/07\/119941335_1252311631784310_2762995272859910150_n-ADEGA-GALVAO-762x950.jpg\" alt=\"\" class=\"wp-image-25974\" \/><\/figure>\n<\/figure>\n","protected":false},"excerpt":{"rendered":"<p>Durante a Coloniza\u00e7\u00e3o Italiana no bairro do Caxambu, o Sr. Alcindo ( fundador) comprou o s\u00edtio e utilizou toda a \u00e1rea para a planta\u00e7\u00e3o de uva, principal fonte de renda da fam\u00edlia. A produ\u00e7\u00e3o de vinhos surgiu como uma forma de aproveitar toda a uva que n\u00e3o era vendida, sendo criada a Adega Galv\u00e3o. Atualmente, [&hellip;]<\/p>\n","protected":false},"author":16,"featured_media":96,"parent":101,"menu_order":0,"comment_status":"closed","ping_status":"closed","template":"page-local.php","meta":{"footnotes":""},"class_list":["post-82","page","type-page","status-publish","has-post-thumbnail","hentry"],"_links":{"self":[{"href":"https:\/\/rotasturisticas.jundiai.sp.gov.br\/cervejaartesanal\/wp-json\/wp\/v2\/pages\/82","targetHints":{"allow":["GET"]}}],"collection":[{"href":"https:\/\/rotasturisticas.jundiai.sp.gov.br\/cervejaartesanal\/wp-json\/wp\/v2\/pages"}],"about":[{"href":"https:\/\/rotasturisticas.jundiai.sp.gov.br\/cervejaartesanal\/wp-json\/wp\/v2\/types\/page"}],"author":[{"embeddable":true,"href":"https:\/\/rotasturisticas.jundiai.sp.gov.br\/cervejaartesanal\/wp-json\/wp\/v2\/users\/16"}],"replies":[{"embeddable":true,"href":"https:\/\/rotasturisticas.jundiai.sp.gov.br\/cervejaartesanal\/wp-json\/wp\/v2\/comments?post=82"}],"version-history":[{"count":7,"href":"https:\/\/rotasturisticas.jundiai.sp.gov.br\/cervejaartesanal\/wp-json\/wp\/v2\/pages\/82\/revisions"}],"predecessor-version":[{"id":281,"href":"https:\/\/rotasturisticas.jundiai.sp.gov.br\/cervejaartesanal\/wp-json\/wp\/v2\/pages\/82\/revisions\/281"}],"up":[{"embeddable":true,"href":"https:\/\/rotasturisticas.jundiai.sp.gov.br\/cervejaartesanal\/wp-json\/wp\/v2\/pages\/101"}],"wp:featuredmedia":[{"embeddable":true,"href":"https:\/\/rotasturisticas.jundiai.sp.gov.br\/cervejaartesanal\/wp-json\/wp\/v2\/media\/96"}],"wp:attachment":[{"href":"https:\/\/rotasturisticas.jundiai.sp.gov.br\/cervejaartesanal\/wp-json\/wp\/v2\/media?parent=82"}],"curies":[{"name":"wp","href":"https:\/\/api.w.org\/{rel}","templated":true}]}}