{"id":8,"date":"2022-11-28T10:14:20","date_gmt":"2022-11-28T13:14:20","guid":{"rendered":"https:\/\/rotasturisticas.jundiai.sp.gov.br\/cervejaartesanal\/?page_id=8"},"modified":"2024-02-15T17:54:22","modified_gmt":"2024-02-15T20:54:22","slug":"historia","status":"publish","type":"page","link":"https:\/\/rotasturisticas.jundiai.sp.gov.br\/cervejaartesanal\/historia\/","title":{"rendered":"Hist\u00f3ria"},"content":{"rendered":"\n<p>Criada oficialmente em 02 de dezembro de 2022, a Rota da Cerveja Artesanal de Jundia\u00ed conta com cervejarias artesanais com f\u00e1brica pr\u00f3pria, cervejarias ciganas, brewpubs, bares especializados em cervejas artesanais e lojas de insumos para produ\u00e7\u00e3o.<\/p>\n\n\n\n<p>As cervejarias utilizam ingredientes inusitados, algumas trazem insumos locais em suas receitas, e todas proporcionam uma experi\u00eancia nova e diferente. Algumas possuem atendimento direto ao p\u00fablico, outras contam com harmoniza\u00e7\u00f5es gastron\u00f4micas, shows ao vivo, visita\u00e7\u00e3o as f\u00e1bricas, explica\u00e7\u00e3o do processo de fabrica\u00e7\u00e3o, entre outras atividades. <\/p>\n\n\n\n<figure class=\"wp-block-image\"><img decoding=\"async\" src=\"https:\/\/jundiai.sp.gov.br\/noticias\/wp-content\/uploads\/sites\/32\/2022\/09\/2020-05-15-post-mdg-virt-artesanal.jpg\" alt=\"Cervejas artesanais de diferentes tipos sendo exibidas em uma mesa de madeira\" class=\"wp-image-301844\" \/><\/figure>\n\n\n\n<p><\/p>\n\n\n\n<p><\/p>\n","protected":false},"excerpt":{"rendered":"<p>Criada oficialmente em 02 de dezembro de 2022, a Rota da Cerveja Artesanal de Jundia\u00ed conta com cervejarias artesanais com f\u00e1brica pr\u00f3pria, cervejarias ciganas, brewpubs, bares especializados em cervejas artesanais e lojas de insumos para produ\u00e7\u00e3o. As cervejarias utilizam ingredientes inusitados, algumas trazem insumos locais em suas receitas, e todas proporcionam uma experi\u00eancia nova e [&hellip;]<\/p>\n","protected":false},"author":2,"featured_media":0,"parent":0,"menu_order":0,"comment_status":"closed","ping_status":"closed","template":"","meta":{"footnotes":""},"class_list":["post-8","page","type-page","status-publish","hentry"],"_links":{"self":[{"href":"https:\/\/rotasturisticas.jundiai.sp.gov.br\/cervejaartesanal\/wp-json\/wp\/v2\/pages\/8","targetHints":{"allow":["GET"]}}],"collection":[{"href":"https:\/\/rotasturisticas.jundiai.sp.gov.br\/cervejaartesanal\/wp-json\/wp\/v2\/pages"}],"about":[{"href":"https:\/\/rotasturisticas.jundiai.sp.gov.br\/cervejaartesanal\/wp-json\/wp\/v2\/types\/page"}],"author":[{"embeddable":true,"href":"https:\/\/rotasturisticas.jundiai.sp.gov.br\/cervejaartesanal\/wp-json\/wp\/v2\/users\/2"}],"replies":[{"embeddable":true,"href":"https:\/\/rotasturisticas.jundiai.sp.gov.br\/cervejaartesanal\/wp-json\/wp\/v2\/comments?post=8"}],"version-history":[{"count":4,"href":"https:\/\/rotasturisticas.jundiai.sp.gov.br\/cervejaartesanal\/wp-json\/wp\/v2\/pages\/8\/revisions"}],"predecessor-version":[{"id":375,"href":"https:\/\/rotasturisticas.jundiai.sp.gov.br\/cervejaartesanal\/wp-json\/wp\/v2\/pages\/8\/revisions\/375"}],"wp:attachment":[{"href":"https:\/\/rotasturisticas.jundiai.sp.gov.br\/cervejaartesanal\/wp-json\/wp\/v2\/media?parent=8"}],"curies":[{"name":"wp","href":"https:\/\/api.w.org\/{rel}","templated":true}]}}