{"id":59,"date":"2022-11-29T11:46:52","date_gmt":"2022-11-29T14:46:52","guid":{"rendered":"https:\/\/rotasturisticas.jundiai.sp.gov.br\/cervejaartesanal\/?page_id=59"},"modified":"2022-12-05T12:02:48","modified_gmt":"2022-12-05T15:02:48","slug":"pharmao-cerveja-artesanal","status":"publish","type":"page","link":"https:\/\/rotasturisticas.jundiai.sp.gov.br\/cervejaartesanal\/o-que-visitar\/brew-pubs\/pharmao-cerveja-artesanal\/","title":{"rendered":"Pharma\u00f3 Cerveja Artesanal"},"content":{"rendered":"\n<p>A Pharma\u00f3 \u00e9 uma nanocervejaria com servi\u00e7o de Chopp em torneiras, com ambiente diferenciado e aconchegante a seus amigos e clientes.<br>Somos um BREWPUB, servimos nosso chopp e nossas comidinhas, em nosso espa\u00e7o idealizado para oferecer uma experi\u00eancia nova aos nossos amigos clientes, com a possibilidade de degustar de \u00f3timos chopes, por\u00e7\u00f5es e m\u00fasica que te fazem sentir realmente em um PUB.<\/p>\n\n\n\n<p><strong>Marcas de Cervejas Artesanais:<\/strong>\u00a0Pharma\u00f3 Imperatriz<\/p>\n\n\n\n<p><strong>Servi\u00e7os e experi\u00eancias:<\/strong>\u00a0Atendimento diferenciado, degusta\u00e7\u00e3o, conversa com mestre cervejeira, dicas sobre cerveja e harmoniza\u00e7\u00e3o, por\u00e7\u00f5es alem\u00e3s, veganas e tradicionais da casa.<\/p>\n\n\n\n<p><strong>Atendimento:<\/strong>\u00a0Recebe Grupos de Turismo com agendamento<\/p>\n\n\n\n<figure class=\"wp-block-gallery has-nested-images columns-default is-cropped wp-block-gallery-1 is-layout-flex wp-block-gallery-is-layout-flex\">\n<figure class=\"wp-block-image size-large\"><a href=\"https:\/\/rotasturisticas.jundiai.sp.gov.br\/cervejaartesanal\/wp-content\/uploads\/sites\/9\/2022\/11\/f65e5937-4cdf-4c89-81e5-93c94d5e8f30-Vanessa-Corina-Gasparoto-Silva-Pereira.jpg\"><img loading=\"lazy\" decoding=\"async\" width=\"1152\" height=\"648\" data-id=\"63\" src=\"https:\/\/rotasturisticas.jundiai.sp.gov.br\/cervejaartesanal\/wp-content\/uploads\/sites\/9\/2022\/11\/f65e5937-4cdf-4c89-81e5-93c94d5e8f30-Vanessa-Corina-Gasparoto-Silva-Pereira.jpg\" alt=\"\" class=\"wp-image-63\" srcset=\"https:\/\/rotasturisticas.jundiai.sp.gov.br\/cervejaartesanal\/wp-content\/uploads\/sites\/9\/2022\/11\/f65e5937-4cdf-4c89-81e5-93c94d5e8f30-Vanessa-Corina-Gasparoto-Silva-Pereira.jpg 1152w, https:\/\/rotasturisticas.jundiai.sp.gov.br\/cervejaartesanal\/wp-content\/uploads\/sites\/9\/2022\/11\/f65e5937-4cdf-4c89-81e5-93c94d5e8f30-Vanessa-Corina-Gasparoto-Silva-Pereira-768x432.jpg 768w\" sizes=\"auto, (max-width: 1152px) 100vw, 1152px\" \/><\/a><\/figure>\n\n\n\n<figure class=\"wp-block-image size-large\"><a href=\"https:\/\/rotasturisticas.jundiai.sp.gov.br\/cervejaartesanal\/wp-content\/uploads\/sites\/9\/2022\/11\/e8c87cf0-48ed-4b0f-a482-972fe3d98be7-Vanessa-Corina-Gasparoto-Silva-Pereira.jpg\"><img loading=\"lazy\" decoding=\"async\" width=\"1280\" height=\"720\" data-id=\"64\" src=\"https:\/\/rotasturisticas.jundiai.sp.gov.br\/cervejaartesanal\/wp-content\/uploads\/sites\/9\/2022\/11\/e8c87cf0-48ed-4b0f-a482-972fe3d98be7-Vanessa-Corina-Gasparoto-Silva-Pereira.jpg\" alt=\"\" class=\"wp-image-64\" srcset=\"https:\/\/rotasturisticas.jundiai.sp.gov.br\/cervejaartesanal\/wp-content\/uploads\/sites\/9\/2022\/11\/e8c87cf0-48ed-4b0f-a482-972fe3d98be7-Vanessa-Corina-Gasparoto-Silva-Pereira.jpg 1280w, https:\/\/rotasturisticas.jundiai.sp.gov.br\/cervejaartesanal\/wp-content\/uploads\/sites\/9\/2022\/11\/e8c87cf0-48ed-4b0f-a482-972fe3d98be7-Vanessa-Corina-Gasparoto-Silva-Pereira-768x432.jpg 768w\" sizes=\"auto, (max-width: 1280px) 100vw, 1280px\" \/><\/a><\/figure>\n\n\n\n<figure class=\"wp-block-image size-large\"><a href=\"https:\/\/rotasturisticas.jundiai.sp.gov.br\/cervejaartesanal\/wp-content\/uploads\/sites\/9\/2022\/11\/e7617cb6-1b88-42de-b98e-110da52f2ef6-Vanessa-Corina-Gasparoto-Silva-Pereira.jpg\"><img loading=\"lazy\" decoding=\"async\" width=\"413\" height=\"950\" data-id=\"62\" src=\"https:\/\/rotasturisticas.jundiai.sp.gov.br\/cervejaartesanal\/wp-content\/uploads\/sites\/9\/2022\/11\/e7617cb6-1b88-42de-b98e-110da52f2ef6-Vanessa-Corina-Gasparoto-Silva-Pereira-413x950.jpg\" alt=\"\" class=\"wp-image-62\" srcset=\"https:\/\/rotasturisticas.jundiai.sp.gov.br\/cervejaartesanal\/wp-content\/uploads\/sites\/9\/2022\/11\/e7617cb6-1b88-42de-b98e-110da52f2ef6-Vanessa-Corina-Gasparoto-Silva-Pereira-413x950.jpg 413w, https:\/\/rotasturisticas.jundiai.sp.gov.br\/cervejaartesanal\/wp-content\/uploads\/sites\/9\/2022\/11\/e7617cb6-1b88-42de-b98e-110da52f2ef6-Vanessa-Corina-Gasparoto-Silva-Pereira.jpg 556w\" sizes=\"auto, (max-width: 413px) 100vw, 413px\" \/><\/a><\/figure>\n\n\n\n<figure class=\"wp-block-image size-large\"><a href=\"https:\/\/rotasturisticas.jundiai.sp.gov.br\/cervejaartesanal\/wp-content\/uploads\/sites\/9\/2022\/11\/7ef8fdd0-2820-4836-903b-71c3d50baefe-Vanessa-Corina-Gasparoto-Silva-Pereira.jpg\"><img loading=\"lazy\" decoding=\"async\" width=\"1280\" height=\"720\" data-id=\"68\" src=\"https:\/\/rotasturisticas.jundiai.sp.gov.br\/cervejaartesanal\/wp-content\/uploads\/sites\/9\/2022\/11\/7ef8fdd0-2820-4836-903b-71c3d50baefe-Vanessa-Corina-Gasparoto-Silva-Pereira-1280x720.jpg\" alt=\"\" class=\"wp-image-68\" srcset=\"https:\/\/rotasturisticas.jundiai.sp.gov.br\/cervejaartesanal\/wp-content\/uploads\/sites\/9\/2022\/11\/7ef8fdd0-2820-4836-903b-71c3d50baefe-Vanessa-Corina-Gasparoto-Silva-Pereira-1280x720.jpg 1280w, https:\/\/rotasturisticas.jundiai.sp.gov.br\/cervejaartesanal\/wp-content\/uploads\/sites\/9\/2022\/11\/7ef8fdd0-2820-4836-903b-71c3d50baefe-Vanessa-Corina-Gasparoto-Silva-Pereira-768x432.jpg 768w, https:\/\/rotasturisticas.jundiai.sp.gov.br\/cervejaartesanal\/wp-content\/uploads\/sites\/9\/2022\/11\/7ef8fdd0-2820-4836-903b-71c3d50baefe-Vanessa-Corina-Gasparoto-Silva-Pereira-1536x864.jpg 1536w, https:\/\/rotasturisticas.jundiai.sp.gov.br\/cervejaartesanal\/wp-content\/uploads\/sites\/9\/2022\/11\/7ef8fdd0-2820-4836-903b-71c3d50baefe-Vanessa-Corina-Gasparoto-Silva-Pereira.jpg 1600w\" sizes=\"auto, (max-width: 1280px) 100vw, 1280px\" \/><\/a><\/figure>\n\n\n\n<figure class=\"wp-block-image size-large\"><a href=\"https:\/\/rotasturisticas.jundiai.sp.gov.br\/cervejaartesanal\/wp-content\/uploads\/sites\/9\/2022\/11\/09d0a5b7-1cb8-4d85-8ea3-f113d272dbaa-Vanessa-Corina-Gasparoto-Silva-Pereira.jpg\"><img loading=\"lazy\" decoding=\"async\" width=\"1280\" height=\"720\" data-id=\"66\" src=\"https:\/\/rotasturisticas.jundiai.sp.gov.br\/cervejaartesanal\/wp-content\/uploads\/sites\/9\/2022\/11\/09d0a5b7-1cb8-4d85-8ea3-f113d272dbaa-Vanessa-Corina-Gasparoto-Silva-Pereira-1280x720.jpg\" alt=\"\" class=\"wp-image-66\" srcset=\"https:\/\/rotasturisticas.jundiai.sp.gov.br\/cervejaartesanal\/wp-content\/uploads\/sites\/9\/2022\/11\/09d0a5b7-1cb8-4d85-8ea3-f113d272dbaa-Vanessa-Corina-Gasparoto-Silva-Pereira-1280x720.jpg 1280w, https:\/\/rotasturisticas.jundiai.sp.gov.br\/cervejaartesanal\/wp-content\/uploads\/sites\/9\/2022\/11\/09d0a5b7-1cb8-4d85-8ea3-f113d272dbaa-Vanessa-Corina-Gasparoto-Silva-Pereira-768x432.jpg 768w, https:\/\/rotasturisticas.jundiai.sp.gov.br\/cervejaartesanal\/wp-content\/uploads\/sites\/9\/2022\/11\/09d0a5b7-1cb8-4d85-8ea3-f113d272dbaa-Vanessa-Corina-Gasparoto-Silva-Pereira-1536x864.jpg 1536w, https:\/\/rotasturisticas.jundiai.sp.gov.br\/cervejaartesanal\/wp-content\/uploads\/sites\/9\/2022\/11\/09d0a5b7-1cb8-4d85-8ea3-f113d272dbaa-Vanessa-Corina-Gasparoto-Silva-Pereira.jpg 1599w\" sizes=\"auto, (max-width: 1280px) 100vw, 1280px\" \/><\/a><\/figure>\n\n\n\n<figure class=\"wp-block-image size-large\"><a href=\"https:\/\/rotasturisticas.jundiai.sp.gov.br\/cervejaartesanal\/wp-content\/uploads\/sites\/9\/2022\/11\/4820ce68-c7f6-4f6c-8d41-053a25b24a67-Vanessa-Corina-Gasparoto-Silva-Pereira.jpg\"><img loading=\"lazy\" decoding=\"async\" width=\"1280\" height=\"720\" data-id=\"67\" src=\"https:\/\/rotasturisticas.jundiai.sp.gov.br\/cervejaartesanal\/wp-content\/uploads\/sites\/9\/2022\/11\/4820ce68-c7f6-4f6c-8d41-053a25b24a67-Vanessa-Corina-Gasparoto-Silva-Pereira-1280x720.jpg\" alt=\"\" class=\"wp-image-67\" srcset=\"https:\/\/rotasturisticas.jundiai.sp.gov.br\/cervejaartesanal\/wp-content\/uploads\/sites\/9\/2022\/11\/4820ce68-c7f6-4f6c-8d41-053a25b24a67-Vanessa-Corina-Gasparoto-Silva-Pereira-1280x720.jpg 1280w, https:\/\/rotasturisticas.jundiai.sp.gov.br\/cervejaartesanal\/wp-content\/uploads\/sites\/9\/2022\/11\/4820ce68-c7f6-4f6c-8d41-053a25b24a67-Vanessa-Corina-Gasparoto-Silva-Pereira-768x432.jpg 768w, https:\/\/rotasturisticas.jundiai.sp.gov.br\/cervejaartesanal\/wp-content\/uploads\/sites\/9\/2022\/11\/4820ce68-c7f6-4f6c-8d41-053a25b24a67-Vanessa-Corina-Gasparoto-Silva-Pereira-1536x864.jpg 1536w, https:\/\/rotasturisticas.jundiai.sp.gov.br\/cervejaartesanal\/wp-content\/uploads\/sites\/9\/2022\/11\/4820ce68-c7f6-4f6c-8d41-053a25b24a67-Vanessa-Corina-Gasparoto-Silva-Pereira.jpg 1599w\" sizes=\"auto, (max-width: 1280px) 100vw, 1280px\" \/><\/a><\/figure>\n\n\n\n<figure class=\"wp-block-image size-large\"><a href=\"https:\/\/rotasturisticas.jundiai.sp.gov.br\/cervejaartesanal\/wp-content\/uploads\/sites\/9\/2022\/11\/924866b5-9fd0-4edb-b0a8-48137a11a273-Vanessa-Corina-Gasparoto-Silva-Pereira.jpg\"><img loading=\"lazy\" decoding=\"async\" width=\"1066\" height=\"950\" data-id=\"69\" src=\"https:\/\/rotasturisticas.jundiai.sp.gov.br\/cervejaartesanal\/wp-content\/uploads\/sites\/9\/2022\/11\/924866b5-9fd0-4edb-b0a8-48137a11a273-Vanessa-Corina-Gasparoto-Silva-Pereira-1066x950.jpg\" alt=\"\" class=\"wp-image-69\" srcset=\"https:\/\/rotasturisticas.jundiai.sp.gov.br\/cervejaartesanal\/wp-content\/uploads\/sites\/9\/2022\/11\/924866b5-9fd0-4edb-b0a8-48137a11a273-Vanessa-Corina-Gasparoto-Silva-Pereira-1066x950.jpg 1066w, https:\/\/rotasturisticas.jundiai.sp.gov.br\/cervejaartesanal\/wp-content\/uploads\/sites\/9\/2022\/11\/924866b5-9fd0-4edb-b0a8-48137a11a273-Vanessa-Corina-Gasparoto-Silva-Pereira-768x685.jpg 768w, https:\/\/rotasturisticas.jundiai.sp.gov.br\/cervejaartesanal\/wp-content\/uploads\/sites\/9\/2022\/11\/924866b5-9fd0-4edb-b0a8-48137a11a273-Vanessa-Corina-Gasparoto-Silva-Pereira.jpg 1280w\" sizes=\"auto, (max-width: 1066px) 100vw, 1066px\" \/><\/a><\/figure>\n\n\n\n<figure class=\"wp-block-image size-large\"><a href=\"https:\/\/rotasturisticas.jundiai.sp.gov.br\/cervejaartesanal\/wp-content\/uploads\/sites\/9\/2022\/11\/c07bda1a-f17b-43cd-90ec-2e8e752f0455-Vanessa-Corina-Gasparoto-Silva-Pereira.jpg\"><img loading=\"lazy\" decoding=\"async\" width=\"1152\" height=\"648\" data-id=\"65\" src=\"https:\/\/rotasturisticas.jundiai.sp.gov.br\/cervejaartesanal\/wp-content\/uploads\/sites\/9\/2022\/11\/c07bda1a-f17b-43cd-90ec-2e8e752f0455-Vanessa-Corina-Gasparoto-Silva-Pereira.jpg\" alt=\"\" class=\"wp-image-65\" srcset=\"https:\/\/rotasturisticas.jundiai.sp.gov.br\/cervejaartesanal\/wp-content\/uploads\/sites\/9\/2022\/11\/c07bda1a-f17b-43cd-90ec-2e8e752f0455-Vanessa-Corina-Gasparoto-Silva-Pereira.jpg 1152w, https:\/\/rotasturisticas.jundiai.sp.gov.br\/cervejaartesanal\/wp-content\/uploads\/sites\/9\/2022\/11\/c07bda1a-f17b-43cd-90ec-2e8e752f0455-Vanessa-Corina-Gasparoto-Silva-Pereira-768x432.jpg 768w\" sizes=\"auto, (max-width: 1152px) 100vw, 1152px\" \/><\/a><\/figure>\n<\/figure>\n","protected":false},"excerpt":{"rendered":"<p>A Pharma\u00f3 \u00e9 uma nanocervejaria com servi\u00e7o de Chopp em torneiras, com ambiente diferenciado e aconchegante a seus amigos e clientes.Somos um BREWPUB, servimos nosso chopp e nossas comidinhas, em nosso espa\u00e7o idealizado para oferecer uma experi\u00eancia nova aos nossos amigos clientes, com a possibilidade de degustar de \u00f3timos chopes, por\u00e7\u00f5es e m\u00fasica que te [&hellip;]<\/p>\n","protected":false},"author":16,"featured_media":0,"parent":99,"menu_order":0,"comment_status":"closed","ping_status":"closed","template":"page-local.php","meta":{"footnotes":""},"class_list":["post-59","page","type-page","status-publish","hentry"],"_links":{"self":[{"href":"https:\/\/rotasturisticas.jundiai.sp.gov.br\/cervejaartesanal\/wp-json\/wp\/v2\/pages\/59","targetHints":{"allow":["GET"]}}],"collection":[{"href":"https:\/\/rotasturisticas.jundiai.sp.gov.br\/cervejaartesanal\/wp-json\/wp\/v2\/pages"}],"about":[{"href":"https:\/\/rotasturisticas.jundiai.sp.gov.br\/cervejaartesanal\/wp-json\/wp\/v2\/types\/page"}],"author":[{"embeddable":true,"href":"https:\/\/rotasturisticas.jundiai.sp.gov.br\/cervejaartesanal\/wp-json\/wp\/v2\/users\/16"}],"replies":[{"embeddable":true,"href":"https:\/\/rotasturisticas.jundiai.sp.gov.br\/cervejaartesanal\/wp-json\/wp\/v2\/comments?post=59"}],"version-history":[{"count":4,"href":"https:\/\/rotasturisticas.jundiai.sp.gov.br\/cervejaartesanal\/wp-json\/wp\/v2\/pages\/59\/revisions"}],"predecessor-version":[{"id":212,"href":"https:\/\/rotasturisticas.jundiai.sp.gov.br\/cervejaartesanal\/wp-json\/wp\/v2\/pages\/59\/revisions\/212"}],"up":[{"embeddable":true,"href":"https:\/\/rotasturisticas.jundiai.sp.gov.br\/cervejaartesanal\/wp-json\/wp\/v2\/pages\/99"}],"wp:attachment":[{"href":"https:\/\/rotasturisticas.jundiai.sp.gov.br\/cervejaartesanal\/wp-json\/wp\/v2\/media?parent=59"}],"curies":[{"name":"wp","href":"https:\/\/api.w.org\/{rel}","templated":true}]}}