{"id":48,"date":"2022-11-29T11:41:33","date_gmt":"2022-11-29T14:41:33","guid":{"rendered":"https:\/\/rotasturisticas.jundiai.sp.gov.br\/cervejaartesanal\/?page_id=48"},"modified":"2024-07-01T17:30:41","modified_gmt":"2024-07-01T20:30:41","slug":"the-beer-market","status":"publish","type":"page","link":"https:\/\/rotasturisticas.jundiai.sp.gov.br\/cervejaartesanal\/o-que-visitar\/bares\/the-beer-market\/","title":{"rendered":"The Beer Market"},"content":{"rendered":"\n<p>O bar do melhor sommelier de cervejas do Brasil em 2022!! O Beer Market vem difundindo a cultura cervejeira no o terror de SP desde 2013, com excel\u00eancia e refer\u00eancia no servi\u00e7o e portf\u00f3lio! Temos 23 taps com os melhores chopes nacionais e importados e mais de 250 r\u00f3tulos de cerveja em garrafas e latas, lan\u00e7amentos, cl\u00e1ssicos e raridades! Marcas fixas como Brooklyn, Guinness, Fullers London Pride, Delirium Tremens, Paulaner e muito mais! Um card\u00e1pio todo feito na casa com por\u00e7\u00f5es, burgers e sandubas perfeitos pra harmonizar com os melhores r\u00f3tulos da regi\u00e3o! Servi\u00e7o feito por sommeliers especialistas para ajudar nas descobertas de novos sabores e aromas! M\u00fasica ao vivo, cursos, Workshops, degusta\u00e7\u00f5es, confrarias e muito conhecimento! Vem pro TBM!<\/p>\n\n\n\n<p><strong>Marcas de Cervejas Artesanais:<\/strong><br>Mais de 250 r\u00f3tulos e marcas.<br>23 taps de chope: Guinness, Brooklyn, delirium tremens, paulaner, fullers London Pride, etc\u2026<br>Synergy, Hocus Pocus, Maniacs, Tarantino, Juan Caloto, Dogma, Quatro graus, Narcose, fermentaria local, Prisma, Dadiva, Mafiosa, Papas, Zapata, Everbrew, Croma, etc\u2026<\/p>\n\n\n\n<p><strong>Servi\u00e7os e experi\u00eancias:\u00a0<\/strong>Oferece Degusta\u00e7\u00e3o conduzida, Harmoniza\u00e7\u00e3o, Cursos, Card\u00e1pio especial com receitas \u00e0 base de cerveja.<\/p>\n\n\n\n<p><strong>Atendimento:&nbsp;<\/strong>Recebe Grupos de Turismo com agendamento<\/p>\n\n\n\n<figure class=\"wp-block-gallery has-nested-images columns-default is-cropped wp-block-gallery-1 is-layout-flex wp-block-gallery-is-layout-flex\">\n<figure class=\"wp-block-image size-large\"><a href=\"https:\/\/rotasturisticas.jundiai.sp.gov.br\/cervejaartesanal\/wp-content\/uploads\/sites\/9\/2022\/11\/9E02CAD1-B4CA-46E6-9963-1823843C25E2-The-Beer-Market.jpeg\"><img loading=\"lazy\" decoding=\"async\" width=\"1280\" height=\"853\" data-id=\"53\" src=\"https:\/\/rotasturisticas.jundiai.sp.gov.br\/cervejaartesanal\/wp-content\/uploads\/sites\/9\/2022\/11\/9E02CAD1-B4CA-46E6-9963-1823843C25E2-The-Beer-Market.jpeg\" alt=\"\" class=\"wp-image-53\" srcset=\"https:\/\/rotasturisticas.jundiai.sp.gov.br\/cervejaartesanal\/wp-content\/uploads\/sites\/9\/2022\/11\/9E02CAD1-B4CA-46E6-9963-1823843C25E2-The-Beer-Market.jpeg 1280w, https:\/\/rotasturisticas.jundiai.sp.gov.br\/cervejaartesanal\/wp-content\/uploads\/sites\/9\/2022\/11\/9E02CAD1-B4CA-46E6-9963-1823843C25E2-The-Beer-Market-768x512.jpeg 768w\" sizes=\"auto, (max-width: 1280px) 100vw, 1280px\" \/><\/a><\/figure>\n\n\n\n<figure class=\"wp-block-image size-large\"><a href=\"https:\/\/rotasturisticas.jundiai.sp.gov.br\/cervejaartesanal\/wp-content\/uploads\/sites\/9\/2022\/11\/9A16642F-6F4D-48BA-82AC-424B8B3410A6-The-Beer-Market.jpeg\"><img loading=\"lazy\" decoding=\"async\" width=\"1280\" height=\"853\" data-id=\"54\" src=\"https:\/\/rotasturisticas.jundiai.sp.gov.br\/cervejaartesanal\/wp-content\/uploads\/sites\/9\/2022\/11\/9A16642F-6F4D-48BA-82AC-424B8B3410A6-The-Beer-Market.jpeg\" alt=\"\" class=\"wp-image-54\" srcset=\"https:\/\/rotasturisticas.jundiai.sp.gov.br\/cervejaartesanal\/wp-content\/uploads\/sites\/9\/2022\/11\/9A16642F-6F4D-48BA-82AC-424B8B3410A6-The-Beer-Market.jpeg 1280w, https:\/\/rotasturisticas.jundiai.sp.gov.br\/cervejaartesanal\/wp-content\/uploads\/sites\/9\/2022\/11\/9A16642F-6F4D-48BA-82AC-424B8B3410A6-The-Beer-Market-768x512.jpeg 768w\" sizes=\"auto, (max-width: 1280px) 100vw, 1280px\" \/><\/a><\/figure>\n\n\n\n<figure class=\"wp-block-image size-large\"><a href=\"https:\/\/rotasturisticas.jundiai.sp.gov.br\/cervejaartesanal\/wp-content\/uploads\/sites\/9\/2022\/11\/A24E238E-550B-4CE7-8F72-1DAE4EB908DC-The-Beer-Market.jpeg\"><img loading=\"lazy\" decoding=\"async\" width=\"1280\" height=\"853\" data-id=\"55\" src=\"https:\/\/rotasturisticas.jundiai.sp.gov.br\/cervejaartesanal\/wp-content\/uploads\/sites\/9\/2022\/11\/A24E238E-550B-4CE7-8F72-1DAE4EB908DC-The-Beer-Market.jpeg\" alt=\"\" class=\"wp-image-55\" srcset=\"https:\/\/rotasturisticas.jundiai.sp.gov.br\/cervejaartesanal\/wp-content\/uploads\/sites\/9\/2022\/11\/A24E238E-550B-4CE7-8F72-1DAE4EB908DC-The-Beer-Market.jpeg 1280w, https:\/\/rotasturisticas.jundiai.sp.gov.br\/cervejaartesanal\/wp-content\/uploads\/sites\/9\/2022\/11\/A24E238E-550B-4CE7-8F72-1DAE4EB908DC-The-Beer-Market-768x512.jpeg 768w\" sizes=\"auto, (max-width: 1280px) 100vw, 1280px\" \/><\/a><\/figure>\n\n\n\n<figure class=\"wp-block-image size-large\"><a href=\"https:\/\/rotasturisticas.jundiai.sp.gov.br\/cervejaartesanal\/wp-content\/uploads\/sites\/9\/2022\/11\/2508ADF4-45DD-4E1D-BC9D-F829D936EBA4-The-Beer-Market.jpeg\"><img loading=\"lazy\" decoding=\"async\" width=\"1280\" height=\"853\" data-id=\"56\" src=\"https:\/\/rotasturisticas.jundiai.sp.gov.br\/cervejaartesanal\/wp-content\/uploads\/sites\/9\/2022\/11\/2508ADF4-45DD-4E1D-BC9D-F829D936EBA4-The-Beer-Market.jpeg\" alt=\"\" class=\"wp-image-56\" srcset=\"https:\/\/rotasturisticas.jundiai.sp.gov.br\/cervejaartesanal\/wp-content\/uploads\/sites\/9\/2022\/11\/2508ADF4-45DD-4E1D-BC9D-F829D936EBA4-The-Beer-Market.jpeg 1280w, https:\/\/rotasturisticas.jundiai.sp.gov.br\/cervejaartesanal\/wp-content\/uploads\/sites\/9\/2022\/11\/2508ADF4-45DD-4E1D-BC9D-F829D936EBA4-The-Beer-Market-768x512.jpeg 768w\" sizes=\"auto, (max-width: 1280px) 100vw, 1280px\" \/><\/a><\/figure>\n\n\n\n<figure class=\"wp-block-image size-large\"><a href=\"https:\/\/rotasturisticas.jundiai.sp.gov.br\/cervejaartesanal\/wp-content\/uploads\/sites\/9\/2022\/11\/18590031-F09F-45FC-A5E8-4A38C2ACCD7E-The-Beer-Market.jpeg\"><img loading=\"lazy\" decoding=\"async\" width=\"950\" height=\"950\" data-id=\"49\" src=\"https:\/\/rotasturisticas.jundiai.sp.gov.br\/cervejaartesanal\/wp-content\/uploads\/sites\/9\/2022\/11\/18590031-F09F-45FC-A5E8-4A38C2ACCD7E-The-Beer-Market-950x950.jpeg\" alt=\"\" class=\"wp-image-49\" srcset=\"https:\/\/rotasturisticas.jundiai.sp.gov.br\/cervejaartesanal\/wp-content\/uploads\/sites\/9\/2022\/11\/18590031-F09F-45FC-A5E8-4A38C2ACCD7E-The-Beer-Market-950x950.jpeg 950w, https:\/\/rotasturisticas.jundiai.sp.gov.br\/cervejaartesanal\/wp-content\/uploads\/sites\/9\/2022\/11\/18590031-F09F-45FC-A5E8-4A38C2ACCD7E-The-Beer-Market-100x100.jpeg 100w, https:\/\/rotasturisticas.jundiai.sp.gov.br\/cervejaartesanal\/wp-content\/uploads\/sites\/9\/2022\/11\/18590031-F09F-45FC-A5E8-4A38C2ACCD7E-The-Beer-Market-768x768.jpeg 768w, https:\/\/rotasturisticas.jundiai.sp.gov.br\/cervejaartesanal\/wp-content\/uploads\/sites\/9\/2022\/11\/18590031-F09F-45FC-A5E8-4A38C2ACCD7E-The-Beer-Market.jpeg 1080w\" sizes=\"auto, (max-width: 950px) 100vw, 950px\" \/><\/a><\/figure>\n\n\n\n<figure class=\"wp-block-image size-large\"><a href=\"https:\/\/rotasturisticas.jundiai.sp.gov.br\/cervejaartesanal\/wp-content\/uploads\/sites\/9\/2022\/11\/C88CA53F-031C-42D6-A038-8CB8D61903E8-The-Beer-Market.jpeg\"><img loading=\"lazy\" decoding=\"async\" width=\"534\" height=\"950\" data-id=\"52\" src=\"https:\/\/rotasturisticas.jundiai.sp.gov.br\/cervejaartesanal\/wp-content\/uploads\/sites\/9\/2022\/11\/C88CA53F-031C-42D6-A038-8CB8D61903E8-The-Beer-Market-534x950.jpeg\" alt=\"\" class=\"wp-image-52\" srcset=\"https:\/\/rotasturisticas.jundiai.sp.gov.br\/cervejaartesanal\/wp-content\/uploads\/sites\/9\/2022\/11\/C88CA53F-031C-42D6-A038-8CB8D61903E8-The-Beer-Market-534x950.jpeg 534w, https:\/\/rotasturisticas.jundiai.sp.gov.br\/cervejaartesanal\/wp-content\/uploads\/sites\/9\/2022\/11\/C88CA53F-031C-42D6-A038-8CB8D61903E8-The-Beer-Market-768x1366.jpeg 768w, https:\/\/rotasturisticas.jundiai.sp.gov.br\/cervejaartesanal\/wp-content\/uploads\/sites\/9\/2022\/11\/C88CA53F-031C-42D6-A038-8CB8D61903E8-The-Beer-Market-864x1536.jpeg 864w, https:\/\/rotasturisticas.jundiai.sp.gov.br\/cervejaartesanal\/wp-content\/uploads\/sites\/9\/2022\/11\/C88CA53F-031C-42D6-A038-8CB8D61903E8-The-Beer-Market-1152x2048.jpeg 1152w, https:\/\/rotasturisticas.jundiai.sp.gov.br\/cervejaartesanal\/wp-content\/uploads\/sites\/9\/2022\/11\/C88CA53F-031C-42D6-A038-8CB8D61903E8-The-Beer-Market.jpeg 1280w\" sizes=\"auto, (max-width: 534px) 100vw, 534px\" \/><\/a><\/figure>\n\n\n\n<figure class=\"wp-block-image size-large\"><a href=\"https:\/\/rotasturisticas.jundiai.sp.gov.br\/cervejaartesanal\/wp-content\/uploads\/sites\/9\/2022\/11\/777359B1-F375-4968-8C14-DE4D17AC884A-The-Beer-Market.jpeg\"><img loading=\"lazy\" decoding=\"async\" width=\"534\" height=\"950\" data-id=\"51\" src=\"https:\/\/rotasturisticas.jundiai.sp.gov.br\/cervejaartesanal\/wp-content\/uploads\/sites\/9\/2022\/11\/777359B1-F375-4968-8C14-DE4D17AC884A-The-Beer-Market-534x950.jpeg\" alt=\"\" class=\"wp-image-51\" srcset=\"https:\/\/rotasturisticas.jundiai.sp.gov.br\/cervejaartesanal\/wp-content\/uploads\/sites\/9\/2022\/11\/777359B1-F375-4968-8C14-DE4D17AC884A-The-Beer-Market-534x950.jpeg 534w, https:\/\/rotasturisticas.jundiai.sp.gov.br\/cervejaartesanal\/wp-content\/uploads\/sites\/9\/2022\/11\/777359B1-F375-4968-8C14-DE4D17AC884A-The-Beer-Market-768x1366.jpeg 768w, https:\/\/rotasturisticas.jundiai.sp.gov.br\/cervejaartesanal\/wp-content\/uploads\/sites\/9\/2022\/11\/777359B1-F375-4968-8C14-DE4D17AC884A-The-Beer-Market-864x1536.jpeg 864w, https:\/\/rotasturisticas.jundiai.sp.gov.br\/cervejaartesanal\/wp-content\/uploads\/sites\/9\/2022\/11\/777359B1-F375-4968-8C14-DE4D17AC884A-The-Beer-Market-1152x2048.jpeg 1152w, https:\/\/rotasturisticas.jundiai.sp.gov.br\/cervejaartesanal\/wp-content\/uploads\/sites\/9\/2022\/11\/777359B1-F375-4968-8C14-DE4D17AC884A-The-Beer-Market.jpeg 1280w\" sizes=\"auto, (max-width: 534px) 100vw, 534px\" \/><\/a><\/figure>\n\n\n\n<figure class=\"wp-block-image size-large\"><a href=\"https:\/\/rotasturisticas.jundiai.sp.gov.br\/cervejaartesanal\/wp-content\/uploads\/sites\/9\/2022\/11\/5F118F32-A3FC-4658-90A2-ED08D60B60B6-The-Beer-Market.jpeg\"><img loading=\"lazy\" decoding=\"async\" width=\"950\" height=\"950\" data-id=\"50\" src=\"https:\/\/rotasturisticas.jundiai.sp.gov.br\/cervejaartesanal\/wp-content\/uploads\/sites\/9\/2022\/11\/5F118F32-A3FC-4658-90A2-ED08D60B60B6-The-Beer-Market-950x950.jpeg\" alt=\"\" class=\"wp-image-50\" srcset=\"https:\/\/rotasturisticas.jundiai.sp.gov.br\/cervejaartesanal\/wp-content\/uploads\/sites\/9\/2022\/11\/5F118F32-A3FC-4658-90A2-ED08D60B60B6-The-Beer-Market-950x950.jpeg 950w, https:\/\/rotasturisticas.jundiai.sp.gov.br\/cervejaartesanal\/wp-content\/uploads\/sites\/9\/2022\/11\/5F118F32-A3FC-4658-90A2-ED08D60B60B6-The-Beer-Market-100x100.jpeg 100w, https:\/\/rotasturisticas.jundiai.sp.gov.br\/cervejaartesanal\/wp-content\/uploads\/sites\/9\/2022\/11\/5F118F32-A3FC-4658-90A2-ED08D60B60B6-The-Beer-Market-768x768.jpeg 768w, https:\/\/rotasturisticas.jundiai.sp.gov.br\/cervejaartesanal\/wp-content\/uploads\/sites\/9\/2022\/11\/5F118F32-A3FC-4658-90A2-ED08D60B60B6-The-Beer-Market.jpeg 1280w\" sizes=\"auto, (max-width: 950px) 100vw, 950px\" \/><\/a><\/figure>\n<\/figure>\n","protected":false},"excerpt":{"rendered":"<p>O bar do melhor sommelier de cervejas do Brasil em 2022!! O Beer Market vem difundindo a cultura cervejeira no o terror de SP desde 2013, com excel\u00eancia e refer\u00eancia no servi\u00e7o e portf\u00f3lio! Temos 23 taps com os melhores chopes nacionais e importados e mais de 250 r\u00f3tulos de cerveja em garrafas e latas, [&hellip;]<\/p>\n","protected":false},"author":16,"featured_media":0,"parent":101,"menu_order":0,"comment_status":"closed","ping_status":"closed","template":"page-local.php","meta":{"footnotes":""},"class_list":["post-48","page","type-page","status-publish","hentry"],"_links":{"self":[{"href":"https:\/\/rotasturisticas.jundiai.sp.gov.br\/cervejaartesanal\/wp-json\/wp\/v2\/pages\/48","targetHints":{"allow":["GET"]}}],"collection":[{"href":"https:\/\/rotasturisticas.jundiai.sp.gov.br\/cervejaartesanal\/wp-json\/wp\/v2\/pages"}],"about":[{"href":"https:\/\/rotasturisticas.jundiai.sp.gov.br\/cervejaartesanal\/wp-json\/wp\/v2\/types\/page"}],"author":[{"embeddable":true,"href":"https:\/\/rotasturisticas.jundiai.sp.gov.br\/cervejaartesanal\/wp-json\/wp\/v2\/users\/16"}],"replies":[{"embeddable":true,"href":"https:\/\/rotasturisticas.jundiai.sp.gov.br\/cervejaartesanal\/wp-json\/wp\/v2\/comments?post=48"}],"version-history":[{"count":4,"href":"https:\/\/rotasturisticas.jundiai.sp.gov.br\/cervejaartesanal\/wp-json\/wp\/v2\/pages\/48\/revisions"}],"predecessor-version":[{"id":119,"href":"https:\/\/rotasturisticas.jundiai.sp.gov.br\/cervejaartesanal\/wp-json\/wp\/v2\/pages\/48\/revisions\/119"}],"up":[{"embeddable":true,"href":"https:\/\/rotasturisticas.jundiai.sp.gov.br\/cervejaartesanal\/wp-json\/wp\/v2\/pages\/101"}],"wp:attachment":[{"href":"https:\/\/rotasturisticas.jundiai.sp.gov.br\/cervejaartesanal\/wp-json\/wp\/v2\/media?parent=48"}],"curies":[{"name":"wp","href":"https:\/\/api.w.org\/{rel}","templated":true}]}}