{"id":436,"date":"2025-10-31T10:08:44","date_gmt":"2025-10-31T13:08:44","guid":{"rendered":"https:\/\/rotasturisticas.jundiai.sp.gov.br\/cervejaartesanal\/?page_id=436"},"modified":"2025-10-31T10:11:57","modified_gmt":"2025-10-31T13:11:57","slug":"texpub-jundiai","status":"publish","type":"page","link":"https:\/\/rotasturisticas.jundiai.sp.gov.br\/cervejaartesanal\/o-que-visitar\/bares\/texpub-jundiai\/","title":{"rendered":"TEXPUB JUNDIAI"},"content":{"rendered":"\n<p>A TexPub Jundia\u00ed foi idealizada pela Cervejaria Texbeer de Itupeva, com intuito de levar nossas cervejas especiais at\u00e9 Jundia\u00ed. No local uma proposta de Pub com um toque moderno, com brincadeiras, jogos, card\u00e1pio variado e claro muita cerveja.<\/p>\n\n\n\n<figure class=\"wp-block-gallery has-nested-images columns-default is-cropped wp-block-gallery-1 is-layout-flex wp-block-gallery-is-layout-flex\">\n<figure class=\"wp-block-image size-large\"><img loading=\"lazy\" decoding=\"async\" width=\"756\" height=\"950\" data-id=\"451\" src=\"https:\/\/rotasturisticas.jundiai.sp.gov.br\/cervejaartesanal\/wp-content\/uploads\/sites\/9\/2025\/10\/WhatsApp-Image-2025-10-31-at-10.10.51-756x950.jpeg\" alt=\"\" class=\"wp-image-451\" srcset=\"https:\/\/rotasturisticas.jundiai.sp.gov.br\/cervejaartesanal\/wp-content\/uploads\/sites\/9\/2025\/10\/WhatsApp-Image-2025-10-31-at-10.10.51-756x950.jpeg 756w, https:\/\/rotasturisticas.jundiai.sp.gov.br\/cervejaartesanal\/wp-content\/uploads\/sites\/9\/2025\/10\/WhatsApp-Image-2025-10-31-at-10.10.51-768x965.jpeg 768w, https:\/\/rotasturisticas.jundiai.sp.gov.br\/cervejaartesanal\/wp-content\/uploads\/sites\/9\/2025\/10\/WhatsApp-Image-2025-10-31-at-10.10.51.jpeg 1080w\" sizes=\"auto, (max-width: 756px) 100vw, 756px\" \/><\/figure>\n<\/figure>\n","protected":false},"excerpt":{"rendered":"<p>A TexPub Jundia\u00ed foi idealizada pela Cervejaria Texbeer de Itupeva, com intuito de levar nossas cervejas especiais at\u00e9 Jundia\u00ed. No local uma proposta de Pub com um toque moderno, com brincadeiras, jogos, card\u00e1pio variado e claro muita cerveja.<\/p>\n","protected":false},"author":23,"featured_media":0,"parent":101,"menu_order":0,"comment_status":"closed","ping_status":"closed","template":"page-local.php","meta":{"footnotes":""},"class_list":["post-436","page","type-page","status-publish","hentry"],"_links":{"self":[{"href":"https:\/\/rotasturisticas.jundiai.sp.gov.br\/cervejaartesanal\/wp-json\/wp\/v2\/pages\/436","targetHints":{"allow":["GET"]}}],"collection":[{"href":"https:\/\/rotasturisticas.jundiai.sp.gov.br\/cervejaartesanal\/wp-json\/wp\/v2\/pages"}],"about":[{"href":"https:\/\/rotasturisticas.jundiai.sp.gov.br\/cervejaartesanal\/wp-json\/wp\/v2\/types\/page"}],"author":[{"embeddable":true,"href":"https:\/\/rotasturisticas.jundiai.sp.gov.br\/cervejaartesanal\/wp-json\/wp\/v2\/users\/23"}],"replies":[{"embeddable":true,"href":"https:\/\/rotasturisticas.jundiai.sp.gov.br\/cervejaartesanal\/wp-json\/wp\/v2\/comments?post=436"}],"version-history":[{"count":3,"href":"https:\/\/rotasturisticas.jundiai.sp.gov.br\/cervejaartesanal\/wp-json\/wp\/v2\/pages\/436\/revisions"}],"predecessor-version":[{"id":452,"href":"https:\/\/rotasturisticas.jundiai.sp.gov.br\/cervejaartesanal\/wp-json\/wp\/v2\/pages\/436\/revisions\/452"}],"up":[{"embeddable":true,"href":"https:\/\/rotasturisticas.jundiai.sp.gov.br\/cervejaartesanal\/wp-json\/wp\/v2\/pages\/101"}],"wp:attachment":[{"href":"https:\/\/rotasturisticas.jundiai.sp.gov.br\/cervejaartesanal\/wp-json\/wp\/v2\/media?parent=436"}],"curies":[{"name":"wp","href":"https:\/\/api.w.org\/{rel}","templated":true}]}}