{"id":370,"date":"2024-02-15T16:54:39","date_gmt":"2024-02-15T19:54:39","guid":{"rendered":"https:\/\/rotasturisticas.jundiai.sp.gov.br\/cervejaartesanal\/?page_id=370"},"modified":"2024-02-15T16:56:08","modified_gmt":"2024-02-15T19:56:08","slug":"cervejaria-epidemia","status":"publish","type":"page","link":"https:\/\/rotasturisticas.jundiai.sp.gov.br\/cervejaartesanal\/o-que-visitar\/cervejarias-artesanais-ciganas\/cervejaria-epidemia\/","title":{"rendered":"Cervejaria Epidemia"},"content":{"rendered":"\n<p>A Cervejaria Epidemia foi fundada em 2018 em uma \u00f3tima combina\u00e7\u00e3o entre amizade, divers\u00e3o e amantes de uma boa cerveja onde se concretizou esta historia de uma paix\u00e3o cervejeira vindo a estarmos dentro desse ramo entregando aos nossos clientes o melhor conceito de cerveja artesanal.<\/p>\n\n\n\n<p><strong>Estilos de Cervejas produzidas:<\/strong>\u00a0American IPA, Pilsen, Stout, Witbier<\/p>\n\n\n\n<p><\/p>\n","protected":false},"excerpt":{"rendered":"<p>A Cervejaria Epidemia foi fundada em 2018 em uma \u00f3tima combina\u00e7\u00e3o entre amizade, divers\u00e3o e amantes de uma boa cerveja onde se concretizou esta historia de uma paix\u00e3o cervejeira vindo a estarmos dentro desse ramo entregando aos nossos clientes o melhor conceito de cerveja artesanal. Estilos de Cervejas produzidas:\u00a0American IPA, Pilsen, Stout, Witbier<\/p>\n","protected":false},"author":16,"featured_media":0,"parent":106,"menu_order":0,"comment_status":"closed","ping_status":"closed","template":"page-local.php","meta":{"footnotes":""},"class_list":["post-370","page","type-page","status-publish","hentry"],"_links":{"self":[{"href":"https:\/\/rotasturisticas.jundiai.sp.gov.br\/cervejaartesanal\/wp-json\/wp\/v2\/pages\/370","targetHints":{"allow":["GET"]}}],"collection":[{"href":"https:\/\/rotasturisticas.jundiai.sp.gov.br\/cervejaartesanal\/wp-json\/wp\/v2\/pages"}],"about":[{"href":"https:\/\/rotasturisticas.jundiai.sp.gov.br\/cervejaartesanal\/wp-json\/wp\/v2\/types\/page"}],"author":[{"embeddable":true,"href":"https:\/\/rotasturisticas.jundiai.sp.gov.br\/cervejaartesanal\/wp-json\/wp\/v2\/users\/16"}],"replies":[{"embeddable":true,"href":"https:\/\/rotasturisticas.jundiai.sp.gov.br\/cervejaartesanal\/wp-json\/wp\/v2\/comments?post=370"}],"version-history":[{"count":2,"href":"https:\/\/rotasturisticas.jundiai.sp.gov.br\/cervejaartesanal\/wp-json\/wp\/v2\/pages\/370\/revisions"}],"predecessor-version":[{"id":372,"href":"https:\/\/rotasturisticas.jundiai.sp.gov.br\/cervejaartesanal\/wp-json\/wp\/v2\/pages\/370\/revisions\/372"}],"up":[{"embeddable":true,"href":"https:\/\/rotasturisticas.jundiai.sp.gov.br\/cervejaartesanal\/wp-json\/wp\/v2\/pages\/106"}],"wp:attachment":[{"href":"https:\/\/rotasturisticas.jundiai.sp.gov.br\/cervejaartesanal\/wp-json\/wp\/v2\/media?parent=370"}],"curies":[{"name":"wp","href":"https:\/\/api.w.org\/{rel}","templated":true}]}}