{"id":366,"date":"2024-02-15T16:38:34","date_gmt":"2024-02-15T19:38:34","guid":{"rendered":"https:\/\/rotasturisticas.jundiai.sp.gov.br\/cervejaartesanal\/?page_id=366"},"modified":"2024-02-15T16:50:37","modified_gmt":"2024-02-15T19:50:37","slug":"monaco-beer","status":"publish","type":"page","link":"https:\/\/rotasturisticas.jundiai.sp.gov.br\/cervejaartesanal\/o-que-visitar\/cervejarias-artesanais-ciganas\/monaco-beer\/","title":{"rendered":"M\u00f4naco Beer"},"content":{"rendered":"\n<p>Em meados de 2021 a empresa amplia a linha de produtos e inclui a M\u00f4naco beer para atender uma nova demanda do mercado de cervejas artesanais.<br>Atualmente com o intuito de crescimento e aprimoramento a empresa se filiou ao PCJR.<br>A M\u00f4naco Beer est\u00e1 comprometida em expandir sua presen\u00e7a geogr\u00e1fica e continuar aprimorando seus servi\u00e7os e produtos para atender \u00e0s necessidades em constante<br>evolu\u00e7\u00e3o dos consumidores.<\/p>\n\n\n\n<p><strong>Estilos de Cervejas produzidas:<\/strong> Pilsen, IPA, Black, Puro Malte<\/p>\n","protected":false},"excerpt":{"rendered":"<p>Em meados de 2021 a empresa amplia a linha de produtos e inclui a M\u00f4naco beer para atender uma nova demanda do mercado de cervejas artesanais.Atualmente com o intuito de crescimento e aprimoramento a empresa se filiou ao PCJR.A M\u00f4naco Beer est\u00e1 comprometida em expandir sua presen\u00e7a geogr\u00e1fica e continuar aprimorando seus servi\u00e7os e produtos [&hellip;]<\/p>\n","protected":false},"author":16,"featured_media":0,"parent":106,"menu_order":0,"comment_status":"closed","ping_status":"closed","template":"page-local.php","meta":{"footnotes":""},"class_list":["post-366","page","type-page","status-publish","hentry"],"_links":{"self":[{"href":"https:\/\/rotasturisticas.jundiai.sp.gov.br\/cervejaartesanal\/wp-json\/wp\/v2\/pages\/366","targetHints":{"allow":["GET"]}}],"collection":[{"href":"https:\/\/rotasturisticas.jundiai.sp.gov.br\/cervejaartesanal\/wp-json\/wp\/v2\/pages"}],"about":[{"href":"https:\/\/rotasturisticas.jundiai.sp.gov.br\/cervejaartesanal\/wp-json\/wp\/v2\/types\/page"}],"author":[{"embeddable":true,"href":"https:\/\/rotasturisticas.jundiai.sp.gov.br\/cervejaartesanal\/wp-json\/wp\/v2\/users\/16"}],"replies":[{"embeddable":true,"href":"https:\/\/rotasturisticas.jundiai.sp.gov.br\/cervejaartesanal\/wp-json\/wp\/v2\/comments?post=366"}],"version-history":[{"count":1,"href":"https:\/\/rotasturisticas.jundiai.sp.gov.br\/cervejaartesanal\/wp-json\/wp\/v2\/pages\/366\/revisions"}],"predecessor-version":[{"id":367,"href":"https:\/\/rotasturisticas.jundiai.sp.gov.br\/cervejaartesanal\/wp-json\/wp\/v2\/pages\/366\/revisions\/367"}],"up":[{"embeddable":true,"href":"https:\/\/rotasturisticas.jundiai.sp.gov.br\/cervejaartesanal\/wp-json\/wp\/v2\/pages\/106"}],"wp:attachment":[{"href":"https:\/\/rotasturisticas.jundiai.sp.gov.br\/cervejaartesanal\/wp-json\/wp\/v2\/media?parent=366"}],"curies":[{"name":"wp","href":"https:\/\/api.w.org\/{rel}","templated":true}]}}