{"id":335,"date":"2024-02-15T15:21:45","date_gmt":"2024-02-15T18:21:45","guid":{"rendered":"https:\/\/rotasturisticas.jundiai.sp.gov.br\/cervejaartesanal\/?page_id=335"},"modified":"2025-09-30T14:51:34","modified_gmt":"2025-09-30T17:51:34","slug":"cervejaria-ahtrio","status":"publish","type":"page","link":"https:\/\/rotasturisticas.jundiai.sp.gov.br\/cervejaartesanal\/o-que-visitar\/cervejarias-artesanais-ciganas\/cervejaria-ahtrio\/","title":{"rendered":"Ahtrio Store &amp; Brewing"},"content":{"rendered":"\n<p><br>A Ahtrio Store &amp; Brewing \u00e9 uma loja de f\u00e1brica da Cervejaria Ahtrio, elaborada para os amantes de cervejas artesanais, onde os clientes poder\u00e3o ter a experi\u00eancia de degustar o produto direto da f\u00e1brica em um ambiente agrad\u00e1vel, descontra\u00eddo, n\u00e3o deixando de lado a atitude e o rock n roll, al\u00e9m de poder levar os suvenires da marca para sua casa!<\/p>\n\n\n\n<p><strong>Estilos de Cervejas produzidas:&nbsp;<\/strong>American IPA, India Pale Ale, Munich Helles, Pilsen, Rauchbier, Weizenbier, Witbier, Session IPA, American Blonde Ale<\/p>\n\n\n\n<figure class=\"wp-block-gallery has-nested-images columns-default is-cropped wp-block-gallery-1 is-layout-flex wp-block-gallery-is-layout-flex\">\n<figure class=\"wp-block-image size-large\"><img loading=\"lazy\" decoding=\"async\" width=\"1280\" height=\"720\" data-id=\"383\" src=\"https:\/\/rotasturisticas.jundiai.sp.gov.br\/cervejaartesanal\/wp-content\/uploads\/sites\/9\/2024\/07\/R01-AHTRIO-RENDER01-Fernando-Galvani-1.jpg\" alt=\"\" class=\"wp-image-383\" srcset=\"https:\/\/rotasturisticas.jundiai.sp.gov.br\/cervejaartesanal\/wp-content\/uploads\/sites\/9\/2024\/07\/R01-AHTRIO-RENDER01-Fernando-Galvani-1.jpg 1280w, https:\/\/rotasturisticas.jundiai.sp.gov.br\/cervejaartesanal\/wp-content\/uploads\/sites\/9\/2024\/07\/R01-AHTRIO-RENDER01-Fernando-Galvani-1-768x432.jpg 768w\" sizes=\"auto, (max-width: 1280px) 100vw, 1280px\" \/><\/figure>\n\n\n\n<figure class=\"wp-block-image size-large\"><img loading=\"lazy\" decoding=\"async\" width=\"1280\" height=\"720\" data-id=\"384\" src=\"https:\/\/rotasturisticas.jundiai.sp.gov.br\/cervejaartesanal\/wp-content\/uploads\/sites\/9\/2024\/07\/R01-AHTRIO-RENDER05-Fernando-Galvani-1.jpg\" alt=\"\" class=\"wp-image-384\" srcset=\"https:\/\/rotasturisticas.jundiai.sp.gov.br\/cervejaartesanal\/wp-content\/uploads\/sites\/9\/2024\/07\/R01-AHTRIO-RENDER05-Fernando-Galvani-1.jpg 1280w, https:\/\/rotasturisticas.jundiai.sp.gov.br\/cervejaartesanal\/wp-content\/uploads\/sites\/9\/2024\/07\/R01-AHTRIO-RENDER05-Fernando-Galvani-1-768x432.jpg 768w\" sizes=\"auto, (max-width: 1280px) 100vw, 1280px\" \/><\/figure>\n\n\n\n<figure class=\"wp-block-image size-large\"><a href=\"https:\/\/rotasturisticas.jundiai.sp.gov.br\/cervejaartesanal\/wp-content\/uploads\/sites\/9\/2024\/02\/Logo_Principal_CMYK-Wander-Lepre.png\"><img loading=\"lazy\" decoding=\"async\" width=\"793\" height=\"263\" data-id=\"341\" src=\"https:\/\/rotasturisticas.jundiai.sp.gov.br\/cervejaartesanal\/wp-content\/uploads\/sites\/9\/2024\/02\/Logo_Principal_CMYK-Wander-Lepre.png\" alt=\"\" class=\"wp-image-341\" srcset=\"https:\/\/rotasturisticas.jundiai.sp.gov.br\/cervejaartesanal\/wp-content\/uploads\/sites\/9\/2024\/02\/Logo_Principal_CMYK-Wander-Lepre.png 793w, https:\/\/rotasturisticas.jundiai.sp.gov.br\/cervejaartesanal\/wp-content\/uploads\/sites\/9\/2024\/02\/Logo_Principal_CMYK-Wander-Lepre-768x255.png 768w\" sizes=\"auto, (max-width: 793px) 100vw, 793px\" \/><\/a><\/figure>\n<\/figure>\n","protected":false},"excerpt":{"rendered":"<p>A Ahtrio Store &amp; Brewing \u00e9 uma loja de f\u00e1brica da Cervejaria Ahtrio, elaborada para os amantes de cervejas artesanais, onde os clientes poder\u00e3o ter a experi\u00eancia de degustar o produto direto da f\u00e1brica em um ambiente agrad\u00e1vel, descontra\u00eddo, n\u00e3o deixando de lado a atitude e o rock n roll, al\u00e9m de poder levar os [&hellip;]<\/p>\n","protected":false},"author":16,"featured_media":0,"parent":106,"menu_order":0,"comment_status":"closed","ping_status":"closed","template":"page-local.php","meta":{"footnotes":""},"class_list":["post-335","page","type-page","status-publish","hentry"],"_links":{"self":[{"href":"https:\/\/rotasturisticas.jundiai.sp.gov.br\/cervejaartesanal\/wp-json\/wp\/v2\/pages\/335","targetHints":{"allow":["GET"]}}],"collection":[{"href":"https:\/\/rotasturisticas.jundiai.sp.gov.br\/cervejaartesanal\/wp-json\/wp\/v2\/pages"}],"about":[{"href":"https:\/\/rotasturisticas.jundiai.sp.gov.br\/cervejaartesanal\/wp-json\/wp\/v2\/types\/page"}],"author":[{"embeddable":true,"href":"https:\/\/rotasturisticas.jundiai.sp.gov.br\/cervejaartesanal\/wp-json\/wp\/v2\/users\/16"}],"replies":[{"embeddable":true,"href":"https:\/\/rotasturisticas.jundiai.sp.gov.br\/cervejaartesanal\/wp-json\/wp\/v2\/comments?post=335"}],"version-history":[{"count":5,"href":"https:\/\/rotasturisticas.jundiai.sp.gov.br\/cervejaartesanal\/wp-json\/wp\/v2\/pages\/335\/revisions"}],"predecessor-version":[{"id":385,"href":"https:\/\/rotasturisticas.jundiai.sp.gov.br\/cervejaartesanal\/wp-json\/wp\/v2\/pages\/335\/revisions\/385"}],"up":[{"embeddable":true,"href":"https:\/\/rotasturisticas.jundiai.sp.gov.br\/cervejaartesanal\/wp-json\/wp\/v2\/pages\/106"}],"wp:attachment":[{"href":"https:\/\/rotasturisticas.jundiai.sp.gov.br\/cervejaartesanal\/wp-json\/wp\/v2\/media?parent=335"}],"curies":[{"name":"wp","href":"https:\/\/api.w.org\/{rel}","templated":true}]}}