{"id":269,"date":"2023-04-28T10:31:19","date_gmt":"2023-04-28T13:31:19","guid":{"rendered":"https:\/\/rotasturisticas.jundiai.sp.gov.br\/cervejaartesanal\/?page_id=269"},"modified":"2024-07-01T16:32:52","modified_gmt":"2024-07-01T19:32:52","slug":"bar-hebling","status":"publish","type":"page","link":"https:\/\/rotasturisticas.jundiai.sp.gov.br\/cervejaartesanal\/o-que-visitar\/bares\/bar-hebling\/","title":{"rendered":"Bar Hebling"},"content":{"rendered":"\n<p>Bar e restaurante especializado em chope artesanal.<\/p>\n\n\n\n<p><strong>Estilos de Cervejas produzidas:&nbsp;<\/strong>American IPA, Fruit Beer, Pilsen, Porter, Vienna Lager, Irish Red Ale, Ginger Ale, Pumpkin Ale (sazonal), Esta\u00e7\u00e3o Louveira Pilsen e Esta\u00e7\u00e3o Louveira Cooler de Vinho Tinto.<\/p>\n\n\n\n<p><strong>Servi\u00e7os e experi\u00eancias:<\/strong>&nbsp;Visita guiada a produ\u00e7\u00e3o, Degusta\u00e7\u00e3o conduzida, Harmoniza\u00e7\u00e3o, Card\u00e1pio especial com receitas \u00e0 base de cerveja.<\/p>\n\n\n\n<p><strong>Atendimento:<\/strong>&nbsp;Recebe Grupos de Turismo com agendamento<\/p>\n\n\n\n<figure class=\"wp-block-gallery has-nested-images columns-default is-cropped wp-block-gallery-1 is-layout-flex wp-block-gallery-is-layout-flex\">\n<figure class=\"wp-block-image size-large\"><a href=\"https:\/\/turismo.jundiai.sp.gov.br\/wp-content\/uploads\/2023\/04\/333734497_558506359676865_8217948116329702073_n.jpg\"><img decoding=\"async\" data-id=\"25654\" src=\"https:\/\/turismo.jundiai.sp.gov.br\/wp-content\/uploads\/2023\/04\/333734497_558506359676865_8217948116329702073_n-760x950.jpg\" alt=\"\" class=\"wp-image-25654\" \/><\/a><\/figure>\n\n\n\n<figure class=\"wp-block-image size-large\"><a href=\"https:\/\/turismo.jundiai.sp.gov.br\/wp-content\/uploads\/2023\/04\/335232122_777036133545480_1897803235050910409_n.jpg\"><img decoding=\"async\" data-id=\"25660\" src=\"https:\/\/turismo.jundiai.sp.gov.br\/wp-content\/uploads\/2023\/04\/335232122_777036133545480_1897803235050910409_n-760x950.jpg\" alt=\"\" class=\"wp-image-25660\" \/><\/a><\/figure>\n\n\n\n<figure class=\"wp-block-image size-large\"><a href=\"https:\/\/turismo.jundiai.sp.gov.br\/wp-content\/uploads\/2023\/04\/340932412_1424336385051522_1742306048942666549_n.jpg\"><img decoding=\"async\" data-id=\"25656\" src=\"https:\/\/turismo.jundiai.sp.gov.br\/wp-content\/uploads\/2023\/04\/340932412_1424336385051522_1742306048942666549_n-760x950.jpg\" alt=\"\" class=\"wp-image-25656\" \/><\/a><\/figure>\n\n\n\n<figure class=\"wp-block-image size-large\"><a href=\"https:\/\/turismo.jundiai.sp.gov.br\/wp-content\/uploads\/2023\/04\/324243207_868585734278796_7134366276305116914_n.jpg\"><img decoding=\"async\" data-id=\"25658\" src=\"https:\/\/turismo.jundiai.sp.gov.br\/wp-content\/uploads\/2023\/04\/324243207_868585734278796_7134366276305116914_n-760x950.jpg\" alt=\"\" class=\"wp-image-25658\" \/><\/a><\/figure>\n\n\n\n<figure class=\"wp-block-image size-large\"><a href=\"https:\/\/turismo.jundiai.sp.gov.br\/wp-content\/uploads\/2023\/04\/326721615_1346559406169105_1212664815536044279_n.jpg\"><img decoding=\"async\" data-id=\"25662\" src=\"https:\/\/turismo.jundiai.sp.gov.br\/wp-content\/uploads\/2023\/04\/326721615_1346559406169105_1212664815536044279_n-760x950.jpg\" alt=\"\" class=\"wp-image-25662\" \/><\/a><\/figure>\n\n\n\n<figure class=\"wp-block-image size-large\"><a href=\"https:\/\/turismo.jundiai.sp.gov.br\/wp-content\/uploads\/2023\/04\/327757642_1348869265653552_5111494433261899957_n.jpg\"><img decoding=\"async\" data-id=\"25663\" src=\"https:\/\/turismo.jundiai.sp.gov.br\/wp-content\/uploads\/2023\/04\/327757642_1348869265653552_5111494433261899957_n-760x950.jpg\" alt=\"\" class=\"wp-image-25663\" \/><\/a><\/figure>\n\n\n\n<figure class=\"wp-block-image size-large\"><a href=\"https:\/\/turismo.jundiai.sp.gov.br\/wp-content\/uploads\/2023\/04\/331801654_890565775418010_5937107980151238462_n.jpg\"><img decoding=\"async\" data-id=\"25659\" src=\"https:\/\/turismo.jundiai.sp.gov.br\/wp-content\/uploads\/2023\/04\/331801654_890565775418010_5937107980151238462_n-760x950.jpg\" alt=\"\" class=\"wp-image-25659\" \/><\/a><\/figure>\n\n\n\n<figure class=\"wp-block-image size-large\"><a href=\"https:\/\/turismo.jundiai.sp.gov.br\/wp-content\/uploads\/2023\/04\/333205638_710392947437405_8517917403379338075_n.jpg\"><img decoding=\"async\" data-id=\"25661\" src=\"https:\/\/turismo.jundiai.sp.gov.br\/wp-content\/uploads\/2023\/04\/333205638_710392947437405_8517917403379338075_n-760x950.jpg\" alt=\"\" class=\"wp-image-25661\" \/><\/a><\/figure>\n<\/figure>\n","protected":false},"excerpt":{"rendered":"<p>Bar e restaurante especializado em chope artesanal. Estilos de Cervejas produzidas:&nbsp;American IPA, Fruit Beer, Pilsen, Porter, Vienna Lager, Irish Red Ale, Ginger Ale, Pumpkin Ale (sazonal), Esta\u00e7\u00e3o Louveira Pilsen e Esta\u00e7\u00e3o Louveira Cooler de Vinho Tinto. Servi\u00e7os e experi\u00eancias:&nbsp;Visita guiada a produ\u00e7\u00e3o, Degusta\u00e7\u00e3o conduzida, Harmoniza\u00e7\u00e3o, Card\u00e1pio especial com receitas \u00e0 base de cerveja. Atendimento:&nbsp;Recebe Grupos [&hellip;]<\/p>\n","protected":false},"author":16,"featured_media":0,"parent":101,"menu_order":0,"comment_status":"closed","ping_status":"closed","template":"page-local.php","meta":{"footnotes":""},"class_list":["post-269","page","type-page","status-publish","hentry"],"_links":{"self":[{"href":"https:\/\/rotasturisticas.jundiai.sp.gov.br\/cervejaartesanal\/wp-json\/wp\/v2\/pages\/269","targetHints":{"allow":["GET"]}}],"collection":[{"href":"https:\/\/rotasturisticas.jundiai.sp.gov.br\/cervejaartesanal\/wp-json\/wp\/v2\/pages"}],"about":[{"href":"https:\/\/rotasturisticas.jundiai.sp.gov.br\/cervejaartesanal\/wp-json\/wp\/v2\/types\/page"}],"author":[{"embeddable":true,"href":"https:\/\/rotasturisticas.jundiai.sp.gov.br\/cervejaartesanal\/wp-json\/wp\/v2\/users\/16"}],"replies":[{"embeddable":true,"href":"https:\/\/rotasturisticas.jundiai.sp.gov.br\/cervejaartesanal\/wp-json\/wp\/v2\/comments?post=269"}],"version-history":[{"count":4,"href":"https:\/\/rotasturisticas.jundiai.sp.gov.br\/cervejaartesanal\/wp-json\/wp\/v2\/pages\/269\/revisions"}],"predecessor-version":[{"id":388,"href":"https:\/\/rotasturisticas.jundiai.sp.gov.br\/cervejaartesanal\/wp-json\/wp\/v2\/pages\/269\/revisions\/388"}],"up":[{"embeddable":true,"href":"https:\/\/rotasturisticas.jundiai.sp.gov.br\/cervejaartesanal\/wp-json\/wp\/v2\/pages\/101"}],"wp:attachment":[{"href":"https:\/\/rotasturisticas.jundiai.sp.gov.br\/cervejaartesanal\/wp-json\/wp\/v2\/media?parent=269"}],"curies":[{"name":"wp","href":"https:\/\/api.w.org\/{rel}","templated":true}]}}