{"id":236,"date":"2022-12-15T18:02:16","date_gmt":"2022-12-15T21:02:16","guid":{"rendered":"https:\/\/rotasturisticas.jundiai.sp.gov.br\/cervejaartesanal\/?page_id=236"},"modified":"2024-07-01T17:01:24","modified_gmt":"2024-07-01T20:01:24","slug":"quintal-da-giffa","status":"publish","type":"page","link":"https:\/\/rotasturisticas.jundiai.sp.gov.br\/cervejaartesanal\/o-que-visitar\/bares\/quintal-da-giffa\/","title":{"rendered":"Quintal da GIFFA"},"content":{"rendered":"\n<p>Uma Cervejaria de produ\u00e7\u00e3o pr\u00f3pria dentro de um restaurante! Ambiente super agrad\u00e1vel. Belisquetes e pratos exclusivos, muitos com a cerveja como ingrediente. Um Quintal para chamar de nosso!<\/p>\n\n\n\n<p><strong>Estilos de Cervejas produzidas:&nbsp;<\/strong>American IPA, Belgian Golden Strong Ale, Belgian Pale Ale, English Pale Ale, Fruit Beer, India Pale Ale, Munich Dunkel, Pilsen, Porter, Saison, Sour, Stout, Witbier, Session IPA<\/p>\n\n\n\n<p><strong>Servi\u00e7os e experi\u00eancias:<\/strong>&nbsp;Degusta\u00e7\u00e3o conduzida, Harmoniza\u00e7\u00e3o, Cursos, Card\u00e1pio especial com receitas \u00e0 base de cerveja<\/p>\n\n\n\n<p><strong>Atendimento:<\/strong>&nbsp;Recebe Grupos de Turismo com agendamento<\/p>\n\n\n\n<figure class=\"wp-block-gallery has-nested-images columns-default is-cropped wp-block-gallery-1 is-layout-flex wp-block-gallery-is-layout-flex\">\n<figure class=\"wp-block-image size-large\"><a href=\"https:\/\/turismo.jundiai.sp.gov.br\/wp-content\/uploads\/2021\/08\/Quintal-da-Giffa-1.png\"><img decoding=\"async\" data-id=\"22567\" src=\"https:\/\/turismo.jundiai.sp.gov.br\/wp-content\/uploads\/2021\/08\/Quintal-da-Giffa-1-680x556.png\" alt=\"\" class=\"wp-image-22567\" \/><\/a><\/figure>\n\n\n\n<figure class=\"wp-block-image size-large\"><a href=\"https:\/\/turismo.jundiai.sp.gov.br\/wp-content\/uploads\/2021\/08\/Quintal-da-Giffa-2.png\"><img decoding=\"async\" data-id=\"22568\" src=\"https:\/\/turismo.jundiai.sp.gov.br\/wp-content\/uploads\/2021\/08\/Quintal-da-Giffa-2-680x557.png\" alt=\"\" class=\"wp-image-22568\" \/><\/a><\/figure>\n\n\n\n<figure class=\"wp-block-image size-large\"><a href=\"https:\/\/turismo.jundiai.sp.gov.br\/wp-content\/uploads\/2021\/08\/Quintal-da-Giffa-3.png\"><img decoding=\"async\" data-id=\"22569\" src=\"https:\/\/turismo.jundiai.sp.gov.br\/wp-content\/uploads\/2021\/08\/Quintal-da-Giffa-3.png\" alt=\"\" class=\"wp-image-22569\" \/><\/a><\/figure>\n\n\n\n<figure class=\"wp-block-image size-large\"><a href=\"https:\/\/turismo.jundiai.sp.gov.br\/wp-content\/uploads\/2021\/08\/Quintal-da-Giffa-4.png\"><img decoding=\"async\" data-id=\"22570\" src=\"https:\/\/turismo.jundiai.sp.gov.br\/wp-content\/uploads\/2021\/08\/Quintal-da-Giffa-4.png\" alt=\"\" class=\"wp-image-22570\" \/><\/a><\/figure>\n\n\n\n<figure class=\"wp-block-image size-large\"><a href=\"https:\/\/turismo.jundiai.sp.gov.br\/wp-content\/uploads\/2021\/08\/Quintal-da-Giffa-5.png\"><img decoding=\"async\" data-id=\"22571\" src=\"https:\/\/turismo.jundiai.sp.gov.br\/wp-content\/uploads\/2021\/08\/Quintal-da-Giffa-5.png\" alt=\"\" class=\"wp-image-22571\" \/><\/a><\/figure>\n\n\n\n<figure class=\"wp-block-image size-large\"><a href=\"https:\/\/turismo.jundiai.sp.gov.br\/wp-content\/uploads\/2021\/08\/Quintal-da-Giffa-7.png\"><img decoding=\"async\" data-id=\"22573\" src=\"https:\/\/turismo.jundiai.sp.gov.br\/wp-content\/uploads\/2021\/08\/Quintal-da-Giffa-7.png\" alt=\"\" class=\"wp-image-22573\" \/><\/a><\/figure>\n\n\n\n<figure class=\"wp-block-image size-large\"><a href=\"https:\/\/turismo.jundiai.sp.gov.br\/wp-content\/uploads\/2021\/08\/Quintal-da-Giffa-8.png\"><img decoding=\"async\" data-id=\"22574\" src=\"https:\/\/turismo.jundiai.sp.gov.br\/wp-content\/uploads\/2021\/08\/Quintal-da-Giffa-8.png\" alt=\"\" class=\"wp-image-22574\" \/><\/a><\/figure>\n\n\n\n<figure class=\"wp-block-image size-large\"><a href=\"https:\/\/turismo.jundiai.sp.gov.br\/wp-content\/uploads\/2021\/08\/Quintal-da-Giffa-6.png\"><img decoding=\"async\" data-id=\"22572\" src=\"https:\/\/turismo.jundiai.sp.gov.br\/wp-content\/uploads\/2021\/08\/Quintal-da-Giffa-6.png\" alt=\"\" class=\"wp-image-22572\" \/><\/a><\/figure>\n\n\n\n<figure class=\"wp-block-image size-large\"><a href=\"https:\/\/turismo.jundiai.sp.gov.br\/wp-content\/uploads\/2021\/08\/Quintal-da-Giffa-9.png\"><img decoding=\"async\" data-id=\"22575\" src=\"https:\/\/turismo.jundiai.sp.gov.br\/wp-content\/uploads\/2021\/08\/Quintal-da-Giffa-9.png\" alt=\"\" class=\"wp-image-22575\" \/><\/a><\/figure>\n<\/figure>\n","protected":false},"excerpt":{"rendered":"<p>Uma Cervejaria de produ\u00e7\u00e3o pr\u00f3pria dentro de um restaurante! Ambiente super agrad\u00e1vel. Belisquetes e pratos exclusivos, muitos com a cerveja como ingrediente. Um Quintal para chamar de nosso! Estilos de Cervejas produzidas:&nbsp;American IPA, Belgian Golden Strong Ale, Belgian Pale Ale, English Pale Ale, Fruit Beer, India Pale Ale, Munich Dunkel, Pilsen, Porter, Saison, Sour, Stout, [&hellip;]<\/p>\n","protected":false},"author":16,"featured_media":0,"parent":101,"menu_order":0,"comment_status":"closed","ping_status":"closed","template":"page-local.php","meta":{"footnotes":""},"class_list":["post-236","page","type-page","status-publish","hentry"],"_links":{"self":[{"href":"https:\/\/rotasturisticas.jundiai.sp.gov.br\/cervejaartesanal\/wp-json\/wp\/v2\/pages\/236","targetHints":{"allow":["GET"]}}],"collection":[{"href":"https:\/\/rotasturisticas.jundiai.sp.gov.br\/cervejaartesanal\/wp-json\/wp\/v2\/pages"}],"about":[{"href":"https:\/\/rotasturisticas.jundiai.sp.gov.br\/cervejaartesanal\/wp-json\/wp\/v2\/types\/page"}],"author":[{"embeddable":true,"href":"https:\/\/rotasturisticas.jundiai.sp.gov.br\/cervejaartesanal\/wp-json\/wp\/v2\/users\/16"}],"replies":[{"embeddable":true,"href":"https:\/\/rotasturisticas.jundiai.sp.gov.br\/cervejaartesanal\/wp-json\/wp\/v2\/comments?post=236"}],"version-history":[{"count":2,"href":"https:\/\/rotasturisticas.jundiai.sp.gov.br\/cervejaartesanal\/wp-json\/wp\/v2\/pages\/236\/revisions"}],"predecessor-version":[{"id":390,"href":"https:\/\/rotasturisticas.jundiai.sp.gov.br\/cervejaartesanal\/wp-json\/wp\/v2\/pages\/236\/revisions\/390"}],"up":[{"embeddable":true,"href":"https:\/\/rotasturisticas.jundiai.sp.gov.br\/cervejaartesanal\/wp-json\/wp\/v2\/pages\/101"}],"wp:attachment":[{"href":"https:\/\/rotasturisticas.jundiai.sp.gov.br\/cervejaartesanal\/wp-json\/wp\/v2\/media?parent=236"}],"curies":[{"name":"wp","href":"https:\/\/api.w.org\/{rel}","templated":true}]}}