{"id":225,"date":"2022-12-15T17:39:44","date_gmt":"2022-12-15T20:39:44","guid":{"rendered":"https:\/\/rotasturisticas.jundiai.sp.gov.br\/cervejaartesanal\/?page_id=225"},"modified":"2024-07-01T17:36:35","modified_gmt":"2024-07-01T20:36:35","slug":"cervejaria-marcos-brunholi-2","status":"publish","type":"page","link":"https:\/\/rotasturisticas.jundiai.sp.gov.br\/cervejaartesanal\/o-que-visitar\/cervejarias-artesanais-ciganas\/cervejaria-marcos-brunholi-2\/","title":{"rendered":"Cervejaria Marcos Brunholi"},"content":{"rendered":"\n<p>Cervejaria Marcos Brunholi, criada em 2018, local ideal para degustar cervejas preparadas com receitas pr\u00f3prias, excelente gastronomia com muita variedade entre pratos e in\u00fameras por\u00e7\u00f5es. N\u00e3o deixe de provar nossa costela a bafo ou a costelinha a barbecue ( receita da casa ). Traga as crian\u00e7as para brincarem em nosso imenso gramado e brincar com os coelhinhos.<\/p>\n\n\n\n<p><strong>Estilos de Cervejas produzidas:\u00a0<\/strong>Lager, Seexion IPA e Graft Bier (vinho)<\/p>\n\n\n\n<p><strong>Servi\u00e7os e experi\u00eancias:<\/strong>\u00a0Degusta\u00e7\u00e3o conduzida, Harmoniza\u00e7\u00e3o, Card\u00e1pio especial com receitas \u00e0 base de cerveja<\/p>\n\n\n\n<p><strong>Atendimento:<\/strong>&nbsp;Recebe Grupos de Turismo com agendamento<\/p>\n\n\n\n<figure class=\"wp-block-gallery has-nested-images columns-default is-cropped wp-block-gallery-1 is-layout-flex wp-block-gallery-is-layout-flex\">\n<figure class=\"wp-block-image size-large\"><a href=\"https:\/\/turismo.jundiai.sp.gov.br\/wp-content\/uploads\/2021\/07\/IMG_20210424_105726_970-Marcos-Brunholi.jpg\"><img decoding=\"async\" data-id=\"21739\" src=\"https:\/\/turismo.jundiai.sp.gov.br\/wp-content\/uploads\/2021\/07\/IMG_20210424_105726_970-Marcos-Brunholi-680x680.jpg\" alt=\"\" class=\"wp-image-21739\" \/><\/a><\/figure>\n\n\n\n<figure class=\"wp-block-image size-large\"><a href=\"https:\/\/turismo.jundiai.sp.gov.br\/wp-content\/uploads\/2021\/07\/IMG_20200807_190625_056-Marcos-Brunholi.jpg\"><img decoding=\"async\" data-id=\"21740\" src=\"https:\/\/turismo.jundiai.sp.gov.br\/wp-content\/uploads\/2021\/07\/IMG_20200807_190625_056-Marcos-Brunholi.jpg\" alt=\"\" class=\"wp-image-21740\" \/><\/a><\/figure>\n\n\n\n<figure class=\"wp-block-image size-large\"><a href=\"https:\/\/turismo.jundiai.sp.gov.br\/wp-content\/uploads\/2021\/07\/IMG_20200229_093409_938-Marcos-Brunholi.jpg\"><img decoding=\"async\" data-id=\"21741\" src=\"https:\/\/turismo.jundiai.sp.gov.br\/wp-content\/uploads\/2021\/07\/IMG_20200229_093409_938-Marcos-Brunholi-680x680.jpg\" alt=\"\" class=\"wp-image-21741\" \/><\/a><\/figure>\n\n\n\n<figure class=\"wp-block-image size-large\"><a href=\"https:\/\/turismo.jundiai.sp.gov.br\/wp-content\/uploads\/2021\/07\/IMG_20191019_182647_827-Marcos-Brunholi.jpg\"><img decoding=\"async\" data-id=\"21742\" src=\"https:\/\/turismo.jundiai.sp.gov.br\/wp-content\/uploads\/2021\/07\/IMG_20191019_182647_827-Marcos-Brunholi-680x680.jpg\" alt=\"\" class=\"wp-image-21742\" \/><\/a><\/figure>\n\n\n\n<figure class=\"wp-block-image size-large\"><a href=\"https:\/\/turismo.jundiai.sp.gov.br\/wp-content\/uploads\/2021\/07\/IMG_20190526_102355_430-Marcos-Brunholi.jpg\"><img decoding=\"async\" data-id=\"21743\" src=\"https:\/\/turismo.jundiai.sp.gov.br\/wp-content\/uploads\/2021\/07\/IMG_20190526_102355_430-Marcos-Brunholi.jpg\" alt=\"\" class=\"wp-image-21743\" \/><\/a><\/figure>\n\n\n\n<figure class=\"wp-block-image size-large\"><a href=\"https:\/\/turismo.jundiai.sp.gov.br\/wp-content\/uploads\/2021\/07\/IMG_20210523_122102_964-Marcos-Brunholi.jpg\"><img decoding=\"async\" data-id=\"21744\" src=\"https:\/\/turismo.jundiai.sp.gov.br\/wp-content\/uploads\/2021\/07\/IMG_20210523_122102_964-Marcos-Brunholi-680x680.jpg\" alt=\"\" class=\"wp-image-21744\" \/><\/a><\/figure>\n<\/figure>\n","protected":false},"excerpt":{"rendered":"<p>Cervejaria Marcos Brunholi, criada em 2018, local ideal para degustar cervejas preparadas com receitas pr\u00f3prias, excelente gastronomia com muita variedade entre pratos e in\u00fameras por\u00e7\u00f5es. N\u00e3o deixe de provar nossa costela a bafo ou a costelinha a barbecue ( receita da casa ). Traga as crian\u00e7as para brincarem em nosso imenso gramado e brincar com [&hellip;]<\/p>\n","protected":false},"author":16,"featured_media":0,"parent":106,"menu_order":0,"comment_status":"closed","ping_status":"closed","template":"page-local.php","meta":{"footnotes":""},"class_list":["post-225","page","type-page","status-publish","hentry"],"_links":{"self":[{"href":"https:\/\/rotasturisticas.jundiai.sp.gov.br\/cervejaartesanal\/wp-json\/wp\/v2\/pages\/225","targetHints":{"allow":["GET"]}}],"collection":[{"href":"https:\/\/rotasturisticas.jundiai.sp.gov.br\/cervejaartesanal\/wp-json\/wp\/v2\/pages"}],"about":[{"href":"https:\/\/rotasturisticas.jundiai.sp.gov.br\/cervejaartesanal\/wp-json\/wp\/v2\/types\/page"}],"author":[{"embeddable":true,"href":"https:\/\/rotasturisticas.jundiai.sp.gov.br\/cervejaartesanal\/wp-json\/wp\/v2\/users\/16"}],"replies":[{"embeddable":true,"href":"https:\/\/rotasturisticas.jundiai.sp.gov.br\/cervejaartesanal\/wp-json\/wp\/v2\/comments?post=225"}],"version-history":[{"count":2,"href":"https:\/\/rotasturisticas.jundiai.sp.gov.br\/cervejaartesanal\/wp-json\/wp\/v2\/pages\/225\/revisions"}],"predecessor-version":[{"id":231,"href":"https:\/\/rotasturisticas.jundiai.sp.gov.br\/cervejaartesanal\/wp-json\/wp\/v2\/pages\/225\/revisions\/231"}],"up":[{"embeddable":true,"href":"https:\/\/rotasturisticas.jundiai.sp.gov.br\/cervejaartesanal\/wp-json\/wp\/v2\/pages\/106"}],"wp:attachment":[{"href":"https:\/\/rotasturisticas.jundiai.sp.gov.br\/cervejaartesanal\/wp-json\/wp\/v2\/media?parent=225"}],"curies":[{"name":"wp","href":"https:\/\/api.w.org\/{rel}","templated":true}]}}