{"id":196,"date":"2022-12-05T11:36:44","date_gmt":"2022-12-05T14:36:44","guid":{"rendered":"https:\/\/rotasturisticas.jundiai.sp.gov.br\/cervejaartesanal\/?page_id=196"},"modified":"2022-12-05T11:47:03","modified_gmt":"2022-12-05T14:47:03","slug":"opentap","status":"publish","type":"page","link":"https:\/\/rotasturisticas.jundiai.sp.gov.br\/cervejaartesanal\/o-que-visitar\/bares\/opentap\/","title":{"rendered":"OpenTap"},"content":{"rendered":"\n<p>Imagine um lugar onde voc\u00ea n\u00e3o precisa de mesa e nem gar\u00e7om pra ser atendido, que voc\u00ea mesmo serve o seu chope, do seu jeito e sem medo de errar. Um lugar onde voc\u00ea vai com seus filhos e eles se divertem tanto quanto voc\u00ea. Sim, esse lugar existe. Seja parte dessa revolu\u00e7\u00e3o. Cheers!!<\/p>\n\n\n\n<p><strong>Marcas de Cervejas Artesanais:<\/strong> Opentap, Berggren, Fralths, Dadiva, Stark, Importadas.<\/p>\n\n\n\n<p><strong>Estilos de Cervejas produzidas:&nbsp;<\/strong>American Idian Pale Ale<\/p>\n\n\n\n<p><strong>Servi\u00e7os e experi\u00eancias:<\/strong>&nbsp;Harmoniza\u00e7\u00e3o e Cursos<\/p>\n\n\n\n<p><strong>Atendimento:<\/strong>&nbsp;Recebe Grupos de Turismo com agendamento<\/p>\n\n\n\n<figure class=\"wp-block-gallery has-nested-images columns-default is-cropped wp-block-gallery-1 is-layout-flex wp-block-gallery-is-layout-flex\">\n<figure class=\"wp-block-image size-large\"><a href=\"https:\/\/rotasturisticas.jundiai.sp.gov.br\/cervejaartesanal\/wp-content\/uploads\/sites\/9\/2022\/12\/0F440BBE-5CDC-4627-BB23-2F0B934305C6-Felipe-Colucci.jpeg\"><img loading=\"lazy\" decoding=\"async\" width=\"950\" height=\"950\" data-id=\"205\" src=\"https:\/\/rotasturisticas.jundiai.sp.gov.br\/cervejaartesanal\/wp-content\/uploads\/sites\/9\/2022\/12\/0F440BBE-5CDC-4627-BB23-2F0B934305C6-Felipe-Colucci-950x950.jpeg\" alt=\"\" class=\"wp-image-205\" srcset=\"https:\/\/rotasturisticas.jundiai.sp.gov.br\/cervejaartesanal\/wp-content\/uploads\/sites\/9\/2022\/12\/0F440BBE-5CDC-4627-BB23-2F0B934305C6-Felipe-Colucci-950x950.jpeg 950w, https:\/\/rotasturisticas.jundiai.sp.gov.br\/cervejaartesanal\/wp-content\/uploads\/sites\/9\/2022\/12\/0F440BBE-5CDC-4627-BB23-2F0B934305C6-Felipe-Colucci-100x100.jpeg 100w, https:\/\/rotasturisticas.jundiai.sp.gov.br\/cervejaartesanal\/wp-content\/uploads\/sites\/9\/2022\/12\/0F440BBE-5CDC-4627-BB23-2F0B934305C6-Felipe-Colucci-768x768.jpeg 768w, https:\/\/rotasturisticas.jundiai.sp.gov.br\/cervejaartesanal\/wp-content\/uploads\/sites\/9\/2022\/12\/0F440BBE-5CDC-4627-BB23-2F0B934305C6-Felipe-Colucci.jpeg 1280w\" sizes=\"auto, (max-width: 950px) 100vw, 950px\" \/><\/a><\/figure>\n\n\n\n<figure class=\"wp-block-image size-large\"><a href=\"https:\/\/rotasturisticas.jundiai.sp.gov.br\/cervejaartesanal\/wp-content\/uploads\/sites\/9\/2022\/12\/563F12E0-9C82-4394-8515-78F6FF9C68DE-Felipe-Colucci.jpeg\"><img loading=\"lazy\" decoding=\"async\" width=\"950\" height=\"950\" data-id=\"198\" src=\"https:\/\/rotasturisticas.jundiai.sp.gov.br\/cervejaartesanal\/wp-content\/uploads\/sites\/9\/2022\/12\/563F12E0-9C82-4394-8515-78F6FF9C68DE-Felipe-Colucci-950x950.jpeg\" alt=\"\" class=\"wp-image-198\" srcset=\"https:\/\/rotasturisticas.jundiai.sp.gov.br\/cervejaartesanal\/wp-content\/uploads\/sites\/9\/2022\/12\/563F12E0-9C82-4394-8515-78F6FF9C68DE-Felipe-Colucci-950x950.jpeg 950w, https:\/\/rotasturisticas.jundiai.sp.gov.br\/cervejaartesanal\/wp-content\/uploads\/sites\/9\/2022\/12\/563F12E0-9C82-4394-8515-78F6FF9C68DE-Felipe-Colucci-100x100.jpeg 100w, https:\/\/rotasturisticas.jundiai.sp.gov.br\/cervejaartesanal\/wp-content\/uploads\/sites\/9\/2022\/12\/563F12E0-9C82-4394-8515-78F6FF9C68DE-Felipe-Colucci-768x768.jpeg 768w, https:\/\/rotasturisticas.jundiai.sp.gov.br\/cervejaartesanal\/wp-content\/uploads\/sites\/9\/2022\/12\/563F12E0-9C82-4394-8515-78F6FF9C68DE-Felipe-Colucci.jpeg 1205w\" sizes=\"auto, (max-width: 950px) 100vw, 950px\" \/><\/a><\/figure>\n\n\n\n<figure class=\"wp-block-image size-large\"><a href=\"https:\/\/rotasturisticas.jundiai.sp.gov.br\/cervejaartesanal\/wp-content\/uploads\/sites\/9\/2022\/12\/D60FCC6F-1849-42F8-885E-17F9F076ADF9-Felipe-Colucci.jpeg\"><img loading=\"lazy\" decoding=\"async\" width=\"950\" height=\"950\" data-id=\"197\" src=\"https:\/\/rotasturisticas.jundiai.sp.gov.br\/cervejaartesanal\/wp-content\/uploads\/sites\/9\/2022\/12\/D60FCC6F-1849-42F8-885E-17F9F076ADF9-Felipe-Colucci-950x950.jpeg\" alt=\"\" class=\"wp-image-197\" srcset=\"https:\/\/rotasturisticas.jundiai.sp.gov.br\/cervejaartesanal\/wp-content\/uploads\/sites\/9\/2022\/12\/D60FCC6F-1849-42F8-885E-17F9F076ADF9-Felipe-Colucci-950x950.jpeg 950w, https:\/\/rotasturisticas.jundiai.sp.gov.br\/cervejaartesanal\/wp-content\/uploads\/sites\/9\/2022\/12\/D60FCC6F-1849-42F8-885E-17F9F076ADF9-Felipe-Colucci-100x100.jpeg 100w, https:\/\/rotasturisticas.jundiai.sp.gov.br\/cervejaartesanal\/wp-content\/uploads\/sites\/9\/2022\/12\/D60FCC6F-1849-42F8-885E-17F9F076ADF9-Felipe-Colucci-768x768.jpeg 768w, https:\/\/rotasturisticas.jundiai.sp.gov.br\/cervejaartesanal\/wp-content\/uploads\/sites\/9\/2022\/12\/D60FCC6F-1849-42F8-885E-17F9F076ADF9-Felipe-Colucci.jpeg 1156w\" sizes=\"auto, (max-width: 950px) 100vw, 950px\" \/><\/a><\/figure>\n\n\n\n<figure class=\"wp-block-image size-large\"><a href=\"https:\/\/rotasturisticas.jundiai.sp.gov.br\/cervejaartesanal\/wp-content\/uploads\/sites\/9\/2022\/12\/8B842305-BD1A-454A-9ED6-56F84A02A060-Felipe-Colucci.jpeg\"><img loading=\"lazy\" decoding=\"async\" width=\"950\" height=\"950\" data-id=\"202\" src=\"https:\/\/rotasturisticas.jundiai.sp.gov.br\/cervejaartesanal\/wp-content\/uploads\/sites\/9\/2022\/12\/8B842305-BD1A-454A-9ED6-56F84A02A060-Felipe-Colucci-950x950.jpeg\" alt=\"\" class=\"wp-image-202\" srcset=\"https:\/\/rotasturisticas.jundiai.sp.gov.br\/cervejaartesanal\/wp-content\/uploads\/sites\/9\/2022\/12\/8B842305-BD1A-454A-9ED6-56F84A02A060-Felipe-Colucci-950x950.jpeg 950w, https:\/\/rotasturisticas.jundiai.sp.gov.br\/cervejaartesanal\/wp-content\/uploads\/sites\/9\/2022\/12\/8B842305-BD1A-454A-9ED6-56F84A02A060-Felipe-Colucci-100x100.jpeg 100w, https:\/\/rotasturisticas.jundiai.sp.gov.br\/cervejaartesanal\/wp-content\/uploads\/sites\/9\/2022\/12\/8B842305-BD1A-454A-9ED6-56F84A02A060-Felipe-Colucci-768x768.jpeg 768w, https:\/\/rotasturisticas.jundiai.sp.gov.br\/cervejaartesanal\/wp-content\/uploads\/sites\/9\/2022\/12\/8B842305-BD1A-454A-9ED6-56F84A02A060-Felipe-Colucci.jpeg 1280w\" sizes=\"auto, (max-width: 950px) 100vw, 950px\" \/><\/a><\/figure>\n\n\n\n<figure class=\"wp-block-image size-large\"><a href=\"https:\/\/rotasturisticas.jundiai.sp.gov.br\/cervejaartesanal\/wp-content\/uploads\/sites\/9\/2022\/12\/02970A24-05B2-4FE5-9875-10FDC958EB52-Felipe-Colucci.jpeg\"><img loading=\"lazy\" decoding=\"async\" width=\"950\" height=\"950\" data-id=\"200\" src=\"https:\/\/rotasturisticas.jundiai.sp.gov.br\/cervejaartesanal\/wp-content\/uploads\/sites\/9\/2022\/12\/02970A24-05B2-4FE5-9875-10FDC958EB52-Felipe-Colucci-950x950.jpeg\" alt=\"\" class=\"wp-image-200\" srcset=\"https:\/\/rotasturisticas.jundiai.sp.gov.br\/cervejaartesanal\/wp-content\/uploads\/sites\/9\/2022\/12\/02970A24-05B2-4FE5-9875-10FDC958EB52-Felipe-Colucci-950x950.jpeg 950w, https:\/\/rotasturisticas.jundiai.sp.gov.br\/cervejaartesanal\/wp-content\/uploads\/sites\/9\/2022\/12\/02970A24-05B2-4FE5-9875-10FDC958EB52-Felipe-Colucci-100x100.jpeg 100w, https:\/\/rotasturisticas.jundiai.sp.gov.br\/cervejaartesanal\/wp-content\/uploads\/sites\/9\/2022\/12\/02970A24-05B2-4FE5-9875-10FDC958EB52-Felipe-Colucci-768x768.jpeg 768w, https:\/\/rotasturisticas.jundiai.sp.gov.br\/cervejaartesanal\/wp-content\/uploads\/sites\/9\/2022\/12\/02970A24-05B2-4FE5-9875-10FDC958EB52-Felipe-Colucci.jpeg 1280w\" sizes=\"auto, (max-width: 950px) 100vw, 950px\" \/><\/a><\/figure>\n\n\n\n<figure class=\"wp-block-image size-large\"><a href=\"https:\/\/rotasturisticas.jundiai.sp.gov.br\/cervejaartesanal\/wp-content\/uploads\/sites\/9\/2022\/12\/DDF03BA8-3227-4824-8F15-D5ED2D923E5F-Felipe-Colucci.jpeg\"><img loading=\"lazy\" decoding=\"async\" width=\"950\" height=\"950\" data-id=\"199\" src=\"https:\/\/rotasturisticas.jundiai.sp.gov.br\/cervejaartesanal\/wp-content\/uploads\/sites\/9\/2022\/12\/DDF03BA8-3227-4824-8F15-D5ED2D923E5F-Felipe-Colucci-950x950.jpeg\" alt=\"\" class=\"wp-image-199\" srcset=\"https:\/\/rotasturisticas.jundiai.sp.gov.br\/cervejaartesanal\/wp-content\/uploads\/sites\/9\/2022\/12\/DDF03BA8-3227-4824-8F15-D5ED2D923E5F-Felipe-Colucci-950x950.jpeg 950w, https:\/\/rotasturisticas.jundiai.sp.gov.br\/cervejaartesanal\/wp-content\/uploads\/sites\/9\/2022\/12\/DDF03BA8-3227-4824-8F15-D5ED2D923E5F-Felipe-Colucci-100x100.jpeg 100w, https:\/\/rotasturisticas.jundiai.sp.gov.br\/cervejaartesanal\/wp-content\/uploads\/sites\/9\/2022\/12\/DDF03BA8-3227-4824-8F15-D5ED2D923E5F-Felipe-Colucci-768x768.jpeg 768w, https:\/\/rotasturisticas.jundiai.sp.gov.br\/cervejaartesanal\/wp-content\/uploads\/sites\/9\/2022\/12\/DDF03BA8-3227-4824-8F15-D5ED2D923E5F-Felipe-Colucci.jpeg 1280w\" sizes=\"auto, (max-width: 950px) 100vw, 950px\" \/><\/a><\/figure>\n\n\n\n<figure class=\"wp-block-image size-large\"><a href=\"https:\/\/rotasturisticas.jundiai.sp.gov.br\/cervejaartesanal\/wp-content\/uploads\/sites\/9\/2022\/12\/9012E24E-C8CD-41A2-8AF5-61C4499A995A-Felipe-Colucci.jpeg\"><img loading=\"lazy\" decoding=\"async\" width=\"950\" height=\"950\" data-id=\"203\" src=\"https:\/\/rotasturisticas.jundiai.sp.gov.br\/cervejaartesanal\/wp-content\/uploads\/sites\/9\/2022\/12\/9012E24E-C8CD-41A2-8AF5-61C4499A995A-Felipe-Colucci-950x950.jpeg\" alt=\"\" class=\"wp-image-203\" srcset=\"https:\/\/rotasturisticas.jundiai.sp.gov.br\/cervejaartesanal\/wp-content\/uploads\/sites\/9\/2022\/12\/9012E24E-C8CD-41A2-8AF5-61C4499A995A-Felipe-Colucci-950x950.jpeg 950w, https:\/\/rotasturisticas.jundiai.sp.gov.br\/cervejaartesanal\/wp-content\/uploads\/sites\/9\/2022\/12\/9012E24E-C8CD-41A2-8AF5-61C4499A995A-Felipe-Colucci-100x100.jpeg 100w, https:\/\/rotasturisticas.jundiai.sp.gov.br\/cervejaartesanal\/wp-content\/uploads\/sites\/9\/2022\/12\/9012E24E-C8CD-41A2-8AF5-61C4499A995A-Felipe-Colucci-768x768.jpeg 768w, https:\/\/rotasturisticas.jundiai.sp.gov.br\/cervejaartesanal\/wp-content\/uploads\/sites\/9\/2022\/12\/9012E24E-C8CD-41A2-8AF5-61C4499A995A-Felipe-Colucci.jpeg 1280w\" sizes=\"auto, (max-width: 950px) 100vw, 950px\" \/><\/a><\/figure>\n\n\n\n<figure class=\"wp-block-image size-large\"><a href=\"https:\/\/rotasturisticas.jundiai.sp.gov.br\/cervejaartesanal\/wp-content\/uploads\/sites\/9\/2022\/12\/11060742-69DA-4D30-848D-904ED2E39D1A-Felipe-Colucci.jpeg\"><img loading=\"lazy\" decoding=\"async\" width=\"950\" height=\"950\" data-id=\"206\" src=\"https:\/\/rotasturisticas.jundiai.sp.gov.br\/cervejaartesanal\/wp-content\/uploads\/sites\/9\/2022\/12\/11060742-69DA-4D30-848D-904ED2E39D1A-Felipe-Colucci-950x950.jpeg\" alt=\"\" class=\"wp-image-206\" srcset=\"https:\/\/rotasturisticas.jundiai.sp.gov.br\/cervejaartesanal\/wp-content\/uploads\/sites\/9\/2022\/12\/11060742-69DA-4D30-848D-904ED2E39D1A-Felipe-Colucci-950x950.jpeg 950w, https:\/\/rotasturisticas.jundiai.sp.gov.br\/cervejaartesanal\/wp-content\/uploads\/sites\/9\/2022\/12\/11060742-69DA-4D30-848D-904ED2E39D1A-Felipe-Colucci-100x100.jpeg 100w, https:\/\/rotasturisticas.jundiai.sp.gov.br\/cervejaartesanal\/wp-content\/uploads\/sites\/9\/2022\/12\/11060742-69DA-4D30-848D-904ED2E39D1A-Felipe-Colucci-768x768.jpeg 768w, https:\/\/rotasturisticas.jundiai.sp.gov.br\/cervejaartesanal\/wp-content\/uploads\/sites\/9\/2022\/12\/11060742-69DA-4D30-848D-904ED2E39D1A-Felipe-Colucci.jpeg 1280w\" sizes=\"auto, (max-width: 950px) 100vw, 950px\" \/><\/a><\/figure>\n\n\n\n<figure class=\"wp-block-image size-large\"><a href=\"https:\/\/rotasturisticas.jundiai.sp.gov.br\/cervejaartesanal\/wp-content\/uploads\/sites\/9\/2022\/12\/07C4A6DB-4671-41D9-B569-5506247A4E7E-Felipe-Colucci.jpeg\"><img loading=\"lazy\" decoding=\"async\" width=\"950\" height=\"950\" data-id=\"204\" src=\"https:\/\/rotasturisticas.jundiai.sp.gov.br\/cervejaartesanal\/wp-content\/uploads\/sites\/9\/2022\/12\/07C4A6DB-4671-41D9-B569-5506247A4E7E-Felipe-Colucci-950x950.jpeg\" alt=\"\" class=\"wp-image-204\" srcset=\"https:\/\/rotasturisticas.jundiai.sp.gov.br\/cervejaartesanal\/wp-content\/uploads\/sites\/9\/2022\/12\/07C4A6DB-4671-41D9-B569-5506247A4E7E-Felipe-Colucci-950x950.jpeg 950w, https:\/\/rotasturisticas.jundiai.sp.gov.br\/cervejaartesanal\/wp-content\/uploads\/sites\/9\/2022\/12\/07C4A6DB-4671-41D9-B569-5506247A4E7E-Felipe-Colucci-100x100.jpeg 100w, https:\/\/rotasturisticas.jundiai.sp.gov.br\/cervejaartesanal\/wp-content\/uploads\/sites\/9\/2022\/12\/07C4A6DB-4671-41D9-B569-5506247A4E7E-Felipe-Colucci-768x768.jpeg 768w, https:\/\/rotasturisticas.jundiai.sp.gov.br\/cervejaartesanal\/wp-content\/uploads\/sites\/9\/2022\/12\/07C4A6DB-4671-41D9-B569-5506247A4E7E-Felipe-Colucci.jpeg 1280w\" sizes=\"auto, (max-width: 950px) 100vw, 950px\" \/><\/a><\/figure>\n<\/figure>\n","protected":false},"excerpt":{"rendered":"<p>Imagine um lugar onde voc\u00ea n\u00e3o precisa de mesa e nem gar\u00e7om pra ser atendido, que voc\u00ea mesmo serve o seu chope, do seu jeito e sem medo de errar. Um lugar onde voc\u00ea vai com seus filhos e eles se divertem tanto quanto voc\u00ea. Sim, esse lugar existe. Seja parte dessa revolu\u00e7\u00e3o. Cheers!! Marcas [&hellip;]<\/p>\n","protected":false},"author":16,"featured_media":0,"parent":101,"menu_order":0,"comment_status":"closed","ping_status":"closed","template":"page-local.php","meta":{"footnotes":""},"class_list":["post-196","page","type-page","status-publish","hentry"],"_links":{"self":[{"href":"https:\/\/rotasturisticas.jundiai.sp.gov.br\/cervejaartesanal\/wp-json\/wp\/v2\/pages\/196","targetHints":{"allow":["GET"]}}],"collection":[{"href":"https:\/\/rotasturisticas.jundiai.sp.gov.br\/cervejaartesanal\/wp-json\/wp\/v2\/pages"}],"about":[{"href":"https:\/\/rotasturisticas.jundiai.sp.gov.br\/cervejaartesanal\/wp-json\/wp\/v2\/types\/page"}],"author":[{"embeddable":true,"href":"https:\/\/rotasturisticas.jundiai.sp.gov.br\/cervejaartesanal\/wp-json\/wp\/v2\/users\/16"}],"replies":[{"embeddable":true,"href":"https:\/\/rotasturisticas.jundiai.sp.gov.br\/cervejaartesanal\/wp-json\/wp\/v2\/comments?post=196"}],"version-history":[{"count":2,"href":"https:\/\/rotasturisticas.jundiai.sp.gov.br\/cervejaartesanal\/wp-json\/wp\/v2\/pages\/196\/revisions"}],"predecessor-version":[{"id":208,"href":"https:\/\/rotasturisticas.jundiai.sp.gov.br\/cervejaartesanal\/wp-json\/wp\/v2\/pages\/196\/revisions\/208"}],"up":[{"embeddable":true,"href":"https:\/\/rotasturisticas.jundiai.sp.gov.br\/cervejaartesanal\/wp-json\/wp\/v2\/pages\/101"}],"wp:attachment":[{"href":"https:\/\/rotasturisticas.jundiai.sp.gov.br\/cervejaartesanal\/wp-json\/wp\/v2\/media?parent=196"}],"curies":[{"name":"wp","href":"https:\/\/api.w.org\/{rel}","templated":true}]}}