{"id":176,"date":"2022-12-05T10:31:42","date_gmt":"2022-12-05T13:31:42","guid":{"rendered":"https:\/\/rotasturisticas.jundiai.sp.gov.br\/cervejaartesanal\/?page_id=176"},"modified":"2022-12-05T10:32:00","modified_gmt":"2022-12-05T13:32:00","slug":"estacao-brew-shop","status":"publish","type":"page","link":"https:\/\/rotasturisticas.jundiai.sp.gov.br\/cervejaartesanal\/lojas-especiais\/estacao-brew-shop\/","title":{"rendered":"Esta\u00e7\u00e3o Brew Shop"},"content":{"rendered":"\n<p>Fundada em Dezembro de 2016, a Esta\u00e7\u00e3o Brew Shop tem o objetivo de difundir a cultura cervejeira na regi\u00e3o, indo al\u00e9m da venda de equipamentos e insumos para cervejeiros, capacitamos quem quiser se tornar um cervejeiro. Trabalhamos com uma variedade de insumos para produ\u00e7\u00e3o de cerveja, vinho, hidromel, champanhe, cacha\u00e7a, whisky e outros destilados, tamb\u00e9m trabalhamos com cervejas especiais da regi\u00e3o.<\/p>\n\n\n\n<figure class=\"wp-block-gallery has-nested-images columns-default is-cropped wp-block-gallery-1 is-layout-flex wp-block-gallery-is-layout-flex\">\n<figure class=\"wp-block-image size-large\"><a href=\"https:\/\/rotasturisticas.jundiai.sp.gov.br\/cervejaartesanal\/wp-content\/uploads\/sites\/9\/2022\/12\/DSC_0986-scaled-Wander-Lepre.jpg\"><img loading=\"lazy\" decoding=\"async\" width=\"1280\" height=\"851\" data-id=\"178\" src=\"https:\/\/rotasturisticas.jundiai.sp.gov.br\/cervejaartesanal\/wp-content\/uploads\/sites\/9\/2022\/12\/DSC_0986-scaled-Wander-Lepre.jpg\" alt=\"\" class=\"wp-image-178\" srcset=\"https:\/\/rotasturisticas.jundiai.sp.gov.br\/cervejaartesanal\/wp-content\/uploads\/sites\/9\/2022\/12\/DSC_0986-scaled-Wander-Lepre.jpg 1280w, https:\/\/rotasturisticas.jundiai.sp.gov.br\/cervejaartesanal\/wp-content\/uploads\/sites\/9\/2022\/12\/DSC_0986-scaled-Wander-Lepre-768x511.jpg 768w\" sizes=\"auto, (max-width: 1280px) 100vw, 1280px\" \/><\/a><\/figure>\n\n\n\n<figure class=\"wp-block-image size-large\"><a href=\"https:\/\/rotasturisticas.jundiai.sp.gov.br\/cervejaartesanal\/wp-content\/uploads\/sites\/9\/2022\/12\/WhatsApp-Image-2022-09-14-at-11.42.08-Wander-Lepre.jpeg\"><img loading=\"lazy\" decoding=\"async\" width=\"1267\" height=\"950\" data-id=\"177\" src=\"https:\/\/rotasturisticas.jundiai.sp.gov.br\/cervejaartesanal\/wp-content\/uploads\/sites\/9\/2022\/12\/WhatsApp-Image-2022-09-14-at-11.42.08-Wander-Lepre-1267x950.jpeg\" alt=\"\" class=\"wp-image-177\" srcset=\"https:\/\/rotasturisticas.jundiai.sp.gov.br\/cervejaartesanal\/wp-content\/uploads\/sites\/9\/2022\/12\/WhatsApp-Image-2022-09-14-at-11.42.08-Wander-Lepre-1267x950.jpeg 1267w, https:\/\/rotasturisticas.jundiai.sp.gov.br\/cervejaartesanal\/wp-content\/uploads\/sites\/9\/2022\/12\/WhatsApp-Image-2022-09-14-at-11.42.08-Wander-Lepre-300x225.jpeg 300w, https:\/\/rotasturisticas.jundiai.sp.gov.br\/cervejaartesanal\/wp-content\/uploads\/sites\/9\/2022\/12\/WhatsApp-Image-2022-09-14-at-11.42.08-Wander-Lepre-768x576.jpeg 768w, https:\/\/rotasturisticas.jundiai.sp.gov.br\/cervejaartesanal\/wp-content\/uploads\/sites\/9\/2022\/12\/WhatsApp-Image-2022-09-14-at-11.42.08-Wander-Lepre.jpeg 1280w\" sizes=\"auto, (max-width: 1267px) 100vw, 1267px\" \/><\/a><\/figure>\n\n\n\n<figure class=\"wp-block-image size-large\"><a href=\"https:\/\/rotasturisticas.jundiai.sp.gov.br\/cervejaartesanal\/wp-content\/uploads\/sites\/9\/2022\/12\/DSC_0951-scaled-Wander-Lepre.jpg\"><img loading=\"lazy\" decoding=\"async\" width=\"1280\" height=\"851\" data-id=\"180\" src=\"https:\/\/rotasturisticas.jundiai.sp.gov.br\/cervejaartesanal\/wp-content\/uploads\/sites\/9\/2022\/12\/DSC_0951-scaled-Wander-Lepre.jpg\" alt=\"\" class=\"wp-image-180\" srcset=\"https:\/\/rotasturisticas.jundiai.sp.gov.br\/cervejaartesanal\/wp-content\/uploads\/sites\/9\/2022\/12\/DSC_0951-scaled-Wander-Lepre.jpg 1280w, https:\/\/rotasturisticas.jundiai.sp.gov.br\/cervejaartesanal\/wp-content\/uploads\/sites\/9\/2022\/12\/DSC_0951-scaled-Wander-Lepre-768x511.jpg 768w\" sizes=\"auto, (max-width: 1280px) 100vw, 1280px\" \/><\/a><\/figure>\n\n\n\n<figure class=\"wp-block-image size-large\"><a href=\"https:\/\/rotasturisticas.jundiai.sp.gov.br\/cervejaartesanal\/wp-content\/uploads\/sites\/9\/2022\/12\/DSC_0952-scaled-Wander-Lepre.jpg\"><img loading=\"lazy\" decoding=\"async\" width=\"1280\" height=\"851\" data-id=\"179\" src=\"https:\/\/rotasturisticas.jundiai.sp.gov.br\/cervejaartesanal\/wp-content\/uploads\/sites\/9\/2022\/12\/DSC_0952-scaled-Wander-Lepre.jpg\" alt=\"\" class=\"wp-image-179\" srcset=\"https:\/\/rotasturisticas.jundiai.sp.gov.br\/cervejaartesanal\/wp-content\/uploads\/sites\/9\/2022\/12\/DSC_0952-scaled-Wander-Lepre.jpg 1280w, https:\/\/rotasturisticas.jundiai.sp.gov.br\/cervejaartesanal\/wp-content\/uploads\/sites\/9\/2022\/12\/DSC_0952-scaled-Wander-Lepre-768x511.jpg 768w\" sizes=\"auto, (max-width: 1280px) 100vw, 1280px\" \/><\/a><\/figure>\n\n\n\n<figure class=\"wp-block-image size-large\"><a href=\"https:\/\/rotasturisticas.jundiai.sp.gov.br\/cervejaartesanal\/wp-content\/uploads\/sites\/9\/2022\/12\/DSC_0976-scaled-Wander-Lepre.jpg\"><img loading=\"lazy\" decoding=\"async\" width=\"1280\" height=\"851\" data-id=\"181\" src=\"https:\/\/rotasturisticas.jundiai.sp.gov.br\/cervejaartesanal\/wp-content\/uploads\/sites\/9\/2022\/12\/DSC_0976-scaled-Wander-Lepre.jpg\" alt=\"\" class=\"wp-image-181\" srcset=\"https:\/\/rotasturisticas.jundiai.sp.gov.br\/cervejaartesanal\/wp-content\/uploads\/sites\/9\/2022\/12\/DSC_0976-scaled-Wander-Lepre.jpg 1280w, https:\/\/rotasturisticas.jundiai.sp.gov.br\/cervejaartesanal\/wp-content\/uploads\/sites\/9\/2022\/12\/DSC_0976-scaled-Wander-Lepre-768x511.jpg 768w\" sizes=\"auto, (max-width: 1280px) 100vw, 1280px\" \/><\/a><\/figure>\n<\/figure>\n","protected":false},"excerpt":{"rendered":"<p>Fundada em Dezembro de 2016, a Esta\u00e7\u00e3o Brew Shop tem o objetivo de difundir a cultura cervejeira na regi\u00e3o, indo al\u00e9m da venda de equipamentos e insumos para cervejeiros, capacitamos quem quiser se tornar um cervejeiro. Trabalhamos com uma variedade de insumos para produ\u00e7\u00e3o de cerveja, vinho, hidromel, champanhe, cacha\u00e7a, whisky e outros destilados, tamb\u00e9m [&hellip;]<\/p>\n","protected":false},"author":16,"featured_media":0,"parent":10,"menu_order":0,"comment_status":"closed","ping_status":"closed","template":"page-local.php","meta":{"footnotes":""},"class_list":["post-176","page","type-page","status-publish","hentry"],"_links":{"self":[{"href":"https:\/\/rotasturisticas.jundiai.sp.gov.br\/cervejaartesanal\/wp-json\/wp\/v2\/pages\/176","targetHints":{"allow":["GET"]}}],"collection":[{"href":"https:\/\/rotasturisticas.jundiai.sp.gov.br\/cervejaartesanal\/wp-json\/wp\/v2\/pages"}],"about":[{"href":"https:\/\/rotasturisticas.jundiai.sp.gov.br\/cervejaartesanal\/wp-json\/wp\/v2\/types\/page"}],"author":[{"embeddable":true,"href":"https:\/\/rotasturisticas.jundiai.sp.gov.br\/cervejaartesanal\/wp-json\/wp\/v2\/users\/16"}],"replies":[{"embeddable":true,"href":"https:\/\/rotasturisticas.jundiai.sp.gov.br\/cervejaartesanal\/wp-json\/wp\/v2\/comments?post=176"}],"version-history":[{"count":2,"href":"https:\/\/rotasturisticas.jundiai.sp.gov.br\/cervejaartesanal\/wp-json\/wp\/v2\/pages\/176\/revisions"}],"predecessor-version":[{"id":183,"href":"https:\/\/rotasturisticas.jundiai.sp.gov.br\/cervejaartesanal\/wp-json\/wp\/v2\/pages\/176\/revisions\/183"}],"up":[{"embeddable":true,"href":"https:\/\/rotasturisticas.jundiai.sp.gov.br\/cervejaartesanal\/wp-json\/wp\/v2\/pages\/10"}],"wp:attachment":[{"href":"https:\/\/rotasturisticas.jundiai.sp.gov.br\/cervejaartesanal\/wp-json\/wp\/v2\/media?parent=176"}],"curies":[{"name":"wp","href":"https:\/\/api.w.org\/{rel}","templated":true}]}}