{"id":164,"date":"2022-11-30T17:18:05","date_gmt":"2022-11-30T20:18:05","guid":{"rendered":"https:\/\/rotasturisticas.jundiai.sp.gov.br\/cervejaartesanal\/?page_id=164"},"modified":"2024-02-14T14:54:46","modified_gmt":"2024-02-14T17:54:46","slug":"brew-jundiai","status":"publish","type":"page","link":"https:\/\/rotasturisticas.jundiai.sp.gov.br\/cervejaartesanal\/o-que-visitar\/bares\/brew-jundiai\/","title":{"rendered":"Brewtainer Beergarden"},"content":{"rendered":"\n<p>Um barzinho inovador que voc\u00ea precisa conhecer!!<br>Inspirado nos Beergardens europeus, a proposta \u00e9 trazer o conceito de aproveitar os bons momentos ao lado de quem se gosta, como se estivesse em casa, isto acompanhado das melhores cervejas artesanais da regi\u00e3o.<br>A casa conta com 10 torneiras de chope, de cervejarias locais, chope da casa (aexagelada) e uma torneira de auto atendimento onde voc\u00ea se serve sozinho!<br>A proposta aqui \u00e9 ser um barzinho descolado, onde voc\u00ea vai fazer novas amizades, curtir muita m\u00fasica boa, beber chopes artesanais deliciosos, e se encantar com a gastronomia da casa, tudo isso aqui no Brew.<\/p>\n\n\n\n<p>Algumas de nossas por\u00e7\u00f5es:<br>\u2022 Batata com maionese da casa<br>\u2022 Bolinho de aipim com queijo<br>\u2022 Costela desfiada com batata servida na t\u00e1bua<br>\u2022 Coxinha da casa<br>\u2022 Linguicinha com provolone<br>\u2022 Drinks<br>e 11 torneiras de v\u00e1rios estilos diferentes de chope artesanal.<br>Traga seus amigos e familiares para vivenciar essa experi\u00eancia. Al\u00e9m de chopes, a casa conta com uma carta com os drinks mais descolados e queridinhos do momento, um card\u00e1pio com por\u00e7\u00f5es que harmonizam perfeitamente com cada chope.<br>Espa\u00e7o petfriendly.<\/p>\n\n\n\n<p><strong>Marcas de Cervejas Artesanais:<\/strong> Giffa, Start up, Hoffer<\/p>\n\n\n\n<p><strong>Servi\u00e7os e experi\u00eancias:&nbsp;<\/strong>Degusta\u00e7\u00e3o conduzida, Harmoniza\u00e7\u00e3o, R\u00e9guas de degusta\u00e7\u00e3o de diferentes estilos e receitas.<\/p>\n\n\n\n<p><strong>Atendimento:&nbsp;<\/strong>Recebe Grupos de Turismo com agendamento<\/p>\n\n\n\n<figure class=\"wp-block-gallery has-nested-images columns-default is-cropped wp-block-gallery-1 is-layout-flex wp-block-gallery-is-layout-flex\">\n<figure class=\"wp-block-image size-large\"><a href=\"https:\/\/rotasturisticas.jundiai.sp.gov.br\/cervejaartesanal\/wp-content\/uploads\/sites\/9\/2022\/11\/A7300256-Vania-Veronezzi.jpg\"><img loading=\"lazy\" decoding=\"async\" width=\"633\" height=\"950\" data-id=\"167\" src=\"https:\/\/rotasturisticas.jundiai.sp.gov.br\/cervejaartesanal\/wp-content\/uploads\/sites\/9\/2022\/11\/A7300256-Vania-Veronezzi-633x950.jpg\" alt=\"\" class=\"wp-image-167\" srcset=\"https:\/\/rotasturisticas.jundiai.sp.gov.br\/cervejaartesanal\/wp-content\/uploads\/sites\/9\/2022\/11\/A7300256-Vania-Veronezzi-633x950.jpg 633w, https:\/\/rotasturisticas.jundiai.sp.gov.br\/cervejaartesanal\/wp-content\/uploads\/sites\/9\/2022\/11\/A7300256-Vania-Veronezzi-768x1152.jpg 768w, https:\/\/rotasturisticas.jundiai.sp.gov.br\/cervejaartesanal\/wp-content\/uploads\/sites\/9\/2022\/11\/A7300256-Vania-Veronezzi-1024x1536.jpg 1024w, https:\/\/rotasturisticas.jundiai.sp.gov.br\/cervejaartesanal\/wp-content\/uploads\/sites\/9\/2022\/11\/A7300256-Vania-Veronezzi.jpg 1280w\" sizes=\"auto, (max-width: 633px) 100vw, 633px\" \/><\/a><\/figure>\n\n\n\n<figure class=\"wp-block-image size-large\"><a href=\"https:\/\/rotasturisticas.jundiai.sp.gov.br\/cervejaartesanal\/wp-content\/uploads\/sites\/9\/2022\/11\/A7300283-Vania-Veronezzi.jpg\"><img loading=\"lazy\" decoding=\"async\" width=\"633\" height=\"950\" data-id=\"169\" src=\"https:\/\/rotasturisticas.jundiai.sp.gov.br\/cervejaartesanal\/wp-content\/uploads\/sites\/9\/2022\/11\/A7300283-Vania-Veronezzi-633x950.jpg\" alt=\"\" class=\"wp-image-169\" srcset=\"https:\/\/rotasturisticas.jundiai.sp.gov.br\/cervejaartesanal\/wp-content\/uploads\/sites\/9\/2022\/11\/A7300283-Vania-Veronezzi-633x950.jpg 633w, https:\/\/rotasturisticas.jundiai.sp.gov.br\/cervejaartesanal\/wp-content\/uploads\/sites\/9\/2022\/11\/A7300283-Vania-Veronezzi-768x1152.jpg 768w, https:\/\/rotasturisticas.jundiai.sp.gov.br\/cervejaartesanal\/wp-content\/uploads\/sites\/9\/2022\/11\/A7300283-Vania-Veronezzi-1024x1536.jpg 1024w, https:\/\/rotasturisticas.jundiai.sp.gov.br\/cervejaartesanal\/wp-content\/uploads\/sites\/9\/2022\/11\/A7300283-Vania-Veronezzi.jpg 1280w\" sizes=\"auto, (max-width: 633px) 100vw, 633px\" \/><\/a><\/figure>\n\n\n\n<figure class=\"wp-block-image size-large\"><a href=\"https:\/\/rotasturisticas.jundiai.sp.gov.br\/cervejaartesanal\/wp-content\/uploads\/sites\/9\/2022\/11\/A7300297-Vania-Veronezzi.jpg\"><img loading=\"lazy\" decoding=\"async\" width=\"633\" height=\"950\" data-id=\"166\" src=\"https:\/\/rotasturisticas.jundiai.sp.gov.br\/cervejaartesanal\/wp-content\/uploads\/sites\/9\/2022\/11\/A7300297-Vania-Veronezzi-633x950.jpg\" alt=\"\" class=\"wp-image-166\" srcset=\"https:\/\/rotasturisticas.jundiai.sp.gov.br\/cervejaartesanal\/wp-content\/uploads\/sites\/9\/2022\/11\/A7300297-Vania-Veronezzi-633x950.jpg 633w, https:\/\/rotasturisticas.jundiai.sp.gov.br\/cervejaartesanal\/wp-content\/uploads\/sites\/9\/2022\/11\/A7300297-Vania-Veronezzi-768x1152.jpg 768w, https:\/\/rotasturisticas.jundiai.sp.gov.br\/cervejaartesanal\/wp-content\/uploads\/sites\/9\/2022\/11\/A7300297-Vania-Veronezzi-1024x1536.jpg 1024w, https:\/\/rotasturisticas.jundiai.sp.gov.br\/cervejaartesanal\/wp-content\/uploads\/sites\/9\/2022\/11\/A7300297-Vania-Veronezzi.jpg 1280w\" sizes=\"auto, (max-width: 633px) 100vw, 633px\" \/><\/a><\/figure>\n\n\n\n<figure class=\"wp-block-image size-large\"><a href=\"https:\/\/rotasturisticas.jundiai.sp.gov.br\/cervejaartesanal\/wp-content\/uploads\/sites\/9\/2022\/11\/A7300092-1-Vania-Veronezzi.jpg\"><img loading=\"lazy\" decoding=\"async\" width=\"633\" height=\"950\" data-id=\"165\" src=\"https:\/\/rotasturisticas.jundiai.sp.gov.br\/cervejaartesanal\/wp-content\/uploads\/sites\/9\/2022\/11\/A7300092-1-Vania-Veronezzi-633x950.jpg\" alt=\"\" class=\"wp-image-165\" srcset=\"https:\/\/rotasturisticas.jundiai.sp.gov.br\/cervejaartesanal\/wp-content\/uploads\/sites\/9\/2022\/11\/A7300092-1-Vania-Veronezzi-633x950.jpg 633w, https:\/\/rotasturisticas.jundiai.sp.gov.br\/cervejaartesanal\/wp-content\/uploads\/sites\/9\/2022\/11\/A7300092-1-Vania-Veronezzi-768x1152.jpg 768w, https:\/\/rotasturisticas.jundiai.sp.gov.br\/cervejaartesanal\/wp-content\/uploads\/sites\/9\/2022\/11\/A7300092-1-Vania-Veronezzi-1024x1536.jpg 1024w, https:\/\/rotasturisticas.jundiai.sp.gov.br\/cervejaartesanal\/wp-content\/uploads\/sites\/9\/2022\/11\/A7300092-1-Vania-Veronezzi.jpg 1280w\" sizes=\"auto, (max-width: 633px) 100vw, 633px\" \/><\/a><\/figure>\n\n\n\n<figure class=\"wp-block-image size-large\"><a href=\"https:\/\/rotasturisticas.jundiai.sp.gov.br\/cervejaartesanal\/wp-content\/uploads\/sites\/9\/2022\/11\/A7300057-1-Vania-Veronezzi.jpg\"><img loading=\"lazy\" decoding=\"async\" width=\"1280\" height=\"853\" data-id=\"170\" src=\"https:\/\/rotasturisticas.jundiai.sp.gov.br\/cervejaartesanal\/wp-content\/uploads\/sites\/9\/2022\/11\/A7300057-1-Vania-Veronezzi.jpg\" alt=\"\" class=\"wp-image-170\" srcset=\"https:\/\/rotasturisticas.jundiai.sp.gov.br\/cervejaartesanal\/wp-content\/uploads\/sites\/9\/2022\/11\/A7300057-1-Vania-Veronezzi.jpg 1280w, https:\/\/rotasturisticas.jundiai.sp.gov.br\/cervejaartesanal\/wp-content\/uploads\/sites\/9\/2022\/11\/A7300057-1-Vania-Veronezzi-768x512.jpg 768w\" sizes=\"auto, (max-width: 1280px) 100vw, 1280px\" \/><\/a><\/figure>\n\n\n\n<figure class=\"wp-block-image size-large\"><a href=\"https:\/\/rotasturisticas.jundiai.sp.gov.br\/cervejaartesanal\/wp-content\/uploads\/sites\/9\/2022\/11\/A7300029-Vania-Veronezzi.jpg\"><img loading=\"lazy\" decoding=\"async\" width=\"1280\" height=\"853\" data-id=\"173\" src=\"https:\/\/rotasturisticas.jundiai.sp.gov.br\/cervejaartesanal\/wp-content\/uploads\/sites\/9\/2022\/11\/A7300029-Vania-Veronezzi.jpg\" alt=\"\" class=\"wp-image-173\" srcset=\"https:\/\/rotasturisticas.jundiai.sp.gov.br\/cervejaartesanal\/wp-content\/uploads\/sites\/9\/2022\/11\/A7300029-Vania-Veronezzi.jpg 1280w, https:\/\/rotasturisticas.jundiai.sp.gov.br\/cervejaartesanal\/wp-content\/uploads\/sites\/9\/2022\/11\/A7300029-Vania-Veronezzi-768x512.jpg 768w\" sizes=\"auto, (max-width: 1280px) 100vw, 1280px\" \/><\/a><\/figure>\n\n\n\n<figure class=\"wp-block-image size-large\"><a href=\"https:\/\/rotasturisticas.jundiai.sp.gov.br\/cervejaartesanal\/wp-content\/uploads\/sites\/9\/2022\/11\/A7300006-1-Vania-Veronezzi.jpg\"><img loading=\"lazy\" decoding=\"async\" width=\"633\" height=\"950\" data-id=\"168\" src=\"https:\/\/rotasturisticas.jundiai.sp.gov.br\/cervejaartesanal\/wp-content\/uploads\/sites\/9\/2022\/11\/A7300006-1-Vania-Veronezzi-633x950.jpg\" alt=\"\" class=\"wp-image-168\" srcset=\"https:\/\/rotasturisticas.jundiai.sp.gov.br\/cervejaartesanal\/wp-content\/uploads\/sites\/9\/2022\/11\/A7300006-1-Vania-Veronezzi-633x950.jpg 633w, https:\/\/rotasturisticas.jundiai.sp.gov.br\/cervejaartesanal\/wp-content\/uploads\/sites\/9\/2022\/11\/A7300006-1-Vania-Veronezzi-768x1152.jpg 768w, https:\/\/rotasturisticas.jundiai.sp.gov.br\/cervejaartesanal\/wp-content\/uploads\/sites\/9\/2022\/11\/A7300006-1-Vania-Veronezzi-1024x1536.jpg 1024w, https:\/\/rotasturisticas.jundiai.sp.gov.br\/cervejaartesanal\/wp-content\/uploads\/sites\/9\/2022\/11\/A7300006-1-Vania-Veronezzi.jpg 1280w\" sizes=\"auto, (max-width: 633px) 100vw, 633px\" \/><\/a><\/figure>\n\n\n\n<figure class=\"wp-block-image size-large\"><a href=\"https:\/\/rotasturisticas.jundiai.sp.gov.br\/cervejaartesanal\/wp-content\/uploads\/sites\/9\/2022\/11\/A7300088-1-Vania-Veronezzi.jpg\"><img loading=\"lazy\" decoding=\"async\" width=\"633\" height=\"950\" data-id=\"172\" src=\"https:\/\/rotasturisticas.jundiai.sp.gov.br\/cervejaartesanal\/wp-content\/uploads\/sites\/9\/2022\/11\/A7300088-1-Vania-Veronezzi-633x950.jpg\" alt=\"\" class=\"wp-image-172\" srcset=\"https:\/\/rotasturisticas.jundiai.sp.gov.br\/cervejaartesanal\/wp-content\/uploads\/sites\/9\/2022\/11\/A7300088-1-Vania-Veronezzi-633x950.jpg 633w, https:\/\/rotasturisticas.jundiai.sp.gov.br\/cervejaartesanal\/wp-content\/uploads\/sites\/9\/2022\/11\/A7300088-1-Vania-Veronezzi-768x1152.jpg 768w, https:\/\/rotasturisticas.jundiai.sp.gov.br\/cervejaartesanal\/wp-content\/uploads\/sites\/9\/2022\/11\/A7300088-1-Vania-Veronezzi-1024x1536.jpg 1024w, https:\/\/rotasturisticas.jundiai.sp.gov.br\/cervejaartesanal\/wp-content\/uploads\/sites\/9\/2022\/11\/A7300088-1-Vania-Veronezzi.jpg 1280w\" sizes=\"auto, (max-width: 633px) 100vw, 633px\" \/><\/a><\/figure>\n\n\n\n<figure class=\"wp-block-image size-large\"><a href=\"https:\/\/rotasturisticas.jundiai.sp.gov.br\/cervejaartesanal\/wp-content\/uploads\/sites\/9\/2022\/11\/A7300005-1-Vania-Veronezzi.jpg\"><img loading=\"lazy\" decoding=\"async\" width=\"633\" height=\"950\" data-id=\"171\" src=\"https:\/\/rotasturisticas.jundiai.sp.gov.br\/cervejaartesanal\/wp-content\/uploads\/sites\/9\/2022\/11\/A7300005-1-Vania-Veronezzi-633x950.jpg\" alt=\"\" class=\"wp-image-171\" srcset=\"https:\/\/rotasturisticas.jundiai.sp.gov.br\/cervejaartesanal\/wp-content\/uploads\/sites\/9\/2022\/11\/A7300005-1-Vania-Veronezzi-633x950.jpg 633w, https:\/\/rotasturisticas.jundiai.sp.gov.br\/cervejaartesanal\/wp-content\/uploads\/sites\/9\/2022\/11\/A7300005-1-Vania-Veronezzi-768x1152.jpg 768w, https:\/\/rotasturisticas.jundiai.sp.gov.br\/cervejaartesanal\/wp-content\/uploads\/sites\/9\/2022\/11\/A7300005-1-Vania-Veronezzi-1024x1536.jpg 1024w, https:\/\/rotasturisticas.jundiai.sp.gov.br\/cervejaartesanal\/wp-content\/uploads\/sites\/9\/2022\/11\/A7300005-1-Vania-Veronezzi.jpg 1280w\" sizes=\"auto, (max-width: 633px) 100vw, 633px\" \/><\/a><\/figure>\n<\/figure>\n","protected":false},"excerpt":{"rendered":"<p>Um barzinho inovador que voc\u00ea precisa conhecer!!Inspirado nos Beergardens europeus, a proposta \u00e9 trazer o conceito de aproveitar os bons momentos ao lado de quem se gosta, como se estivesse em casa, isto acompanhado das melhores cervejas artesanais da regi\u00e3o.A casa conta com 10 torneiras de chope, de cervejarias locais, chope da casa (aexagelada) e [&hellip;]<\/p>\n","protected":false},"author":16,"featured_media":0,"parent":101,"menu_order":0,"comment_status":"closed","ping_status":"closed","template":"page-local.php","meta":{"footnotes":""},"class_list":["post-164","page","type-page","status-publish","hentry"],"_links":{"self":[{"href":"https:\/\/rotasturisticas.jundiai.sp.gov.br\/cervejaartesanal\/wp-json\/wp\/v2\/pages\/164","targetHints":{"allow":["GET"]}}],"collection":[{"href":"https:\/\/rotasturisticas.jundiai.sp.gov.br\/cervejaartesanal\/wp-json\/wp\/v2\/pages"}],"about":[{"href":"https:\/\/rotasturisticas.jundiai.sp.gov.br\/cervejaartesanal\/wp-json\/wp\/v2\/types\/page"}],"author":[{"embeddable":true,"href":"https:\/\/rotasturisticas.jundiai.sp.gov.br\/cervejaartesanal\/wp-json\/wp\/v2\/users\/16"}],"replies":[{"embeddable":true,"href":"https:\/\/rotasturisticas.jundiai.sp.gov.br\/cervejaartesanal\/wp-json\/wp\/v2\/comments?post=164"}],"version-history":[{"count":4,"href":"https:\/\/rotasturisticas.jundiai.sp.gov.br\/cervejaartesanal\/wp-json\/wp\/v2\/pages\/164\/revisions"}],"predecessor-version":[{"id":326,"href":"https:\/\/rotasturisticas.jundiai.sp.gov.br\/cervejaartesanal\/wp-json\/wp\/v2\/pages\/164\/revisions\/326"}],"up":[{"embeddable":true,"href":"https:\/\/rotasturisticas.jundiai.sp.gov.br\/cervejaartesanal\/wp-json\/wp\/v2\/pages\/101"}],"wp:attachment":[{"href":"https:\/\/rotasturisticas.jundiai.sp.gov.br\/cervejaartesanal\/wp-json\/wp\/v2\/media?parent=164"}],"curies":[{"name":"wp","href":"https:\/\/api.w.org\/{rel}","templated":true}]}}