{"id":155,"date":"2022-11-29T17:46:10","date_gmt":"2022-11-29T20:46:10","guid":{"rendered":"https:\/\/rotasturisticas.jundiai.sp.gov.br\/cervejaartesanal\/?page_id=155"},"modified":"2022-11-29T17:51:11","modified_gmt":"2022-11-29T20:51:11","slug":"cervejaria-stark","status":"publish","type":"page","link":"https:\/\/rotasturisticas.jundiai.sp.gov.br\/cervejaartesanal\/o-que-visitar\/fabricas\/cervejaria-stark\/","title":{"rendered":"Cervejaria Stark"},"content":{"rendered":"\n<p>Somos a Cervejaria Stark, uma cervejaria artesanal especializada na fabrica\u00e7\u00e3o dos mais variados estilos de cervejas. Iniciamos nossas atividades no ano de 2018 na cidade de Jundia\u00ed. Estamos localizados na vila Hortol\u00e2ndia, um dos bairros mais antigos e tradicionais da cidade. Em nosso endere\u00e7o existe a planta de produ\u00e7\u00e3o e tamb\u00e9m o bar da f\u00e1brica, onde nossos clientes tem um espa\u00e7o aconchegante para provar das nossas mais variadas cervejas, direto das nossas 10 torneiras de chope, podendo tamb\u00e9m comprar nossas garrafas growlers e fazer pedido de barril para seu evento, onde oferecemos servi\u00e7o de entrega montagem e desmontagem das chopeiras. No local o cliente tem toda a vis\u00e3o da planta de produ\u00e7\u00e3o, podendo dessa maneira ter acesso a f\u00e1brica e assim tirar todas as d\u00favidas e curiosidades sobre o processo, que \u00e9 muito interessante. Temos tamb\u00e9m nossa cozinha com op\u00e7\u00f5es de porc\u00f5es lanches e pizza. Temos tamb\u00e9m nosso beer truck, uma kombi toda estilizada com nossa marca e 6 torneiras de chope, toda preparada para o seu evento, seja um aniversario casamento evento corporativo etc. Nossas cervejas s\u00e3o fabricadas de acordo com a lei da pureza alem\u00e3, \u00e1gua malte l\u00fapulo e levedura. Nosso objetivo e proporcionar aos nossos clientes cervejas de qualidade dos mais variados estilos, oferecendo uma experiencia sensorial marcante.<\/p>\n\n\n\n<p><strong>Estilos de Cervejas produzidas:\u00a0<\/strong>Altbier, American IPA, English IPA, India Pale Ale, Pilsen, Chope de vinho, Black, Session Ipa<\/p>\n\n\n\n<p><strong>Servi\u00e7os e experi\u00eancias:<\/strong>\u00a0Visita guiada a produ\u00e7\u00e3o, Card\u00e1pio especial com receitas \u00e0 base de cerveja<\/p>\n\n\n\n<p><strong>Atendimento:<\/strong>&nbsp;Recebe Grupos de Turismo com agendamento<\/p>\n\n\n\n<figure class=\"wp-block-gallery has-nested-images columns-default is-cropped wp-block-gallery-1 is-layout-flex wp-block-gallery-is-layout-flex\">\n<figure class=\"wp-block-image size-large\"><a href=\"https:\/\/rotasturisticas.jundiai.sp.gov.br\/cervejaartesanal\/wp-content\/uploads\/sites\/9\/2022\/11\/MG_4765-Marcel-Ferraraz.jpg\"><img loading=\"lazy\" decoding=\"async\" width=\"633\" height=\"950\" data-id=\"160\" src=\"https:\/\/rotasturisticas.jundiai.sp.gov.br\/cervejaartesanal\/wp-content\/uploads\/sites\/9\/2022\/11\/MG_4765-Marcel-Ferraraz-633x950.jpg\" alt=\"\" class=\"wp-image-160\" srcset=\"https:\/\/rotasturisticas.jundiai.sp.gov.br\/cervejaartesanal\/wp-content\/uploads\/sites\/9\/2022\/11\/MG_4765-Marcel-Ferraraz-633x950.jpg 633w, https:\/\/rotasturisticas.jundiai.sp.gov.br\/cervejaartesanal\/wp-content\/uploads\/sites\/9\/2022\/11\/MG_4765-Marcel-Ferraraz-768x1152.jpg 768w, https:\/\/rotasturisticas.jundiai.sp.gov.br\/cervejaartesanal\/wp-content\/uploads\/sites\/9\/2022\/11\/MG_4765-Marcel-Ferraraz-1024x1536.jpg 1024w, https:\/\/rotasturisticas.jundiai.sp.gov.br\/cervejaartesanal\/wp-content\/uploads\/sites\/9\/2022\/11\/MG_4765-Marcel-Ferraraz.jpg 1280w\" sizes=\"auto, (max-width: 633px) 100vw, 633px\" \/><\/a><\/figure>\n\n\n\n<figure class=\"wp-block-image size-large\"><a href=\"https:\/\/rotasturisticas.jundiai.sp.gov.br\/cervejaartesanal\/wp-content\/uploads\/sites\/9\/2022\/11\/MG_4777-Marcel-Ferraraz.jpg\"><img loading=\"lazy\" decoding=\"async\" width=\"1280\" height=\"853\" data-id=\"158\" src=\"https:\/\/rotasturisticas.jundiai.sp.gov.br\/cervejaartesanal\/wp-content\/uploads\/sites\/9\/2022\/11\/MG_4777-Marcel-Ferraraz.jpg\" alt=\"\" class=\"wp-image-158\" srcset=\"https:\/\/rotasturisticas.jundiai.sp.gov.br\/cervejaartesanal\/wp-content\/uploads\/sites\/9\/2022\/11\/MG_4777-Marcel-Ferraraz.jpg 1280w, https:\/\/rotasturisticas.jundiai.sp.gov.br\/cervejaartesanal\/wp-content\/uploads\/sites\/9\/2022\/11\/MG_4777-Marcel-Ferraraz-768x512.jpg 768w\" sizes=\"auto, (max-width: 1280px) 100vw, 1280px\" \/><\/a><\/figure>\n\n\n\n<figure class=\"wp-block-image size-large\"><a href=\"https:\/\/rotasturisticas.jundiai.sp.gov.br\/cervejaartesanal\/wp-content\/uploads\/sites\/9\/2022\/11\/IMG_8343-Marcel-Ferraraz.jpeg\"><img loading=\"lazy\" decoding=\"async\" width=\"777\" height=\"950\" data-id=\"157\" src=\"https:\/\/rotasturisticas.jundiai.sp.gov.br\/cervejaartesanal\/wp-content\/uploads\/sites\/9\/2022\/11\/IMG_8343-Marcel-Ferraraz-777x950.jpeg\" alt=\"\" class=\"wp-image-157\" srcset=\"https:\/\/rotasturisticas.jundiai.sp.gov.br\/cervejaartesanal\/wp-content\/uploads\/sites\/9\/2022\/11\/IMG_8343-Marcel-Ferraraz-777x950.jpeg 777w, https:\/\/rotasturisticas.jundiai.sp.gov.br\/cervejaartesanal\/wp-content\/uploads\/sites\/9\/2022\/11\/IMG_8343-Marcel-Ferraraz-768x939.jpeg 768w, https:\/\/rotasturisticas.jundiai.sp.gov.br\/cervejaartesanal\/wp-content\/uploads\/sites\/9\/2022\/11\/IMG_8343-Marcel-Ferraraz.jpeg 828w\" sizes=\"auto, (max-width: 777px) 100vw, 777px\" \/><\/a><\/figure>\n\n\n\n<figure class=\"wp-block-image size-large\"><a href=\"https:\/\/rotasturisticas.jundiai.sp.gov.br\/cervejaartesanal\/wp-content\/uploads\/sites\/9\/2022\/11\/MG_3290-Marcel-Ferraraz.jpg\"><img loading=\"lazy\" decoding=\"async\" width=\"1280\" height=\"853\" data-id=\"159\" src=\"https:\/\/rotasturisticas.jundiai.sp.gov.br\/cervejaartesanal\/wp-content\/uploads\/sites\/9\/2022\/11\/MG_3290-Marcel-Ferraraz.jpg\" alt=\"\" class=\"wp-image-159\" srcset=\"https:\/\/rotasturisticas.jundiai.sp.gov.br\/cervejaartesanal\/wp-content\/uploads\/sites\/9\/2022\/11\/MG_3290-Marcel-Ferraraz.jpg 1280w, https:\/\/rotasturisticas.jundiai.sp.gov.br\/cervejaartesanal\/wp-content\/uploads\/sites\/9\/2022\/11\/MG_3290-Marcel-Ferraraz-768x512.jpg 768w\" sizes=\"auto, (max-width: 1280px) 100vw, 1280px\" \/><\/a><\/figure>\n<\/figure>\n","protected":false},"excerpt":{"rendered":"<p>Somos a Cervejaria Stark, uma cervejaria artesanal especializada na fabrica\u00e7\u00e3o dos mais variados estilos de cervejas. Iniciamos nossas atividades no ano de 2018 na cidade de Jundia\u00ed. Estamos localizados na vila Hortol\u00e2ndia, um dos bairros mais antigos e tradicionais da cidade. Em nosso endere\u00e7o existe a planta de produ\u00e7\u00e3o e tamb\u00e9m o bar da f\u00e1brica, [&hellip;]<\/p>\n","protected":false},"author":16,"featured_media":0,"parent":97,"menu_order":0,"comment_status":"closed","ping_status":"closed","template":"page-local.php","meta":{"footnotes":""},"class_list":["post-155","page","type-page","status-publish","hentry"],"_links":{"self":[{"href":"https:\/\/rotasturisticas.jundiai.sp.gov.br\/cervejaartesanal\/wp-json\/wp\/v2\/pages\/155","targetHints":{"allow":["GET"]}}],"collection":[{"href":"https:\/\/rotasturisticas.jundiai.sp.gov.br\/cervejaartesanal\/wp-json\/wp\/v2\/pages"}],"about":[{"href":"https:\/\/rotasturisticas.jundiai.sp.gov.br\/cervejaartesanal\/wp-json\/wp\/v2\/types\/page"}],"author":[{"embeddable":true,"href":"https:\/\/rotasturisticas.jundiai.sp.gov.br\/cervejaartesanal\/wp-json\/wp\/v2\/users\/16"}],"replies":[{"embeddable":true,"href":"https:\/\/rotasturisticas.jundiai.sp.gov.br\/cervejaartesanal\/wp-json\/wp\/v2\/comments?post=155"}],"version-history":[{"count":3,"href":"https:\/\/rotasturisticas.jundiai.sp.gov.br\/cervejaartesanal\/wp-json\/wp\/v2\/pages\/155\/revisions"}],"predecessor-version":[{"id":163,"href":"https:\/\/rotasturisticas.jundiai.sp.gov.br\/cervejaartesanal\/wp-json\/wp\/v2\/pages\/155\/revisions\/163"}],"up":[{"embeddable":true,"href":"https:\/\/rotasturisticas.jundiai.sp.gov.br\/cervejaartesanal\/wp-json\/wp\/v2\/pages\/97"}],"wp:attachment":[{"href":"https:\/\/rotasturisticas.jundiai.sp.gov.br\/cervejaartesanal\/wp-json\/wp\/v2\/media?parent=155"}],"curies":[{"name":"wp","href":"https:\/\/api.w.org\/{rel}","templated":true}]}}