{"id":133,"date":"2022-11-29T17:26:58","date_gmt":"2022-11-29T20:26:58","guid":{"rendered":"https:\/\/rotasturisticas.jundiai.sp.gov.br\/cervejaartesanal\/?page_id=133"},"modified":"2022-12-15T17:23:13","modified_gmt":"2022-12-15T20:23:13","slug":"giffa-imperial-cervejaria","status":"publish","type":"page","link":"https:\/\/rotasturisticas.jundiai.sp.gov.br\/cervejaartesanal\/o-que-visitar\/fabricas\/giffa-imperial-cervejaria\/","title":{"rendered":"Giffa Imperial Cervejaria"},"content":{"rendered":"\n<p id=\"block-6dcc0c42-3b30-4299-9b4b-6c8ac7187380\">Cervejaria Artesanal de Jundia\u00ed. Produ\u00e7\u00e3o pr\u00f3pria com bar\/loja com vista para a f\u00e1brica, com petiscos e mais de 8 estilos de chope. Growlers para encher direto da cervejaria com chope fresco. Kits e souvenires para presentear.<br>Desde 2015 desenvolvendo com sabedoria, elaborando com leveza e comercializando com efici\u00eancia cervejas que inspiram nossos consumidores, criando a sensa\u00e7\u00e3o de orgulho, felicidade e valor.<\/p>\n\n\n\n<p><strong>Estilos de Cervejas produzidas: <\/strong>American IPA, Belgian Golden Strong Ale, Belgian Pale Ale, English Pale Ale, Fruit Beer, India Pale Ale, Munich Dunkel, Pilsen, Porter, Saison, Sour, Stout, Witbier, Session IPA<\/p>\n\n\n\n<p><strong>Servi\u00e7os e experi\u00eancias:<\/strong> Visita guiada a produ\u00e7\u00e3o, Degusta\u00e7\u00e3o conduzida, Harmoniza\u00e7\u00e3o, Cursos, Card\u00e1pio especial com receitas \u00e0 base de cerveja<\/p>\n\n\n\n<p><strong>Atendimento:<\/strong>&nbsp;Recebe Grupos de Turismo com agendamento<\/p>\n\n\n\n<figure class=\"wp-block-gallery has-nested-images columns-default is-cropped wp-block-gallery-1 is-layout-flex wp-block-gallery-is-layout-flex\">\n<figure class=\"wp-block-image size-large\"><a href=\"https:\/\/rotasturisticas.jundiai.sp.gov.br\/cervejaartesanal\/wp-content\/uploads\/sites\/9\/2022\/11\/loja1-Marcelo-Giffoni.png\"><img loading=\"lazy\" decoding=\"async\" width=\"600\" height=\"452\" data-id=\"135\" src=\"https:\/\/rotasturisticas.jundiai.sp.gov.br\/cervejaartesanal\/wp-content\/uploads\/sites\/9\/2022\/11\/loja1-Marcelo-Giffoni.png\" alt=\"\" class=\"wp-image-135\" srcset=\"https:\/\/rotasturisticas.jundiai.sp.gov.br\/cervejaartesanal\/wp-content\/uploads\/sites\/9\/2022\/11\/loja1-Marcelo-Giffoni.png 600w, https:\/\/rotasturisticas.jundiai.sp.gov.br\/cervejaartesanal\/wp-content\/uploads\/sites\/9\/2022\/11\/loja1-Marcelo-Giffoni-300x225.png 300w\" sizes=\"auto, (max-width: 600px) 100vw, 600px\" \/><\/a><\/figure>\n\n\n\n<figure class=\"wp-block-image size-large\"><a href=\"https:\/\/rotasturisticas.jundiai.sp.gov.br\/cervejaartesanal\/wp-content\/uploads\/sites\/9\/2022\/11\/loja2-Marcelo-Giffoni.jpeg\"><img loading=\"lazy\" decoding=\"async\" width=\"1267\" height=\"950\" data-id=\"136\" src=\"https:\/\/rotasturisticas.jundiai.sp.gov.br\/cervejaartesanal\/wp-content\/uploads\/sites\/9\/2022\/11\/loja2-Marcelo-Giffoni-1267x950.jpeg\" alt=\"\" class=\"wp-image-136\" srcset=\"https:\/\/rotasturisticas.jundiai.sp.gov.br\/cervejaartesanal\/wp-content\/uploads\/sites\/9\/2022\/11\/loja2-Marcelo-Giffoni-1267x950.jpeg 1267w, https:\/\/rotasturisticas.jundiai.sp.gov.br\/cervejaartesanal\/wp-content\/uploads\/sites\/9\/2022\/11\/loja2-Marcelo-Giffoni-300x225.jpeg 300w, https:\/\/rotasturisticas.jundiai.sp.gov.br\/cervejaartesanal\/wp-content\/uploads\/sites\/9\/2022\/11\/loja2-Marcelo-Giffoni-768x576.jpeg 768w, https:\/\/rotasturisticas.jundiai.sp.gov.br\/cervejaartesanal\/wp-content\/uploads\/sites\/9\/2022\/11\/loja2-Marcelo-Giffoni.jpeg 1280w\" sizes=\"auto, (max-width: 1267px) 100vw, 1267px\" \/><\/a><\/figure>\n\n\n\n<figure class=\"wp-block-image size-large\"><a href=\"https:\/\/rotasturisticas.jundiai.sp.gov.br\/cervejaartesanal\/wp-content\/uploads\/sites\/9\/2022\/11\/loja4-Marcelo-Giffoni.jpeg\"><img loading=\"lazy\" decoding=\"async\" width=\"713\" height=\"950\" data-id=\"137\" src=\"https:\/\/rotasturisticas.jundiai.sp.gov.br\/cervejaartesanal\/wp-content\/uploads\/sites\/9\/2022\/11\/loja4-Marcelo-Giffoni-713x950.jpeg\" alt=\"\" class=\"wp-image-137\" srcset=\"https:\/\/rotasturisticas.jundiai.sp.gov.br\/cervejaartesanal\/wp-content\/uploads\/sites\/9\/2022\/11\/loja4-Marcelo-Giffoni-713x950.jpeg 713w, https:\/\/rotasturisticas.jundiai.sp.gov.br\/cervejaartesanal\/wp-content\/uploads\/sites\/9\/2022\/11\/loja4-Marcelo-Giffoni-768x1024.jpeg 768w, https:\/\/rotasturisticas.jundiai.sp.gov.br\/cervejaartesanal\/wp-content\/uploads\/sites\/9\/2022\/11\/loja4-Marcelo-Giffoni.jpeg 960w\" sizes=\"auto, (max-width: 713px) 100vw, 713px\" \/><\/a><\/figure>\n\n\n\n<figure class=\"wp-block-image size-large\"><a href=\"https:\/\/rotasturisticas.jundiai.sp.gov.br\/cervejaartesanal\/wp-content\/uploads\/sites\/9\/2022\/11\/tacagiffa-Marcelo-Giffoni.jpg\"><img loading=\"lazy\" decoding=\"async\" width=\"1280\" height=\"853\" data-id=\"138\" src=\"https:\/\/rotasturisticas.jundiai.sp.gov.br\/cervejaartesanal\/wp-content\/uploads\/sites\/9\/2022\/11\/tacagiffa-Marcelo-Giffoni.jpg\" alt=\"\" class=\"wp-image-138\" srcset=\"https:\/\/rotasturisticas.jundiai.sp.gov.br\/cervejaartesanal\/wp-content\/uploads\/sites\/9\/2022\/11\/tacagiffa-Marcelo-Giffoni.jpg 1280w, https:\/\/rotasturisticas.jundiai.sp.gov.br\/cervejaartesanal\/wp-content\/uploads\/sites\/9\/2022\/11\/tacagiffa-Marcelo-Giffoni-768x512.jpg 768w\" sizes=\"auto, (max-width: 1280px) 100vw, 1280px\" \/><\/a><\/figure>\n\n\n\n<figure class=\"wp-block-image size-large\"><a href=\"https:\/\/rotasturisticas.jundiai.sp.gov.br\/cervejaartesanal\/wp-content\/uploads\/sites\/9\/2022\/11\/TAPSGIFFA-Marcelo-Giffoni.jpg\"><img loading=\"lazy\" decoding=\"async\" width=\"712\" height=\"950\" data-id=\"143\" src=\"https:\/\/rotasturisticas.jundiai.sp.gov.br\/cervejaartesanal\/wp-content\/uploads\/sites\/9\/2022\/11\/TAPSGIFFA-Marcelo-Giffoni-712x950.jpg\" alt=\"\" class=\"wp-image-143\" srcset=\"https:\/\/rotasturisticas.jundiai.sp.gov.br\/cervejaartesanal\/wp-content\/uploads\/sites\/9\/2022\/11\/TAPSGIFFA-Marcelo-Giffoni-712x950.jpg 712w, https:\/\/rotasturisticas.jundiai.sp.gov.br\/cervejaartesanal\/wp-content\/uploads\/sites\/9\/2022\/11\/TAPSGIFFA-Marcelo-Giffoni-768x1024.jpg 768w, https:\/\/rotasturisticas.jundiai.sp.gov.br\/cervejaartesanal\/wp-content\/uploads\/sites\/9\/2022\/11\/TAPSGIFFA-Marcelo-Giffoni-1152x1536.jpg 1152w, https:\/\/rotasturisticas.jundiai.sp.gov.br\/cervejaartesanal\/wp-content\/uploads\/sites\/9\/2022\/11\/TAPSGIFFA-Marcelo-Giffoni.jpg 1280w\" sizes=\"auto, (max-width: 712px) 100vw, 712px\" \/><\/a><\/figure>\n\n\n\n<figure class=\"wp-block-image size-large\"><a href=\"https:\/\/rotasturisticas.jundiai.sp.gov.br\/cervejaartesanal\/wp-content\/uploads\/sites\/9\/2022\/11\/adega-Marcelo-Giffoni.jpeg\"><img loading=\"lazy\" decoding=\"async\" width=\"1184\" height=\"893\" data-id=\"140\" src=\"https:\/\/rotasturisticas.jundiai.sp.gov.br\/cervejaartesanal\/wp-content\/uploads\/sites\/9\/2022\/11\/adega-Marcelo-Giffoni.jpeg\" alt=\"\" class=\"wp-image-140\" srcset=\"https:\/\/rotasturisticas.jundiai.sp.gov.br\/cervejaartesanal\/wp-content\/uploads\/sites\/9\/2022\/11\/adega-Marcelo-Giffoni.jpeg 1184w, https:\/\/rotasturisticas.jundiai.sp.gov.br\/cervejaartesanal\/wp-content\/uploads\/sites\/9\/2022\/11\/adega-Marcelo-Giffoni-300x225.jpeg 300w, https:\/\/rotasturisticas.jundiai.sp.gov.br\/cervejaartesanal\/wp-content\/uploads\/sites\/9\/2022\/11\/adega-Marcelo-Giffoni-768x579.jpeg 768w\" sizes=\"auto, (max-width: 1184px) 100vw, 1184px\" \/><\/a><\/figure>\n\n\n\n<figure class=\"wp-block-image size-large\"><a href=\"https:\/\/rotasturisticas.jundiai.sp.gov.br\/cervejaartesanal\/wp-content\/uploads\/sites\/9\/2022\/11\/Cervejaria-Giffa-1.jpg\"><img loading=\"lazy\" decoding=\"async\" width=\"1267\" height=\"950\" data-id=\"149\" src=\"https:\/\/rotasturisticas.jundiai.sp.gov.br\/cervejaartesanal\/wp-content\/uploads\/sites\/9\/2022\/11\/Cervejaria-Giffa-1-1267x950.jpg\" alt=\"\" class=\"wp-image-149\" srcset=\"https:\/\/rotasturisticas.jundiai.sp.gov.br\/cervejaartesanal\/wp-content\/uploads\/sites\/9\/2022\/11\/Cervejaria-Giffa-1-1267x950.jpg 1267w, https:\/\/rotasturisticas.jundiai.sp.gov.br\/cervejaartesanal\/wp-content\/uploads\/sites\/9\/2022\/11\/Cervejaria-Giffa-1-300x225.jpg 300w, https:\/\/rotasturisticas.jundiai.sp.gov.br\/cervejaartesanal\/wp-content\/uploads\/sites\/9\/2022\/11\/Cervejaria-Giffa-1-768x576.jpg 768w, https:\/\/rotasturisticas.jundiai.sp.gov.br\/cervejaartesanal\/wp-content\/uploads\/sites\/9\/2022\/11\/Cervejaria-Giffa-1.jpg 1280w\" sizes=\"auto, (max-width: 1267px) 100vw, 1267px\" \/><\/a><\/figure>\n\n\n\n<figure class=\"wp-block-image size-large\"><a href=\"https:\/\/rotasturisticas.jundiai.sp.gov.br\/cervejaartesanal\/wp-content\/uploads\/sites\/9\/2022\/11\/Cervejaria-Giffa-2.jpeg\"><img loading=\"lazy\" decoding=\"async\" width=\"1267\" height=\"950\" data-id=\"146\" src=\"https:\/\/rotasturisticas.jundiai.sp.gov.br\/cervejaartesanal\/wp-content\/uploads\/sites\/9\/2022\/11\/Cervejaria-Giffa-2-1267x950.jpeg\" alt=\"\" class=\"wp-image-146\" srcset=\"https:\/\/rotasturisticas.jundiai.sp.gov.br\/cervejaartesanal\/wp-content\/uploads\/sites\/9\/2022\/11\/Cervejaria-Giffa-2-1267x950.jpeg 1267w, https:\/\/rotasturisticas.jundiai.sp.gov.br\/cervejaartesanal\/wp-content\/uploads\/sites\/9\/2022\/11\/Cervejaria-Giffa-2-300x225.jpeg 300w, https:\/\/rotasturisticas.jundiai.sp.gov.br\/cervejaartesanal\/wp-content\/uploads\/sites\/9\/2022\/11\/Cervejaria-Giffa-2-768x576.jpeg 768w, https:\/\/rotasturisticas.jundiai.sp.gov.br\/cervejaartesanal\/wp-content\/uploads\/sites\/9\/2022\/11\/Cervejaria-Giffa-2.jpeg 1280w\" sizes=\"auto, (max-width: 1267px) 100vw, 1267px\" \/><\/a><\/figure>\n\n\n\n<figure class=\"wp-block-image size-large\"><a href=\"https:\/\/rotasturisticas.jundiai.sp.gov.br\/cervejaartesanal\/wp-content\/uploads\/sites\/9\/2022\/11\/Cervejaria-Giffa-3.jpg\"><img loading=\"lazy\" decoding=\"async\" width=\"1280\" height=\"853\" data-id=\"152\" src=\"https:\/\/rotasturisticas.jundiai.sp.gov.br\/cervejaartesanal\/wp-content\/uploads\/sites\/9\/2022\/11\/Cervejaria-Giffa-3.jpg\" alt=\"\" class=\"wp-image-152\" srcset=\"https:\/\/rotasturisticas.jundiai.sp.gov.br\/cervejaartesanal\/wp-content\/uploads\/sites\/9\/2022\/11\/Cervejaria-Giffa-3.jpg 1280w, https:\/\/rotasturisticas.jundiai.sp.gov.br\/cervejaartesanal\/wp-content\/uploads\/sites\/9\/2022\/11\/Cervejaria-Giffa-3-768x512.jpg 768w\" sizes=\"auto, (max-width: 1280px) 100vw, 1280px\" \/><\/a><\/figure>\n\n\n\n<figure class=\"wp-block-image size-large\"><a href=\"https:\/\/rotasturisticas.jundiai.sp.gov.br\/cervejaartesanal\/wp-content\/uploads\/sites\/9\/2022\/11\/garrafasgiffa50cm-Marcelo-Giffoni.jpg\"><img loading=\"lazy\" decoding=\"async\" width=\"1280\" height=\"870\" data-id=\"141\" src=\"https:\/\/rotasturisticas.jundiai.sp.gov.br\/cervejaartesanal\/wp-content\/uploads\/sites\/9\/2022\/11\/garrafasgiffa50cm-Marcelo-Giffoni.jpg\" alt=\"\" class=\"wp-image-141\" srcset=\"https:\/\/rotasturisticas.jundiai.sp.gov.br\/cervejaartesanal\/wp-content\/uploads\/sites\/9\/2022\/11\/garrafasgiffa50cm-Marcelo-Giffoni.jpg 1280w, https:\/\/rotasturisticas.jundiai.sp.gov.br\/cervejaartesanal\/wp-content\/uploads\/sites\/9\/2022\/11\/garrafasgiffa50cm-Marcelo-Giffoni-768x522.jpg 768w\" sizes=\"auto, (max-width: 1280px) 100vw, 1280px\" \/><\/a><\/figure>\n<\/figure>\n","protected":false},"excerpt":{"rendered":"<p>Cervejaria Artesanal de Jundia\u00ed. Produ\u00e7\u00e3o pr\u00f3pria com bar\/loja com vista para a f\u00e1brica, com petiscos e mais de 8 estilos de chope. Growlers para encher direto da cervejaria com chope fresco. Kits e souvenires para presentear.Desde 2015 desenvolvendo com sabedoria, elaborando com leveza e comercializando com efici\u00eancia cervejas que inspiram nossos consumidores, criando a sensa\u00e7\u00e3o [&hellip;]<\/p>\n","protected":false},"author":16,"featured_media":0,"parent":97,"menu_order":0,"comment_status":"closed","ping_status":"closed","template":"page-local.php","meta":{"footnotes":""},"class_list":["post-133","page","type-page","status-publish","hentry"],"_links":{"self":[{"href":"https:\/\/rotasturisticas.jundiai.sp.gov.br\/cervejaartesanal\/wp-json\/wp\/v2\/pages\/133","targetHints":{"allow":["GET"]}}],"collection":[{"href":"https:\/\/rotasturisticas.jundiai.sp.gov.br\/cervejaartesanal\/wp-json\/wp\/v2\/pages"}],"about":[{"href":"https:\/\/rotasturisticas.jundiai.sp.gov.br\/cervejaartesanal\/wp-json\/wp\/v2\/types\/page"}],"author":[{"embeddable":true,"href":"https:\/\/rotasturisticas.jundiai.sp.gov.br\/cervejaartesanal\/wp-json\/wp\/v2\/users\/16"}],"replies":[{"embeddable":true,"href":"https:\/\/rotasturisticas.jundiai.sp.gov.br\/cervejaartesanal\/wp-json\/wp\/v2\/comments?post=133"}],"version-history":[{"count":2,"href":"https:\/\/rotasturisticas.jundiai.sp.gov.br\/cervejaartesanal\/wp-json\/wp\/v2\/pages\/133\/revisions"}],"predecessor-version":[{"id":154,"href":"https:\/\/rotasturisticas.jundiai.sp.gov.br\/cervejaartesanal\/wp-json\/wp\/v2\/pages\/133\/revisions\/154"}],"up":[{"embeddable":true,"href":"https:\/\/rotasturisticas.jundiai.sp.gov.br\/cervejaartesanal\/wp-json\/wp\/v2\/pages\/97"}],"wp:attachment":[{"href":"https:\/\/rotasturisticas.jundiai.sp.gov.br\/cervejaartesanal\/wp-json\/wp\/v2\/media?parent=133"}],"curies":[{"name":"wp","href":"https:\/\/api.w.org\/{rel}","templated":true}]}}