{"id":120,"date":"2022-11-29T17:04:48","date_gmt":"2022-11-29T20:04:48","guid":{"rendered":"https:\/\/rotasturisticas.jundiai.sp.gov.br\/cervejaartesanal\/?page_id=120"},"modified":"2024-02-15T14:21:39","modified_gmt":"2024-02-15T17:21:39","slug":"rust-bier","status":"publish","type":"page","link":"https:\/\/rotasturisticas.jundiai.sp.gov.br\/cervejaartesanal\/o-que-visitar\/fabricas\/rust-bier\/","title":{"rendered":"Rust Bier"},"content":{"rendered":"\n<p>Nossa Hist\u00f3ria: Em meados de 2017, o agora Mestre Cervejeiro e Somelier, Reginaldo Dal Sasso, teve a ideia de produzir cerveja artesanal em sua casa, na cidade de Jundia\u00ed, interior de S\u00e3o Paulo. Aquilo que surgiu despretensiosamente como hobby, com o aprimoramento das receitas e mais e mais elogios de quem provava, acabou evoluindo, se tornando uma realidade inevit\u00e1vel que se transformou na RUST BIER. Ao longo desses anos, nosso Mestre Cervejeiro vem trabalhando de forma focada e com muita paix\u00e3o pelo of\u00edcio at\u00e9 chegar nas excel\u00eancia que faz da RUST uma cerveja excepcional e acima de tudo garantido a pegada artesanal.<\/p>\n\n\n\n<p><strong>Estilos de Cervejas produzidas:&nbsp;<\/strong>Belgian Dark Strong Ale, English IPA, Pilsen, Porter, Sour, Stout, Vienna Lager, Weizenbier, Red Ale<\/p>\n\n\n\n<p><strong>Servi\u00e7os e experi\u00eancias:<\/strong>&nbsp;Degusta\u00e7\u00e3o conduzida, Harmoniza\u00e7\u00e3o<\/p>\n\n\n\n<p><strong>Atendimento:<\/strong>&nbsp;Recebe Grupos de Turismo com agendamento<\/p>\n\n\n\n<figure class=\"wp-block-gallery has-nested-images columns-default is-cropped wp-block-gallery-1 is-layout-flex wp-block-gallery-is-layout-flex\">\n<figure class=\"wp-block-image size-large\"><img loading=\"lazy\" decoding=\"async\" width=\"484\" height=\"627\" data-id=\"332\" src=\"https:\/\/rotasturisticas.jundiai.sp.gov.br\/cervejaartesanal\/wp-content\/uploads\/sites\/9\/2024\/02\/rust-2.png\" alt=\"\" class=\"wp-image-332\" \/><\/figure>\n\n\n\n<figure class=\"wp-block-image size-large\"><img loading=\"lazy\" decoding=\"async\" width=\"861\" height=\"562\" data-id=\"333\" src=\"https:\/\/rotasturisticas.jundiai.sp.gov.br\/cervejaartesanal\/wp-content\/uploads\/sites\/9\/2024\/02\/rust-1.png\" alt=\"\" class=\"wp-image-333\" srcset=\"https:\/\/rotasturisticas.jundiai.sp.gov.br\/cervejaartesanal\/wp-content\/uploads\/sites\/9\/2024\/02\/rust-1.png 861w, https:\/\/rotasturisticas.jundiai.sp.gov.br\/cervejaartesanal\/wp-content\/uploads\/sites\/9\/2024\/02\/rust-1-768x501.png 768w\" sizes=\"auto, (max-width: 861px) 100vw, 861px\" \/><\/figure>\n<\/figure>\n","protected":false},"excerpt":{"rendered":"<p>Nossa Hist\u00f3ria: Em meados de 2017, o agora Mestre Cervejeiro e Somelier, Reginaldo Dal Sasso, teve a ideia de produzir cerveja artesanal em sua casa, na cidade de Jundia\u00ed, interior de S\u00e3o Paulo. Aquilo que surgiu despretensiosamente como hobby, com o aprimoramento das receitas e mais e mais elogios de quem provava, acabou evoluindo, se [&hellip;]<\/p>\n","protected":false},"author":16,"featured_media":0,"parent":97,"menu_order":0,"comment_status":"closed","ping_status":"closed","template":"page-local.php","meta":{"footnotes":""},"class_list":["post-120","page","type-page","status-publish","hentry"],"_links":{"self":[{"href":"https:\/\/rotasturisticas.jundiai.sp.gov.br\/cervejaartesanal\/wp-json\/wp\/v2\/pages\/120","targetHints":{"allow":["GET"]}}],"collection":[{"href":"https:\/\/rotasturisticas.jundiai.sp.gov.br\/cervejaartesanal\/wp-json\/wp\/v2\/pages"}],"about":[{"href":"https:\/\/rotasturisticas.jundiai.sp.gov.br\/cervejaartesanal\/wp-json\/wp\/v2\/types\/page"}],"author":[{"embeddable":true,"href":"https:\/\/rotasturisticas.jundiai.sp.gov.br\/cervejaartesanal\/wp-json\/wp\/v2\/users\/16"}],"replies":[{"embeddable":true,"href":"https:\/\/rotasturisticas.jundiai.sp.gov.br\/cervejaartesanal\/wp-json\/wp\/v2\/comments?post=120"}],"version-history":[{"count":4,"href":"https:\/\/rotasturisticas.jundiai.sp.gov.br\/cervejaartesanal\/wp-json\/wp\/v2\/pages\/120\/revisions"}],"predecessor-version":[{"id":334,"href":"https:\/\/rotasturisticas.jundiai.sp.gov.br\/cervejaartesanal\/wp-json\/wp\/v2\/pages\/120\/revisions\/334"}],"up":[{"embeddable":true,"href":"https:\/\/rotasturisticas.jundiai.sp.gov.br\/cervejaartesanal\/wp-json\/wp\/v2\/pages\/97"}],"wp:attachment":[{"href":"https:\/\/rotasturisticas.jundiai.sp.gov.br\/cervejaartesanal\/wp-json\/wp\/v2\/media?parent=120"}],"curies":[{"name":"wp","href":"https:\/\/api.w.org\/{rel}","templated":true}]}}