{"id":986,"date":"2021-05-04T13:47:53","date_gmt":"2021-05-04T16:47:53","guid":{"rendered":"https:\/\/rotasturisticas.jundiai.sp.gov.br\/centrohistorico\/?page_id=986"},"modified":"2021-05-04T13:47:53","modified_gmt":"2021-05-04T16:47:53","slug":"vica-salgados","status":"publish","type":"page","link":"https:\/\/rotasturisticas.jundiai.sp.gov.br\/centrohistorico\/coxinha-de-queijo\/festival-a-melhor-coxinha-de-queijo-de-jundiai-2019\/vica-salgados\/","title":{"rendered":"Vica Salgados"},"content":{"rendered":"\n<p><strong>Endere\u00e7o:<\/strong>\u00a0Av. Am\u00e9lia Latorre, 780 \u2013 Jardim Guanabara<br><strong>Telefone:<\/strong>\u00a0(11) 4581-6230<br><strong>E-mail:<\/strong>\u00a0contato@salgadosvica.com<br><strong>Site:<\/strong>\u00a0<a rel=\"noreferrer noopener\" href=\"http:\/\/www.salgadosvica.com.br\/\" target=\"_blank\">www.salgadosvica.com.br<\/a><br><strong>Facebook:<\/strong>\u00a0<a rel=\"noreferrer noopener\" href=\"https:\/\/www.facebook.com\/salgadosvica\" target=\"_blank\">salgadosvica<\/a>\u00a0<br><strong>Instagram:<\/strong>\u00a0<a rel=\"noreferrer noopener\" href=\"https:\/\/www.instagram.com\/vicasalgados\/\" target=\"_blank\">vicasalgados<\/a><br><strong>Hor\u00e1rio de funcionamento:<\/strong>\u00a0Ter\u00e7a a s\u00e1bado das 11h \u00e0s 20h. Domingo das 9h \u00e0s 13h.<\/p>\n\n\n\n<div class=\"wp-block-image\"><figure class=\"aligncenter size-large is-resized\"><img loading=\"lazy\" decoding=\"async\" src=\"http:\/\/rotasturisticas.jundiai.sp.gov.br\/centrohistorico\/wp-content\/uploads\/sites\/6\/2021\/05\/IMG-20210429-WA0018-Vica-Salgados-920x920.jpg\" alt=\"\" class=\"wp-image-914\" width=\"259\" height=\"259\" srcset=\"https:\/\/rotasturisticas.jundiai.sp.gov.br\/centrohistorico\/wp-content\/uploads\/sites\/6\/2021\/05\/IMG-20210429-WA0018-Vica-Salgados-920x920.jpg 920w, https:\/\/rotasturisticas.jundiai.sp.gov.br\/centrohistorico\/wp-content\/uploads\/sites\/6\/2021\/05\/IMG-20210429-WA0018-Vica-Salgados-300x300.jpg 300w, https:\/\/rotasturisticas.jundiai.sp.gov.br\/centrohistorico\/wp-content\/uploads\/sites\/6\/2021\/05\/IMG-20210429-WA0018-Vica-Salgados-150x150.jpg 150w, https:\/\/rotasturisticas.jundiai.sp.gov.br\/centrohistorico\/wp-content\/uploads\/sites\/6\/2021\/05\/IMG-20210429-WA0018-Vica-Salgados-768x768.jpg 768w, https:\/\/rotasturisticas.jundiai.sp.gov.br\/centrohistorico\/wp-content\/uploads\/sites\/6\/2021\/05\/IMG-20210429-WA0018-Vica-Salgados.jpg 1080w\" sizes=\"auto, (max-width: 259px) 100vw, 259px\" \/><\/figure><\/div>\n\n\n\n<div class=\"wp-block-image\"><figure class=\"aligncenter size-large is-resized\"><img loading=\"lazy\" decoding=\"async\" src=\"https:\/\/rotasturisticas.jundiai.sp.gov.br\/centrohistorico\/wp-content\/uploads\/sites\/6\/2021\/05\/IMG-20181204-WA0037-Erica-Oliveira-Oliveira-720x960.jpg\" alt=\"\" class=\"wp-image-987\" width=\"462\" height=\"616\" srcset=\"https:\/\/rotasturisticas.jundiai.sp.gov.br\/centrohistorico\/wp-content\/uploads\/sites\/6\/2021\/05\/IMG-20181204-WA0037-Erica-Oliveira-Oliveira-720x960.jpg 720w, https:\/\/rotasturisticas.jundiai.sp.gov.br\/centrohistorico\/wp-content\/uploads\/sites\/6\/2021\/05\/IMG-20181204-WA0037-Erica-Oliveira-Oliveira-300x400.jpg 300w, https:\/\/rotasturisticas.jundiai.sp.gov.br\/centrohistorico\/wp-content\/uploads\/sites\/6\/2021\/05\/IMG-20181204-WA0037-Erica-Oliveira-Oliveira-768x1024.jpg 768w, https:\/\/rotasturisticas.jundiai.sp.gov.br\/centrohistorico\/wp-content\/uploads\/sites\/6\/2021\/05\/IMG-20181204-WA0037-Erica-Oliveira-Oliveira.jpg 774w\" sizes=\"auto, (max-width: 462px) 100vw, 462px\" \/><\/figure><\/div>\n","protected":false},"excerpt":{"rendered":"<p>Endere\u00e7o:\u00a0Av. Am\u00e9lia Latorre, 780 \u2013 Jardim GuanabaraTelefone:\u00a0(11) 4581-6230E-mail:\u00a0contato@salgadosvica.comSite:\u00a0www.salgadosvica.com.brFacebook:\u00a0salgadosvica\u00a0Instagram:\u00a0vicasalgadosHor\u00e1rio de funcionamento:\u00a0Ter\u00e7a a s\u00e1bado das 11h \u00e0s 20h. Domingo das 9h \u00e0s 13h.<\/p>\n","protected":false},"author":16,"featured_media":0,"parent":960,"menu_order":0,"comment_status":"closed","ping_status":"closed","template":"","meta":{"footnotes":""},"class_list":["post-986","page","type-page","status-publish","hentry"],"_links":{"self":[{"href":"https:\/\/rotasturisticas.jundiai.sp.gov.br\/centrohistorico\/wp-json\/wp\/v2\/pages\/986","targetHints":{"allow":["GET"]}}],"collection":[{"href":"https:\/\/rotasturisticas.jundiai.sp.gov.br\/centrohistorico\/wp-json\/wp\/v2\/pages"}],"about":[{"href":"https:\/\/rotasturisticas.jundiai.sp.gov.br\/centrohistorico\/wp-json\/wp\/v2\/types\/page"}],"author":[{"embeddable":true,"href":"https:\/\/rotasturisticas.jundiai.sp.gov.br\/centrohistorico\/wp-json\/wp\/v2\/users\/16"}],"replies":[{"embeddable":true,"href":"https:\/\/rotasturisticas.jundiai.sp.gov.br\/centrohistorico\/wp-json\/wp\/v2\/comments?post=986"}],"version-history":[{"count":1,"href":"https:\/\/rotasturisticas.jundiai.sp.gov.br\/centrohistorico\/wp-json\/wp\/v2\/pages\/986\/revisions"}],"predecessor-version":[{"id":988,"href":"https:\/\/rotasturisticas.jundiai.sp.gov.br\/centrohistorico\/wp-json\/wp\/v2\/pages\/986\/revisions\/988"}],"up":[{"embeddable":true,"href":"https:\/\/rotasturisticas.jundiai.sp.gov.br\/centrohistorico\/wp-json\/wp\/v2\/pages\/960"}],"wp:attachment":[{"href":"https:\/\/rotasturisticas.jundiai.sp.gov.br\/centrohistorico\/wp-json\/wp\/v2\/media?parent=986"}],"curies":[{"name":"wp","href":"https:\/\/api.w.org\/{rel}","templated":true}]}}