{"id":977,"date":"2021-05-04T13:29:15","date_gmt":"2021-05-04T16:29:15","guid":{"rendered":"https:\/\/rotasturisticas.jundiai.sp.gov.br\/centrohistorico\/?page_id=977"},"modified":"2021-05-04T13:29:15","modified_gmt":"2021-05-04T16:29:15","slug":"ponto-da-coxinha","status":"publish","type":"page","link":"https:\/\/rotasturisticas.jundiai.sp.gov.br\/centrohistorico\/coxinha-de-queijo\/festival-a-melhor-coxinha-de-queijo-de-jundiai-2019\/ponto-da-coxinha\/","title":{"rendered":"Ponto da Coxinha"},"content":{"rendered":"\n<p><strong>Endere\u00e7o<\/strong>: Rua Bom Jesus de Pirapora, 2881 \u2013 Vila Rami \u2013 no estacionamento do Supermercado Boa<br><strong>Telefone:<\/strong>\u00a0(11)\u00a03378-8130<br><strong>Facebook:\u00a0<\/strong><a rel=\"noreferrer noopener\" href=\"https:\/\/www.facebook.com\/BoaRami\/\" target=\"_blank\">Ponto Da Coxinha<\/a><br><strong>Hor\u00e1rio de funcionamento<\/strong>: Segunda a s\u00e1bado das 9h \u00e0s 21h.<\/p>\n\n\n\n<div class=\"wp-block-columns is-layout-flex wp-container-core-columns-is-layout-9d6595d7 wp-block-columns-is-layout-flex\">\n<div class=\"wp-block-column is-layout-flow wp-block-column-is-layout-flow\" style=\"flex-basis:100%\">\n<div class=\"wp-block-image\"><figure class=\"aligncenter size-large is-resized\"><img loading=\"lazy\" decoding=\"async\" src=\"https:\/\/rotasturisticas.jundiai.sp.gov.br\/centrohistorico\/wp-content\/uploads\/sites\/6\/2021\/05\/IMG-20181204-WA0011-Ligia-Kespers.jpg\" alt=\"\" class=\"wp-image-979\" width=\"342\" height=\"231\" srcset=\"https:\/\/rotasturisticas.jundiai.sp.gov.br\/centrohistorico\/wp-content\/uploads\/sites\/6\/2021\/05\/IMG-20181204-WA0011-Ligia-Kespers.jpg 608w, https:\/\/rotasturisticas.jundiai.sp.gov.br\/centrohistorico\/wp-content\/uploads\/sites\/6\/2021\/05\/IMG-20181204-WA0011-Ligia-Kespers-300x203.jpg 300w\" sizes=\"auto, (max-width: 342px) 100vw, 342px\" \/><\/figure><\/div>\n\n\n\n<div class=\"wp-block-image\"><figure class=\"aligncenter size-large is-resized\"><img loading=\"lazy\" decoding=\"async\" src=\"https:\/\/rotasturisticas.jundiai.sp.gov.br\/centrohistorico\/wp-content\/uploads\/sites\/6\/2021\/05\/IMG-20181204-WA0039-Ligia-Kespers-540x960.jpg\" alt=\"\" class=\"wp-image-978\" width=\"390\" height=\"693\" srcset=\"https:\/\/rotasturisticas.jundiai.sp.gov.br\/centrohistorico\/wp-content\/uploads\/sites\/6\/2021\/05\/IMG-20181204-WA0039-Ligia-Kespers-540x960.jpg 540w, https:\/\/rotasturisticas.jundiai.sp.gov.br\/centrohistorico\/wp-content\/uploads\/sites\/6\/2021\/05\/IMG-20181204-WA0039-Ligia-Kespers-281x500.jpg 281w, https:\/\/rotasturisticas.jundiai.sp.gov.br\/centrohistorico\/wp-content\/uploads\/sites\/6\/2021\/05\/IMG-20181204-WA0039-Ligia-Kespers.jpg 648w\" sizes=\"auto, (max-width: 390px) 100vw, 390px\" \/><\/figure><\/div>\n<\/div>\n<\/div>\n","protected":false},"excerpt":{"rendered":"<p>Endere\u00e7o: Rua Bom Jesus de Pirapora, 2881 \u2013 Vila Rami \u2013 no estacionamento do Supermercado BoaTelefone:\u00a0(11)\u00a03378-8130Facebook:\u00a0Ponto Da CoxinhaHor\u00e1rio de funcionamento: Segunda a s\u00e1bado das 9h \u00e0s 21h.<\/p>\n","protected":false},"author":16,"featured_media":0,"parent":960,"menu_order":0,"comment_status":"closed","ping_status":"closed","template":"","meta":{"footnotes":""},"class_list":["post-977","page","type-page","status-publish","hentry"],"_links":{"self":[{"href":"https:\/\/rotasturisticas.jundiai.sp.gov.br\/centrohistorico\/wp-json\/wp\/v2\/pages\/977","targetHints":{"allow":["GET"]}}],"collection":[{"href":"https:\/\/rotasturisticas.jundiai.sp.gov.br\/centrohistorico\/wp-json\/wp\/v2\/pages"}],"about":[{"href":"https:\/\/rotasturisticas.jundiai.sp.gov.br\/centrohistorico\/wp-json\/wp\/v2\/types\/page"}],"author":[{"embeddable":true,"href":"https:\/\/rotasturisticas.jundiai.sp.gov.br\/centrohistorico\/wp-json\/wp\/v2\/users\/16"}],"replies":[{"embeddable":true,"href":"https:\/\/rotasturisticas.jundiai.sp.gov.br\/centrohistorico\/wp-json\/wp\/v2\/comments?post=977"}],"version-history":[{"count":1,"href":"https:\/\/rotasturisticas.jundiai.sp.gov.br\/centrohistorico\/wp-json\/wp\/v2\/pages\/977\/revisions"}],"predecessor-version":[{"id":980,"href":"https:\/\/rotasturisticas.jundiai.sp.gov.br\/centrohistorico\/wp-json\/wp\/v2\/pages\/977\/revisions\/980"}],"up":[{"embeddable":true,"href":"https:\/\/rotasturisticas.jundiai.sp.gov.br\/centrohistorico\/wp-json\/wp\/v2\/pages\/960"}],"wp:attachment":[{"href":"https:\/\/rotasturisticas.jundiai.sp.gov.br\/centrohistorico\/wp-json\/wp\/v2\/media?parent=977"}],"curies":[{"name":"wp","href":"https:\/\/api.w.org\/{rel}","templated":true}]}}