{"id":975,"date":"2021-05-04T13:24:36","date_gmt":"2021-05-04T16:24:36","guid":{"rendered":"https:\/\/rotasturisticas.jundiai.sp.gov.br\/centrohistorico\/?page_id=975"},"modified":"2021-05-04T13:24:36","modified_gmt":"2021-05-04T16:24:36","slug":"kiosque-roseira","status":"publish","type":"page","link":"https:\/\/rotasturisticas.jundiai.sp.gov.br\/centrohistorico\/coxinha-de-queijo\/festival-a-melhor-coxinha-de-queijo-de-jundiai-2019\/kiosque-roseira\/","title":{"rendered":"Kiosque Roseira"},"content":{"rendered":"\n<p><strong>Endere\u00e7o<\/strong>: Av. Humberto Cereser \u2013 5221 \u2013 Caxambu<br><strong>Telefone:<\/strong>&nbsp; (11) 4584-0030<br><strong>E-mail:<\/strong>&nbsp;kiosqueroseira@yahoo.com<br><strong>Facebook:&nbsp;<\/strong><a rel=\"noreferrer noopener\" href=\"https:\/\/www.facebook.com\/kiosqueroseiralanchonete\/\" target=\"_blank\">Kiosque Roseira Lanchonete<\/a><br><strong>Instagram:&nbsp;<\/strong><a rel=\"noreferrer noopener\" href=\"https:\/\/www.instagram.com\/p\/Bv2raudBwR2\/\" target=\"_blank\">kiosqueroseira<\/a><br><strong>Hor\u00e1rio de funcionamento<\/strong>: Ter\u00e7a a sexta das 11h30 \u00e0s 20h. S\u00e1bado das 10h \u00e0s 20h. Domingo das 9h \u00e0s 20h.<\/p>\n\n\n\n<p>Aqui voc\u00ea encontra a\u00a0<strong>Melhor Coxinha de Queijo de Jundia\u00ed 2019<\/strong>.<\/p>\n\n\n\n<div class=\"wp-block-columns is-layout-flex wp-container-core-columns-is-layout-9d6595d7 wp-block-columns-is-layout-flex\">\n<div class=\"wp-block-column is-layout-flow wp-block-column-is-layout-flow\" style=\"flex-basis:100%\">\n<div class=\"wp-block-image\"><figure class=\"aligncenter size-large is-resized\"><img loading=\"lazy\" decoding=\"async\" src=\"http:\/\/rotasturisticas.jundiai.sp.gov.br\/centrohistorico\/wp-content\/uploads\/sites\/6\/2021\/04\/WhatsApp-Image-2021-04-13-at-16.06.35-Valeria-Leonardi-Oliveira.jpeg\" alt=\"\" class=\"wp-image-892\" width=\"399\" height=\"266\" srcset=\"https:\/\/rotasturisticas.jundiai.sp.gov.br\/centrohistorico\/wp-content\/uploads\/sites\/6\/2021\/04\/WhatsApp-Image-2021-04-13-at-16.06.35-Valeria-Leonardi-Oliveira.jpeg 591w, https:\/\/rotasturisticas.jundiai.sp.gov.br\/centrohistorico\/wp-content\/uploads\/sites\/6\/2021\/04\/WhatsApp-Image-2021-04-13-at-16.06.35-Valeria-Leonardi-Oliveira-300x200.jpeg 300w\" sizes=\"auto, (max-width: 399px) 100vw, 399px\" \/><\/figure><\/div>\n\n\n\n<div class=\"wp-block-image\"><figure class=\"aligncenter size-large is-resized\"><img loading=\"lazy\" decoding=\"async\" src=\"http:\/\/rotasturisticas.jundiai.sp.gov.br\/centrohistorico\/wp-content\/uploads\/sites\/6\/2021\/04\/IMG_0029-Valeria-Leonardi-Oliveira-920x613.jpg\" alt=\"\" class=\"wp-image-893\" width=\"551\" height=\"366\" srcset=\"https:\/\/rotasturisticas.jundiai.sp.gov.br\/centrohistorico\/wp-content\/uploads\/sites\/6\/2021\/04\/IMG_0029-Valeria-Leonardi-Oliveira-920x613.jpg 920w, https:\/\/rotasturisticas.jundiai.sp.gov.br\/centrohistorico\/wp-content\/uploads\/sites\/6\/2021\/04\/IMG_0029-Valeria-Leonardi-Oliveira-300x200.jpg 300w, https:\/\/rotasturisticas.jundiai.sp.gov.br\/centrohistorico\/wp-content\/uploads\/sites\/6\/2021\/04\/IMG_0029-Valeria-Leonardi-Oliveira-768x512.jpg 768w, https:\/\/rotasturisticas.jundiai.sp.gov.br\/centrohistorico\/wp-content\/uploads\/sites\/6\/2021\/04\/IMG_0029-Valeria-Leonardi-Oliveira.jpg 1280w\" sizes=\"auto, (max-width: 551px) 100vw, 551px\" \/><\/figure><\/div>\n<\/div>\n<\/div>\n","protected":false},"excerpt":{"rendered":"<p>Endere\u00e7o: Av. Humberto Cereser \u2013 5221 \u2013 CaxambuTelefone:&nbsp; (11) 4584-0030E-mail:&nbsp;kiosqueroseira@yahoo.comFacebook:&nbsp;Kiosque Roseira LanchoneteInstagram:&nbsp;kiosqueroseiraHor\u00e1rio de funcionamento: Ter\u00e7a a sexta das 11h30 \u00e0s 20h. S\u00e1bado das 10h \u00e0s 20h. Domingo das 9h \u00e0s 20h. Aqui voc\u00ea encontra a\u00a0Melhor Coxinha de Queijo de Jundia\u00ed 2019.<\/p>\n","protected":false},"author":16,"featured_media":0,"parent":960,"menu_order":0,"comment_status":"closed","ping_status":"closed","template":"","meta":{"footnotes":""},"class_list":["post-975","page","type-page","status-publish","hentry"],"_links":{"self":[{"href":"https:\/\/rotasturisticas.jundiai.sp.gov.br\/centrohistorico\/wp-json\/wp\/v2\/pages\/975","targetHints":{"allow":["GET"]}}],"collection":[{"href":"https:\/\/rotasturisticas.jundiai.sp.gov.br\/centrohistorico\/wp-json\/wp\/v2\/pages"}],"about":[{"href":"https:\/\/rotasturisticas.jundiai.sp.gov.br\/centrohistorico\/wp-json\/wp\/v2\/types\/page"}],"author":[{"embeddable":true,"href":"https:\/\/rotasturisticas.jundiai.sp.gov.br\/centrohistorico\/wp-json\/wp\/v2\/users\/16"}],"replies":[{"embeddable":true,"href":"https:\/\/rotasturisticas.jundiai.sp.gov.br\/centrohistorico\/wp-json\/wp\/v2\/comments?post=975"}],"version-history":[{"count":1,"href":"https:\/\/rotasturisticas.jundiai.sp.gov.br\/centrohistorico\/wp-json\/wp\/v2\/pages\/975\/revisions"}],"predecessor-version":[{"id":976,"href":"https:\/\/rotasturisticas.jundiai.sp.gov.br\/centrohistorico\/wp-json\/wp\/v2\/pages\/975\/revisions\/976"}],"up":[{"embeddable":true,"href":"https:\/\/rotasturisticas.jundiai.sp.gov.br\/centrohistorico\/wp-json\/wp\/v2\/pages\/960"}],"wp:attachment":[{"href":"https:\/\/rotasturisticas.jundiai.sp.gov.br\/centrohistorico\/wp-json\/wp\/v2\/media?parent=975"}],"curies":[{"name":"wp","href":"https:\/\/api.w.org\/{rel}","templated":true}]}}