{"id":960,"date":"2021-05-04T10:46:59","date_gmt":"2021-05-04T13:46:59","guid":{"rendered":"https:\/\/rotasturisticas.jundiai.sp.gov.br\/centrohistorico\/?page_id=960"},"modified":"2022-11-25T11:51:24","modified_gmt":"2022-11-25T14:51:24","slug":"festival-a-melhor-coxinha-de-queijo-de-jundiai-2019","status":"publish","type":"page","link":"https:\/\/rotasturisticas.jundiai.sp.gov.br\/centrohistorico\/coxinha-de-queijo\/festival-a-melhor-coxinha-de-queijo-de-jundiai-2019\/","title":{"rendered":"Festival A Melhor Coxinha de Queijo de Jundia\u00ed 2019"},"content":{"rendered":"\n<div class=\"wp-block-media-text alignwide has-media-on-the-right is-stacked-on-mobile\" style=\"grid-template-columns:auto 34%\"><div class=\"wp-block-media-text__content\">\n<h5 class=\"has-text-align-center has-large-font-size wp-block-heading\"><strong>O Vencedor do Concurso<\/strong> <br>&#8220;<strong>A<\/strong> <strong>Melhor Coxinha de Queijo de Jundia\u00ed &#8211; Edi\u00e7\u00e3o 2019&#8243; \u00e9 o <\/strong><br><strong><a rel=\"noopener noreferrer\" href=\"https:\/\/rotasturisticas.jundiai.sp.gov.br\/centrohistorico\/onde-comer\/lambuza-bistro\/\" target=\"_blank\">Kiosque Roseira<\/a><\/strong><br><\/h5>\n\n\n\n<p class=\"has-large-font-size\"><\/p>\n\n\n\n<h3 class=\"has-large-font-size wp-block-heading\">Confira os participantes da edi\u00e7\u00e3o<\/h3>\n\n\n\n<p class=\"has-text-align-center has-large-font-size\"><\/p>\n<\/div><figure class=\"wp-block-media-text__media\"><img loading=\"lazy\" decoding=\"async\" width=\"500\" height=\"500\" src=\"http:\/\/rotasturisticas.jundiai.sp.gov.br\/centrohistorico\/wp-content\/uploads\/sites\/6\/2019\/10\/Maxx-Browning-2-1.png\" alt=\"\" class=\"wp-image-718 size-full\" srcset=\"https:\/\/rotasturisticas.jundiai.sp.gov.br\/centrohistorico\/wp-content\/uploads\/sites\/6\/2019\/10\/Maxx-Browning-2-1.png 500w, https:\/\/rotasturisticas.jundiai.sp.gov.br\/centrohistorico\/wp-content\/uploads\/sites\/6\/2019\/10\/Maxx-Browning-2-1-150x150.png 150w, https:\/\/rotasturisticas.jundiai.sp.gov.br\/centrohistorico\/wp-content\/uploads\/sites\/6\/2019\/10\/Maxx-Browning-2-1-300x300.png 300w\" sizes=\"auto, (max-width: 500px) 100vw, 500px\" \/><\/figure><\/div>\n","protected":false},"excerpt":{"rendered":"<p>O Vencedor do Concurso &#8220;A Melhor Coxinha de Queijo de Jundia\u00ed &#8211; Edi\u00e7\u00e3o 2019&#8243; \u00e9 o Kiosque Roseira Confira os participantes da edi\u00e7\u00e3o<\/p>\n","protected":false},"author":16,"featured_media":0,"parent":293,"menu_order":-4,"comment_status":"closed","ping_status":"closed","template":"","meta":{"footnotes":""},"class_list":["post-960","page","type-page","status-publish","hentry"],"_links":{"self":[{"href":"https:\/\/rotasturisticas.jundiai.sp.gov.br\/centrohistorico\/wp-json\/wp\/v2\/pages\/960","targetHints":{"allow":["GET"]}}],"collection":[{"href":"https:\/\/rotasturisticas.jundiai.sp.gov.br\/centrohistorico\/wp-json\/wp\/v2\/pages"}],"about":[{"href":"https:\/\/rotasturisticas.jundiai.sp.gov.br\/centrohistorico\/wp-json\/wp\/v2\/types\/page"}],"author":[{"embeddable":true,"href":"https:\/\/rotasturisticas.jundiai.sp.gov.br\/centrohistorico\/wp-json\/wp\/v2\/users\/16"}],"replies":[{"embeddable":true,"href":"https:\/\/rotasturisticas.jundiai.sp.gov.br\/centrohistorico\/wp-json\/wp\/v2\/comments?post=960"}],"version-history":[{"count":11,"href":"https:\/\/rotasturisticas.jundiai.sp.gov.br\/centrohistorico\/wp-json\/wp\/v2\/pages\/960\/revisions"}],"predecessor-version":[{"id":1423,"href":"https:\/\/rotasturisticas.jundiai.sp.gov.br\/centrohistorico\/wp-json\/wp\/v2\/pages\/960\/revisions\/1423"}],"up":[{"embeddable":true,"href":"https:\/\/rotasturisticas.jundiai.sp.gov.br\/centrohistorico\/wp-json\/wp\/v2\/pages\/293"}],"wp:attachment":[{"href":"https:\/\/rotasturisticas.jundiai.sp.gov.br\/centrohistorico\/wp-json\/wp\/v2\/media?parent=960"}],"curies":[{"name":"wp","href":"https:\/\/api.w.org\/{rel}","templated":true}]}}