{"id":96,"date":"2018-06-28T14:34:29","date_gmt":"2018-06-28T17:34:29","guid":{"rendered":"http:\/\/rotasturisticas.jundiai.sp.gov.br\/centrohistorico\/?page_id=96"},"modified":"2024-08-22T17:03:51","modified_gmt":"2024-08-22T20:03:51","slug":"largo-do-pelourinho","status":"publish","type":"page","link":"https:\/\/rotasturisticas.jundiai.sp.gov.br\/centrohistorico\/o-que-visitar\/largo-do-pelourinho\/","title":{"rendered":"Largo do Pelourinho"},"content":{"rendered":"\n<p>O poste de pedra ou madeira, s\u00edmbolo de castigo por crimes ou rebeldias na \u00e9poca colonial e escravista, esteve presente nas origens da vila de Jundiahy na d\u00e9cada de 1650. A refer\u00eancia atual dessa \u00e1rea \u00e9 a pra\u00e7a Rui Barbosa, onde a rua dos Antunes (atual rua do Ros\u00e1rio) terminava na igreja de escravos da Irmandade do Ros\u00e1rio e foi transferida em 1922. O prolongamento recebeu o nome de rua Major Sucupira pelo quartel militar, j\u00e1 demolido, que existiu sobre o lend\u00e1rio Beco.<\/p>\n\n\n\n<p>(Pesquisa e Texto: Jos\u00e9 Arnaldo de Oliveira)<\/p>\n\n\n\n<figure class=\"wp-block-gallery has-nested-images columns-default is-cropped wp-block-gallery-1 is-layout-flex wp-block-gallery-is-layout-flex\">\n<figure class=\"wp-block-image size-full\"><a href=\"https:\/\/rotasturisticas.jundiai.sp.gov.br\/centrohistorico\/wp-content\/uploads\/sites\/6\/2024\/08\/Praca-Rui-Barbosa-1940-Foto-Ideal.jpg\"><img loading=\"lazy\" decoding=\"async\" width=\"960\" height=\"659\" data-id=\"2038\" src=\"https:\/\/rotasturisticas.jundiai.sp.gov.br\/centrohistorico\/wp-content\/uploads\/sites\/6\/2024\/08\/Praca-Rui-Barbosa-1940-Foto-Ideal.jpg\" alt=\"\" class=\"wp-image-2038\" srcset=\"https:\/\/rotasturisticas.jundiai.sp.gov.br\/centrohistorico\/wp-content\/uploads\/sites\/6\/2024\/08\/Praca-Rui-Barbosa-1940-Foto-Ideal.jpg 960w, https:\/\/rotasturisticas.jundiai.sp.gov.br\/centrohistorico\/wp-content\/uploads\/sites\/6\/2024\/08\/Praca-Rui-Barbosa-1940-Foto-Ideal-768x527.jpg 768w\" sizes=\"auto, (max-width: 960px) 100vw, 960px\" \/><\/a><figcaption class=\"wp-element-caption\">1940<\/figcaption><\/figure>\n\n\n\n<figure class=\"wp-block-image size-full\"><a href=\"https:\/\/rotasturisticas.jundiai.sp.gov.br\/centrohistorico\/wp-content\/uploads\/sites\/6\/2024\/08\/Praca-Rui-Barbosa-IBGE.jpg\"><img loading=\"lazy\" decoding=\"async\" width=\"1280\" height=\"854\" data-id=\"2040\" src=\"https:\/\/rotasturisticas.jundiai.sp.gov.br\/centrohistorico\/wp-content\/uploads\/sites\/6\/2024\/08\/Praca-Rui-Barbosa-IBGE.jpg\" alt=\"\" class=\"wp-image-2040\" srcset=\"https:\/\/rotasturisticas.jundiai.sp.gov.br\/centrohistorico\/wp-content\/uploads\/sites\/6\/2024\/08\/Praca-Rui-Barbosa-IBGE.jpg 1280w, https:\/\/rotasturisticas.jundiai.sp.gov.br\/centrohistorico\/wp-content\/uploads\/sites\/6\/2024\/08\/Praca-Rui-Barbosa-IBGE-768x512.jpg 768w\" sizes=\"auto, (max-width: 1280px) 100vw, 1280px\" \/><\/a><figcaption class=\"wp-element-caption\">Acervo IBGE<\/figcaption><\/figure>\n<\/figure>\n","protected":false},"excerpt":{"rendered":"<p>O poste de pedra ou madeira, s\u00edmbolo de castigo por crimes ou rebeldias na \u00e9poca colonial e escravista, esteve presente nas origens da vila de Jundiahy na d\u00e9cada de 1650. A refer\u00eancia atual dessa \u00e1rea \u00e9 a pra\u00e7a Rui Barbosa, onde a rua dos Antunes (atual rua do Ros\u00e1rio) terminava na igreja de escravos da [&hellip;]<\/p>\n","protected":false},"author":11,"featured_media":0,"parent":14,"menu_order":0,"comment_status":"closed","ping_status":"closed","template":"page-local.php","meta":{"footnotes":""},"class_list":["post-96","page","type-page","status-publish","hentry"],"_links":{"self":[{"href":"https:\/\/rotasturisticas.jundiai.sp.gov.br\/centrohistorico\/wp-json\/wp\/v2\/pages\/96","targetHints":{"allow":["GET"]}}],"collection":[{"href":"https:\/\/rotasturisticas.jundiai.sp.gov.br\/centrohistorico\/wp-json\/wp\/v2\/pages"}],"about":[{"href":"https:\/\/rotasturisticas.jundiai.sp.gov.br\/centrohistorico\/wp-json\/wp\/v2\/types\/page"}],"author":[{"embeddable":true,"href":"https:\/\/rotasturisticas.jundiai.sp.gov.br\/centrohistorico\/wp-json\/wp\/v2\/users\/11"}],"replies":[{"embeddable":true,"href":"https:\/\/rotasturisticas.jundiai.sp.gov.br\/centrohistorico\/wp-json\/wp\/v2\/comments?post=96"}],"version-history":[{"count":5,"href":"https:\/\/rotasturisticas.jundiai.sp.gov.br\/centrohistorico\/wp-json\/wp\/v2\/pages\/96\/revisions"}],"predecessor-version":[{"id":2042,"href":"https:\/\/rotasturisticas.jundiai.sp.gov.br\/centrohistorico\/wp-json\/wp\/v2\/pages\/96\/revisions\/2042"}],"up":[{"embeddable":true,"href":"https:\/\/rotasturisticas.jundiai.sp.gov.br\/centrohistorico\/wp-json\/wp\/v2\/pages\/14"}],"wp:attachment":[{"href":"https:\/\/rotasturisticas.jundiai.sp.gov.br\/centrohistorico\/wp-json\/wp\/v2\/media?parent=96"}],"curies":[{"name":"wp","href":"https:\/\/api.w.org\/{rel}","templated":true}]}}