{"id":927,"date":"2021-05-03T11:13:44","date_gmt":"2021-05-03T14:13:44","guid":{"rendered":"https:\/\/rotasturisticas.jundiai.sp.gov.br\/centrohistorico\/?page_id=927"},"modified":"2021-05-04T10:35:52","modified_gmt":"2021-05-04T13:35:52","slug":"marinhos-bar","status":"publish","type":"page","link":"https:\/\/rotasturisticas.jundiai.sp.gov.br\/centrohistorico\/coxinha-de-queijo\/festivalmelhorcoxinhadequeijo2021\/marinhos-bar\/","title":{"rendered":"Marinhos bar"},"content":{"rendered":"\n<p>Endere\u00e7o: Rua Pedro Eg\u00eddio, 149 &#8211; Vila Nambi<br>Telefone: (11) 97296-4046<br>E-mail: pereirawalmisa90@gmail.com<br>Hor\u00e1rio de funcionamento: Ter\u00e7a a domingo das 10h \u00e0s 22h<\/p>\n\n\n\n<div class=\"wp-block-image\"><figure class=\"aligncenter size-large is-resized\"><img loading=\"lazy\" decoding=\"async\" src=\"https:\/\/rotasturisticas.jundiai.sp.gov.br\/centrohistorico\/wp-content\/uploads\/sites\/6\/2021\/05\/marinhos-1-920x357.png\" alt=\"\" class=\"wp-image-970\" width=\"417\" height=\"161\" srcset=\"https:\/\/rotasturisticas.jundiai.sp.gov.br\/centrohistorico\/wp-content\/uploads\/sites\/6\/2021\/05\/marinhos-1-920x357.png 920w, https:\/\/rotasturisticas.jundiai.sp.gov.br\/centrohistorico\/wp-content\/uploads\/sites\/6\/2021\/05\/marinhos-1-300x116.png 300w, https:\/\/rotasturisticas.jundiai.sp.gov.br\/centrohistorico\/wp-content\/uploads\/sites\/6\/2021\/05\/marinhos-1-768x298.png 768w, https:\/\/rotasturisticas.jundiai.sp.gov.br\/centrohistorico\/wp-content\/uploads\/sites\/6\/2021\/05\/marinhos-1.png 1280w\" sizes=\"auto, (max-width: 417px) 100vw, 417px\" \/><\/figure><\/div>\n\n\n\n<div class=\"wp-block-image\"><figure class=\"aligncenter size-large is-resized\"><img loading=\"lazy\" decoding=\"async\" src=\"https:\/\/rotasturisticas.jundiai.sp.gov.br\/centrohistorico\/wp-content\/uploads\/sites\/6\/2021\/05\/38DCB0E8-6E13-4504-9BC3-022C5A635EF2-Walmisa-Pereira-540x960.jpeg\" alt=\"\" class=\"wp-image-928\" width=\"465\" height=\"827\" srcset=\"https:\/\/rotasturisticas.jundiai.sp.gov.br\/centrohistorico\/wp-content\/uploads\/sites\/6\/2021\/05\/38DCB0E8-6E13-4504-9BC3-022C5A635EF2-Walmisa-Pereira-540x960.jpeg 540w, https:\/\/rotasturisticas.jundiai.sp.gov.br\/centrohistorico\/wp-content\/uploads\/sites\/6\/2021\/05\/38DCB0E8-6E13-4504-9BC3-022C5A635EF2-Walmisa-Pereira-281x500.jpeg 281w, https:\/\/rotasturisticas.jundiai.sp.gov.br\/centrohistorico\/wp-content\/uploads\/sites\/6\/2021\/05\/38DCB0E8-6E13-4504-9BC3-022C5A635EF2-Walmisa-Pereira.jpeg 720w\" sizes=\"auto, (max-width: 465px) 100vw, 465px\" \/><\/figure><\/div>\n","protected":false},"excerpt":{"rendered":"<p>Endere\u00e7o: Rua Pedro Eg\u00eddio, 149 &#8211; Vila NambiTelefone: (11) 97296-4046E-mail: pereirawalmisa90@gmail.comHor\u00e1rio de funcionamento: Ter\u00e7a a domingo das 10h \u00e0s 22h<\/p>\n","protected":false},"author":16,"featured_media":0,"parent":849,"menu_order":0,"comment_status":"closed","ping_status":"closed","template":"","meta":{"footnotes":""},"class_list":["post-927","page","type-page","status-publish","hentry"],"_links":{"self":[{"href":"https:\/\/rotasturisticas.jundiai.sp.gov.br\/centrohistorico\/wp-json\/wp\/v2\/pages\/927","targetHints":{"allow":["GET"]}}],"collection":[{"href":"https:\/\/rotasturisticas.jundiai.sp.gov.br\/centrohistorico\/wp-json\/wp\/v2\/pages"}],"about":[{"href":"https:\/\/rotasturisticas.jundiai.sp.gov.br\/centrohistorico\/wp-json\/wp\/v2\/types\/page"}],"author":[{"embeddable":true,"href":"https:\/\/rotasturisticas.jundiai.sp.gov.br\/centrohistorico\/wp-json\/wp\/v2\/users\/16"}],"replies":[{"embeddable":true,"href":"https:\/\/rotasturisticas.jundiai.sp.gov.br\/centrohistorico\/wp-json\/wp\/v2\/comments?post=927"}],"version-history":[{"count":4,"href":"https:\/\/rotasturisticas.jundiai.sp.gov.br\/centrohistorico\/wp-json\/wp\/v2\/pages\/927\/revisions"}],"predecessor-version":[{"id":972,"href":"https:\/\/rotasturisticas.jundiai.sp.gov.br\/centrohistorico\/wp-json\/wp\/v2\/pages\/927\/revisions\/972"}],"up":[{"embeddable":true,"href":"https:\/\/rotasturisticas.jundiai.sp.gov.br\/centrohistorico\/wp-json\/wp\/v2\/pages\/849"}],"wp:attachment":[{"href":"https:\/\/rotasturisticas.jundiai.sp.gov.br\/centrohistorico\/wp-json\/wp\/v2\/media?parent=927"}],"curies":[{"name":"wp","href":"https:\/\/api.w.org\/{rel}","templated":true}]}}