{"id":919,"date":"2021-05-03T11:01:07","date_gmt":"2021-05-03T14:01:07","guid":{"rendered":"https:\/\/rotasturisticas.jundiai.sp.gov.br\/centrohistorico\/?page_id=919"},"modified":"2022-11-25T12:00:50","modified_gmt":"2022-11-25T15:00:50","slug":"lambuza-bistro","status":"publish","type":"page","link":"https:\/\/rotasturisticas.jundiai.sp.gov.br\/centrohistorico\/coxinha-de-queijo\/festivalmelhorcoxinhadequeijo2021\/lambuza-bistro\/","title":{"rendered":"Lambuza Bistr\u00f4"},"content":{"rendered":"\n<p><strong>Endere\u00e7o<\/strong>: Loja 1 &#8211; Av. Professor Pedro Clarismundo Fornari, 1648 \u2013 Engordadouro <br><strong>Telefone:<\/strong>\u00a0(11) 4815-1428<br><strong>Site:<\/strong> <a rel=\"noreferrer noopener\" href=\"http:\/\/www.lambuzabistro.com.br\" target=\"_blank\">www.lambuzabistro.com.br<\/a><br><strong>Facebook:\u00a0<\/strong><a rel=\"noreferrer noopener\" href=\"https:\/\/www.facebook.com\/lambuzabistro\/\" target=\"_blank\">Lambuza Bistr\u00f4<\/a><br><strong>Instagram:<\/strong>\u00a0<a rel=\"noreferrer noopener\" href=\"https:\/\/www.instagram.com\/lambuzabistro\/\" target=\"_blank\">lambuzabistro<\/a><br><strong>Hor\u00e1rio de funcionamento<\/strong>: Das 8h \u00e0s 19h<\/p>\n\n\n\n<p>Aqui voc\u00ea encontra a&nbsp;<strong>Melhor Coxinha de Queijo de Jundia\u00ed 2020<\/strong>.<\/p>\n\n\n\n<figure class=\"wp-block-gallery aligncenter has-nested-images columns-default is-cropped wp-block-gallery-1 is-layout-flex wp-block-gallery-is-layout-flex\">\n<figure class=\"wp-block-image size-full\"><a href=\"https:\/\/rotasturisticas.jundiai.sp.gov.br\/centrohistorico\/wp-content\/uploads\/sites\/6\/2022\/11\/WhatsApp-Image-2022-11-12-at-16.18.20-Alisson-Batistella-1.jpeg\"><img decoding=\"async\" data-id=\"1435\" src=\"https:\/\/rotasturisticas.jundiai.sp.gov.br\/centrohistorico\/wp-content\/uploads\/sites\/6\/2022\/11\/WhatsApp-Image-2022-11-12-at-16.18.20-Alisson-Batistella-1.jpeg\" alt=\"\" class=\"wp-image-1435\" \/><\/a><\/figure>\n\n\n\n<figure class=\"wp-block-image size-full\"><a href=\"https:\/\/rotasturisticas.jundiai.sp.gov.br\/centrohistorico\/wp-content\/uploads\/sites\/6\/2021\/05\/WhatsApp-Image-2021-04-29-at-15.36.12-tais-batistella.jpeg\"><img loading=\"lazy\" decoding=\"async\" width=\"862\" height=\"853\" data-id=\"920\" src=\"https:\/\/rotasturisticas.jundiai.sp.gov.br\/centrohistorico\/wp-content\/uploads\/sites\/6\/2021\/05\/WhatsApp-Image-2021-04-29-at-15.36.12-tais-batistella.jpeg\" alt=\"\" class=\"wp-image-920\" srcset=\"https:\/\/rotasturisticas.jundiai.sp.gov.br\/centrohistorico\/wp-content\/uploads\/sites\/6\/2021\/05\/WhatsApp-Image-2021-04-29-at-15.36.12-tais-batistella.jpeg 862w, https:\/\/rotasturisticas.jundiai.sp.gov.br\/centrohistorico\/wp-content\/uploads\/sites\/6\/2021\/05\/WhatsApp-Image-2021-04-29-at-15.36.12-tais-batistella-300x297.jpeg 300w, https:\/\/rotasturisticas.jundiai.sp.gov.br\/centrohistorico\/wp-content\/uploads\/sites\/6\/2021\/05\/WhatsApp-Image-2021-04-29-at-15.36.12-tais-batistella-768x760.jpeg 768w\" sizes=\"auto, (max-width: 862px) 100vw, 862px\" \/><\/a><\/figure>\n<\/figure>\n","protected":false},"excerpt":{"rendered":"<p>Endere\u00e7o: Loja 1 &#8211; Av. Professor Pedro Clarismundo Fornari, 1648 \u2013 Engordadouro Telefone:\u00a0(11) 4815-1428Site: www.lambuzabistro.com.brFacebook:\u00a0Lambuza Bistr\u00f4Instagram:\u00a0lambuzabistroHor\u00e1rio de funcionamento: Das 8h \u00e0s 19h Aqui voc\u00ea encontra a&nbsp;Melhor Coxinha de Queijo de Jundia\u00ed 2020.<\/p>\n","protected":false},"author":16,"featured_media":0,"parent":849,"menu_order":0,"comment_status":"closed","ping_status":"closed","template":"","meta":{"footnotes":""},"class_list":["post-919","page","type-page","status-publish","hentry"],"_links":{"self":[{"href":"https:\/\/rotasturisticas.jundiai.sp.gov.br\/centrohistorico\/wp-json\/wp\/v2\/pages\/919","targetHints":{"allow":["GET"]}}],"collection":[{"href":"https:\/\/rotasturisticas.jundiai.sp.gov.br\/centrohistorico\/wp-json\/wp\/v2\/pages"}],"about":[{"href":"https:\/\/rotasturisticas.jundiai.sp.gov.br\/centrohistorico\/wp-json\/wp\/v2\/types\/page"}],"author":[{"embeddable":true,"href":"https:\/\/rotasturisticas.jundiai.sp.gov.br\/centrohistorico\/wp-json\/wp\/v2\/users\/16"}],"replies":[{"embeddable":true,"href":"https:\/\/rotasturisticas.jundiai.sp.gov.br\/centrohistorico\/wp-json\/wp\/v2\/comments?post=919"}],"version-history":[{"count":3,"href":"https:\/\/rotasturisticas.jundiai.sp.gov.br\/centrohistorico\/wp-json\/wp\/v2\/pages\/919\/revisions"}],"predecessor-version":[{"id":1436,"href":"https:\/\/rotasturisticas.jundiai.sp.gov.br\/centrohistorico\/wp-json\/wp\/v2\/pages\/919\/revisions\/1436"}],"up":[{"embeddable":true,"href":"https:\/\/rotasturisticas.jundiai.sp.gov.br\/centrohistorico\/wp-json\/wp\/v2\/pages\/849"}],"wp:attachment":[{"href":"https:\/\/rotasturisticas.jundiai.sp.gov.br\/centrohistorico\/wp-json\/wp\/v2\/media?parent=919"}],"curies":[{"name":"wp","href":"https:\/\/api.w.org\/{rel}","templated":true}]}}