{"id":912,"date":"2021-05-03T10:46:29","date_gmt":"2021-05-03T13:46:29","guid":{"rendered":"https:\/\/rotasturisticas.jundiai.sp.gov.br\/centrohistorico\/?page_id=912"},"modified":"2021-05-03T15:24:12","modified_gmt":"2021-05-03T18:24:12","slug":"vica-salgados","status":"publish","type":"page","link":"https:\/\/rotasturisticas.jundiai.sp.gov.br\/centrohistorico\/coxinha-de-queijo\/festivalmelhorcoxinhadequeijo2021\/vica-salgados\/","title":{"rendered":"Vica Salgados"},"content":{"rendered":"\n<p><strong>Endere\u00e7o:<\/strong>\u00a0Av. Am\u00e9lia Latorre, 780 &#8211; Jardim Guanabara<br><strong>Telefone:<\/strong>\u00a0(11) 4581-6230<br><strong>E-mail:<\/strong>\u00a0contato@salgadosvica.com<br><strong>Site:<\/strong> <a rel=\"noreferrer noopener\" href=\"http:\/\/www.salgadosvica.com.br\" target=\"_blank\">www.salgadosvica.com.br<\/a><br><strong>Facebook:<\/strong> <a rel=\"noreferrer noopener\" href=\"https:\/\/www.facebook.com\/salgadosvica\" target=\"_blank\">salgadosvica<\/a>\u00a0<br><strong>Instagram:<\/strong>\u00a0<a href=\"https:\/\/www.instagram.com\/vicasalgados\/\" target=\"_blank\" rel=\"noreferrer noopener\">vicasalgados<\/a> <br><strong>Hor\u00e1rio de funcionamento:<\/strong>\u00a0Ter\u00e7a a s\u00e1bado das 11h \u00e0s 20h. Domingo das 9h \u00e0s 13h.<\/p>\n\n\n\n<div class=\"wp-block-image\"><figure class=\"aligncenter size-large is-resized\"><img loading=\"lazy\" decoding=\"async\" src=\"https:\/\/rotasturisticas.jundiai.sp.gov.br\/centrohistorico\/wp-content\/uploads\/sites\/6\/2021\/05\/IMG-20210429-WA0018-Vica-Salgados-920x920.jpg\" alt=\"\" class=\"wp-image-914\" width=\"319\" height=\"319\" srcset=\"https:\/\/rotasturisticas.jundiai.sp.gov.br\/centrohistorico\/wp-content\/uploads\/sites\/6\/2021\/05\/IMG-20210429-WA0018-Vica-Salgados-920x920.jpg 920w, https:\/\/rotasturisticas.jundiai.sp.gov.br\/centrohistorico\/wp-content\/uploads\/sites\/6\/2021\/05\/IMG-20210429-WA0018-Vica-Salgados-300x300.jpg 300w, https:\/\/rotasturisticas.jundiai.sp.gov.br\/centrohistorico\/wp-content\/uploads\/sites\/6\/2021\/05\/IMG-20210429-WA0018-Vica-Salgados-150x150.jpg 150w, https:\/\/rotasturisticas.jundiai.sp.gov.br\/centrohistorico\/wp-content\/uploads\/sites\/6\/2021\/05\/IMG-20210429-WA0018-Vica-Salgados-768x768.jpg 768w, https:\/\/rotasturisticas.jundiai.sp.gov.br\/centrohistorico\/wp-content\/uploads\/sites\/6\/2021\/05\/IMG-20210429-WA0018-Vica-Salgados.jpg 1080w\" sizes=\"auto, (max-width: 319px) 100vw, 319px\" \/><\/figure><\/div>\n\n\n\n<div class=\"wp-block-image\"><figure class=\"aligncenter size-large\"><img loading=\"lazy\" decoding=\"async\" width=\"474\" height=\"474\" src=\"https:\/\/rotasturisticas.jundiai.sp.gov.br\/centrohistorico\/wp-content\/uploads\/sites\/6\/2021\/05\/IMG-20210429-WA0019-Vica-Salgados.jpg\" alt=\"\" class=\"wp-image-915\" srcset=\"https:\/\/rotasturisticas.jundiai.sp.gov.br\/centrohistorico\/wp-content\/uploads\/sites\/6\/2021\/05\/IMG-20210429-WA0019-Vica-Salgados.jpg 474w, https:\/\/rotasturisticas.jundiai.sp.gov.br\/centrohistorico\/wp-content\/uploads\/sites\/6\/2021\/05\/IMG-20210429-WA0019-Vica-Salgados-300x300.jpg 300w, https:\/\/rotasturisticas.jundiai.sp.gov.br\/centrohistorico\/wp-content\/uploads\/sites\/6\/2021\/05\/IMG-20210429-WA0019-Vica-Salgados-150x150.jpg 150w\" sizes=\"auto, (max-width: 474px) 100vw, 474px\" \/><\/figure><\/div>\n","protected":false},"excerpt":{"rendered":"<p>Endere\u00e7o:\u00a0Av. Am\u00e9lia Latorre, 780 &#8211; Jardim GuanabaraTelefone:\u00a0(11) 4581-6230E-mail:\u00a0contato@salgadosvica.comSite: www.salgadosvica.com.brFacebook: salgadosvica\u00a0Instagram:\u00a0vicasalgados Hor\u00e1rio de funcionamento:\u00a0Ter\u00e7a a s\u00e1bado das 11h \u00e0s 20h. Domingo das 9h \u00e0s 13h.<\/p>\n","protected":false},"author":16,"featured_media":0,"parent":849,"menu_order":0,"comment_status":"closed","ping_status":"closed","template":"","meta":{"footnotes":""},"class_list":["post-912","page","type-page","status-publish","hentry"],"_links":{"self":[{"href":"https:\/\/rotasturisticas.jundiai.sp.gov.br\/centrohistorico\/wp-json\/wp\/v2\/pages\/912","targetHints":{"allow":["GET"]}}],"collection":[{"href":"https:\/\/rotasturisticas.jundiai.sp.gov.br\/centrohistorico\/wp-json\/wp\/v2\/pages"}],"about":[{"href":"https:\/\/rotasturisticas.jundiai.sp.gov.br\/centrohistorico\/wp-json\/wp\/v2\/types\/page"}],"author":[{"embeddable":true,"href":"https:\/\/rotasturisticas.jundiai.sp.gov.br\/centrohistorico\/wp-json\/wp\/v2\/users\/16"}],"replies":[{"embeddable":true,"href":"https:\/\/rotasturisticas.jundiai.sp.gov.br\/centrohistorico\/wp-json\/wp\/v2\/comments?post=912"}],"version-history":[{"count":3,"href":"https:\/\/rotasturisticas.jundiai.sp.gov.br\/centrohistorico\/wp-json\/wp\/v2\/pages\/912\/revisions"}],"predecessor-version":[{"id":918,"href":"https:\/\/rotasturisticas.jundiai.sp.gov.br\/centrohistorico\/wp-json\/wp\/v2\/pages\/912\/revisions\/918"}],"up":[{"embeddable":true,"href":"https:\/\/rotasturisticas.jundiai.sp.gov.br\/centrohistorico\/wp-json\/wp\/v2\/pages\/849"}],"wp:attachment":[{"href":"https:\/\/rotasturisticas.jundiai.sp.gov.br\/centrohistorico\/wp-json\/wp\/v2\/media?parent=912"}],"curies":[{"name":"wp","href":"https:\/\/api.w.org\/{rel}","templated":true}]}}