{"id":906,"date":"2021-05-03T10:38:04","date_gmt":"2021-05-03T13:38:04","guid":{"rendered":"https:\/\/rotasturisticas.jundiai.sp.gov.br\/centrohistorico\/?page_id=906"},"modified":"2021-05-03T15:34:40","modified_gmt":"2021-05-03T18:34:40","slug":"sua-coxinha","status":"publish","type":"page","link":"https:\/\/rotasturisticas.jundiai.sp.gov.br\/centrohistorico\/coxinha-de-queijo\/festivalmelhorcoxinhadequeijo2021\/sua-coxinha\/","title":{"rendered":"Sua Coxinha"},"content":{"rendered":"\n<p><strong>Endere\u00e7o:<\/strong>&nbsp;Av. dos Imigrantes Italiano, 1973 &#8211; box 9 &#8211; Supermercado Boa &#8211; Jardim Pacaembu<br><strong>Telefone:<\/strong>&nbsp;(11) 3446-5527<br><strong>Facebook: <\/strong><a href=\"https:\/\/www.facebook.com\/suacoxinhaofficial\" target=\"_blank\" rel=\"noreferrer noopener\">Sua Coxinha Express<\/a><br><strong>Instagram: <\/strong><a rel=\"noreferrer noopener\" href=\"https:\/\/www.instagram.com\/suacoxinhaoficial\/\" target=\"_blank\">suacoxinhaoficial <\/a><br><strong>Hor\u00e1rio de funcionamento:<\/strong>&nbsp;Segunda a s\u00e1bado 8h \u00e0s 22h. Domingo das 8h \u00e0s 18h.<\/p>\n\n\n\n<div class=\"wp-block-image\"><figure class=\"aligncenter size-large is-resized\"><img loading=\"lazy\" decoding=\"async\" src=\"https:\/\/rotasturisticas.jundiai.sp.gov.br\/centrohistorico\/wp-content\/uploads\/sites\/6\/2021\/05\/A6FF1B84-F725-419E-A9EC-C4223F31BEA7-Gabriel-Lopes-1-920x650.png\" alt=\"\" class=\"wp-image-908\" width=\"609\" height=\"430\" srcset=\"https:\/\/rotasturisticas.jundiai.sp.gov.br\/centrohistorico\/wp-content\/uploads\/sites\/6\/2021\/05\/A6FF1B84-F725-419E-A9EC-C4223F31BEA7-Gabriel-Lopes-1-920x650.png 920w, https:\/\/rotasturisticas.jundiai.sp.gov.br\/centrohistorico\/wp-content\/uploads\/sites\/6\/2021\/05\/A6FF1B84-F725-419E-A9EC-C4223F31BEA7-Gabriel-Lopes-1-300x212.png 300w, https:\/\/rotasturisticas.jundiai.sp.gov.br\/centrohistorico\/wp-content\/uploads\/sites\/6\/2021\/05\/A6FF1B84-F725-419E-A9EC-C4223F31BEA7-Gabriel-Lopes-1-768x543.png 768w, https:\/\/rotasturisticas.jundiai.sp.gov.br\/centrohistorico\/wp-content\/uploads\/sites\/6\/2021\/05\/A6FF1B84-F725-419E-A9EC-C4223F31BEA7-Gabriel-Lopes-1.png 1191w\" sizes=\"auto, (max-width: 609px) 100vw, 609px\" \/><\/figure><\/div>\n\n\n\n<div class=\"wp-block-image\"><figure class=\"aligncenter size-large is-resized\"><img loading=\"lazy\" decoding=\"async\" src=\"https:\/\/rotasturisticas.jundiai.sp.gov.br\/centrohistorico\/wp-content\/uploads\/sites\/6\/2021\/05\/88F49671-6DC2-488F-ACCD-8927C0DE5945-Gabriel-Lopes-920x613.jpeg\" alt=\"\" class=\"wp-image-909\" width=\"677\" height=\"450\" srcset=\"https:\/\/rotasturisticas.jundiai.sp.gov.br\/centrohistorico\/wp-content\/uploads\/sites\/6\/2021\/05\/88F49671-6DC2-488F-ACCD-8927C0DE5945-Gabriel-Lopes-920x613.jpeg 920w, https:\/\/rotasturisticas.jundiai.sp.gov.br\/centrohistorico\/wp-content\/uploads\/sites\/6\/2021\/05\/88F49671-6DC2-488F-ACCD-8927C0DE5945-Gabriel-Lopes-300x200.jpeg 300w, https:\/\/rotasturisticas.jundiai.sp.gov.br\/centrohistorico\/wp-content\/uploads\/sites\/6\/2021\/05\/88F49671-6DC2-488F-ACCD-8927C0DE5945-Gabriel-Lopes-768x512.jpeg 768w, https:\/\/rotasturisticas.jundiai.sp.gov.br\/centrohistorico\/wp-content\/uploads\/sites\/6\/2021\/05\/88F49671-6DC2-488F-ACCD-8927C0DE5945-Gabriel-Lopes.jpeg 1280w\" sizes=\"auto, (max-width: 677px) 100vw, 677px\" \/><\/figure><\/div>\n","protected":false},"excerpt":{"rendered":"<p>Endere\u00e7o:&nbsp;Av. dos Imigrantes Italiano, 1973 &#8211; box 9 &#8211; Supermercado Boa &#8211; Jardim PacaembuTelefone:&nbsp;(11) 3446-5527Facebook: Sua Coxinha ExpressInstagram: suacoxinhaoficial Hor\u00e1rio de funcionamento:&nbsp;Segunda a s\u00e1bado 8h \u00e0s 22h. Domingo das 8h \u00e0s 18h.<\/p>\n","protected":false},"author":16,"featured_media":0,"parent":849,"menu_order":0,"comment_status":"closed","ping_status":"closed","template":"","meta":{"footnotes":""},"class_list":["post-906","page","type-page","status-publish","hentry"],"_links":{"self":[{"href":"https:\/\/rotasturisticas.jundiai.sp.gov.br\/centrohistorico\/wp-json\/wp\/v2\/pages\/906","targetHints":{"allow":["GET"]}}],"collection":[{"href":"https:\/\/rotasturisticas.jundiai.sp.gov.br\/centrohistorico\/wp-json\/wp\/v2\/pages"}],"about":[{"href":"https:\/\/rotasturisticas.jundiai.sp.gov.br\/centrohistorico\/wp-json\/wp\/v2\/types\/page"}],"author":[{"embeddable":true,"href":"https:\/\/rotasturisticas.jundiai.sp.gov.br\/centrohistorico\/wp-json\/wp\/v2\/users\/16"}],"replies":[{"embeddable":true,"href":"https:\/\/rotasturisticas.jundiai.sp.gov.br\/centrohistorico\/wp-json\/wp\/v2\/comments?post=906"}],"version-history":[{"count":2,"href":"https:\/\/rotasturisticas.jundiai.sp.gov.br\/centrohistorico\/wp-json\/wp\/v2\/pages\/906\/revisions"}],"predecessor-version":[{"id":947,"href":"https:\/\/rotasturisticas.jundiai.sp.gov.br\/centrohistorico\/wp-json\/wp\/v2\/pages\/906\/revisions\/947"}],"up":[{"embeddable":true,"href":"https:\/\/rotasturisticas.jundiai.sp.gov.br\/centrohistorico\/wp-json\/wp\/v2\/pages\/849"}],"wp:attachment":[{"href":"https:\/\/rotasturisticas.jundiai.sp.gov.br\/centrohistorico\/wp-json\/wp\/v2\/media?parent=906"}],"curies":[{"name":"wp","href":"https:\/\/api.w.org\/{rel}","templated":true}]}}