{"id":899,"date":"2021-05-03T09:58:42","date_gmt":"2021-05-03T12:58:42","guid":{"rendered":"https:\/\/rotasturisticas.jundiai.sp.gov.br\/centrohistorico\/?page_id=899"},"modified":"2022-11-25T15:01:26","modified_gmt":"2022-11-25T18:01:26","slug":"delicias-da-leia","status":"publish","type":"page","link":"https:\/\/rotasturisticas.jundiai.sp.gov.br\/centrohistorico\/coxinha-de-queijo\/festivalmelhorcoxinhadequeijo2021\/delicias-da-leia\/","title":{"rendered":"Del\u00edcias da L\u00e9ia"},"content":{"rendered":"\n<p><strong>Endere\u00e7o:<\/strong>\u00a0Rodovia Vereador Geraldo Dias, km 70,4 &#8211; Pq Centen\u00e1rio<br><strong>Telefone:<\/strong>\u00a0(11) 99605-6062<br><strong>Instagram: <\/strong><a rel=\"noreferrer noopener\" href=\"https:\/\/www.instagram.com\/deliciasdaleiasalgados\" target=\"_blank\">deliciasdaleiasalgados <\/a><br><strong>Hor\u00e1rio de funcionamento:<\/strong>\u00a0Segunda a sexta das 15h \u00e0s 22h. S\u00e1bado das 9h \u00e0s 16h<\/p>\n\n\n\n<div class=\"wp-block-columns is-layout-flex wp-container-core-columns-is-layout-9d6595d7 wp-block-columns-is-layout-flex\">\n<div class=\"wp-block-column is-layout-flow wp-block-column-is-layout-flow\" style=\"flex-basis:100%\">\n<div class=\"wp-block-columns is-layout-flex wp-container-core-columns-is-layout-9d6595d7 wp-block-columns-is-layout-flex\">\n<div class=\"wp-block-column is-layout-flow wp-block-column-is-layout-flow\" style=\"flex-basis:100%\"><div class=\"wp-block-image\">\n<figure class=\"aligncenter size-large is-resized\"><img loading=\"lazy\" decoding=\"async\" src=\"https:\/\/rotasturisticas.jundiai.sp.gov.br\/centrohistorico\/wp-content\/uploads\/sites\/6\/2021\/05\/IMG-20210414-WA0005-Susan-Aline-Jobstaibizer-Pereira-920x920.jpg\" alt=\"\" class=\"wp-image-901\" width=\"405\" height=\"405\" srcset=\"https:\/\/rotasturisticas.jundiai.sp.gov.br\/centrohistorico\/wp-content\/uploads\/sites\/6\/2021\/05\/IMG-20210414-WA0005-Susan-Aline-Jobstaibizer-Pereira-920x920.jpg 920w, https:\/\/rotasturisticas.jundiai.sp.gov.br\/centrohistorico\/wp-content\/uploads\/sites\/6\/2021\/05\/IMG-20210414-WA0005-Susan-Aline-Jobstaibizer-Pereira-300x300.jpg 300w, https:\/\/rotasturisticas.jundiai.sp.gov.br\/centrohistorico\/wp-content\/uploads\/sites\/6\/2021\/05\/IMG-20210414-WA0005-Susan-Aline-Jobstaibizer-Pereira-150x150.jpg 150w, https:\/\/rotasturisticas.jundiai.sp.gov.br\/centrohistorico\/wp-content\/uploads\/sites\/6\/2021\/05\/IMG-20210414-WA0005-Susan-Aline-Jobstaibizer-Pereira-768x768.jpg 768w, https:\/\/rotasturisticas.jundiai.sp.gov.br\/centrohistorico\/wp-content\/uploads\/sites\/6\/2021\/05\/IMG-20210414-WA0005-Susan-Aline-Jobstaibizer-Pereira.jpg 1280w\" sizes=\"auto, (max-width: 405px) 100vw, 405px\" \/><\/figure>\n<\/div><\/div>\n<\/div>\n\n\n<div class=\"wp-block-image\">\n<figure class=\"aligncenter size-large is-resized\"><img loading=\"lazy\" decoding=\"async\" src=\"https:\/\/rotasturisticas.jundiai.sp.gov.br\/centrohistorico\/wp-content\/uploads\/sites\/6\/2021\/05\/IMG-20210415-WA0010-Susan-Aline-Jobstaibizer-Pereira-1-920x690.jpg\" alt=\"\" class=\"wp-image-902\" width=\"645\" height=\"484\" srcset=\"https:\/\/rotasturisticas.jundiai.sp.gov.br\/centrohistorico\/wp-content\/uploads\/sites\/6\/2021\/05\/IMG-20210415-WA0010-Susan-Aline-Jobstaibizer-Pereira-1-920x690.jpg 920w, https:\/\/rotasturisticas.jundiai.sp.gov.br\/centrohistorico\/wp-content\/uploads\/sites\/6\/2021\/05\/IMG-20210415-WA0010-Susan-Aline-Jobstaibizer-Pereira-1-300x225.jpg 300w, https:\/\/rotasturisticas.jundiai.sp.gov.br\/centrohistorico\/wp-content\/uploads\/sites\/6\/2021\/05\/IMG-20210415-WA0010-Susan-Aline-Jobstaibizer-Pereira-1-768x576.jpg 768w, https:\/\/rotasturisticas.jundiai.sp.gov.br\/centrohistorico\/wp-content\/uploads\/sites\/6\/2021\/05\/IMG-20210415-WA0010-Susan-Aline-Jobstaibizer-Pereira-1.jpg 1280w\" sizes=\"auto, (max-width: 645px) 100vw, 645px\" \/><\/figure>\n<\/div><\/div>\n<\/div>\n","protected":false},"excerpt":{"rendered":"<p>Endere\u00e7o:\u00a0Rodovia Vereador Geraldo Dias, km 70,4 &#8211; Pq Centen\u00e1rioTelefone:\u00a0(11) 99605-6062Instagram: deliciasdaleiasalgados Hor\u00e1rio de funcionamento:\u00a0Segunda a sexta das 15h \u00e0s 22h. S\u00e1bado das 9h \u00e0s 16h<\/p>\n","protected":false},"author":16,"featured_media":0,"parent":849,"menu_order":0,"comment_status":"closed","ping_status":"closed","template":"","meta":{"footnotes":""},"class_list":["post-899","page","type-page","status-publish","hentry"],"_links":{"self":[{"href":"https:\/\/rotasturisticas.jundiai.sp.gov.br\/centrohistorico\/wp-json\/wp\/v2\/pages\/899","targetHints":{"allow":["GET"]}}],"collection":[{"href":"https:\/\/rotasturisticas.jundiai.sp.gov.br\/centrohistorico\/wp-json\/wp\/v2\/pages"}],"about":[{"href":"https:\/\/rotasturisticas.jundiai.sp.gov.br\/centrohistorico\/wp-json\/wp\/v2\/types\/page"}],"author":[{"embeddable":true,"href":"https:\/\/rotasturisticas.jundiai.sp.gov.br\/centrohistorico\/wp-json\/wp\/v2\/users\/16"}],"replies":[{"embeddable":true,"href":"https:\/\/rotasturisticas.jundiai.sp.gov.br\/centrohistorico\/wp-json\/wp\/v2\/comments?post=899"}],"version-history":[{"count":4,"href":"https:\/\/rotasturisticas.jundiai.sp.gov.br\/centrohistorico\/wp-json\/wp\/v2\/pages\/899\/revisions"}],"predecessor-version":[{"id":1474,"href":"https:\/\/rotasturisticas.jundiai.sp.gov.br\/centrohistorico\/wp-json\/wp\/v2\/pages\/899\/revisions\/1474"}],"up":[{"embeddable":true,"href":"https:\/\/rotasturisticas.jundiai.sp.gov.br\/centrohistorico\/wp-json\/wp\/v2\/pages\/849"}],"wp:attachment":[{"href":"https:\/\/rotasturisticas.jundiai.sp.gov.br\/centrohistorico\/wp-json\/wp\/v2\/media?parent=899"}],"curies":[{"name":"wp","href":"https:\/\/api.w.org\/{rel}","templated":true}]}}